{"id":101,"date":"2021-09-13T14:25:15","date_gmt":"2021-09-13T12:25:15","guid":{"rendered":"http:\/\/inwestujwmalopolsce.eu\/?page_id=101"},"modified":"2021-10-03T10:49:53","modified_gmt":"2021-10-03T08:49:53","slug":"przepisy-krajowe","status":"publish","type":"page","link":"https:\/\/inwestujwmalopolsce.eu\/?page_id=101","title":{"rendered":"Przepisy krajowe"},"content":{"rendered":"<p>[vc_row][vc_column css=&#8221;.vc_custom_1632562118647{margin-top: 20px !important;}&#8221;][\/vc_column][\/vc_row][vc_row][vc_column width=&#8221;1\/4&#8243;][vc_single_image image=&#8221;410&#8243; img_size=&#8221;medium&#8221; alignment=&#8221;center&#8221; css=&#8221;.vc_custom_1633250994317{margin-bottom: -20px !important;}&#8221;][\/vc_column][vc_column width=&#8221;3\/4&#8243;][vc_column_text]<\/p>\n<h4 style=\"text-align: center;\">Dlaczego Polska?<\/h4>\n<p>Polska ma stabiln\u0105 gospodark\u0119 o ugruntowanej pozycji makroekonomicznej. Unikalne warunki do prowadzenia i otwierania biznesu s\u0105 wspierane przez wielokrotnie potwierdzan\u0105 odporno\u015b\u0107 na kryzysy gospodarcze.<\/p>\n<p>Du\u017cy rynek wewn\u0119trzny to ponad 38 milion\u00f3w konsument\u00f3w w Polsce, oraz \u0142atwy dost\u0119p do rynku Unii Europejskiej obejmuj\u0105cego 500 milion\u00f3w konsument\u00f3w, a tak\u017ce kraj\u00f3w Europy Wschodniej. To wszystko tworzy korzystne \u015brodowisko, kt\u00f3remu zaufa\u0142y tysi\u0105ce inwestor\u00f3w.<\/p>\n<p>Polska jest<strong> liderem w regionie CEE<\/strong> pod wzgl\u0119dem ilo\u015bci inwestycji typu greenfield, \u00a0a w Europie zajmuje 3. miejsce. Warto\u015b\u0107 inwestycji w Polsce szacowana jest na 21.8 miliard\u00f3w dolar\u00f3w. Ponadto, dzi\u0119ki stabilnej gospodarce oraz odporno\u015bci na kryzys, pandemia koronawirusa nie odwr\u00f3ci\u0142a pozytywnych trend\u00f3w inwestycyjnych w kraju. Badania FSI wskazuj\u0105, \u017ce w Polsce powsta\u0142o 165 nowych inwestycji w ci\u0105gu pierwszych 4 miesi\u0119cy 2020 roku \u2013 to o 15% wi\u0119cej ni\u017c w tym samym okresie w roku poprzednim. Ponadto, pandemia najprawdopodobniej nie b\u0119dzie mia\u0142a du\u017cego wp\u0142ywu na przysz\u0142e inwestycje w Polsce, co potwierdzaj\u0105 prognozy Ernst &amp; Young Global Limited, kt\u00f3re przewiduj\u0105 sukces inwestycji na terenie Polski w <strong>80%<\/strong>; w por\u00f3wnaniu do 65% w Europie.<\/p>\n<p>Wi\u0119cej informacji o inwestycjach w Polsce na stronie Polskiej Agencji Inwestycji i Handlu: <a href=\"https:\/\/www.paih.gov.pl\/\" target=\"_blank\" rel=\"noopener\">https:\/\/www.paih.gov.pl\/<\/a><\/p>\n<p>\u0179r\u00f3d\u0142o: <a href=\"https:\/\/www.paih.gov.pl\/polska_w_liczbach\/potencjal_inwestycyjny\" target=\"_blank\" rel=\"noopener\">https:\/\/www.paih.gov.pl\/polska_w_liczbach\/potencjal_inwestycyjny<\/a>[\/vc_column_text][\/vc_column][\/vc_row]<\/p>\n","protected":false},"excerpt":{"rendered":"<p>[vc_row][vc_column css=&#8221;.vc_custom_1632562118647{margin-top: 20px !important;}&#8221;][\/vc_column][\/vc_row][vc_row][vc_column width=&#8221;1\/4&#8243;][vc_single_image image=&#8221;410&#8243; img_size=&#8221;medium&#8221; alignment=&#8221;center&#8221; css=&#8221;.vc_custom_1633250994317{margin-bottom: -20px !important;}&#8221;][\/vc_column][vc_column width=&#8221;3\/4&#8243;][vc_column_text] Dlaczego Polska? Polska ma stabiln\u0105 gospodark\u0119 o ugruntowanej pozycji makroekonomicznej. Unikalne warunki do prowadzenia<\/p>\n","protected":false},"author":1,"featured_media":0,"parent":0,"menu_order":0,"comment_status":"closed","ping_status":"closed","template":"","meta":{"footnotes":""},"class_list":["post-101","page","type-page","status-publish","hentry"],"lang":"pl","translations":{"pl":101,"en":474,"de":493,"es":528,"fr":665},"pll_sync_post":[],"_links":{"self":[{"href":"https:\/\/inwestujwmalopolsce.eu\/index.php?rest_route=\/wp\/v2\/pages\/101","targetHints":{"allow":["GET"]}}],"collection":[{"href":"https:\/\/inwestujwmalopolsce.eu\/index.php?rest_route=\/wp\/v2\/pages"}],"about":[{"href":"https:\/\/inwestujwmalopolsce.eu\/index.php?rest_route=\/wp\/v2\/types\/page"}],"author":[{"embeddable":true,"href":"https:\/\/inwestujwmalopolsce.eu\/index.php?rest_route=\/wp\/v2\/users\/1"}],"replies":[{"embeddable":true,"href":"https:\/\/inwestujwmalopolsce.eu\/index.php?rest_route=%2Fwp%2Fv2%2Fcomments&post=101"}],"version-history":[{"count":5,"href":"https:\/\/inwestujwmalopolsce.eu\/index.php?rest_route=\/wp\/v2\/pages\/101\/revisions"}],"predecessor-version":[{"id":413,"href":"https:\/\/inwestujwmalopolsce.eu\/index.php?rest_route=\/wp\/v2\/pages\/101\/revisions\/413"}],"wp:attachment":[{"href":"https:\/\/inwestujwmalopolsce.eu\/index.php?rest_route=%2Fwp%2Fv2%2Fmedia&parent=101"}],"curies":[{"name":"wp","href":"https:\/\/api.w.org\/{rel}","templated":true}]}}