{"id":103,"date":"2021-09-13T14:25:40","date_gmt":"2021-09-13T12:25:40","guid":{"rendered":"http:\/\/inwestujwmalopolsce.eu\/?page_id=103"},"modified":"2021-10-02T09:57:36","modified_gmt":"2021-10-02T07:57:36","slug":"rodo","status":"publish","type":"page","link":"https:\/\/inwestujwmalopolsce.eu\/?page_id=103","title":{"rendered":"RODO"},"content":{"rendered":"<p>[vc_row][vc_column css=&#8221;.vc_custom_1632467993031{margin-top: 20px !important;}&#8221;][\/vc_column][\/vc_row][vc_row][vc_column][vc_column_text]<\/p>\n<div class=\"vc_row wpb_row vc_row-fluid mpc-row\">\n<div class=\"wpb_column vc_column_container vc_col-sm-12 mpc-column\" data-column-id=\"mpc_column-24614d7bec36750\">\n<div class=\"vc_column-inner\">\n<div class=\"wpb_wrapper\">\n<div class=\"wpb_text_column wpb_content_element \">\n<div class=\"wpb_wrapper\">\n<h3 style=\"text-align: center;\"><strong><span class=\"heavy_title\" data-uw-styling-context=\"true\">Rozporz\u0105dzenie og\u00f3lne o ochronie danych osobowych<\/span><\/strong><\/h3>\n<\/div>\n<\/div>\n<\/div>\n<\/div>\n<\/div>\n<\/div>\n<div class=\"vc_row wpb_row vc_row-fluid mpc-row\" style=\"text-align: justify;\">\n<div class=\"wpb_column vc_column_container vc_col-sm-12 mpc-column\" data-column-id=\"mpc_column-8614d7bec37f9d\">\n<div class=\"vc_column-inner\">\n<div class=\"wpb_wrapper\">\n<div class=\"wpb_text_column wpb_content_element \">\n<div class=\"wpb_wrapper\">\n<p><strong data-uw-styling-context=\"true\">Co to jest \u201eRODO\u201d?<\/strong><\/p>\n<\/div>\n<\/div>\n<div class=\"wpb_text_column wpb_content_element \">\n<div class=\"wpb_wrapper\">\n<p><span data-uw-styling-context=\"true\">RODO jest powszechnie u\u017cywanym skr\u00f3tem, kt\u00f3ry odnosi si\u0119 do Rozporz\u0105dzenia Parlamentu Europejskiego i Rady (UE) 2016\/679 z dnia 27 kwietnia 2016 r. w sprawie ochrony os\u00f3b fizycznych w zwi\u0105zku z przetwarzaniem danych osobowych i w sprawie swobodnego przep\u0142ywu takich danych oraz uchylenia dyrektywy 95\/46\/WE.<\/span><\/p>\n<\/div>\n<\/div>\n<\/div>\n<\/div>\n<\/div>\n<\/div>\n<div class=\"vc_row wpb_row vc_row-fluid mpc-row\" style=\"text-align: justify;\">\n<div class=\"wpb_column vc_column_container vc_col-sm-12 mpc-column\" data-column-id=\"mpc_column-32614d7bec39a73\">\n<div class=\"vc_column-inner\">\n<div class=\"wpb_wrapper\">\n<div class=\"wpb_text_column wpb_content_element \">\n<div class=\"wpb_wrapper\">\n<p><strong data-uw-styling-context=\"true\">Jaki jest cel RODO?<\/strong><\/p>\n<\/div>\n<\/div>\n<div class=\"wpb_text_column wpb_content_element \">\n<div class=\"wpb_wrapper\">\n<p><span data-uw-styling-context=\"true\">Jednym z g\u0142\u00f3wnych cel\u00f3w regulacji jest ujednolicenie zasad przetwarzania danych osobowych we wszystkich Pa\u0144stwach UE, a tak\u017ce dostosowanie przepis\u00f3w do zmieniaj\u0105cych si\u0119 technologii przetwarzania danych osobowych.<\/span><\/p>\n<\/div>\n<\/div>\n<\/div>\n<\/div>\n<\/div>\n<\/div>\n<div class=\"vc_row wpb_row vc_row-fluid mpc-row\" style=\"text-align: justify;\">\n<div class=\"wpb_column vc_column_container vc_col-sm-12 mpc-column\" data-column-id=\"mpc_column-52614d7bec3b4dd\">\n<div class=\"vc_column-inner\">\n<div class=\"wpb_wrapper\">\n<div class=\"wpb_text_column wpb_content_element \">\n<div class=\"wpb_wrapper\">\n<p><strong data-uw-styling-context=\"true\">Od kiedy stosujemy RODO?<\/strong><\/p>\n<\/div>\n<\/div>\n<div class=\"wpb_text_column wpb_content_element \">\n<div class=\"wpb_wrapper\">\n<p><span data-uw-styling-context=\"true\">RODO stosowane jest od 25 maja 2018 r.<\/span><\/p>\n<\/div>\n<\/div>\n<\/div>\n<\/div>\n<\/div>\n<\/div>\n<div class=\"vc_row wpb_row vc_row-fluid mpc-row\" style=\"text-align: justify;\">\n<div class=\"wpb_column vc_column_container vc_col-sm-12 mpc-column\" data-column-id=\"mpc_column-66614d7bec3ca13\">\n<div class=\"vc_column-inner\">\n<div class=\"wpb_wrapper\">\n<div class=\"wpb_text_column wpb_content_element \">\n<div class=\"wpb_wrapper\">\n<p><strong data-uw-styling-context=\"true\">Czy w Polce obowi\u0105zuj\u0105 krajowe akty prawne w ochronie danych osobowych?<\/strong><\/p>\n<\/div>\n<\/div>\n<div class=\"wpb_text_column wpb_content_element \">\n<div class=\"wpb_wrapper\">\n<p><span data-uw-styling-context=\"true\">Tak. Ustawa z dnia 10 maja 2018r. o ochronie danych osobowych.<\/span><\/p>\n<\/div>\n<\/div>\n<\/div>\n<\/div>\n<\/div>\n<\/div>\n<div class=\"vc_row wpb_row vc_row-fluid mpc-row\" style=\"text-align: justify;\">\n<div class=\"wpb_column vc_column_container vc_col-sm-12 mpc-column\" data-column-id=\"mpc_column-76614d7bec3db12\">\n<div class=\"vc_column-inner\">\n<div class=\"wpb_wrapper\">\n<div class=\"wpb_text_column wpb_content_element \">\n<div class=\"wpb_wrapper\">\n<p><strong data-uw-styling-context=\"true\">Czy w zwi\u0105zku z RODO trzeba si\u0119 skontaktowa\u0107 z ARMZ S.A.?<\/strong><\/p>\n<\/div>\n<\/div>\n<div class=\"wpb_text_column wpb_content_element \">\n<div class=\"wpb_wrapper\">\n<p><span data-uw-styling-context=\"true\">Nie. Nie ma konieczno\u015bci dodatkowego kontaktu z ARMZ S.A. W razie w\u0105tpliwo\u015bci jeste\u015bmy do Pa\u0144stwa dyspozycji. W szczeg\u00f3lno\u015bci we wszystkich sprawach zwi\u0105zanych z przetwarzaniem danych osobowych mo\u017cna kontaktowa\u0107 si\u0119 z nami poprzez email:\u00a0<a href=\"mailto:biuro@armz.pl\" data-uw-styling-context=\"true\">biuro@armz.pl<\/a>, telefonicznie (32) 645 19 68 lub pisemnie na adres na adres Agencja Rozwoju Ma\u0142opolski Zachodniej S.A. ul. Grunwaldzka 5, 32-500 Chrzan\u00f3w.<\/span><\/p>\n<\/div>\n<\/div>\n<\/div>\n<\/div>\n<\/div>\n<\/div>\n<div class=\"vc_row wpb_row vc_row-fluid mpc-row\">\n<div class=\"wpb_column vc_column_container vc_col-sm-12 mpc-column\" data-column-id=\"mpc_column-98614d7bec3f785\">\n<div class=\"vc_column-inner\">\n<div class=\"wpb_wrapper\">\n<div class=\"wpb_text_column wpb_content_element \" style=\"text-align: justify;\">\n<div class=\"wpb_wrapper\">\n<p><strong data-uw-styling-context=\"true\">Czy mo\u017cna si\u0119 dowiedzie\u0107 jak ARMZ S.A. przetwarza dane osobowe?<\/strong><\/p>\n<\/div>\n<\/div>\n<div class=\"wpb_text_column wpb_content_element \">\n<div class=\"wpb_wrapper\">\n<p style=\"text-align: justify;\"><span data-uw-styling-context=\"true\">Tak. Na naszej stronie internetowej znajduje si\u0119 klauzula informacyjna dot. przetwarzania danych osobowych\u00a0(pliki do pobrania), w kt\u00f3rym zamie\u015bcili\u015bmy podstawowe informacje o zmianach, kt\u00f3re wprowadza RODO, ze szczeg\u00f3lnym uwzgl\u0119dnieniem informacji o nowych prawach os\u00f3b fizycznych, dane kt\u00f3rych s\u0105 przetwarzane w naszej firmie oraz informacji w jaki spos\u00f3b te dane przetwarzamy.<\/span><\/p>\n<div class=\"wpb_text_column wpb_content_element \" style=\"text-align: justify;\">\n<div class=\"wpb_wrapper\">\n<p><strong><span class=\"heavy_title\" data-uw-styling-context=\"true\">Do pobrania<\/span><\/strong><\/p>\n<\/div>\n<\/div>\n<div class=\"wpb_text_column wpb_content_element \" style=\"text-align: justify;\">\n<div class=\"wpb_wrapper\">\n<ul>\n<li><a href=\"https:\/\/armz.pl\/wp-content\/uploads\/2021\/03\/RODO_Informator.docx\" data-uw-styling-context=\"true\">Klauzula informacyjna dot. przetwarzania danych osobowych<\/a><\/li>\n<li><a href=\"https:\/\/armz.pl\/wp-content\/uploads\/2021\/03\/RODO_Facebook.docx\" data-uw-styling-context=\"true\">Klauzula informacyjna dotycz\u0105ca przetwarzania danych osobowych na fanpage\u2019u: Agencja Rozwoju Ma\u0142opolski Zachodniej S.A. na portalu Facebook<\/a><\/li>\n<\/ul>\n<\/div>\n<\/div>\n<p style=\"text-align: justify;\"><strong>Kontakt do Inspektora Danych Osobowych:<\/strong><\/p>\n<ul>\n<li style=\"text-align: justify;\">Aneta N\u0119dza &#8211; email:\u00a0<a href=\"mailto:nedzaodo@interia.pl\" target=\"_blank\" rel=\"noopener\">nedzaodo@interia.pl<\/a><\/li>\n<\/ul>\n<\/div>\n<\/div>\n<\/div>\n<\/div>\n<\/div>\n<\/div>\n<p>[\/vc_column_text][\/vc_column][\/vc_row]<\/p>\n","protected":false},"excerpt":{"rendered":"<p>[vc_row][vc_column css=&#8221;.vc_custom_1632467993031{margin-top: 20px !important;}&#8221;][\/vc_column][\/vc_row][vc_row][vc_column][vc_column_text] Rozporz\u0105dzenie og\u00f3lne o ochronie danych osobowych Co to jest \u201eRODO\u201d? RODO jest powszechnie u\u017cywanym skr\u00f3tem, kt\u00f3ry odnosi si\u0119 do Rozporz\u0105dzenia Parlamentu Europejskiego<\/p>\n","protected":false},"author":1,"featured_media":0,"parent":0,"menu_order":0,"comment_status":"closed","ping_status":"closed","template":"","meta":{"footnotes":""},"class_list":["post-103","page","type-page","status-publish","hentry"],"lang":"pl","translations":{"pl":103,"fr":669},"pll_sync_post":[],"_links":{"self":[{"href":"https:\/\/inwestujwmalopolsce.eu\/index.php?rest_route=\/wp\/v2\/pages\/103","targetHints":{"allow":["GET"]}}],"collection":[{"href":"https:\/\/inwestujwmalopolsce.eu\/index.php?rest_route=\/wp\/v2\/pages"}],"about":[{"href":"https:\/\/inwestujwmalopolsce.eu\/index.php?rest_route=\/wp\/v2\/types\/page"}],"author":[{"embeddable":true,"href":"https:\/\/inwestujwmalopolsce.eu\/index.php?rest_route=\/wp\/v2\/users\/1"}],"replies":[{"embeddable":true,"href":"https:\/\/inwestujwmalopolsce.eu\/index.php?rest_route=%2Fwp%2Fv2%2Fcomments&post=103"}],"version-history":[{"count":6,"href":"https:\/\/inwestujwmalopolsce.eu\/index.php?rest_route=\/wp\/v2\/pages\/103\/revisions"}],"predecessor-version":[{"id":387,"href":"https:\/\/inwestujwmalopolsce.eu\/index.php?rest_route=\/wp\/v2\/pages\/103\/revisions\/387"}],"wp:attachment":[{"href":"https:\/\/inwestujwmalopolsce.eu\/index.php?rest_route=%2Fwp%2Fv2%2Fmedia&parent=103"}],"curies":[{"name":"wp","href":"https:\/\/api.w.org\/{rel}","templated":true}]}}