{"id":107,"date":"2021-09-13T14:30:05","date_gmt":"2021-09-13T12:30:05","guid":{"rendered":"http:\/\/inwestujwmalopolsce.eu\/?page_id=107"},"modified":"2021-10-02T09:56:52","modified_gmt":"2021-10-02T07:56:52","slug":"dla-niepelnosprawnych","status":"publish","type":"page","link":"https:\/\/inwestujwmalopolsce.eu\/?page_id=107","title":{"rendered":"Dla niepe\u0142nosprawnych"},"content":{"rendered":"<p>[vc_row][vc_column css=&#8221;.vc_custom_1632562179539{margin-top: 20px !important;}&#8221;][\/vc_column][\/vc_row][vc_row][vc_column][vc_column_text]<\/p>\n<h4 style=\"text-align: center;\"><strong data-uw-styling-context=\"true\">Informacje dla odwiedzaj\u0105cych stron\u0119 internetow\u0105:<\/strong><\/h4>\n<p>[\/vc_column_text][vc_column_text]<\/p>\n<p style=\"text-align: justify;\"><span data-uw-styling-context=\"true\">Strona internetowa Agencji Rozwoju Ma\u0142opolski Zachodniej S.A. spe\u0142nia wytyczne techniczne zwi\u0105zane z dost\u0119pno\u015bci\u0105. Poni\u017cej zamieszczamy list\u0119 najwa\u017cniejszych wykorzystanych dobrych praktyk.<\/span><\/p>\n<p style=\"text-align: justify;\"><span data-uw-styling-context=\"true\">Dobre praktyki:<\/span><\/p>\n<ol>\n<li style=\"text-align: justify;\"><span data-uw-styling-context=\"true\">U\u017cytkownicy korzystaj\u0105cy wy\u0142\u0105cznie z klawiatury powinni swobodnie porusza\u0107 si\u0119 po serwisie za pomoc\u0105 klawisza Tab lub strza\u0142ek. Aktywny element powinien by\u0107 wyra\u017anie zaznaczony i przemieszcza\u0107 si\u0119 po stronie w logicznej kolejno\u015bci. To pozwala na wygodn\u0105 obs\u0142ug\u0119 serwisu np.: u\u017cytkownikom niepe\u0142nosprawnym ruchowo czy w osobom niedowidz\u0105cym.<\/span><\/li>\n<li style=\"text-align: justify;\"><span data-uw-styling-context=\"true\">Nawigacja (menu) powinna by\u0107 sp\u00f3jna, logiczna i niezmienna w obr\u0119bie serwisu.<\/span><\/li>\n<li style=\"text-align: justify;\"><span data-uw-styling-context=\"true\">Nazwy wszystkich link\u00f3w powinny by\u0107 jednoznaczne i zrozumia\u0142e, tak\u017ce poza kontekstem.<\/span><\/li>\n<li style=\"text-align: justify;\"><span data-uw-styling-context=\"true\">Teksty opublikowane w serwisie powinny by\u0107 przygotowane w czytelny. Teksty powinny by\u0107 wyr\u00f3wnane tylko do lewej strony.<\/span><\/li>\n<li style=\"text-align: justify;\"><span data-uw-styling-context=\"true\">Udost\u0119pnione w serwisie formularze, posiadaj\u0105 etykiety przypisane do odpowiednich p\u00f3l formularza wyja\u015bniaj\u0105ce rol\u0119 pola oraz rodzaj danych jakie u\u017cytkownik ma wpisa\u0107 do danego pola. Formularze powinny posiada\u0107 etykiety przypisane do odpowiednich p\u00f3l formularza wyja\u015bniaj\u0105c rol\u0119 pola oraz rodzaj danych jakie u\u017cytkownik mo\u017ce wpisa\u0107 do danego pola.<\/span><\/li>\n<li style=\"text-align: justify;\"><span data-uw-styling-context=\"true\">W serwisie zaleca si\u0119 stosowanie mo\u017cliwo\u015bci pomini\u0119cia link\u00f3w, czyli przej\u015bcia bezpo\u015brednio do w\u0142a\u015bciwej cz\u0119\u015bci na stronie. Jest to szczeg\u00f3lnie wa\u017cne dla os\u00f3b niewidomych oraz os\u00f3b pos\u0142uguj\u0105cych si\u0119 wy\u0142\u0105cznie klawiatur\u0105.<\/span><\/li>\n<li style=\"text-align: justify;\"><span data-uw-styling-context=\"true\">Wszystkie strony opublikowane w serwisie musz\u0105 mie\u0107 unikalne tytu\u0142y, kt\u00f3re informuj\u0105 o tre\u015bci podstrony na kt\u00f3rej znajduje si\u0119 u\u017cytkownik.<\/span><\/li>\n<li style=\"text-align: justify;\"><span data-uw-styling-context=\"true\">Kontrast tekstu do t\u0142a musi mie\u0107 stosunek co najmniej 4,5 do 1 a najlepiej je\u015bli nie jest mniejszy ni\u017c 7 do 1. Dzi\u0119ki temu, wszystkie informacje umieszczone na stronie s\u0105 czytelne tak\u017ce dla os\u00f3b s\u0142abowidz\u0105cych.<\/span><\/li>\n<li style=\"text-align: justify;\"><span data-uw-styling-context=\"true\">Redakcja serwisu dba o zrozumia\u0142o\u015b\u0107 zamieszczanych tre\u015bci oraz formatowane zgodnie z wytycznymi poprawiaj\u0105cymi dost\u0119pno\u015b\u0107.<\/span><\/li>\n<li style=\"text-align: justify;\"><span data-uw-styling-context=\"true\">Zdj\u0119cia i grafiki powinny mie\u0107 alternatywne opisy, aby ich tre\u015b\u0107 by\u0142a dost\u0119pna dla os\u00f3b niewidomych.<\/span><\/li>\n<li style=\"text-align: justify;\"><span data-uw-styling-context=\"true\">Po wy\u0142\u0105czeniu j\u0119zyka opisuj\u0105cego form\u0119 prezentacji strony (CSS), serwis powinien by\u0107 nadal dost\u0119pny i czytelny.<\/span><\/li>\n<\/ol>\n<p>[\/vc_column_text][vc_column_text]<\/p>\n<h4 style=\"text-align: center;\"><strong data-uw-styling-context=\"true\">Dodatkowe informacje:<\/strong><\/h4>\n<p>[\/vc_column_text][vc_column_text]<\/p>\n<ol>\n<li data-uw-styling-context=\"true\">Na stronie zosta\u0142 dodany skrypt u\u0142atwiaj\u0105cy przegl\u0105danie strony osobom niepe\u0142nosprawnym.<\/li>\n<li data-uw-styling-context=\"true\">Skrypt ten jest ca\u0142kowicie spolszczony, przez co jest \u0142atwy w u\u017cyciu dla os\u00f3b nie znaj\u0105cych j\u0119zyka obcego.<\/li>\n<li data-uw-styling-context=\"true\">Ikona skryptu <img loading=\"lazy\" decoding=\"async\" class=\"alignnone size-full wp-image-336\" src=\"https:\/\/inwestujwmalopolsce.eu\/wp-content\/uploads\/2021\/09\/01.png\" alt=\"\" width=\"75\" height=\"75\" srcset=\"https:\/\/inwestujwmalopolsce.eu\/wp-content\/uploads\/2021\/09\/01.png 75w, https:\/\/inwestujwmalopolsce.eu\/wp-content\/uploads\/2021\/09\/01-50x50.png 50w\" sizes=\"auto, (max-width:767px) 75px, 75px\" \/>\u00a0znajduje si\u0119 po prawej stronie okna przegl\u0105darki wycentrowanej w pionie.<\/li>\n<li data-uw-styling-context=\"true\">Po klikni\u0119ciu w ikon\u0119 skryptu, lub naci\u015bni\u0119ciu kombinacji na klawiaturze CRTL+U dost\u0119pne b\u0119dzie okno:<\/li>\n<\/ol>\n<p>[\/vc_column_text][vc_single_image image=&#8221;342&#8243; img_size=&#8221;500&#215;245&#8243; alignment=&#8221;center&#8221; onclick=&#8221;link_image&#8221;][vc_column_text]<\/p>\n<h4 style=\"text-align: center;\"><strong data-uw-styling-context=\"true\">Funkcje skryptu:<\/strong><\/h4>\n<h5 style=\"text-align: center;\"><strong data-uw-styling-context=\"true\">Funkcja: Kontrast (4 stopnie):<\/strong><\/h5>\n<p>[\/vc_column_text][vc_column_text]<\/p>\n<p style=\"text-align: center;\">Odwr\u00f3\u0107 kolory:<\/p>\n<p>[\/vc_column_text][vc_single_image image=&#8221;343&#8243; img_size=&#8221;500&#215;245&#8243; alignment=&#8221;center&#8221; onclick=&#8221;link_image&#8221;][vc_column_text]<\/p>\n<p style=\"text-align: center;\">Ciemny kontrast:<\/p>\n<p>[\/vc_column_text][vc_single_image image=&#8221;344&#8243; img_size=&#8221;500&#215;245&#8243; alignment=&#8221;center&#8221; onclick=&#8221;link_image&#8221;][vc_column_text]<\/p>\n<p style=\"text-align: center;\">Lekki kontrast:<\/p>\n<p>[\/vc_column_text][vc_single_image image=&#8221;345&#8243; img_size=&#8221;500&#215;245&#8243; alignment=&#8221;center&#8221; onclick=&#8221;link_image&#8221;][vc_column_text]<\/p>\n<p style=\"text-align: center;\">Brak kolor\u00f3w:<\/p>\n<p>[\/vc_column_text][vc_single_image image=&#8221;346&#8243; img_size=&#8221;500&#215;245&#8243; alignment=&#8221;center&#8221; onclick=&#8221;link_image&#8221;][vc_column_text]<\/p>\n<h5 style=\"text-align: center;\"><strong data-uw-styling-context=\"true\">Funkcja: Pod\u015bwietlenie link\u00f3w<\/strong><\/h5>\n<p>[\/vc_column_text][vc_single_image image=&#8221;347&#8243; img_size=&#8221;500&#215;245&#8243; alignment=&#8221;center&#8221; onclick=&#8221;link_image&#8221;][vc_column_text]<\/p>\n<h5 style=\"text-align: center;\"><strong data-uw-styling-context=\"true\">Funkcja: Du\u017cy tekst (4 stopnie)<\/strong><\/h5>\n<p style=\"text-align: center;\">1 stopie\u0144<\/p>\n<p>[\/vc_column_text][vc_single_image image=&#8221;348&#8243; img_size=&#8221;500&#215;245&#8243; alignment=&#8221;center&#8221; onclick=&#8221;link_image&#8221;][vc_column_text]<\/p>\n<p style=\"text-align: center;\">2 stopie\u0144<\/p>\n<p>[\/vc_column_text][vc_single_image image=&#8221;349&#8243; img_size=&#8221;500&#215;245&#8243; alignment=&#8221;center&#8221; onclick=&#8221;link_image&#8221;][vc_column_text]<\/p>\n<p style=\"text-align: center;\">3 stopie\u0144<\/p>\n<p>[\/vc_column_text][vc_single_image image=&#8221;350&#8243; img_size=&#8221;500&#215;245&#8243; alignment=&#8221;center&#8221; onclick=&#8221;link_image&#8221;][vc_column_text]<\/p>\n<p style=\"text-align: center;\">4 stopie\u0144<\/p>\n<p>[\/vc_column_text][vc_single_image image=&#8221;351&#8243; img_size=&#8221;500&#215;245&#8243; alignment=&#8221;center&#8221; onclick=&#8221;link_image&#8221;][vc_column_text]<\/p>\n<h5 style=\"text-align: center;\"><strong data-uw-styling-context=\"true\">Funkcja: Odst\u0119p mi\u0119dzy tekstem (3 stopnie)<\/strong><\/h5>\n<p style=\"text-align: center;\">1 stopie\u0144<\/p>\n<p>[\/vc_column_text][vc_single_image image=&#8221;352&#8243; img_size=&#8221;500&#215;245&#8243; alignment=&#8221;center&#8221; onclick=&#8221;link_image&#8221;][vc_column_text]<\/p>\n<p style=\"text-align: center;\">2 stopie\u0144<\/p>\n<p>[\/vc_column_text][vc_single_image image=&#8221;353&#8243; img_size=&#8221;500&#215;245&#8243; alignment=&#8221;center&#8221; onclick=&#8221;link_image&#8221;][vc_column_text]<\/p>\n<p style=\"text-align: center;\">3 stopie\u0144<\/p>\n<p>[\/vc_column_text][vc_single_image image=&#8221;354&#8243; img_size=&#8221;500&#215;245&#8243; alignment=&#8221;center&#8221; onclick=&#8221;link_image&#8221;][vc_column_text]<\/p>\n<h5 style=\"text-align: center;\"><strong data-uw-styling-context=\"true\">Funkcja: Przyjazny dla dyslektyk\u00f3w (2 stopnie)<\/strong><\/h5>\n<p style=\"text-align: center;\">Przyjazny dla dyslektyk\u00f3w:<\/p>\n<p>[\/vc_column_text][vc_single_image image=&#8221;355&#8243; img_size=&#8221;500&#215;245&#8243; alignment=&#8221;center&#8221; onclick=&#8221;link_image&#8221;][vc_column_text]<\/p>\n<p style=\"text-align: center;\">Czytelne czcionki:<\/p>\n<p>[\/vc_column_text][vc_single_image image=&#8221;356&#8243; img_size=&#8221;500&#215;245&#8243; alignment=&#8221;center&#8221; onclick=&#8221;link_image&#8221;][vc_column_text]<\/p>\n<h5 style=\"text-align: center;\"><strong data-uw-styling-context=\"true\">Funkcja: Przyjazny dla dyslektyk\u00f3w (2 stopnie)<\/strong><\/h5>\n<p style=\"text-align: center;\">Du\u017cy kursor:<\/p>\n<p>[\/vc_column_text][vc_single_image image=&#8221;357&#8243; img_size=&#8221;500&#215;245&#8243; alignment=&#8221;center&#8221; onclick=&#8221;link_image&#8221;][vc_column_text]<\/p>\n<p style=\"text-align: center;\">Reading mask:<\/p>\n<p>[\/vc_column_text][vc_single_image image=&#8221;358&#8243; img_size=&#8221;500&#215;245&#8243; alignment=&#8221;center&#8221; onclick=&#8221;link_image&#8221;][vc_column_text]<\/p>\n<p style=\"text-align: center;\">Przewodnik do czytania:<\/p>\n<p>[\/vc_column_text][vc_single_image image=&#8221;359&#8243; img_size=&#8221;500&#215;245&#8243; alignment=&#8221;center&#8221; onclick=&#8221;link_image&#8221;][vc_column_text]<\/p>\n<h5 style=\"text-align: center;\"><strong data-uw-styling-context=\"true\">Funkcja: Wysoko\u015b\u0107 linii (3 stopnie)<\/strong><\/h5>\n<p style=\"text-align: center;\">1,5<\/p>\n<p>[\/vc_column_text][vc_single_image image=&#8221;360&#8243; img_size=&#8221;500&#215;245&#8243; alignment=&#8221;center&#8221; onclick=&#8221;link_image&#8221;][vc_column_text]<\/p>\n<p style=\"text-align: center;\">1,75<\/p>\n<p>[\/vc_column_text][vc_single_image image=&#8221;361&#8243; img_size=&#8221;500&#215;245&#8243; alignment=&#8221;center&#8221; onclick=&#8221;link_image&#8221;][vc_column_text]<\/p>\n<p style=\"text-align: center;\">2<\/p>\n<p>[\/vc_column_text][vc_single_image image=&#8221;362&#8243; img_size=&#8221;500&#215;245&#8243; alignment=&#8221;center&#8221; onclick=&#8221;link_image&#8221;][\/vc_column][\/vc_row]<\/p>\n","protected":false},"excerpt":{"rendered":"<p>[vc_row][vc_column css=&#8221;.vc_custom_1632562179539{margin-top: 20px !important;}&#8221;][\/vc_column][\/vc_row][vc_row][vc_column][vc_column_text] Informacje dla odwiedzaj\u0105cych stron\u0119 internetow\u0105: [\/vc_column_text][vc_column_text] Strona internetowa Agencji Rozwoju Ma\u0142opolski Zachodniej S.A. spe\u0142nia wytyczne techniczne zwi\u0105zane z dost\u0119pno\u015bci\u0105. Poni\u017cej zamieszczamy list\u0119<\/p>\n","protected":false},"author":1,"featured_media":0,"parent":0,"menu_order":0,"comment_status":"closed","ping_status":"closed","template":"","meta":{"footnotes":""},"class_list":["post-107","page","type-page","status-publish","hentry"],"lang":"pl","translations":{"pl":107,"en":478,"de":495,"es":530,"fr":671},"pll_sync_post":[],"_links":{"self":[{"href":"https:\/\/inwestujwmalopolsce.eu\/index.php?rest_route=\/wp\/v2\/pages\/107","targetHints":{"allow":["GET"]}}],"collection":[{"href":"https:\/\/inwestujwmalopolsce.eu\/index.php?rest_route=\/wp\/v2\/pages"}],"about":[{"href":"https:\/\/inwestujwmalopolsce.eu\/index.php?rest_route=\/wp\/v2\/types\/page"}],"author":[{"embeddable":true,"href":"https:\/\/inwestujwmalopolsce.eu\/index.php?rest_route=\/wp\/v2\/users\/1"}],"replies":[{"embeddable":true,"href":"https:\/\/inwestujwmalopolsce.eu\/index.php?rest_route=%2Fwp%2Fv2%2Fcomments&post=107"}],"version-history":[{"count":10,"href":"https:\/\/inwestujwmalopolsce.eu\/index.php?rest_route=\/wp\/v2\/pages\/107\/revisions"}],"predecessor-version":[{"id":384,"href":"https:\/\/inwestujwmalopolsce.eu\/index.php?rest_route=\/wp\/v2\/pages\/107\/revisions\/384"}],"wp:attachment":[{"href":"https:\/\/inwestujwmalopolsce.eu\/index.php?rest_route=%2Fwp%2Fv2%2Fmedia&parent=107"}],"curies":[{"name":"wp","href":"https:\/\/api.w.org\/{rel}","templated":true}]}}