{"id":470,"date":"2021-10-13T08:36:22","date_gmt":"2021-10-13T06:36:22","guid":{"rendered":"https:\/\/inwestujwmalopolsce.eu\/?page_id=470"},"modified":"2021-10-15T08:26:14","modified_gmt":"2021-10-15T06:26:14","slug":"home","status":"publish","type":"page","link":"https:\/\/inwestujwmalopolsce.eu\/?page_id=470&lang=en","title":{"rendered":"Home"},"content":{"rendered":"<p>[vc_row][vc_column css=&#8221;.vc_custom_1632560580933{margin-top: 20px !important;}&#8221;][\/vc_column][\/vc_row][vc_row][vc_column][vc_column_text]<\/p>\n<h4 style=\"text-align: center;\">The project is carried out under the patronage of the Marshal of the Lesser Poland Voivodeship Witold Koz\u0142owski<\/h4>\n<p><img loading=\"lazy\" decoding=\"async\" class=\"size-full wp-image-426 aligncenter\" src=\"https:\/\/inwestujwmalopolsce.eu\/wp-content\/uploads\/2021\/10\/TVP3-logo-m.png\" alt=\"\" width=\"191\" height=\"81\" srcset=\"https:\/\/inwestujwmalopolsce.eu\/wp-content\/uploads\/2021\/10\/TVP3-logo-m.png 191w, https:\/\/inwestujwmalopolsce.eu\/wp-content\/uploads\/2021\/10\/TVP3-logo-m-50x21.png 50w, https:\/\/inwestujwmalopolsce.eu\/wp-content\/uploads\/2021\/10\/TVP3-logo-m-150x64.png 150w\" sizes=\"auto, (max-width:767px) 191px, 191px\" \/><\/p>\n<h4 style=\"text-align: center;\">Media patron of TVP Cracow<\/h4>\n<p>[\/vc_column_text][\/vc_column][\/vc_row][vc_row][vc_column][vc_separator color=&#8221;sky&#8221; el_width=&#8221;90&#8243;][\/vc_column][\/vc_row][vc_row][vc_column][vc_row_inner][vc_column_inner width=&#8221;1\/4&#8243;][vc_single_image image=&#8221;399&#8243; alignment=&#8221;center&#8221; css=&#8221;.vc_custom_1633250495653{margin-bottom: -20px !important;}&#8221;][\/vc_column_inner][vc_column_inner width=&#8221;3\/4&#8243;][vc_column_text]The EXPO REAL trade show in Munich is an international property and investment trade fair. The mission organised by ARMZ S.A. will be attended by representatives of 5 Municipal Government Units from Lesser Poland, i.e. Chrzan\u00f3w, Trzebinia, Andrych\u00f3w, My\u015blenice and Babice. The purpose of the mission will be, above all, promotion of investment areas located in Lesser Poland, as well as facilitating the establishment of contacts with potential future investors for the Municipal Government Units from Lesser Poland. In addition, the essence of the mission will be activities focused on promoting and building a positive image of Lesser Poland, mainly on the German market, but also on the international market in general. Due to the organisation of the trip to Germany, representatives of the Lesser Poland Municipal Government Units will have the opportunity to present the investment offer of the region and promote its values and potential. Visitors will learn about the benefits of investing in the Lesser Poland Voivodeship. Presence at the fair is to enable representatives of the Lesser Poland region to establish economic cooperation with international investors from key industries for the development of the Lesser Poland region &#8211; industry, tourism and new technologies.[\/vc_column_text][\/vc_column_inner][\/vc_row_inner][vc_column_text css=&#8221;.vc_custom_1634106972843{margin-top: -60px !important;}&#8221;]Our mission program includes organisation of a dedicated seminar during which the Lesser Poland&#8217;s region will be presented. Participation in the trade show will also be an opportunity to present the achievements of individual institutions in the field of entrepreneurship support, with particular emphasis on the preparation of investment areas, an offer of returnable financial instruments and subsidies.<\/p>\n<p>The trip is also an opportunity to exchange experiences with other Municipal Government institutions from different parts of Europe, meet professionals from various fields, including investors, development strategy specialists, other Municipal Government officials, members of associations and non-governmental organizations, conduct many official and unofficial talks, gain inspiration, including the introduction of innovative ideas and modern technologies, learning about the development plans of other similar units and local governments. Moreover, the trade show is also an opportunity to initiate corporate international projects.[\/vc_column_text][\/vc_column][\/vc_row][vc_row][vc_column][vc_separator color=&#8221;sky&#8221; el_width=&#8221;90&#8243;][\/vc_column][\/vc_row][vc_row][vc_column width=&#8221;1\/6&#8243;][vc_single_image image=&#8221;320&#8243; img_size=&#8221;full&#8221; alignment=&#8221;center&#8221;][vc_column_text css=&#8221;.vc_custom_1634279066863{margin-top: -30px !important;}&#8221;]<\/p>\n<h4 style=\"text-align: center;\">Ma\u0142opolska Region<\/h4>\n<p>[\/vc_column_text][vc_btn title=&#8221;Read more&#8221; color=&#8221;sky&#8221; align=&#8221;center&#8221; link=&#8221;url:https%3A%2F%2Finwestujwmalopolsce.eu%2Ftereny%2Fmalopolska%2F|title:Ma%C5%82opolska&#8221; css=&#8221;.vc_custom_1634279084973{margin-top: -30px !important;}&#8221;][\/vc_column][vc_column width=&#8221;1\/6&#8243;][vc_single_image image=&#8221;245&#8243; img_size=&#8221;104&#215;123&#8243; alignment=&#8221;center&#8221;][vc_column_text css=&#8221;.vc_custom_1634279098403{margin-top: -55px !important;}&#8221;]<\/p>\n<h4 style=\"text-align: center;\">The Municipality of Andrychow<\/h4>\n<p>[\/vc_column_text][vc_btn title=&#8221;Read more&#8221; color=&#8221;sky&#8221; align=&#8221;center&#8221; link=&#8221;url:https%3A%2F%2Finwestujwmalopolsce.eu%2Ftereny%2Fgmina-andrychow%2F|title:Ma%C5%82opolska&#8221; css=&#8221;.vc_custom_1634279154820{margin-top: -30px !important;}&#8221;][\/vc_column][vc_column width=&#8221;1\/6&#8243;][vc_single_image image=&#8221;230&#8243; img_size=&#8221;101&#215;123&#8243; alignment=&#8221;center&#8221;][vc_column_text css=&#8221;.vc_custom_1634279109664{margin-top: -55px !important;}&#8221;]<\/p>\n<h4 style=\"text-align: center;\">The Municipality of Babice<\/h4>\n<p>[\/vc_column_text][vc_btn title=&#8221;Read more&#8221; color=&#8221;sky&#8221; align=&#8221;center&#8221; link=&#8221;url:https%3A%2F%2Finwestujwmalopolsce.eu%2Ftereny%2Fgmina-babice%2F|title:Ma%C5%82opolska&#8221; css=&#8221;.vc_custom_1634279161318{margin-top: -30px !important;}&#8221;][\/vc_column][vc_column width=&#8221;1\/6&#8243;][vc_single_image image=&#8221;291&#8243; img_size=&#8221;93&#215;123&#8243; alignment=&#8221;center&#8221;][vc_column_text css=&#8221;.vc_custom_1634279122375{margin-top: -55px !important;}&#8221;]<\/p>\n<h4 style=\"text-align: center;\">The Municipality of Chrzan\u00f3w<\/h4>\n<p>[\/vc_column_text][vc_btn title=&#8221;Read more&#8221; color=&#8221;sky&#8221; align=&#8221;center&#8221; link=&#8221;url:https%3A%2F%2Finwestujwmalopolsce.eu%2Ftereny%2Fgmina-chrzanow%2F|title:Ma%C5%82opolska&#8221; css=&#8221;.vc_custom_1634279168294{margin-top: -30px !important;}&#8221;][\/vc_column][vc_column width=&#8221;1\/6&#8243;][vc_single_image image=&#8221;258&#8243; img_size=&#8221;112&#215;123&#8243; alignment=&#8221;center&#8221;][vc_column_text css=&#8221;.vc_custom_1634279133559{margin-top: -55px !important;}&#8221;]<\/p>\n<h4 style=\"text-align: center;\">The Municipality of My\u015blenice<\/h4>\n<p>[\/vc_column_text][vc_btn title=&#8221;Read more&#8221; color=&#8221;sky&#8221; align=&#8221;center&#8221; link=&#8221;url:https%3A%2F%2Finwestujwmalopolsce.eu%2Ftereny%2Fgmina-myslenice%2F|title:Ma%C5%82opolska&#8221; css=&#8221;.vc_custom_1634279174435{margin-top: -30px !important;}&#8221;][\/vc_column][vc_column width=&#8221;1\/6&#8243;][vc_single_image image=&#8221;176&#8243; img_size=&#8221;101&#215;123&#8243; alignment=&#8221;center&#8221;][vc_column_text css=&#8221;.vc_custom_1634279146069{margin-top: -55px !important;}&#8221;]<\/p>\n<h4 style=\"text-align: center;\">The Municipality of Trzebinia<\/h4>\n<p>[\/vc_column_text][vc_btn title=&#8221;Read more&#8221; color=&#8221;sky&#8221; align=&#8221;center&#8221; link=&#8221;url:https%3A%2F%2Finwestujwmalopolsce.eu%2Ftereny%2Fgmina-trzebinia%2F|title:Ma%C5%82opolska&#8221; css=&#8221;.vc_custom_1634279180420{margin-top: -30px !important;}&#8221;][\/vc_column][\/vc_row]<\/p>\n","protected":false},"excerpt":{"rendered":"<p>[vc_row][vc_column css=&#8221;.vc_custom_1632560580933{margin-top: 20px !important;}&#8221;][\/vc_column][\/vc_row][vc_row][vc_column][vc_column_text] The project is carried out under the patronage of the Marshal of the Lesser Poland Voivodeship Witold Koz\u0142owski Media patron of TVP<\/p>\n","protected":false},"author":1,"featured_media":0,"parent":0,"menu_order":0,"comment_status":"closed","ping_status":"closed","template":"","meta":{"footnotes":""},"class_list":["post-470","page","type-page","status-publish","hentry"],"lang":"en","translations":{"en":470,"pl":81,"de":486,"es":521,"fr":620},"pll_sync_post":[],"_links":{"self":[{"href":"https:\/\/inwestujwmalopolsce.eu\/index.php?rest_route=\/wp\/v2\/pages\/470","targetHints":{"allow":["GET"]}}],"collection":[{"href":"https:\/\/inwestujwmalopolsce.eu\/index.php?rest_route=\/wp\/v2\/pages"}],"about":[{"href":"https:\/\/inwestujwmalopolsce.eu\/index.php?rest_route=\/wp\/v2\/types\/page"}],"author":[{"embeddable":true,"href":"https:\/\/inwestujwmalopolsce.eu\/index.php?rest_route=\/wp\/v2\/users\/1"}],"replies":[{"embeddable":true,"href":"https:\/\/inwestujwmalopolsce.eu\/index.php?rest_route=%2Fwp%2Fv2%2Fcomments&post=470"}],"version-history":[{"count":3,"href":"https:\/\/inwestujwmalopolsce.eu\/index.php?rest_route=\/wp\/v2\/pages\/470\/revisions"}],"predecessor-version":[{"id":511,"href":"https:\/\/inwestujwmalopolsce.eu\/index.php?rest_route=\/wp\/v2\/pages\/470\/revisions\/511"}],"wp:attachment":[{"href":"https:\/\/inwestujwmalopolsce.eu\/index.php?rest_route=%2Fwp%2Fv2%2Fmedia&parent=470"}],"curies":[{"name":"wp","href":"https:\/\/api.w.org\/{rel}","templated":true}]}}