{"id":472,"date":"2021-10-13T08:42:58","date_gmt":"2021-10-13T06:42:58","guid":{"rendered":"https:\/\/inwestujwmalopolsce.eu\/?page_id=472"},"modified":"2021-10-13T09:00:13","modified_gmt":"2021-10-13T07:00:13","slug":"about-us","status":"publish","type":"page","link":"https:\/\/inwestujwmalopolsce.eu\/?page_id=472&lang=en","title":{"rendered":"About us"},"content":{"rendered":"<p>[vc_row][vc_column css=&#8221;.vc_custom_1632400790153{margin-top: 20px !important;}&#8221;][\/vc_column][\/vc_row][vc_row][vc_column width=&#8221;1\/4&#8243;][vc_single_image image=&#8221;140&#8243; img_size=&#8221;200&#215;120&#8243; alignment=&#8221;center&#8221;][\/vc_column][vc_column width=&#8221;3\/4&#8243;][vc_column_text]<strong>The mission of the Western Ma\u0142opolska Development Agency is to strengthen the region as an economic bridge connecting Ma\u0142opolska with Silesia by establishing and developing cooperation with local governments and undertaking activities supporting the development of local business.<\/strong><\/p>\n<div class=\"vc_row wpb_row vc_row-fluid mpc-row\" style=\"text-align: justify;\">\n<div class=\"wpb_column vc_column_container vc_col-sm-12 mpc-column\" data-column-id=\"mpc_column-92614c7689b140c\">\n<div class=\"vc_column-inner\">\n<div class=\"wpb_wrapper\">\n<div class=\"wpb_text_column wpb_content_element \">\n<div class=\"wpb_wrapper\">\n<p>The Western Ma\u0142opolska Development Agency was established on June 16, 2004. (entry in the National Court Register of December 30, 2004 in the District Court for Krak\u00f3w-\u015ar\u00f3dmie\u015bcie in Krak\u00f3w, 12th Commercial Division of the National Court Register under number 0000225451) in the form of a joint stock company.<\/p>\n<p>The founding capital was PLN 500,000.00, the founders of ARMZ S.A. were: Po\u0142udniowy Koncern Energetyczny S.A. with headquarters in Katowice, Rafineria Trzebinia S.A. with headquarters in Trzebinia, Industrial Development Agency with headquarters in Warsaw, Trzebinia Commune, Chrzan\u00f3w Commune, Libi\u0105\u017c Commune, Local Development Agency S.A. with its seat in Jaworzno, ZGE &#8222;Janina&#8221; Sp. z o.o. based in Libi\u0105\u017c.<\/p>\n<p>Currently, the capital is PLN 3,066,000.00, and the shareholders are: Ma\u0142opolska Agencja Rozwoju Regionalnego S.A. with headquarters in Krak\u00f3w, Chrzan\u00f3w Commune, Trzebinia Commune, Libi\u0105\u017c Commune and G\u00f3rno\u015bl\u0105ska Agencja Przedsi\u0119biorczo\u015bci i Rozwoju sp.z o.o. based in Gliwice.<\/p>\n<p>The statutory person authorized to represent the Company is the President of the Management Board &#8211; Ms Anna W\u0142oszek. The company is a business support institution.<\/p>\n<\/div>\n<\/div>\n<\/div>\n<\/div>\n<\/div>\n<\/div>\n<div class=\"vc_row wpb_row vc_row-fluid mpc-row\">\n<div class=\"wpb_column vc_column_container vc_col-sm-12 mpc-column\" data-column-id=\"mpc_column-36614c7689b28e1\">\n<div class=\"vc_column-inner\">\n<div class=\"wpb_wrapper\">\n<div class=\"wpb_text_column wpb_content_element \">\n<div class=\"wpb_wrapper\">\n<p>In March 2008, Agencja Rozwoju Ma\u0142opolski Zachodnia S.A. introduced a Quality Management System compliant with ISO 9001: 2008, and from July 2008 ARMZ S.A. is accredited by the <a href=\"http:\/\/ksu.parp.gov.pl\/pl\" target=\"_blank\" rel=\"noopener\">National System of Services<\/a> for SMEs.<\/p>\n<p style=\"text-align: justify;\"><a href=\"https:\/\/armz.pl\/?page_id=13\" target=\"_blank\" rel=\"noopener\">More about the Western Ma\u0142opolska Development Agency<\/a><\/p>\n<\/div>\n<\/div>\n<\/div>\n<\/div>\n<\/div>\n<\/div>\n<p>[\/vc_column_text][\/vc_column][\/vc_row][vc_row][vc_column][vc_separator color=&#8221;sky&#8221; el_width=&#8221;90&#8243;][\/vc_column][\/vc_row][vc_row][vc_column width=&#8221;1\/4&#8243;][vc_single_image image=&#8221;153&#8243; img_size=&#8221;200&#215;181&#8243; alignment=&#8221;center&#8221;][\/vc_column][vc_column width=&#8221;3\/4&#8243;][vc_column_text]<\/p>\n<p style=\"text-align: justify;\"><strong>Educational Society of the Chrzan\u00f3w Land in Chrzan\u00f3w<\/strong> founded on June 14, 1991, entered into the National Court Register under the number: 0000006965, by the District Court in Krak\u00f3w.<\/p>\n<p style=\"text-align: justify;\"><strong>TOZCh&#8217;s mission<\/strong> is to stimulate the socio-economic development of Poland, Ma\u0142opolska and the Chrzan\u00f3w Poviat through comprehensive and professional activities for the social economy, local communities and human resources.<\/p>\n<p style=\"text-align: justify;\">The Society is a Social Economy Support Center in the Lesser Poland Voivodeship, accredited by the Minister of Labor and Social Policy, pursuant to Resolution No. 31 of 23 October 2015.<\/p>\n<p style=\"text-align: justify;\"><a href=\"http:\/\/tozch.edu.pl\/o-towarzystwie\/\" target=\"_blank\" rel=\"noopener noreferrer\">More about the Educational Society of the Chrzan\u00f3w Land in Chrzan\u00f3w<\/a><\/p>\n<p>[\/vc_column_text][\/vc_column][\/vc_row][vc_row][vc_column][vc_separator color=&#8221;sky&#8221; el_width=&#8221;90&#8243;][\/vc_column][\/vc_row][vc_row][vc_column width=&#8221;1\/4&#8243;][vc_single_image image=&#8221;154&#8243; img_size=&#8221;200&#215;200&#8243; alignment=&#8221;center&#8221;][\/vc_column][vc_column width=&#8221;3\/4&#8243;][vc_column_text]<\/p>\n<p style=\"text-align: justify;\"><strong>The Chamber of Commerce in Chrzan\u00f3w<\/strong> was established in 2001 as the Association of Private Entrepreneurs in Trzebinia, associating economic entities from the region of the Chrzan\u00f3w County.<\/p>\n<p style=\"text-align: justify;\">From the beginning of its existence, it has been undertaking activities aimed at the development of entrepreneurship in various organizational forms, collects and disseminates information on establishing business contacts, and provides economic entities with assistance in solving problems. All activities undertaken by the Chrzan\u00f3w Chamber of Commerce are aimed at supporting and promoting member companies, but not only &#8211; non-affiliated companies, institutions, organizations, etc. also participate in many projects organized by us.<\/p>\n<p style=\"text-align: justify;\"><a href=\"http:\/\/www.chrzanowskaizba.pl\/o-nas.html\" target=\"_blank\" rel=\"noopener noreferrer\">More about the Chrzan\u00f3w Chamber of Commerce<\/a><\/p>\n<p>[\/vc_column_text][\/vc_column][\/vc_row]<\/p>\n","protected":false},"excerpt":{"rendered":"<p>[vc_row][vc_column css=&#8221;.vc_custom_1632400790153{margin-top: 20px !important;}&#8221;][\/vc_column][\/vc_row][vc_row][vc_column width=&#8221;1\/4&#8243;][vc_single_image image=&#8221;140&#8243; img_size=&#8221;200&#215;120&#8243; alignment=&#8221;center&#8221;][\/vc_column][vc_column width=&#8221;3\/4&#8243;][vc_column_text]The mission of the Western Ma\u0142opolska Development Agency is to strengthen the region as an economic bridge connecting<\/p>\n","protected":false},"author":1,"featured_media":0,"parent":0,"menu_order":0,"comment_status":"closed","ping_status":"closed","template":"","meta":{"footnotes":""},"class_list":["post-472","page","type-page","status-publish","hentry"],"lang":"en","translations":{"en":472,"pl":83,"de":491,"es":526,"fr":640},"pll_sync_post":[],"_links":{"self":[{"href":"https:\/\/inwestujwmalopolsce.eu\/index.php?rest_route=\/wp\/v2\/pages\/472","targetHints":{"allow":["GET"]}}],"collection":[{"href":"https:\/\/inwestujwmalopolsce.eu\/index.php?rest_route=\/wp\/v2\/pages"}],"about":[{"href":"https:\/\/inwestujwmalopolsce.eu\/index.php?rest_route=\/wp\/v2\/types\/page"}],"author":[{"embeddable":true,"href":"https:\/\/inwestujwmalopolsce.eu\/index.php?rest_route=\/wp\/v2\/users\/1"}],"replies":[{"embeddable":true,"href":"https:\/\/inwestujwmalopolsce.eu\/index.php?rest_route=%2Fwp%2Fv2%2Fcomments&post=472"}],"version-history":[{"count":1,"href":"https:\/\/inwestujwmalopolsce.eu\/index.php?rest_route=\/wp\/v2\/pages\/472\/revisions"}],"predecessor-version":[{"id":473,"href":"https:\/\/inwestujwmalopolsce.eu\/index.php?rest_route=\/wp\/v2\/pages\/472\/revisions\/473"}],"wp:attachment":[{"href":"https:\/\/inwestujwmalopolsce.eu\/index.php?rest_route=%2Fwp%2Fv2%2Fmedia&parent=472"}],"curies":[{"name":"wp","href":"https:\/\/api.w.org\/{rel}","templated":true}]}}