{"id":486,"date":"2021-10-13T09:14:51","date_gmt":"2021-10-13T07:14:51","guid":{"rendered":"https:\/\/inwestujwmalopolsce.eu\/?page_id=486"},"modified":"2021-10-13T09:57:03","modified_gmt":"2021-10-13T07:57:03","slug":"heim","status":"publish","type":"page","link":"https:\/\/inwestujwmalopolsce.eu\/?page_id=486&lang=de","title":{"rendered":"Heim"},"content":{"rendered":"<p>[vc_row][vc_column css=&#8221;.vc_custom_1632560580933{margin-top: 20px !important;}&#8221;][\/vc_column][\/vc_row][vc_row][vc_column][vc_column_text]<\/p>\n<h4 style=\"text-align: center;\">Das Projekt wird unter der Schirmherrschaft des Marschalls der Region Kleinpolen Witold Koz\u0142owski durchgef\u00fchrt.<\/h4>\n<p><img loading=\"lazy\" decoding=\"async\" class=\"size-full wp-image-426 aligncenter\" src=\"https:\/\/inwestujwmalopolsce.eu\/wp-content\/uploads\/2021\/10\/TVP3-logo-m.png\" alt=\"\" width=\"191\" height=\"81\" srcset=\"https:\/\/inwestujwmalopolsce.eu\/wp-content\/uploads\/2021\/10\/TVP3-logo-m.png 191w, https:\/\/inwestujwmalopolsce.eu\/wp-content\/uploads\/2021\/10\/TVP3-logo-m-50x21.png 50w, https:\/\/inwestujwmalopolsce.eu\/wp-content\/uploads\/2021\/10\/TVP3-logo-m-150x64.png 150w\" sizes=\"auto, (max-width:767px) 191px, 191px\" \/><\/p>\n<h4 style=\"text-align: center;\">Medienpatronage &#8211; TVP Krak\u00f3w<\/h4>\n<p>[\/vc_column_text][\/vc_column][\/vc_row][vc_row][vc_column][vc_separator color=&#8221;sky&#8221; el_width=&#8221;90&#8243;][\/vc_column][\/vc_row][vc_row][vc_column][vc_row_inner][vc_column_inner width=&#8221;1\/4&#8243;][vc_single_image image=&#8221;399&#8243; alignment=&#8221;center&#8221; css=&#8221;.vc_custom_1633250495653{margin-bottom: -20px !important;}&#8221;][\/vc_column_inner][vc_column_inner width=&#8221;3\/4&#8243;][vc_column_text]<\/p>\n<p style=\"font-weight: 400; text-align: justify;\">Die EXPO REAL in M\u00fcnchen ist die internationale Immobilien- und Investitionsmesse. An der von ARMZ S.A. organisierten Mission nehmen die Vertreter von f\u00fcnf lokalen Gebietsk\u00f6rperschaften der Region Kleinpolen teil, n\u00e4mlich: Chrzan\u00f3w, Trzebinia, Andrych\u00f3w, My\u015blynice und Babice: Chrzan\u00f3w, Trzebinia, Andrych\u00f3w, My\u015blenice und Babice. Der Zweck der Mission ist in erster Linie die F\u00f6rderung von Investitionsgebieten in Malopolska und die Erleichterung der Kontaktaufnahme zwischen lokalen Regierungseinheiten aus Malopolska und potentiellen zuk\u00fcnftigen Investoren. Dar\u00fcber hinaus wird der Schwerpunkt der Mission auf Aktivit\u00e4ten zur F\u00f6rderung und zum Aufbau eines positiven Images von Kleinpolen liegen, vor allem auf dem deutschen Markt, aber auch allgemein auf internationaler Ebene. Dank der Organisation der Reise nach Deutschland werden die Vertreter der lokalen Regierung von Kleinpolen die M\u00f6glichkeit haben, das Investitionsangebot der Region zu pr\u00e4sentieren und f\u00fcr ihre Vorz\u00fcge und ihr Potenzial zu werben. Die Besucher werden sich \u00fcber die Vorteile von Investitionen in der Woiwodschaft Kleinpolen informieren. Die Teilnahme an der Messe wird es den Vertretern der Region Kleinpolen erm\u00f6glichen, eine wirtschaftliche Zusammenarbeit mit internationalen Investoren aus den Schl\u00fcsselsektoren f\u00fcr die Entwicklung der Region Kleinpolen &#8211; Industrie, Tourismus und neue Technologien &#8211; aufzubauen.<\/p>\n<p>[\/vc_column_text][\/vc_column_inner][\/vc_row_inner][vc_column_text css=&#8221;.vc_custom_1634109089346{margin-top: -60px !important;}&#8221;]Das Programm unserer Mission umfasst die Organisation eines speziellen Seminars, bei dem die Region Kleinpolen vorgestellt wird. Die Teilnahme an der Messe bietet auch die M\u00f6glichkeit, die Leistungen der einzelnen Institutionen im Bereich der F\u00f6rderung des Unternehmertums zu pr\u00e4sentieren, wobei der Schwerpunkt auf der Vorbereitung von Investitionsstandorten und dem Angebot von r\u00fcckzahlbaren und subventionierten Finanzinstrumenten liegt.<\/p>\n<p>Die Reise ist auch eine Gelegenheit zum Erfahrungsaustausch mit anderen Kommunalverwaltungen aus verschiedenen Teilen Europas, zum Zusammentreffen mit Fachleuten aus verschiedenen Bereichen, darunter Investoren, Spezialisten f\u00fcr Entwicklungsstrategien, andere Kommunalbeamte, Mitglieder von Verb\u00e4nden und Nichtregierungsorganisationen, zum F\u00fchren zahlreicher offizieller und inoffizieller Gespr\u00e4che, zur Inspiration, einschlie\u00dflich der Einf\u00fchrung innovativer Ideen und moderner Technologien, und zum Kennenlernen der Entwicklungspl\u00e4ne anderer \u00e4hnlicher Einheiten und Kommunalverwaltungen. Dar\u00fcber hinaus bietet die Messe auch die M\u00f6glichkeit, gemeinsame Projekte mit internationalem Charakter zu initiieren.[\/vc_column_text][\/vc_column][\/vc_row][vc_row][vc_column][vc_separator color=&#8221;sky&#8221; el_width=&#8221;90&#8243;][\/vc_column][\/vc_row][vc_row][vc_column width=&#8221;1\/6&#8243;][vc_single_image image=&#8221;320&#8243; img_size=&#8221;full&#8221; alignment=&#8221;center&#8221;][vc_column_text css=&#8221;.vc_custom_1632561661700{margin-top: -30px !important;}&#8221;]<\/p>\n<h4 style=\"text-align: center;\">Ma\u0142opolska<\/h4>\n<p>[\/vc_column_text][vc_btn title=&#8221;Czytaj wi\u0119cej&#8221; color=&#8221;sky&#8221; align=&#8221;center&#8221; link=&#8221;url:https%3A%2F%2Finwestujwmalopolsce.eu%2Ftereny%2Fmalopolska%2F|title:Ma%C5%82opolska&#8221; css=&#8221;.vc_custom_1632561697401{margin-top: -30px !important;}&#8221;][\/vc_column][vc_column width=&#8221;1\/6&#8243;][vc_single_image image=&#8221;245&#8243; img_size=&#8221;104&#215;123&#8243; alignment=&#8221;center&#8221;][vc_column_text css=&#8221;.vc_custom_1634109150472{margin-top: -55px !important;}&#8221;]<\/p>\n<h4 style=\"text-align: center;\">Die Gemeinde Andrych\u00f3w<\/h4>\n<p>[\/vc_column_text][vc_btn title=&#8221;Czytaj wi\u0119cej&#8221; color=&#8221;sky&#8221; align=&#8221;center&#8221; link=&#8221;url:https%3A%2F%2Finwestujwmalopolsce.eu%2Ftereny%2Fgmina-andrychow%2F|title:Ma%C5%82opolska&#8221; css=&#8221;.vc_custom_1632561745530{margin-top: -30px !important;}&#8221;][\/vc_column][vc_column width=&#8221;1\/6&#8243;][vc_single_image image=&#8221;230&#8243; img_size=&#8221;101&#215;123&#8243; alignment=&#8221;center&#8221;][vc_column_text css=&#8221;.vc_custom_1634111823594{margin-top: -55px !important;}&#8221;]<\/p>\n<h4 style=\"text-align: center;\">Die Gemeinde<br \/>\nBabice<\/h4>\n<p>[\/vc_column_text][vc_btn title=&#8221;Czytaj wi\u0119cej&#8221; color=&#8221;sky&#8221; align=&#8221;center&#8221; link=&#8221;url:https%3A%2F%2Finwestujwmalopolsce.eu%2Ftereny%2Fgmina-babice%2F|title:Ma%C5%82opolska&#8221; css=&#8221;.vc_custom_1632561818112{margin-top: -30px !important;}&#8221;][\/vc_column][vc_column width=&#8221;1\/6&#8243;][vc_single_image image=&#8221;291&#8243; img_size=&#8221;93&#215;123&#8243; alignment=&#8221;center&#8221;][vc_column_text css=&#8221;.vc_custom_1634109169480{margin-top: -55px !important;}&#8221;]<\/p>\n<h4 style=\"text-align: center;\">Die Gemeinde Chrzan\u00f3w<\/h4>\n<p>[\/vc_column_text][vc_btn title=&#8221;Czytaj wi\u0119cej&#8221; color=&#8221;sky&#8221; align=&#8221;center&#8221; link=&#8221;url:https%3A%2F%2Finwestujwmalopolsce.eu%2Ftereny%2Fgmina-chrzanow%2F|title:Ma%C5%82opolska&#8221; css=&#8221;.vc_custom_1632561836040{margin-top: -30px !important;}&#8221;][\/vc_column][vc_column width=&#8221;1\/6&#8243;][vc_single_image image=&#8221;258&#8243; img_size=&#8221;112&#215;123&#8243; alignment=&#8221;center&#8221;][vc_column_text css=&#8221;.vc_custom_1634109178749{margin-top: -55px !important;}&#8221;]<\/p>\n<h4 style=\"text-align: center;\">Die Gemeinde My\u015blenice<\/h4>\n<p>[\/vc_column_text][vc_btn title=&#8221;Czytaj wi\u0119cej&#8221; color=&#8221;sky&#8221; align=&#8221;center&#8221; link=&#8221;url:https%3A%2F%2Finwestujwmalopolsce.eu%2Ftereny%2Fgmina-myslenice%2F|title:Ma%C5%82opolska&#8221; css=&#8221;.vc_custom_1632561849708{margin-top: -30px !important;}&#8221;][\/vc_column][vc_column width=&#8221;1\/6&#8243;][vc_single_image image=&#8221;176&#8243; img_size=&#8221;101&#215;123&#8243; alignment=&#8221;center&#8221;][vc_column_text css=&#8221;.vc_custom_1634109187271{margin-top: -55px !important;}&#8221;]<\/p>\n<h4 style=\"text-align: center;\">Die Gemeinde Trzebinia<\/h4>\n<p>[\/vc_column_text][vc_btn title=&#8221;Czytaj wi\u0119cej&#8221; color=&#8221;sky&#8221; align=&#8221;center&#8221; link=&#8221;url:https%3A%2F%2Finwestujwmalopolsce.eu%2Ftereny%2Fgmina-trzebinia%2F|title:Ma%C5%82opolska&#8221; css=&#8221;.vc_custom_1632561863226{margin-top: -30px !important;}&#8221;][\/vc_column][\/vc_row]<\/p>\n","protected":false},"excerpt":{"rendered":"<p>[vc_row][vc_column css=&#8221;.vc_custom_1632560580933{margin-top: 20px !important;}&#8221;][\/vc_column][\/vc_row][vc_row][vc_column][vc_column_text] Das Projekt wird unter der Schirmherrschaft des Marschalls der Region Kleinpolen Witold Koz\u0142owski durchgef\u00fchrt. Medienpatronage &#8211; TVP Krak\u00f3w [\/vc_column_text][\/vc_column][\/vc_row][vc_row][vc_column][vc_separator color=&#8221;sky&#8221; el_width=&#8221;90&#8243;][\/vc_column][\/vc_row][vc_row][vc_column][vc_row_inner][vc_column_inner width=&#8221;1\/4&#8243;][vc_single_image<\/p>\n","protected":false},"author":1,"featured_media":0,"parent":0,"menu_order":0,"comment_status":"closed","ping_status":"closed","template":"","meta":{"footnotes":""},"class_list":["post-486","page","type-page","status-publish","hentry"],"lang":"de","translations":{"de":486,"en":470,"pl":81,"es":521,"fr":620},"pll_sync_post":[],"_links":{"self":[{"href":"https:\/\/inwestujwmalopolsce.eu\/index.php?rest_route=\/wp\/v2\/pages\/486","targetHints":{"allow":["GET"]}}],"collection":[{"href":"https:\/\/inwestujwmalopolsce.eu\/index.php?rest_route=\/wp\/v2\/pages"}],"about":[{"href":"https:\/\/inwestujwmalopolsce.eu\/index.php?rest_route=\/wp\/v2\/types\/page"}],"author":[{"embeddable":true,"href":"https:\/\/inwestujwmalopolsce.eu\/index.php?rest_route=\/wp\/v2\/users\/1"}],"replies":[{"embeddable":true,"href":"https:\/\/inwestujwmalopolsce.eu\/index.php?rest_route=%2Fwp%2Fv2%2Fcomments&post=486"}],"version-history":[{"count":2,"href":"https:\/\/inwestujwmalopolsce.eu\/index.php?rest_route=\/wp\/v2\/pages\/486\/revisions"}],"predecessor-version":[{"id":506,"href":"https:\/\/inwestujwmalopolsce.eu\/index.php?rest_route=\/wp\/v2\/pages\/486\/revisions\/506"}],"wp:attachment":[{"href":"https:\/\/inwestujwmalopolsce.eu\/index.php?rest_route=%2Fwp%2Fv2%2Fmedia&parent=486"}],"curies":[{"name":"wp","href":"https:\/\/api.w.org\/{rel}","templated":true}]}}