{"id":491,"date":"2021-10-13T09:33:03","date_gmt":"2021-10-13T07:33:03","guid":{"rendered":"https:\/\/inwestujwmalopolsce.eu\/?page_id=491"},"modified":"2021-10-13T09:33:03","modified_gmt":"2021-10-13T07:33:03","slug":"ueber-uns","status":"publish","type":"page","link":"https:\/\/inwestujwmalopolsce.eu\/?page_id=491&lang=de","title":{"rendered":"\u00dcber uns"},"content":{"rendered":"<p>[vc_row][vc_column css=&#8221;.vc_custom_1632400790153{margin-top: 20px !important;}&#8221;][\/vc_column][\/vc_row][vc_row][vc_column width=&#8221;1\/4&#8243;][vc_single_image image=&#8221;140&#8243; img_size=&#8221;200&#215;120&#8243; alignment=&#8221;center&#8221;][\/vc_column][vc_column width=&#8221;3\/4&#8243;][vc_column_text]<strong>Die Aufgabe der Entwicklungsagentur West-Ma\u0142opolska besteht darin, die Region als wirtschaftliche Br\u00fccke zwischen Ma\u0142opolska und Schlesien zu st\u00e4rken, indem sie die Zusammenarbeit mit den lokalen Regierungen aufbaut und entwickelt und Aktivit\u00e4ten zur Unterst\u00fctzung der Entwicklung der lokalen Wirtschaft durchf\u00fchrt.<\/strong><\/p>\n<div class=\"vc_row wpb_row vc_row-fluid mpc-row\" style=\"text-align: justify;\">\n<div class=\"wpb_column vc_column_container vc_col-sm-12 mpc-column\" data-column-id=\"mpc_column-92614c7689b140c\">\n<div class=\"vc_column-inner\">\n<div class=\"wpb_wrapper\">\n<div class=\"wpb_text_column wpb_content_element \">\n<div class=\"wpb_wrapper\">\n<p>Die Entwicklungsagentur West-Ma\u0142opolska wurde am 16. Juni 2004 gegr\u00fcndet. (Eintrag im Landesgerichtsregister vom 30. Dezember 2004 beim Bezirksgericht Krakau &#8211; \u015ar\u00f3dmie\u015bcie in Krakau, 12. Handelsabteilung des Landesgerichtsregisters unter der Nummer 0000225451) in Form einer Aktiengesellschaft.<\/p>\n<p>Das Gr\u00fcndungskapital betrug 500.000,00 PLN, die Gr\u00fcnder von ARMZ S.A. waren: Po\u0142udniowy Koncern Energetyczny S.A. mit Sitz in Kattowitz, Rafineria Trzebinia S.A. mit Sitz in Trzebinia, Agentur f\u00fcr industrielle Entwicklung mit Sitz in Warschau, Gemeinde Trzebinia, Gemeinde Chrzan\u00f3w, Gemeinde Libi\u0105\u017c, Local Development Agency S.A. mit Sitz in Jaworzno, ZGE &#8222;Janina&#8221; Sp. z o.o. mit Sitz in Libi\u0105\u017c.<\/p>\n<p>Derzeit betr\u00e4gt das Kapital 3.066.000,00 PLN und die Aktion\u00e4re sind: Ma\u0142opolska Agencja Rozwoju Regionalnego S.A. mit Sitz in Krakau, Gemeinde Chrzan\u00f3w, Gemeinde Trzebinia, Gemeinde Libi\u0105\u017c und G\u00f3rno\u015bl\u0105ska Agencja Przedsi\u0119biorczo\u015bci i Rozwoju sp.z o.o. mit Sitz in Gleiwitz.<\/p>\n<p>Die gesetzlich vertretungsberechtigte Person ist die Pr\u00e4sidentin des Vorstands \u2013 Frau Anna W\u0142oszek. Das Unternehmen ist eine Einrichtung zur Unterst\u00fctzung der Wirtschaft.<\/p>\n<\/div>\n<\/div>\n<\/div>\n<\/div>\n<\/div>\n<\/div>\n<div class=\"vc_row wpb_row vc_row-fluid mpc-row\">\n<div class=\"wpb_column vc_column_container vc_col-sm-12 mpc-column\" data-column-id=\"mpc_column-36614c7689b28e1\">\n<div class=\"vc_column-inner\">\n<div class=\"wpb_wrapper\">\n<div class=\"wpb_text_column wpb_content_element \">\n<div class=\"wpb_wrapper\">\n<p>Im M\u00e4rz 2008 wurde Agencja Rozwoju Ma\u0142opolski Zachodnia S.A. ein Qualit\u00e4tsmanagementsystem gem\u00e4\u00df ISO 9001: 2008 eingef\u00fchrt hat und ab Juli 2008 ARMZ S.A. ist vom <a href=\"http:\/\/ksu.parp.gov.pl\/pl\" target=\"_blank\" rel=\"noopener\">Nationalen Dienstleistungssystem<\/a> f\u00fcr KMU akkreditiert.<\/p>\n<p style=\"text-align: justify;\"><a href=\"https:\/\/armz.pl\/?page_id=13\" target=\"_blank\" rel=\"noopener\">Mehr \u00fcber die Entwicklungsagentur West-Ma\u0142opolska<\/a><\/p>\n<\/div>\n<\/div>\n<\/div>\n<\/div>\n<\/div>\n<\/div>\n<p>[\/vc_column_text][\/vc_column][\/vc_row][vc_row][vc_column][vc_separator color=&#8221;sky&#8221; el_width=&#8221;90&#8243;][\/vc_column][\/vc_row][vc_row][vc_column width=&#8221;1\/4&#8243;][vc_single_image image=&#8221;153&#8243; img_size=&#8221;200&#215;181&#8243; alignment=&#8221;center&#8221;][\/vc_column][vc_column width=&#8221;3\/4&#8243;][vc_column_text]<\/p>\n<p style=\"text-align: justify;\"><strong>Der Bildungsverein des Landes Chrzan\u00f3w in Chrzan\u00f3w<\/strong> wurde am 14. Juni 1991 gegr\u00fcndet, eingetragen im Landesgerichtsregister unter der Nummer: 0000006965 beim Amtsgericht in Krakau.<\/p>\n<p style=\"text-align: justify;\">Die <strong>Mission von TOZCh<\/strong> besteht darin, die sozio\u00f6konomische Entwicklung Polens, Kleinpolens und des Kreises Chrzan\u00f3w durch umfassende und professionelle Aktivit\u00e4ten f\u00fcr die Sozialwirtschaft, lokale Gemeinschaften und Humanressourcen zu f\u00f6rdern.<\/p>\n<p style=\"text-align: justify;\">Die Gesellschaft ist ein Zentrum zur Unterst\u00fctzung der Sozialwirtschaft in der Woiwodschaft Kleinpolen, das vom Minister f\u00fcr Arbeit und Sozialpolitik gem\u00e4\u00df Beschluss Nr. 31 vom 23. Oktober 2015 akkreditiert ist.<\/p>\n<p style=\"text-align: justify;\"><a href=\"http:\/\/tozch.edu.pl\/o-towarzystwie\/\" target=\"_blank\" rel=\"noopener noreferrer\">Mehr \u00fcber den Bildungsverein des Chrzan\u00f3w-Landes in Chrzan\u00f3w<\/a><\/p>\n<p>[\/vc_column_text][\/vc_column][\/vc_row][vc_row][vc_column][vc_separator color=&#8221;sky&#8221; el_width=&#8221;90&#8243;][\/vc_column][\/vc_row][vc_row][vc_column width=&#8221;1\/4&#8243;][vc_single_image image=&#8221;154&#8243; img_size=&#8221;200&#215;200&#8243; alignment=&#8221;center&#8221;][\/vc_column][vc_column width=&#8221;3\/4&#8243;][vc_column_text]<\/p>\n<p style=\"text-align: justify;\"><strong>Die Handelskammer Chrzan\u00f3w<\/strong> wurde 2001 als Vereinigung der Privatunternehmer in Trzebinia gegr\u00fcndet, die Unternehmen aus der Region des Kreises Chrzan\u00f3w vereint.<\/p>\n<p style=\"text-align: justify;\">Seit Beginn ihres Bestehens f\u00fchrt sie Aktivit\u00e4ten zur Entwicklung des Unternehmertums in verschiedenen Organisationsformen durch, sammelt und verbreitet Informationen \u00fcber die Anbahnung von Gesch\u00e4ftskontakten und bietet Wirtschaftssubjekten Hilfe bei der L\u00f6sung von Problemen. Alle Aktivit\u00e4ten der Handelskammer Chrzan\u00f3w zielen darauf ab, die Mitgliedsunternehmen zu unterst\u00fctzen und zu f\u00f6rdern, aber nicht nur &#8211; an vielen von uns organisierten Projekten beteiligen sich auch nicht verbundene Unternehmen, Institutionen, Organisationen usw.<\/p>\n<p style=\"text-align: justify;\"><a href=\"http:\/\/www.chrzanowskaizba.pl\/o-nas.html\" target=\"_blank\" rel=\"noopener noreferrer\">Mehr \u00fcber die Handelskammer Chrzan\u00f3w<\/a><\/p>\n<p>[\/vc_column_text][\/vc_column][\/vc_row]<\/p>\n","protected":false},"excerpt":{"rendered":"<p>[vc_row][vc_column css=&#8221;.vc_custom_1632400790153{margin-top: 20px !important;}&#8221;][\/vc_column][\/vc_row][vc_row][vc_column width=&#8221;1\/4&#8243;][vc_single_image image=&#8221;140&#8243; img_size=&#8221;200&#215;120&#8243; alignment=&#8221;center&#8221;][\/vc_column][vc_column width=&#8221;3\/4&#8243;][vc_column_text]Die Aufgabe der Entwicklungsagentur West-Ma\u0142opolska besteht darin, die Region als wirtschaftliche Br\u00fccke zwischen Ma\u0142opolska und Schlesien zu st\u00e4rken,<\/p>\n","protected":false},"author":1,"featured_media":0,"parent":0,"menu_order":0,"comment_status":"closed","ping_status":"closed","template":"","meta":{"footnotes":""},"class_list":["post-491","page","type-page","status-publish","hentry"],"lang":"de","translations":{"de":491,"en":472,"pl":83,"es":526,"fr":640},"pll_sync_post":[],"_links":{"self":[{"href":"https:\/\/inwestujwmalopolsce.eu\/index.php?rest_route=\/wp\/v2\/pages\/491","targetHints":{"allow":["GET"]}}],"collection":[{"href":"https:\/\/inwestujwmalopolsce.eu\/index.php?rest_route=\/wp\/v2\/pages"}],"about":[{"href":"https:\/\/inwestujwmalopolsce.eu\/index.php?rest_route=\/wp\/v2\/types\/page"}],"author":[{"embeddable":true,"href":"https:\/\/inwestujwmalopolsce.eu\/index.php?rest_route=\/wp\/v2\/users\/1"}],"replies":[{"embeddable":true,"href":"https:\/\/inwestujwmalopolsce.eu\/index.php?rest_route=%2Fwp%2Fv2%2Fcomments&post=491"}],"version-history":[{"count":1,"href":"https:\/\/inwestujwmalopolsce.eu\/index.php?rest_route=\/wp\/v2\/pages\/491\/revisions"}],"predecessor-version":[{"id":492,"href":"https:\/\/inwestujwmalopolsce.eu\/index.php?rest_route=\/wp\/v2\/pages\/491\/revisions\/492"}],"wp:attachment":[{"href":"https:\/\/inwestujwmalopolsce.eu\/index.php?rest_route=%2Fwp%2Fv2%2Fmedia&parent=491"}],"curies":[{"name":"wp","href":"https:\/\/api.w.org\/{rel}","templated":true}]}}