{"id":493,"date":"2021-10-13T09:36:42","date_gmt":"2021-10-13T07:36:42","guid":{"rendered":"https:\/\/inwestujwmalopolsce.eu\/?page_id=493"},"modified":"2021-10-13T09:36:42","modified_gmt":"2021-10-13T07:36:42","slug":"nationale-vorschriften","status":"publish","type":"page","link":"https:\/\/inwestujwmalopolsce.eu\/?page_id=493&lang=de","title":{"rendered":"Nationale Vorschriften"},"content":{"rendered":"<p>[vc_row][vc_column css=&#8221;.vc_custom_1632562118647{margin-top: 20px !important;}&#8221;][\/vc_column][\/vc_row][vc_row][vc_column width=&#8221;1\/4&#8243;][vc_single_image image=&#8221;410&#8243; img_size=&#8221;medium&#8221; alignment=&#8221;center&#8221; css=&#8221;.vc_custom_1633250994317{margin-bottom: -20px !important;}&#8221;][\/vc_column][vc_column width=&#8221;3\/4&#8243;][vc_column_text]<\/p>\n<h4 style=\"text-align: center;\">Warum Polen?<\/h4>\n<p>Polen hat eine stabile Wirtschaft mit einer etablierten makro\u00f6konomischen Position. Die einzigartigen Bedingungen f\u00fcr die F\u00fchrung und Er\u00f6ffnung eines Unternehmens werden durch die wiederholt nachgewiesene Widerstandsf\u00e4higkeit gegen\u00fcber Wirtschaftskrisen unterst\u00fctzt.<\/p>\n<p>Der gro\u00dfe Binnenmarkt umfasst mehr als 38 Millionen Verbraucher in Polen und einen einfachen Zugang zum Markt der Europ\u00e4ischen Union mit 500 Millionen Verbrauchern sowie zu den L\u00e4ndern Osteuropas. All dies schafft ein g\u00fcnstiges Umfeld, dem Tausende von Anlegern vertrauen.<\/p>\n<p>Polen ist in der CEE-Region f\u00fchrend bei der Anzahl der Greenfield-Investitionen und in Europa an dritter Stelle. Der Wert der Investitionen in Polen wird auf 21,8 Mrd. USD gesch\u00e4tzt. Dank einer stabilen Wirtschaft und Krisenresistenz konnte die Coronavirus-Pandemie zudem die positiven Investitionstrends im Land nicht umkehren. FSI-Recherchen zeigen, dass in Polen in den ersten 4 Monaten des Jahres 2020 165 neue Investitionen get\u00e4tigt wurden \u2013 das sind 15 % mehr als im gleichen Zeitraum des Vorjahres. Dar\u00fcber hinaus wird die Pandemie h\u00f6chstwahrscheinlich keine gro\u00dfen Auswirkungen auf zuk\u00fcnftige Investitionen in Polen haben, was durch die Prognosen von Ernst &amp; Young Global Limited best\u00e4tigt wird, die den Erfolg von Investitionen in Polen in 80% vorhersagen; im Vergleich zu 65 % in Europa.<\/p>\n<p>Weitere Informationen \u00fcber Investitionen in Polen auf der Website der Polnischen Agentur f\u00fcr Investitionen und Handel: <a href=\"https:\/\/www.paih.gov.pl\/\" target=\"_blank\" rel=\"noopener\">https:\/\/www.paih.gov.pl\/<\/a><\/p>\n<p>Quelle: <a href=\"https:\/\/www.paih.gov.pl\/polska_w_liczbach\/potencjal_inwestycyjny\" target=\"_blank\" rel=\"noopener\">https:\/\/www.paih.gov.pl\/polska_w_liczbach\/potencjal_inwestycyjny<\/a>[\/vc_column_text][\/vc_column][\/vc_row]<\/p>\n","protected":false},"excerpt":{"rendered":"<p>[vc_row][vc_column css=&#8221;.vc_custom_1632562118647{margin-top: 20px !important;}&#8221;][\/vc_column][\/vc_row][vc_row][vc_column width=&#8221;1\/4&#8243;][vc_single_image image=&#8221;410&#8243; img_size=&#8221;medium&#8221; alignment=&#8221;center&#8221; css=&#8221;.vc_custom_1633250994317{margin-bottom: -20px !important;}&#8221;][\/vc_column][vc_column width=&#8221;3\/4&#8243;][vc_column_text] Warum Polen? Polen hat eine stabile Wirtschaft mit einer etablierten makro\u00f6konomischen Position. Die einzigartigen<\/p>\n","protected":false},"author":1,"featured_media":0,"parent":0,"menu_order":0,"comment_status":"closed","ping_status":"closed","template":"","meta":{"footnotes":""},"class_list":["post-493","page","type-page","status-publish","hentry"],"lang":"de","translations":{"de":493,"en":474,"pl":101,"es":528,"fr":665},"pll_sync_post":[],"_links":{"self":[{"href":"https:\/\/inwestujwmalopolsce.eu\/index.php?rest_route=\/wp\/v2\/pages\/493","targetHints":{"allow":["GET"]}}],"collection":[{"href":"https:\/\/inwestujwmalopolsce.eu\/index.php?rest_route=\/wp\/v2\/pages"}],"about":[{"href":"https:\/\/inwestujwmalopolsce.eu\/index.php?rest_route=\/wp\/v2\/types\/page"}],"author":[{"embeddable":true,"href":"https:\/\/inwestujwmalopolsce.eu\/index.php?rest_route=\/wp\/v2\/users\/1"}],"replies":[{"embeddable":true,"href":"https:\/\/inwestujwmalopolsce.eu\/index.php?rest_route=%2Fwp%2Fv2%2Fcomments&post=493"}],"version-history":[{"count":1,"href":"https:\/\/inwestujwmalopolsce.eu\/index.php?rest_route=\/wp\/v2\/pages\/493\/revisions"}],"predecessor-version":[{"id":494,"href":"https:\/\/inwestujwmalopolsce.eu\/index.php?rest_route=\/wp\/v2\/pages\/493\/revisions\/494"}],"wp:attachment":[{"href":"https:\/\/inwestujwmalopolsce.eu\/index.php?rest_route=%2Fwp%2Fv2%2Fmedia&parent=493"}],"curies":[{"name":"wp","href":"https:\/\/api.w.org\/{rel}","templated":true}]}}