{"id":495,"date":"2021-10-13T09:51:00","date_gmt":"2021-10-13T07:51:00","guid":{"rendered":"https:\/\/inwestujwmalopolsce.eu\/?page_id=495"},"modified":"2021-10-13T09:51:00","modified_gmt":"2021-10-13T07:51:00","slug":"fuer-behinderte","status":"publish","type":"page","link":"https:\/\/inwestujwmalopolsce.eu\/?page_id=495&lang=de","title":{"rendered":"F\u00fcr Behinderte"},"content":{"rendered":"<p>[vc_row][vc_column css=&#8221;.vc_custom_1632562179539{margin-top: 20px !important;}&#8221;][\/vc_column][\/vc_row][vc_row][vc_column][vc_column_text]<\/p>\n<h4 style=\"text-align: center;\"><strong data-uw-styling-context=\"true\">Informationen f\u00fcr Website-Besucher:<\/strong><\/h4>\n<p>[\/vc_column_text][vc_column_text]<\/p>\n<p style=\"text-align: justify;\">Website der Entwicklungsagentur West-Ma\u0142opolska S.A. erf\u00fcllt die technischen Richtlinien zur Barrierefreiheit. Nachfolgend finden Sie eine Liste der wichtigsten verwendeten Best Practices.<\/p>\n<p style=\"text-align: justify;\">Gute Praktiken:<\/p>\n<ol>\n<li style=\"text-align: justify;\">Nur-Tastatur-Benutzer sollten mit der Tabulatortaste oder den Pfeilen frei durch die Site navigieren. Das aktive Element sollte deutlich gekennzeichnet sein und sich in einer logischen Reihenfolge durch die Seite bewegen. Dies erm\u00f6glicht eine komfortable Nutzung der Website, z.B. f\u00fcr Nutzer mit motorischen oder sehbehinderten Benutzern.<\/li>\n<li style=\"text-align: justify;\">Die Navigation (Men\u00fc) sollte innerhalb der Website konsistent, logisch und unver\u00e4nderlich sein.<\/li>\n<li style=\"text-align: justify;\">Die Namen aller Links sollten auch au\u00dferhalb des Kontextes eindeutig und verst\u00e4ndlich sein.<\/li>\n<li style=\"text-align: justify;\">Auf der Website ver\u00f6ffentlichte Texte sollten lesbar aufbereitet sein. Texte sollten nur linksb\u00fcndig gesetzt werden.<\/li>\n<li style=\"text-align: justify;\">Die auf der Website verf\u00fcgbaren Formulare sind den entsprechenden Formularfeldern zugeordnet, die die Rolle des Felds und die Art der Daten erl\u00e4utern, die der Benutzer in das Feld eingeben soll. Formularen sollten den entsprechenden Formularfeldern Beschriftungen zugewiesen sein, die die Rolle des Felds und die Art der Daten erl\u00e4utern, die der Benutzer in das Feld eingeben kann.<\/li>\n<li style=\"text-align: justify;\">Die Website empfiehlt Ihnen, die Option zum \u00dcberspringen von Links zu nutzen, d. h. direkt zum entsprechenden Teil der Seite zu gelangen. Dies ist besonders wichtig f\u00fcr Blinde und Personen, die nur die Tastatur benutzen.<\/li>\n<li style=\"text-align: justify;\">Alle auf der Website ver\u00f6ffentlichten Seiten m\u00fcssen eindeutige Titel haben, die \u00fcber den Inhalt der Unterseite informieren, auf der sich der Benutzer befindet.<\/li>\n<li style=\"text-align: justify;\">Der Kontrast des Textes zum Hintergrund muss ein Verh\u00e4ltnis von mindestens 4,5 zu 1 haben, vorzugsweise nicht weniger als 7 zu 1. Dadurch sind alle Informationen auf der Website auch f\u00fcr sehbehinderte Menschen lesbar.<\/li>\n<li style=\"text-align: justify;\">Die Redaktion der Website sorgt f\u00fcr die Verst\u00e4ndlichkeit der eingestellten Inhalte und formatiert diese gem\u00e4\u00df den Richtlinien zur Verbesserung der Barrierefreiheit.<\/li>\n<li style=\"text-align: justify;\">Fotos und Grafiken sollten alternative Beschreibungen haben, um ihren Inhalt f\u00fcr Sehbehinderte zug\u00e4nglich zu machen.<\/li>\n<li style=\"text-align: justify;\">Nach dem Deaktivieren der Sprache, die die Form der Seitendarstellung (CSS) beschreibt, sollte die Website weiterhin verf\u00fcgbar und lesbar sein.<\/li>\n<\/ol>\n<p>[\/vc_column_text][vc_column_text]<\/p>\n<h4 style=\"text-align: center;\"><strong data-uw-styling-context=\"true\">Weitere Informationen:<\/strong><\/h4>\n<p>[\/vc_column_text][vc_column_text]<\/p>\n<ol>\n<li data-uw-styling-context=\"true\">Der Website wurde ein Skript hinzugef\u00fcgt, um es Menschen mit Behinderungen zu erleichtern, die Website zu durchsuchen.<\/li>\n<li data-uw-styling-context=\"true\">Dieses Skript ist vollst\u00e4ndig polonisiert, was die Verwendung f\u00fcr Personen ohne Fremdsprachenkenntnisse erleichtert.<\/li>\n<li data-uw-styling-context=\"true\">Das Skriptsymbol <img loading=\"lazy\" decoding=\"async\" class=\"alignnone size-full wp-image-336\" src=\"https:\/\/inwestujwmalopolsce.eu\/wp-content\/uploads\/2021\/09\/01.png\" alt=\"\" width=\"75\" height=\"75\" srcset=\"https:\/\/inwestujwmalopolsce.eu\/wp-content\/uploads\/2021\/09\/01.png 75w, https:\/\/inwestujwmalopolsce.eu\/wp-content\/uploads\/2021\/09\/01-50x50.png 50w\" sizes=\"auto, (max-width:767px) 75px, 75px\" \/> befindet sich auf der rechten Seite des vertikal zentrierten Browserfensters.<\/li>\n<li data-uw-styling-context=\"true\">Nachdem Sie auf das Skriptsymbol geklickt oder eine Kombination auf der STRG + U-Tastatur gedr\u00fcckt haben, steht folgendes Fenster zur Verf\u00fcgung:<\/li>\n<\/ol>\n<p>[\/vc_column_text][vc_single_image image=&#8221;342&#8243; img_size=&#8221;500&#215;245&#8243; alignment=&#8221;center&#8221; onclick=&#8221;link_image&#8221;][vc_column_text]<\/p>\n<h4 style=\"text-align: center;\"><strong data-uw-styling-context=\"true\">Skriptfunktionen:<\/strong><\/h4>\n<h5 style=\"text-align: center;\"><strong data-uw-styling-context=\"true\">Funktion: Kontrast (4 Stufen):<\/strong><\/h5>\n<p>[\/vc_column_text][vc_column_text]<\/p>\n<p style=\"text-align: center;\">Farben invertieren:<\/p>\n<p>[\/vc_column_text][vc_single_image image=&#8221;343&#8243; img_size=&#8221;500&#215;245&#8243; alignment=&#8221;center&#8221; onclick=&#8221;link_image&#8221;][vc_column_text]<\/p>\n<p style=\"text-align: center;\">Dunkelkontrast:<\/p>\n<p>[\/vc_column_text][vc_single_image image=&#8221;344&#8243; img_size=&#8221;500&#215;245&#8243; alignment=&#8221;center&#8221; onclick=&#8221;link_image&#8221;][vc_column_text]<\/p>\n<p style=\"text-align: center;\">Lichtkontrast:<\/p>\n<p>[\/vc_column_text][vc_single_image image=&#8221;345&#8243; img_size=&#8221;500&#215;245&#8243; alignment=&#8221;center&#8221; onclick=&#8221;link_image&#8221;][vc_column_text]<\/p>\n<p style=\"text-align: center;\">Keine Farben:<\/p>\n<p>[\/vc_column_text][vc_single_image image=&#8221;346&#8243; img_size=&#8221;500&#215;245&#8243; alignment=&#8221;center&#8221; onclick=&#8221;link_image&#8221;][vc_column_text]<\/p>\n<h5 style=\"text-align: center;\"><strong data-uw-styling-context=\"true\">Funktion: Hintergrundbeleuchtung links<\/strong><\/h5>\n<p>[\/vc_column_text][vc_single_image image=&#8221;347&#8243; img_size=&#8221;500&#215;245&#8243; alignment=&#8221;center&#8221; onclick=&#8221;link_image&#8221;][vc_column_text]<\/p>\n<h5 style=\"text-align: center;\"><strong data-uw-styling-context=\"true\">Funktion: Gro\u00dfer Text (4 Grade)<\/strong><\/h5>\n<p style=\"text-align: center;\">1 Grad<\/p>\n<p>[\/vc_column_text][vc_single_image image=&#8221;348&#8243; img_size=&#8221;500&#215;245&#8243; alignment=&#8221;center&#8221; onclick=&#8221;link_image&#8221;][vc_column_text]<\/p>\n<p style=\"text-align: center;\">2 Grad<\/p>\n<p>[\/vc_column_text][vc_single_image image=&#8221;349&#8243; img_size=&#8221;500&#215;245&#8243; alignment=&#8221;center&#8221; onclick=&#8221;link_image&#8221;][vc_column_text]<\/p>\n<p style=\"text-align: center;\">3 Grad<\/p>\n<p>[\/vc_column_text][vc_single_image image=&#8221;350&#8243; img_size=&#8221;500&#215;245&#8243; alignment=&#8221;center&#8221; onclick=&#8221;link_image&#8221;][vc_column_text]<\/p>\n<p style=\"text-align: center;\">4 Grad<\/p>\n<p>[\/vc_column_text][vc_single_image image=&#8221;351&#8243; img_size=&#8221;500&#215;245&#8243; alignment=&#8221;center&#8221; onclick=&#8221;link_image&#8221;][vc_column_text]<\/p>\n<h5 style=\"text-align: center;\"><strong data-uw-styling-context=\"true\">Funktion: Leerzeichen zwischen Text (3 Grad)<\/strong><\/h5>\n<p style=\"text-align: center;\">1 Grad<\/p>\n<p>[\/vc_column_text][vc_single_image image=&#8221;352&#8243; img_size=&#8221;500&#215;245&#8243; alignment=&#8221;center&#8221; onclick=&#8221;link_image&#8221;][vc_column_text]<\/p>\n<p style=\"text-align: center;\">2 Grad<\/p>\n<p>[\/vc_column_text][vc_single_image image=&#8221;353&#8243; img_size=&#8221;500&#215;245&#8243; alignment=&#8221;center&#8221; onclick=&#8221;link_image&#8221;][vc_column_text]<\/p>\n<p style=\"text-align: center;\">3 Grad<\/p>\n<p>[\/vc_column_text][vc_single_image image=&#8221;354&#8243; img_size=&#8221;500&#215;245&#8243; alignment=&#8221;center&#8221; onclick=&#8221;link_image&#8221;][vc_column_text]<\/p>\n<h5 style=\"text-align: center;\"><strong data-uw-styling-context=\"true\">Feature: Legasthenikerfreundlich (2 Grade)<\/strong><\/h5>\n<p style=\"text-align: center;\">Freundlich f\u00fcr Legastheniker:<\/p>\n<p>[\/vc_column_text][vc_single_image image=&#8221;355&#8243; img_size=&#8221;500&#215;245&#8243; alignment=&#8221;center&#8221; onclick=&#8221;link_image&#8221;][vc_column_text]<\/p>\n<p style=\"text-align: center;\">Lesbare Schriftarten:<\/p>\n<p>[\/vc_column_text][vc_single_image image=&#8221;356&#8243; img_size=&#8221;500&#215;245&#8243; alignment=&#8221;center&#8221; onclick=&#8221;link_image&#8221;][vc_column_text]<\/p>\n<h5 style=\"text-align: center;\"><strong data-uw-styling-context=\"true\">Feature: Legasthenikerfreundlich (2 Grade)<\/strong><\/h5>\n<p style=\"text-align: center;\">Gro\u00dfer Cursor:<\/p>\n<p>[\/vc_column_text][vc_single_image image=&#8221;357&#8243; img_size=&#8221;500&#215;245&#8243; alignment=&#8221;center&#8221; onclick=&#8221;link_image&#8221;][vc_column_text]<\/p>\n<p style=\"text-align: center;\">Lesemaske:<\/p>\n<p>[\/vc_column_text][vc_single_image image=&#8221;358&#8243; img_size=&#8221;500&#215;245&#8243; alignment=&#8221;center&#8221; onclick=&#8221;link_image&#8221;][vc_column_text]<\/p>\n<p style=\"text-align: center;\">Leseanleitung:<\/p>\n<p>[\/vc_column_text][vc_single_image image=&#8221;359&#8243; img_size=&#8221;500&#215;245&#8243; alignment=&#8221;center&#8221; onclick=&#8221;link_image&#8221;][vc_column_text]<\/p>\n<h5 style=\"text-align: center;\"><strong data-uw-styling-context=\"true\">Feature: Linienh\u00f6he (3 Grad)<\/strong><\/h5>\n<p style=\"text-align: center;\">1,5<\/p>\n<p>[\/vc_column_text][vc_single_image image=&#8221;360&#8243; img_size=&#8221;500&#215;245&#8243; alignment=&#8221;center&#8221; onclick=&#8221;link_image&#8221;][vc_column_text]<\/p>\n<p style=\"text-align: center;\">1,75<\/p>\n<p>[\/vc_column_text][vc_single_image image=&#8221;361&#8243; img_size=&#8221;500&#215;245&#8243; alignment=&#8221;center&#8221; onclick=&#8221;link_image&#8221;][vc_column_text]<\/p>\n<p style=\"text-align: center;\">2<\/p>\n<p>[\/vc_column_text][vc_single_image image=&#8221;362&#8243; img_size=&#8221;500&#215;245&#8243; alignment=&#8221;center&#8221; onclick=&#8221;link_image&#8221;][\/vc_column][\/vc_row]<\/p>\n","protected":false},"excerpt":{"rendered":"<p>[vc_row][vc_column css=&#8221;.vc_custom_1632562179539{margin-top: 20px !important;}&#8221;][\/vc_column][\/vc_row][vc_row][vc_column][vc_column_text] Informationen f\u00fcr Website-Besucher: [\/vc_column_text][vc_column_text] Website der Entwicklungsagentur West-Ma\u0142opolska S.A. erf\u00fcllt die technischen Richtlinien zur Barrierefreiheit. Nachfolgend finden Sie eine Liste der wichtigsten<\/p>\n","protected":false},"author":1,"featured_media":0,"parent":0,"menu_order":0,"comment_status":"closed","ping_status":"closed","template":"","meta":{"footnotes":""},"class_list":["post-495","page","type-page","status-publish","hentry"],"lang":"de","translations":{"de":495,"en":478,"pl":107,"es":530,"fr":671},"pll_sync_post":[],"_links":{"self":[{"href":"https:\/\/inwestujwmalopolsce.eu\/index.php?rest_route=\/wp\/v2\/pages\/495","targetHints":{"allow":["GET"]}}],"collection":[{"href":"https:\/\/inwestujwmalopolsce.eu\/index.php?rest_route=\/wp\/v2\/pages"}],"about":[{"href":"https:\/\/inwestujwmalopolsce.eu\/index.php?rest_route=\/wp\/v2\/types\/page"}],"author":[{"embeddable":true,"href":"https:\/\/inwestujwmalopolsce.eu\/index.php?rest_route=\/wp\/v2\/users\/1"}],"replies":[{"embeddable":true,"href":"https:\/\/inwestujwmalopolsce.eu\/index.php?rest_route=%2Fwp%2Fv2%2Fcomments&post=495"}],"version-history":[{"count":1,"href":"https:\/\/inwestujwmalopolsce.eu\/index.php?rest_route=\/wp\/v2\/pages\/495\/revisions"}],"predecessor-version":[{"id":496,"href":"https:\/\/inwestujwmalopolsce.eu\/index.php?rest_route=\/wp\/v2\/pages\/495\/revisions\/496"}],"wp:attachment":[{"href":"https:\/\/inwestujwmalopolsce.eu\/index.php?rest_route=%2Fwp%2Fv2%2Fmedia&parent=495"}],"curies":[{"name":"wp","href":"https:\/\/api.w.org\/{rel}","templated":true}]}}