{"id":521,"date":"2021-10-28T12:13:34","date_gmt":"2021-10-28T10:13:34","guid":{"rendered":"https:\/\/inwestujwmalopolsce.eu\/?page_id=521"},"modified":"2021-10-28T12:50:37","modified_gmt":"2021-10-28T10:50:37","slug":"inicio","status":"publish","type":"page","link":"https:\/\/inwestujwmalopolsce.eu\/?page_id=521&lang=es","title":{"rendered":"Inicio"},"content":{"rendered":"<p>[vc_row][vc_column css=&#8221;.vc_custom_1632560580933{margin-top: 20px !important;}&#8221;][\/vc_column][\/vc_row][vc_row][vc_column][vc_column_text]<\/p>\n<h4 style=\"text-align: center;\">El proyecto se lleva a cabo bajo el patrocinio del Mariscal del Voivodato de Polonia Menor, Witold Koz\u0142owski<\/h4>\n<p><img loading=\"lazy\" decoding=\"async\" class=\"size-full wp-image-426 aligncenter\" src=\"https:\/\/inwestujwmalopolsce.eu\/wp-content\/uploads\/2021\/10\/TVP3-logo-m.png\" alt=\"\" width=\"191\" height=\"81\" srcset=\"https:\/\/inwestujwmalopolsce.eu\/wp-content\/uploads\/2021\/10\/TVP3-logo-m.png 191w, https:\/\/inwestujwmalopolsce.eu\/wp-content\/uploads\/2021\/10\/TVP3-logo-m-50x21.png 50w, https:\/\/inwestujwmalopolsce.eu\/wp-content\/uploads\/2021\/10\/TVP3-logo-m-150x64.png 150w\" sizes=\"auto, (max-width:767px) 191px, 191px\" \/><\/p>\n<h4 style=\"text-align: center;\">Patrocinador: TVP Krak\u00f3w<\/h4>\n<p>[\/vc_column_text][\/vc_column][\/vc_row][vc_row][vc_column][vc_separator color=&#8221;sky&#8221; el_width=&#8221;90&#8243;][\/vc_column][\/vc_row][vc_row][vc_column][vc_row_inner][vc_column_inner width=&#8221;1\/4&#8243;][vc_single_image image=&#8221;399&#8243; alignment=&#8221;center&#8221; css=&#8221;.vc_custom_1633250495653{margin-bottom: -20px !important;}&#8221;][\/vc_column_inner][vc_column_inner width=&#8221;3\/4&#8243;][vc_column_text]<\/p>\n<p class=\"Tre\">La feria EXPO REAL de M\u00fanich es una feria internacional del sector inmobiliario y de la inversi\u00f3n. En la misi\u00f3n organizada por ARMZ S.A. participar\u00e1n representantes de 5 Unidades de Gobierno Local (TSU) de la regi\u00f3n de Polonia Menor, es decir, Chrzan\u00f3w, Trzebinia, Andrych\u00f3w, My\u015blenice y Babice. El objetivo de la misi\u00f3n ser\u00e1, en primer lugar, promover las zonas de inversi\u00f3n situadas en Polonia Menor, y facilitar a las unidades de gobierno local de Polonia Menor el establecimiento de contactos con posibles futuros inversores. Adem\u00e1s, el objetivo de la misi\u00f3n ser\u00e1n las actividades centradas en la promoci\u00f3n y construcci\u00f3n de una imagen positiva de Polonia Menor principalmente en el mercado alem\u00e1n, pero tambi\u00e9n, en general, a nivel internacional. Gracias a la organizaci\u00f3n de un viaje a Alemania, los representantes del gobierno local de Malopolska tendr\u00e1n la oportunidad de presentar la oferta de inversi\u00f3n de la regi\u00f3n y promover sus valores y su potencial. Los visitantes conocer\u00e1n los beneficios de invertir en la voivodato de Polonia Menor. La presencia en la feria permitir\u00e1 a los representantes de la regi\u00f3n de Polonia Menor establecer una cooperaci\u00f3n econ\u00f3mica con inversores internacionales de industrias clave: industria, turismo y nuevas tecnolog\u00edas.<\/p>\n<p>[\/vc_column_text][\/vc_column_inner][\/vc_row_inner][vc_column_text css=&#8221;.vc_custom_1635416004876{margin-top: -60px !important;}&#8221;]<\/p>\n<p class=\"Tre\">Nuestro programa incluye, entre otras cosas, organizaci\u00f3n de un seminario espec\u00edfico durante el cual se presentar\u00e1 la regi\u00f3n de Polonia Menor. La participaci\u00f3n en la feria ser\u00e1 tambi\u00e9n una oportunidad para presentar los logros de las instituciones individuales en el \u00e1mbito del apoyo a la iniciativa empresarial, con especial \u00e9nfasis en la preparaci\u00f3n de sitios de inversi\u00f3n, la oferta de instrumentos financieros reembolsables y las subvenciones.<\/p>\n<p class=\"Tre\">El viaje es tambi\u00e9n una oportunidad para intercambiar experiencias con otras instituciones de gobierno local de diferentes partes de Europa, para conocer a profesionales de diversos \u00e1mbitos, como inversores, especialistas en estrategias de desarrollo, otros funcionarios de gobiernos locales, miembros de asociaciones y ONG, para mantener muchas conversaciones oficiales y no oficiales, para inspirarse, incluso para introducir ideas innovadoras y tecnolog\u00edas modernas, para conocer los planes de desarrollo de otras unidades y gobiernos locales similares. Adem\u00e1s, la feria es una oportunidad para iniciar proyectos internacionales conjuntos.<\/p>\n<p>[\/vc_column_text][\/vc_column][\/vc_row][vc_row][vc_column][vc_separator color=&#8221;sky&#8221; el_width=&#8221;90&#8243;][\/vc_column][\/vc_row][vc_row][vc_column width=&#8221;1\/6&#8243;][vc_single_image image=&#8221;320&#8243; img_size=&#8221;full&#8221; alignment=&#8221;center&#8221;][vc_column_text css=&#8221;.vc_custom_1635418235194{margin-top: -30px !important;}&#8221;]<\/p>\n<h4 style=\"text-align: center;\">Polonia Menor<\/h4>\n<p>[\/vc_column_text][vc_btn title=&#8221;Czytaj wi\u0119cej&#8221; color=&#8221;sky&#8221; align=&#8221;center&#8221; link=&#8221;url:https%3A%2F%2Finwestujwmalopolsce.eu%2Ftereny%2Fmalopolska%2F|title:Ma%C5%82opolska&#8221; css=&#8221;.vc_custom_1632561697401{margin-top: -30px !important;}&#8221;][\/vc_column][vc_column width=&#8221;1\/6&#8243;][vc_single_image image=&#8221;245&#8243; img_size=&#8221;104&#215;123&#8243; alignment=&#8221;center&#8221;][vc_column_text css=&#8221;.vc_custom_1635418168817{margin-top: -55px !important;}&#8221;]<\/p>\n<h4 style=\"text-align: center;\">Comuna de Andrych\u00f3w<\/h4>\n<p>[\/vc_column_text][vc_btn title=&#8221;Czytaj wi\u0119cej&#8221; color=&#8221;sky&#8221; align=&#8221;center&#8221; link=&#8221;url:https%3A%2F%2Finwestujwmalopolsce.eu%2Ftereny%2Fgmina-andrychow%2F|title:Ma%C5%82opolska&#8221; css=&#8221;.vc_custom_1632561745530{margin-top: -30px !important;}&#8221;][\/vc_column][vc_column width=&#8221;1\/6&#8243;][vc_single_image image=&#8221;230&#8243; img_size=&#8221;101&#215;123&#8243; alignment=&#8221;center&#8221;][vc_column_text css=&#8221;.vc_custom_1635418205909{margin-top: -55px !important;}&#8221;]<\/p>\n<h4 style=\"text-align: center;\">Comuna de<br \/>\nBabice<\/h4>\n<p>[\/vc_column_text][vc_btn title=&#8221;Czytaj wi\u0119cej&#8221; color=&#8221;sky&#8221; align=&#8221;center&#8221; link=&#8221;url:https%3A%2F%2Finwestujwmalopolsce.eu%2Ftereny%2Fgmina-babice%2F|title:Ma%C5%82opolska&#8221; css=&#8221;.vc_custom_1632561818112{margin-top: -30px !important;}&#8221;][\/vc_column][vc_column width=&#8221;1\/6&#8243;][vc_single_image image=&#8221;291&#8243; img_size=&#8221;93&#215;123&#8243; alignment=&#8221;center&#8221;][vc_column_text css=&#8221;.vc_custom_1635418148501{margin-top: -55px !important;}&#8221;]<\/p>\n<h4 style=\"text-align: center;\">Comuna de Chrzan\u00f3w<\/h4>\n<p>[\/vc_column_text][vc_btn title=&#8221;Czytaj wi\u0119cej&#8221; color=&#8221;sky&#8221; align=&#8221;center&#8221; link=&#8221;url:https%3A%2F%2Finwestujwmalopolsce.eu%2Ftereny%2Fgmina-chrzanow%2F|title:Ma%C5%82opolska&#8221; css=&#8221;.vc_custom_1632561836040{margin-top: -30px !important;}&#8221;][\/vc_column][vc_column width=&#8221;1\/6&#8243;][vc_single_image image=&#8221;258&#8243; img_size=&#8221;112&#215;123&#8243; alignment=&#8221;center&#8221;][vc_column_text css=&#8221;.vc_custom_1635418140533{margin-top: -55px !important;}&#8221;]<\/p>\n<h4 style=\"text-align: center;\">Comuna de My\u015blenice<\/h4>\n<p>[\/vc_column_text][vc_btn title=&#8221;Czytaj wi\u0119cej&#8221; color=&#8221;sky&#8221; align=&#8221;center&#8221; link=&#8221;url:https%3A%2F%2Finwestujwmalopolsce.eu%2Ftereny%2Fgmina-myslenice%2F|title:Ma%C5%82opolska&#8221; css=&#8221;.vc_custom_1632561849708{margin-top: -30px !important;}&#8221;][\/vc_column][vc_column width=&#8221;1\/6&#8243;][vc_single_image image=&#8221;176&#8243; img_size=&#8221;101&#215;123&#8243; alignment=&#8221;center&#8221;][vc_column_text css=&#8221;.vc_custom_1635418211255{margin-top: -55px !important;}&#8221;]<\/p>\n<h4 style=\"text-align: center;\">Comuna de<br \/>\nTrzebinia<\/h4>\n<p>[\/vc_column_text][vc_btn title=&#8221;Czytaj wi\u0119cej&#8221; color=&#8221;sky&#8221; align=&#8221;center&#8221; link=&#8221;url:https%3A%2F%2Finwestujwmalopolsce.eu%2Ftereny%2Fgmina-trzebinia%2F|title:Ma%C5%82opolska&#8221; css=&#8221;.vc_custom_1632561863226{margin-top: -30px !important;}&#8221;][\/vc_column][\/vc_row]<\/p>\n","protected":false},"excerpt":{"rendered":"<p>[vc_row][vc_column css=&#8221;.vc_custom_1632560580933{margin-top: 20px !important;}&#8221;][\/vc_column][\/vc_row][vc_row][vc_column][vc_column_text] El proyecto se lleva a cabo bajo el patrocinio del Mariscal del Voivodato de Polonia Menor, Witold Koz\u0142owski Patrocinador: TVP Krak\u00f3w [\/vc_column_text][\/vc_column][\/vc_row][vc_row][vc_column][vc_separator<\/p>\n","protected":false},"author":1,"featured_media":0,"parent":0,"menu_order":0,"comment_status":"closed","ping_status":"closed","template":"","meta":{"footnotes":""},"class_list":["post-521","page","type-page","status-publish","hentry"],"lang":"es","translations":{"es":521,"en":470,"pl":81,"de":486,"fr":620},"pll_sync_post":[],"_links":{"self":[{"href":"https:\/\/inwestujwmalopolsce.eu\/index.php?rest_route=\/wp\/v2\/pages\/521","targetHints":{"allow":["GET"]}}],"collection":[{"href":"https:\/\/inwestujwmalopolsce.eu\/index.php?rest_route=\/wp\/v2\/pages"}],"about":[{"href":"https:\/\/inwestujwmalopolsce.eu\/index.php?rest_route=\/wp\/v2\/types\/page"}],"author":[{"embeddable":true,"href":"https:\/\/inwestujwmalopolsce.eu\/index.php?rest_route=\/wp\/v2\/users\/1"}],"replies":[{"embeddable":true,"href":"https:\/\/inwestujwmalopolsce.eu\/index.php?rest_route=%2Fwp%2Fv2%2Fcomments&post=521"}],"version-history":[{"count":5,"href":"https:\/\/inwestujwmalopolsce.eu\/index.php?rest_route=\/wp\/v2\/pages\/521\/revisions"}],"predecessor-version":[{"id":547,"href":"https:\/\/inwestujwmalopolsce.eu\/index.php?rest_route=\/wp\/v2\/pages\/521\/revisions\/547"}],"wp:attachment":[{"href":"https:\/\/inwestujwmalopolsce.eu\/index.php?rest_route=%2Fwp%2Fv2%2Fmedia&parent=521"}],"curies":[{"name":"wp","href":"https:\/\/api.w.org\/{rel}","templated":true}]}}