{"id":523,"date":"2021-10-28T12:17:00","date_gmt":"2021-10-28T10:17:00","guid":{"rendered":"https:\/\/inwestujwmalopolsce.eu\/?page_id=523"},"modified":"2021-10-28T12:53:54","modified_gmt":"2021-10-28T10:53:54","slug":"sobre-el-proyecto","status":"publish","type":"page","link":"https:\/\/inwestujwmalopolsce.eu\/?page_id=523&lang=es","title":{"rendered":"Sobre el proyecto"},"content":{"rendered":"<p>[vc_row][vc_column css=&#8221;.vc_custom_1633251494124{margin-top: 20px !important;}&#8221;][\/vc_column][\/vc_row][vc_row][vc_column][vc_single_image image=&#8221;416&#8243; img_size=&#8221;full&#8221; alignment=&#8221;center&#8221;][\/vc_column][\/vc_row][vc_row][vc_column][vc_column_text]<\/p>\n<h4 style=\"text-align: center;\">El proyecto se lleva a cabo bajo el patrocinio del Mariscal del Voivodato de Polonia Menor, Witold Koz\u0142owski<\/h4>\n<p><img loading=\"lazy\" decoding=\"async\" class=\"size-full wp-image-426 aligncenter\" src=\"https:\/\/inwestujwmalopolsce.eu\/wp-content\/uploads\/2021\/10\/TVP3-logo-m.png\" alt=\"\" width=\"191\" height=\"81\" srcset=\"https:\/\/inwestujwmalopolsce.eu\/wp-content\/uploads\/2021\/10\/TVP3-logo-m.png 191w, https:\/\/inwestujwmalopolsce.eu\/wp-content\/uploads\/2021\/10\/TVP3-logo-m-50x21.png 50w, https:\/\/inwestujwmalopolsce.eu\/wp-content\/uploads\/2021\/10\/TVP3-logo-m-150x64.png 150w\" sizes=\"auto, (max-width:767px) 191px, 191px\" \/><\/p>\n<h4 style=\"text-align: center;\">Patrocinador: TVP Krak\u00f3w<\/h4>\n<p>[\/vc_column_text][\/vc_column][\/vc_row][vc_row][vc_column][vc_column_text]<\/p>\n<p class=\"Tre\"><strong>Proyecto cofinanciado por el Fondo Europeo de Desarrollo Regional.<\/strong><\/p>\n<p class=\"Tre\">Los principales objetivos del proyecto son: el desarrollo econ\u00f3mico del voivodato y el apoyo a las PYME de Polonia Menor en su expansi\u00f3n hacia los mercados extranjeros.<\/p>\n<p class=\"Tre\">El primero de los objetivos indicados se alcanzar\u00e1 a trav\u00e9s de una serie de actividades realizadas en el marco del proyecto, entre las que cabe destacar las siguientes:<\/p>\n<ul style=\"text-align: justify;\">\n<li>participaci\u00f3n de 5 representantes de unidades del gobierno local en la feria econ\u00f3mica Expo Real 2021 en Munich<\/li>\n<li>lanzamiento de un sitio web con informaci\u00f3n sobre \u00e1reas de inversi\u00f3n ubicadas en la provincia Polonia Menor: el sitio web estar\u00e1 disponible en tres versiones ling\u00fc\u00edsticas<\/li>\n<li>Realizaci\u00f3n de una campa\u00f1a publicitaria en redes sociales, televisi\u00f3n y revistas comerciales.<\/li>\n<\/ul>\n<p>La realizaci\u00f3n de las actividades mencionadas permitir\u00e1 difundir la oferta de inversiones del voivodato de Polonia Menor tanto en el pa\u00eds como en el extranjero, y contribuir\u00e1 a la promoci\u00f3n de las \u00e1reas econ\u00f3micas de la regi\u00f3n en los mercados nacionales y extranjeros.<\/p>\n<p>El segundo objetivo se lograr\u00e1 mediante la participaci\u00f3n de los empresarios del sector de las PYME del voivodato de Polonia Menor en ferias comerciales internacionales como expositores\/participantes. La participaci\u00f3n en la feria ir\u00e1 precedida de la intervenci\u00f3n de los participantes en el proyecto en talleres culturales, formaci\u00f3n sobre exportaci\u00f3n, asesoramiento en el \u00e1mbito de la creaci\u00f3n de una estrategia de expansi\u00f3n, entre otros Adem\u00e1s, est\u00e1 previsto emparejar a los empresarios con representantes del sector cient\u00edfico, lo que permitir\u00e1 generar una serie de factores positivos derivados de dicha cooperaci\u00f3n, pero tambi\u00e9n reforzar la eficacia de la participaci\u00f3n de cada empresario en las misiones econ\u00f3micas organizadas.<\/p>\n<p>Como parte del proyecto, las empresas podr\u00e1n aumentar el n\u00famero de sus clientes extranjeros o empezar a exportar, conseguir nuevos pedidos, adquirir nuevos contactos comerciales, ganar experiencia mediante la participaci\u00f3n en ferias comerciales, aprender sobre las costumbres en los mercados asi\u00e1ticos y conocer la oferta de empresas con un perfil comercial similar en otros pa\u00edses.<\/p>\n<p>Para cada feria ofrecemos cubrir los gastos de viaje, las entradas a la feria, el espacio de exposici\u00f3n construido por profesionales, la oportunidad de promocionar su empresa en los eventos de la feria, los servicios de traducci\u00f3n, la organizaci\u00f3n de reuniones B2B con potenciales inversores.<\/p>\n<p>Todas las actividades se llevan a cabo como parte del proyecto. <strong>&#8222;<em>Implementaci\u00f3n de un proyecto integral que incluye el apoyo a la industria creativa de Polonia Menor y las TIC en los mercados internacionales, y apoyo a las unidades del gobierno local para atraer inversores.<\/em>&#8221; <\/strong>de los fondos del Programa Operativo Regional de la Regi\u00f3n de Polonia Menor 2014-2020, Eje prioritario 3 Polonia Menor empresarial, Medida 3.3 Internacionalizaci\u00f3n de la econom\u00eda de Polonia Menor, Submedida 3.3.1 Promoci\u00f3n econ\u00f3mica de Polonia Menor.<\/p>\n<p>Monto de la financiaci\u00f3n: <strong>5.629.016,85<\/strong> <strong>PLN<\/strong>.<\/p>\n<p style=\"text-align: justify;\">Fecha de la realizaci\u00f3n del proyecto: <strong>01\/01\/2021 &#8211; 31\/12\/2022<\/strong><\/p>\n<p>[\/vc_column_text][\/vc_column][\/vc_row][vc_row][vc_column width=&#8221;1\/3&#8243;][vc_column_text]<\/p>\n<p style=\"text-align: center;\"><strong>El l\u00edder del proyecto<\/strong><\/p>\n<p>[\/vc_column_text][vc_column_text]<\/p>\n<p style=\"text-align: center;\"><b>Agencia de Desarrollo de Polonia Menor Occidental<br \/>\n<\/b>32-500 Chrzan\u00f3w<br \/>\nul. Grunwaldzka 5<br \/>\ntel\u00e9fono: 0048 32 645-19-68<br \/>\ncorreo electr\u00f3nico: biuro@armz.pl<br \/>\n<a href=\"https:\/\/www.armz.pl\/\" target=\"_blank\" rel=\"noopener\">www.armz.pl<\/a><\/p>\n<p>[\/vc_column_text][\/vc_column][vc_column width=&#8221;2\/3&#8243;][vc_column_text]<\/p>\n<p style=\"text-align: center;\"><strong>Socio del proyecto<\/strong><\/p>\n<p>[\/vc_column_text][vc_row_inner][vc_column_inner width=&#8221;1\/2&#8243;][vc_column_text]<\/p>\n<p style=\"text-align: center;\"><b>Sociedad Educativa de Chrzan\u00f3w<\/b><br \/>\n32-500 Chrzan\u00f3w<br \/>\nul. Grunwaldzka 5<br \/>\ntel\u00e9fono: 0048 32 645-19-98<br \/>\ncorreo electr\u00f3nico: tozch@tozch.edu.pl<br \/>\n<a href=\"https:\/\/www.tozch.edu.pl\/\" target=\"_blank\" rel=\"noopener\">www.tozch.edu.pl<\/a><\/p>\n<p>[\/vc_column_text][\/vc_column_inner][vc_column_inner width=&#8221;1\/2&#8243;][vc_column_text]<\/p>\n<p style=\"text-align: center;\"><b>C\u00e1mara de Comercio de Chrzan\u00f3w<br \/>\n<\/b>32-500 Chrzan\u00f3w<br \/>\nul. Rynek 12<br \/>\ntel\u00e9fono: 0048 32 754-15-65<br \/>\ncorreo electr\u00f3nico: biuro@chrzanowskaizba.pl<br \/>\n<a href=\"https:\/\/www.chrzanowskaizba.pl\/\" target=\"new\" rel=\"noopener\">www.chrzanowskaizba.pl<\/a><\/p>\n<p>[\/vc_column_text][\/vc_column_inner][\/vc_row_inner][\/vc_column][\/vc_row]<\/p>\n","protected":false},"excerpt":{"rendered":"<p>[vc_row][vc_column css=&#8221;.vc_custom_1633251494124{margin-top: 20px !important;}&#8221;][\/vc_column][\/vc_row][vc_row][vc_column][vc_single_image image=&#8221;416&#8243; img_size=&#8221;full&#8221; alignment=&#8221;center&#8221;][\/vc_column][\/vc_row][vc_row][vc_column][vc_column_text] El proyecto se lleva a cabo bajo el patrocinio del Mariscal del Voivodato de Polonia Menor, Witold Koz\u0142owski Patrocinador:<\/p>\n","protected":false},"author":1,"featured_media":0,"parent":0,"menu_order":0,"comment_status":"closed","ping_status":"closed","template":"","meta":{"footnotes":""},"class_list":["post-523","page","type-page","status-publish","hentry"],"lang":"es","translations":{"es":523,"de":488,"pl":85,"en":507,"fr":635},"pll_sync_post":[],"_links":{"self":[{"href":"https:\/\/inwestujwmalopolsce.eu\/index.php?rest_route=\/wp\/v2\/pages\/523","targetHints":{"allow":["GET"]}}],"collection":[{"href":"https:\/\/inwestujwmalopolsce.eu\/index.php?rest_route=\/wp\/v2\/pages"}],"about":[{"href":"https:\/\/inwestujwmalopolsce.eu\/index.php?rest_route=\/wp\/v2\/types\/page"}],"author":[{"embeddable":true,"href":"https:\/\/inwestujwmalopolsce.eu\/index.php?rest_route=\/wp\/v2\/users\/1"}],"replies":[{"embeddable":true,"href":"https:\/\/inwestujwmalopolsce.eu\/index.php?rest_route=%2Fwp%2Fv2%2Fcomments&post=523"}],"version-history":[{"count":5,"href":"https:\/\/inwestujwmalopolsce.eu\/index.php?rest_route=\/wp\/v2\/pages\/523\/revisions"}],"predecessor-version":[{"id":550,"href":"https:\/\/inwestujwmalopolsce.eu\/index.php?rest_route=\/wp\/v2\/pages\/523\/revisions\/550"}],"wp:attachment":[{"href":"https:\/\/inwestujwmalopolsce.eu\/index.php?rest_route=%2Fwp%2Fv2%2Fmedia&parent=523"}],"curies":[{"name":"wp","href":"https:\/\/api.w.org\/{rel}","templated":true}]}}