{"id":526,"date":"2021-10-28T12:20:17","date_gmt":"2021-10-28T10:20:17","guid":{"rendered":"https:\/\/inwestujwmalopolsce.eu\/?page_id=526"},"modified":"2021-10-28T12:20:17","modified_gmt":"2021-10-28T10:20:17","slug":"sobre-nosotros","status":"publish","type":"page","link":"https:\/\/inwestujwmalopolsce.eu\/?page_id=526&lang=es","title":{"rendered":"Sobre nosotros"},"content":{"rendered":"<p>[vc_row][vc_column css=&#8221;.vc_custom_1632400790153{margin-top: 20px !important;}&#8221;][\/vc_column][\/vc_row][vc_row][vc_column width=&#8221;1\/4&#8243;][vc_single_image image=&#8221;140&#8243; img_size=&#8221;200&#215;120&#8243; alignment=&#8221;center&#8221;][\/vc_column][vc_column width=&#8221;3\/4&#8243;][vc_column_text]<strong>La misi\u00f3n de la Agencia de Desarrollo de Polonia Menor Occidental es fortalecer la regi\u00f3n como puente econ\u00f3mico entre Polonia Menor y Silesia, estableciendo y desarrollando la cooperaci\u00f3n con las autoridades locales y tomando medidas para apoyar el desarrollo de las empresas locales.<\/strong><\/p>\n<p>La Agencia de Desarrollo de Polonia Menor Occidental se cre\u00f3 el 16 de junio de 2004. (inscripci\u00f3n en el Registro Judicial Nacional con fecha 30 de diciembre de 2004 en el Tribunal Regional de Cracovia-\u015ar\u00f3dmie\u015bcie en Cracovia, 12\u00aa Divisi\u00f3n Econ\u00f3mica del Registro Judicial Nacional con el n\u00famero 0000225451) en forma de sociedad an\u00f3nima.<\/p>\n<p>El capital inicial ascendi\u00f3 a 500.000,00 PLN, los fundadores de ARMZ S.A. fueron: Po\u0142udniowy Koncern Energetyczny S.A. con domicilio social en Katowice, Rafineria Trzebinia S.A. con domicilio social en Trzebinia, Agencja Rozwoju Przemys\u0142u con domicilio social en Varsovia, Comuna de Trzebinia, Comuna de Chrzan\u00f3w, Comuna de Libi\u0105\u017c, Agencja Rozwoju Lokalnego S.A. con domicilio social en Jaworzno, ZGE &#8222;Janina&#8221; Sp. z o.o. con domicilio social en Libi\u0105\u017c.<\/p>\n<p>Actualmente, el capital es de 3.066.000,00 PLN y los accionistas son: Polonia Menor Agencja Rozwoju Regionalnego SA con sede en Cracovia,\u00a0 comunas de Chrzan\u00f3w, Trzebinia, Libi\u0105\u017c as\u00ed como G\u00f3rno\u015bl\u0105ska Agencja Przedsi\u0119biorczo\u015bci i Rozwoju sp. z o.o con sede en Gliwice.<\/p>\n<p>La persona legal autorizada para representar a la empresa es la presidenta del consejo de administraci\u00f3n, la Sra. Anna W\u0142oszek. La empresa es una instituci\u00f3n del entorno empresarial<\/p>\n<p>En marzo de 2008. La Agencia de Desarrollo del Oeste de Polonia Menor S.A. introdujo un Sistema de Gesti\u00f3n de la Calidad conforme a la norma ISO 9001:2008, y desde julio de 2008 ARMZ S.A. cuenta con la acreditaci\u00f3n del <a href=\"http:\/\/ksu.parp.gov.pl\/pl\">Sistema Nacional de Servicios<\/a> para las PYME.<\/p>\n<div class=\"vc_row wpb_row vc_row-fluid mpc-row\">\n<div class=\"wpb_column vc_column_container vc_col-sm-12 mpc-column\" data-column-id=\"mpc_column-36614c7689b28e1\">\n<div class=\"vc_column-inner\">\n<div class=\"wpb_wrapper\">\n<div class=\"wpb_text_column wpb_content_element \">\n<div class=\"wpb_wrapper\">\n<p style=\"text-align: justify;\"><a href=\"https:\/\/armz.pl\/?page_id=13\" target=\"_blank\" rel=\"noopener\">M\u00e1s sobre la Agencia de Desarrollo de Polonia Menor Occidental<\/a><\/p>\n<\/div>\n<\/div>\n<\/div>\n<\/div>\n<\/div>\n<\/div>\n<p>[\/vc_column_text][\/vc_column][\/vc_row][vc_row][vc_column][vc_separator color=&#8221;sky&#8221; el_width=&#8221;90&#8243;][\/vc_column][\/vc_row][vc_row][vc_column width=&#8221;1\/4&#8243;][vc_single_image image=&#8221;153&#8243; img_size=&#8221;200&#215;181&#8243; alignment=&#8221;center&#8221;][\/vc_column][vc_column width=&#8221;3\/4&#8243;][vc_column_text]<strong>Sociedad Educativa de Chrzan\u00f3w <\/strong>\u00a0establecida el 14 de junio de 1991,\u00a0 inscrita en el Registro Judicial Nacional con el n\u00famero: 0000006965, por el Tribunal de Distrito de Cracovia<\/p>\n<p><strong>La misi\u00f3n de la Sociedad Educativa de Chrzan\u00f3w<\/strong> es estimular el desarrollo socioecon\u00f3mico de Polonia, de Polonia Menor y del distrito de Chrzan\u00f3w a trav\u00e9s de actividades integrales y profesionales en beneficio de la econom\u00eda social, las comunidades locales y los recursos humanos.<\/p>\n<p>La Sociedad es un Centro de Apoyo a la Econom\u00eda Social en la voivod\u00eda de Polonia Menor, acreditado por el Ministro de Trabajo y Pol\u00edtica Social, sobre la base de la Resoluci\u00f3n n\u00ba 31 de 23 de octubre de 2015.<\/p>\n<p style=\"text-align: justify;\"><a href=\"http:\/\/tozch.edu.pl\/o-towarzystwie\/\" target=\"_blank\" rel=\"noopener noreferrer\">M\u00e1s sobre la Sociedad Educativa de Chrzan\u00f3w <\/a><\/p>\n<p>[\/vc_column_text][\/vc_column][\/vc_row][vc_row][vc_column][vc_separator color=&#8221;sky&#8221; el_width=&#8221;90&#8243;][\/vc_column][\/vc_row][vc_row][vc_column width=&#8221;1\/4&#8243;][vc_single_image image=&#8221;154&#8243; img_size=&#8221;200&#215;200&#8243; alignment=&#8221;center&#8221;][\/vc_column][vc_column width=&#8221;3\/4&#8243;][vc_column_text]<strong>C\u00e1mara de Comercio de Chrzan\u00f3w<\/strong>\u00a0se estableci\u00f3 en 2001 como la Asociaci\u00f3n de Empresarios Privados en Trzebinia y asocia entidades econ\u00f3micas de la regi\u00f3n del distrito de Chrzan\u00f3w.<\/p>\n<p>Desde su creaci\u00f3n, ha llevado a cabo acciones para desarrollar el esp\u00edritu empresarial en diversas formas de organizaci\u00f3n, ha recogido y difundido informaci\u00f3n sobre el establecimiento de contactos empresariales, y ha prestado asistencia a las empresas para la resoluci\u00f3n de problemas. Todas las actividades emprendidas por la C\u00e1mara de Comercio de Chrzan\u00f3w tienen como objetivo el apoyo y la promoci\u00f3n de las empresas asociadas. Adem\u00e1s, en muchos de nuestros proyectos participan tambi\u00e9n empresas no asociadas, instituciones, organizaciones, etc.<\/p>\n<p style=\"text-align: justify;\"><a href=\"http:\/\/www.chrzanowskaizba.pl\/o-nas.html\" target=\"_blank\" rel=\"noopener noreferrer\">M\u00e1s sobre la C\u00e1mara de Comercio de Chrzan\u00f3w<\/a><\/p>\n<p>[\/vc_column_text][\/vc_column][\/vc_row]<\/p>\n","protected":false},"excerpt":{"rendered":"<p>[vc_row][vc_column css=&#8221;.vc_custom_1632400790153{margin-top: 20px !important;}&#8221;][\/vc_column][\/vc_row][vc_row][vc_column width=&#8221;1\/4&#8243;][vc_single_image image=&#8221;140&#8243; img_size=&#8221;200&#215;120&#8243; alignment=&#8221;center&#8221;][\/vc_column][vc_column width=&#8221;3\/4&#8243;][vc_column_text]La misi\u00f3n de la Agencia de Desarrollo de Polonia Menor Occidental es fortalecer la regi\u00f3n como puente econ\u00f3mico<\/p>\n","protected":false},"author":1,"featured_media":0,"parent":0,"menu_order":0,"comment_status":"closed","ping_status":"closed","template":"","meta":{"footnotes":""},"class_list":["post-526","page","type-page","status-publish","hentry"],"lang":"es","translations":{"es":526,"en":472,"pl":83,"de":491,"fr":640},"pll_sync_post":[],"_links":{"self":[{"href":"https:\/\/inwestujwmalopolsce.eu\/index.php?rest_route=\/wp\/v2\/pages\/526","targetHints":{"allow":["GET"]}}],"collection":[{"href":"https:\/\/inwestujwmalopolsce.eu\/index.php?rest_route=\/wp\/v2\/pages"}],"about":[{"href":"https:\/\/inwestujwmalopolsce.eu\/index.php?rest_route=\/wp\/v2\/types\/page"}],"author":[{"embeddable":true,"href":"https:\/\/inwestujwmalopolsce.eu\/index.php?rest_route=\/wp\/v2\/users\/1"}],"replies":[{"embeddable":true,"href":"https:\/\/inwestujwmalopolsce.eu\/index.php?rest_route=%2Fwp%2Fv2%2Fcomments&post=526"}],"version-history":[{"count":1,"href":"https:\/\/inwestujwmalopolsce.eu\/index.php?rest_route=\/wp\/v2\/pages\/526\/revisions"}],"predecessor-version":[{"id":527,"href":"https:\/\/inwestujwmalopolsce.eu\/index.php?rest_route=\/wp\/v2\/pages\/526\/revisions\/527"}],"wp:attachment":[{"href":"https:\/\/inwestujwmalopolsce.eu\/index.php?rest_route=%2Fwp%2Fv2%2Fmedia&parent=526"}],"curies":[{"name":"wp","href":"https:\/\/api.w.org\/{rel}","templated":true}]}}