{"id":528,"date":"2021-10-28T12:22:02","date_gmt":"2021-10-28T10:22:02","guid":{"rendered":"https:\/\/inwestujwmalopolsce.eu\/?page_id=528"},"modified":"2021-10-28T12:22:02","modified_gmt":"2021-10-28T10:22:02","slug":"normas-nacionales","status":"publish","type":"page","link":"https:\/\/inwestujwmalopolsce.eu\/?page_id=528&lang=es","title":{"rendered":"Normas nacionales"},"content":{"rendered":"<p>[vc_row][vc_column css=&#8221;.vc_custom_1632562118647{margin-top: 20px !important;}&#8221;][\/vc_column][\/vc_row][vc_row][vc_column width=&#8221;1\/4&#8243;][vc_single_image image=&#8221;410&#8243; img_size=&#8221;medium&#8221; alignment=&#8221;center&#8221; css=&#8221;.vc_custom_1633250994317{margin-bottom: -20px !important;}&#8221;][\/vc_column][vc_column width=&#8221;3\/4&#8243;][vc_column_text]<\/p>\n<h4 style=\"text-align: center;\">\u00bfPor qu\u00e9 Polonia?<\/h4>\n<p>Polonia tiene una econom\u00eda estable con una posici\u00f3n macroecon\u00f3mica consolidada. Las condiciones \u00fanicas para abrir y gestionar un negocio est\u00e1n respaldadas por una resiliencia repetidamente demostrada ante las crisis econ\u00f3micas.<\/p>\n<p>Un gran mercado interior de m\u00e1s de 38 millones de consumidores en Polonia, y un f\u00e1cil acceso al mercado de la Uni\u00f3n Europea de 500 millones de consumidores, as\u00ed como a los pa\u00edses de Europa del Este. Todo esto crea un entorno favorable en el que han confiado miles de inversores.<\/p>\n<p>Polonia es<strong> el l\u00edder en la regi\u00f3n de Europa central y oriental<\/strong> en t\u00e9rminos de n\u00famero de inversiones greenfield, y en Europa ocupa el tercer lugar. El valor de las inversiones en Polonia se estima en 21,8 mil millones USD. Adem\u00e1s, gracias a una econom\u00eda estable y a la resistencia a la crisis, la pandemia de coronavirus no ha podido frenar las tendencias positivas de inversi\u00f3n en el pa\u00eds. En los cuatro primeros meses de 2020 se realizaron 165 nuevas inversiones en Polonia, un 15% m\u00e1s que en el mismo periodo del a\u00f1o anterior. Adem\u00e1s, es poco probable que la pandemia tenga un impacto importante en las futuras inversiones en Polonia, como confirman las previsiones de Ernst &amp; Young Global Limited. Prev\u00e9n una tasa de \u00e9xito de la inversi\u00f3n del <strong>80%<\/strong> en Polonia, frente al 65% en Europa.<\/p>\n<p>M\u00e1s informaci\u00f3n sobre inversiones en Polonia en el sitio web de la Agencia Polaca de Inversiones y Comercio: <a href=\"https:\/\/www.paih.gov.pl\/\" target=\"_blank\" rel=\"noopener\">https:\/\/www.paih.gov.pl\/<\/a><\/p>\n<p>Fuente: <a href=\"https:\/\/www.paih.gov.pl\/polska_w_liczbach\/potencjal_inwestycyjny\" target=\"_blank\" rel=\"noopener\">https:\/\/www.paih.gov.pl\/polska_w_liczbach\/potencjal_inwestycyjny<\/a>[\/vc_column_text][\/vc_column][\/vc_row]<\/p>\n","protected":false},"excerpt":{"rendered":"<p>[vc_row][vc_column css=&#8221;.vc_custom_1632562118647{margin-top: 20px !important;}&#8221;][\/vc_column][\/vc_row][vc_row][vc_column width=&#8221;1\/4&#8243;][vc_single_image image=&#8221;410&#8243; img_size=&#8221;medium&#8221; alignment=&#8221;center&#8221; css=&#8221;.vc_custom_1633250994317{margin-bottom: -20px !important;}&#8221;][\/vc_column][vc_column width=&#8221;3\/4&#8243;][vc_column_text] \u00bfPor qu\u00e9 Polonia? Polonia tiene una econom\u00eda estable con una posici\u00f3n macroecon\u00f3mica consolidada. Las<\/p>\n","protected":false},"author":1,"featured_media":0,"parent":0,"menu_order":0,"comment_status":"closed","ping_status":"closed","template":"","meta":{"footnotes":""},"class_list":["post-528","page","type-page","status-publish","hentry"],"lang":"es","translations":{"es":528,"en":474,"pl":101,"de":493,"fr":665},"pll_sync_post":[],"_links":{"self":[{"href":"https:\/\/inwestujwmalopolsce.eu\/index.php?rest_route=\/wp\/v2\/pages\/528","targetHints":{"allow":["GET"]}}],"collection":[{"href":"https:\/\/inwestujwmalopolsce.eu\/index.php?rest_route=\/wp\/v2\/pages"}],"about":[{"href":"https:\/\/inwestujwmalopolsce.eu\/index.php?rest_route=\/wp\/v2\/types\/page"}],"author":[{"embeddable":true,"href":"https:\/\/inwestujwmalopolsce.eu\/index.php?rest_route=\/wp\/v2\/users\/1"}],"replies":[{"embeddable":true,"href":"https:\/\/inwestujwmalopolsce.eu\/index.php?rest_route=%2Fwp%2Fv2%2Fcomments&post=528"}],"version-history":[{"count":1,"href":"https:\/\/inwestujwmalopolsce.eu\/index.php?rest_route=\/wp\/v2\/pages\/528\/revisions"}],"predecessor-version":[{"id":529,"href":"https:\/\/inwestujwmalopolsce.eu\/index.php?rest_route=\/wp\/v2\/pages\/528\/revisions\/529"}],"wp:attachment":[{"href":"https:\/\/inwestujwmalopolsce.eu\/index.php?rest_route=%2Fwp%2Fv2%2Fmedia&parent=528"}],"curies":[{"name":"wp","href":"https:\/\/api.w.org\/{rel}","templated":true}]}}