{"id":530,"date":"2021-10-28T12:30:41","date_gmt":"2021-10-28T10:30:41","guid":{"rendered":"https:\/\/inwestujwmalopolsce.eu\/?page_id=530"},"modified":"2021-10-28T12:30:41","modified_gmt":"2021-10-28T10:30:41","slug":"para-discapacitados","status":"publish","type":"page","link":"https:\/\/inwestujwmalopolsce.eu\/?page_id=530&lang=es","title":{"rendered":"Para discapacitados"},"content":{"rendered":"<p>[vc_row][vc_column css=&#8221;.vc_custom_1632562179539{margin-top: 20px !important;}&#8221;][\/vc_column][\/vc_row][vc_row][vc_column][vc_column_text]<\/p>\n<h4 style=\"text-align: center;\"><strong data-uw-styling-context=\"true\">Informaci\u00f3n para los visitantes del sitio web:<\/strong><\/h4>\n<p>[\/vc_column_text][vc_column_text]El sitio web de la Agencia de Desarrollo de Polonia Menor Occidental cumple las directrices t\u00e9cnicas relacionadas con la accesibilidad. A continuaci\u00f3n se muestra una lista de las mejores pr\u00e1cticas utilizadas.<\/p>\n<p>Las mejores pr\u00e1cticas<\/p>\n<ol>\n<li>Los usuarios que s\u00f3lo utilicen el teclado pueden navegar por el sitio con el teclado Tab o las flechas. El elemento activo debe estar claramente marcado y moverse por la p\u00e1gina en una secuencia l\u00f3gica. Esto hace que el sitio sea f\u00e1cil de usar, por ejemplo, para las personas con problemas de movilidad o de visi\u00f3n.<\/li>\n<li>La navegaci\u00f3n (men\u00fa) debe ser coherente, l\u00f3gica e invariable dentro del sitio web.<\/li>\n<li>Los nombres de todos los enlaces deben ser claros y comprensibles, incluso fuera de contexto.<\/li>\n<li>Los textos publicados en el sitio web deben prepararse de manera legible. Los textos deben redactarse justificados.<\/li>\n<li>Los formularios disponibles en el servicio tienen etiquetas asignadas a los campos apropiados, que expliquen la funci\u00f3n del campo y el tipo de datos que el usuario debe introducir. Los formularios deben tener etiquetas asignadas a los campos correspondientes, que expliquen la funci\u00f3n del campo y el tipo de datos que el usuario puede ingresar.<\/li>\n<li>El sitio web recomienda el uso de enlaces de anclaje es decir, una opci\u00f3n de ir directamente a la parte pertinente de la p\u00e1gina. Esto es especialmente importante para las personas ciegas y las personas que solo utilices el teclado.<\/li>\n<li>Todas las p\u00e1ginas publicadas en el sitio deben tener t\u00edtulos \u00fanicos que proporcionen informaci\u00f3n sobre el contenido de la subp\u00e1gina en la que se encuentra el usuario.<\/li>\n<li>El contraste del texto con el fondo debe ser de al menos 4,5 a 1 y preferiblemente no menos de 7 a 1. Como resultado, toda la informaci\u00f3n publicada en el sitio web tambi\u00e9n debe ser legible para personas con discapacidad visual.<\/li>\n<li>Los editores del sitio garantizan que el contenido sea claro y est\u00e9 formateado de acuerdo con las directrices para mejorar la accesibilidad.<\/li>\n<li>Las im\u00e1genes y los gr\u00e1ficos deben tener descripciones para que su contenido sea accesible a los invidentes.<\/li>\n<li>Al desactivar el CSS, el sitio web debe seguir siendo accesible y legible.<\/li>\n<\/ol>\n<p>[\/vc_column_text][vc_column_text]<\/p>\n<h4 style=\"text-align: center;\"><strong data-uw-styling-context=\"true\">Informaci\u00f3n adicional:<\/strong><\/h4>\n<p>[\/vc_column_text][vc_column_text]<\/p>\n<ol>\n<li>Se ha a\u00f1adido un script al sitio web para que las personas con discapacidad puedan navegar m\u00e1s f\u00e1cilmente.<\/li>\n<li>Este script est\u00e1 en polaco, lo que lo hace f\u00e1cil de usar para personas que no conocen un idioma extranjero.<\/li>\n<li data-uw-styling-context=\"true\">El icono <img loading=\"lazy\" decoding=\"async\" class=\"alignnone size-full wp-image-336\" src=\"https:\/\/inwestujwmalopolsce.eu\/wp-content\/uploads\/2021\/09\/01.png\" alt=\"\" width=\"75\" height=\"75\" srcset=\"https:\/\/inwestujwmalopolsce.eu\/wp-content\/uploads\/2021\/09\/01.png 75w, https:\/\/inwestujwmalopolsce.eu\/wp-content\/uploads\/2021\/09\/01-50x50.png 50w\" sizes=\"auto, (max-width:767px) 75px, 75px\" \/> del script se encuentra en el lado derecho de la ventana del navegador.<\/li>\n<li>Despu\u00e9s de hacer clic en el icono de script o presionar una combinaci\u00f3n en el teclado CRTL + U, se activar\u00e1 la siguiente ventana:<\/li>\n<\/ol>\n<p>[\/vc_column_text][vc_single_image image=&#8221;342&#8243; img_size=&#8221;500&#215;245&#8243; alignment=&#8221;center&#8221; onclick=&#8221;link_image&#8221;][vc_column_text]<\/p>\n<h4 style=\"text-align: center;\"><strong data-uw-styling-context=\"true\">Funciones de script:<\/strong><\/h4>\n<h5 style=\"text-align: center;\"><strong data-uw-styling-context=\"true\">Funci\u00f3n: Contraste (4 grados):<\/strong><\/h5>\n<p>[\/vc_column_text][vc_column_text]<\/p>\n<p style=\"text-align: center;\">Invertir colores:<\/p>\n<p>[\/vc_column_text][vc_single_image image=&#8221;343&#8243; img_size=&#8221;500&#215;245&#8243; alignment=&#8221;center&#8221; onclick=&#8221;link_image&#8221;][vc_column_text]<\/p>\n<p style=\"text-align: center;\">Contraste oscuro:<\/p>\n<p>[\/vc_column_text][vc_single_image image=&#8221;344&#8243; img_size=&#8221;500&#215;245&#8243; alignment=&#8221;center&#8221; onclick=&#8221;link_image&#8221;][vc_column_text]<\/p>\n<p style=\"text-align: center;\">Contraste claro:<\/p>\n<p>[\/vc_column_text][vc_single_image image=&#8221;345&#8243; img_size=&#8221;500&#215;245&#8243; alignment=&#8221;center&#8221; onclick=&#8221;link_image&#8221;][vc_column_text]<\/p>\n<p style=\"text-align: center;\">Sin colores:<\/p>\n<p>[\/vc_column_text][vc_single_image image=&#8221;346&#8243; img_size=&#8221;500&#215;245&#8243; alignment=&#8221;center&#8221; onclick=&#8221;link_image&#8221;][vc_column_text]<\/p>\n<h5 style=\"text-align: center;\"><strong data-uw-styling-context=\"true\">Funci\u00f3n: Retroiluminaci\u00f3n de enlaces<\/strong><\/h5>\n<p>[\/vc_column_text][vc_single_image image=&#8221;347&#8243; img_size=&#8221;500&#215;245&#8243; alignment=&#8221;center&#8221; onclick=&#8221;link_image&#8221;][vc_column_text]<\/p>\n<h5 style=\"text-align: center;\"><strong data-uw-styling-context=\"true\">Funci\u00f3n: Texto grande (4 grados)<\/strong><\/h5>\n<p style=\"text-align: center;\">Primer grado<\/p>\n<p>[\/vc_column_text][vc_single_image image=&#8221;348&#8243; img_size=&#8221;500&#215;245&#8243; alignment=&#8221;center&#8221; onclick=&#8221;link_image&#8221;][vc_column_text]<\/p>\n<p style=\"text-align: center;\">Segundo grado<\/p>\n<p>[\/vc_column_text][vc_single_image image=&#8221;349&#8243; img_size=&#8221;500&#215;245&#8243; alignment=&#8221;center&#8221; onclick=&#8221;link_image&#8221;][vc_column_text]<\/p>\n<p style=\"text-align: center;\">Tercer grado<\/p>\n<p>[\/vc_column_text][vc_single_image image=&#8221;350&#8243; img_size=&#8221;500&#215;245&#8243; alignment=&#8221;center&#8221; onclick=&#8221;link_image&#8221;][vc_column_text]<\/p>\n<p style=\"text-align: center;\">Cuarto grado<\/p>\n<p>[\/vc_column_text][vc_single_image image=&#8221;351&#8243; img_size=&#8221;500&#215;245&#8243; alignment=&#8221;center&#8221; onclick=&#8221;link_image&#8221;][vc_column_text]<\/p>\n<h5 style=\"text-align: center;\"><strong data-uw-styling-context=\"true\">Funci\u00f3n: espacio entre texto (3 grados)<\/strong><\/h5>\n<p style=\"text-align: center;\">Primer grado<\/p>\n<p>[\/vc_column_text][vc_single_image image=&#8221;352&#8243; img_size=&#8221;500&#215;245&#8243; alignment=&#8221;center&#8221; onclick=&#8221;link_image&#8221;][vc_column_text]<\/p>\n<p style=\"text-align: center;\">Segundo grado<\/p>\n<p>[\/vc_column_text][vc_single_image image=&#8221;353&#8243; img_size=&#8221;500&#215;245&#8243; alignment=&#8221;center&#8221; onclick=&#8221;link_image&#8221;][vc_column_text]<\/p>\n<p style=\"text-align: center;\">Tercer grado<\/p>\n<p>[\/vc_column_text][vc_single_image image=&#8221;354&#8243; img_size=&#8221;500&#215;245&#8243; alignment=&#8221;center&#8221; onclick=&#8221;link_image&#8221;][vc_column_text]<\/p>\n<h5 style=\"text-align: center;\"><strong data-uw-styling-context=\"true\">Funci\u00f3n: amigable para disl\u00e9xicos (2 grados)<\/strong><\/h5>\n<p style=\"text-align: center;\">Amigable para disl\u00e9xicos:<\/p>\n<p>[\/vc_column_text][vc_single_image image=&#8221;355&#8243; img_size=&#8221;500&#215;245&#8243; alignment=&#8221;center&#8221; onclick=&#8221;link_image&#8221;][vc_column_text]<\/p>\n<p style=\"text-align: center;\">Fuentes legibles:<\/p>\n<p>[\/vc_column_text][vc_single_image image=&#8221;356&#8243; img_size=&#8221;500&#215;245&#8243; alignment=&#8221;center&#8221; onclick=&#8221;link_image&#8221;][vc_column_text]<\/p>\n<h5 style=\"text-align: center;\"><strong data-uw-styling-context=\"true\">Funci\u00f3n: amigable para disl\u00e9xicos (2 grados)<\/strong><\/h5>\n<p style=\"text-align: center;\">Cursor grande:<\/p>\n<p>[\/vc_column_text][vc_single_image image=&#8221;357&#8243; img_size=&#8221;500&#215;245&#8243; alignment=&#8221;center&#8221; onclick=&#8221;link_image&#8221;][vc_column_text]<\/p>\n<p style=\"text-align: center;\">M\u00e1scara de lectura:<\/p>\n<p>[\/vc_column_text][vc_single_image image=&#8221;358&#8243; img_size=&#8221;500&#215;245&#8243; alignment=&#8221;center&#8221; onclick=&#8221;link_image&#8221;][vc_column_text]<\/p>\n<p style=\"text-align: center;\">Gu\u00eda de lectura:<\/p>\n<p>[\/vc_column_text][vc_single_image image=&#8221;359&#8243; img_size=&#8221;500&#215;245&#8243; alignment=&#8221;center&#8221; onclick=&#8221;link_image&#8221;][vc_column_text]<\/p>\n<h5 style=\"text-align: center;\"><strong data-uw-styling-context=\"true\">Caracter\u00edstica: Altura de la l\u00ednea (3 grados)<\/strong><\/h5>\n<p style=\"text-align: center;\">1,5<\/p>\n<p>[\/vc_column_text][vc_single_image image=&#8221;360&#8243; img_size=&#8221;500&#215;245&#8243; alignment=&#8221;center&#8221; onclick=&#8221;link_image&#8221;][vc_column_text]<\/p>\n<p style=\"text-align: center;\">1,75<\/p>\n<p>[\/vc_column_text][vc_single_image image=&#8221;361&#8243; img_size=&#8221;500&#215;245&#8243; alignment=&#8221;center&#8221; onclick=&#8221;link_image&#8221;][vc_column_text]<\/p>\n<p style=\"text-align: center;\">2<\/p>\n<p>[\/vc_column_text][vc_single_image image=&#8221;362&#8243; img_size=&#8221;500&#215;245&#8243; alignment=&#8221;center&#8221; onclick=&#8221;link_image&#8221;][\/vc_column][\/vc_row]<\/p>\n","protected":false},"excerpt":{"rendered":"<p>[vc_row][vc_column css=&#8221;.vc_custom_1632562179539{margin-top: 20px !important;}&#8221;][\/vc_column][\/vc_row][vc_row][vc_column][vc_column_text] Informaci\u00f3n para los visitantes del sitio web: [\/vc_column_text][vc_column_text]El sitio web de la Agencia de Desarrollo de Polonia Menor Occidental cumple las directrices<\/p>\n","protected":false},"author":1,"featured_media":0,"parent":0,"menu_order":0,"comment_status":"closed","ping_status":"closed","template":"","meta":{"footnotes":""},"class_list":["post-530","page","type-page","status-publish","hentry"],"lang":"es","translations":{"es":530,"en":478,"pl":107,"de":495,"fr":671},"pll_sync_post":[],"_links":{"self":[{"href":"https:\/\/inwestujwmalopolsce.eu\/index.php?rest_route=\/wp\/v2\/pages\/530","targetHints":{"allow":["GET"]}}],"collection":[{"href":"https:\/\/inwestujwmalopolsce.eu\/index.php?rest_route=\/wp\/v2\/pages"}],"about":[{"href":"https:\/\/inwestujwmalopolsce.eu\/index.php?rest_route=\/wp\/v2\/types\/page"}],"author":[{"embeddable":true,"href":"https:\/\/inwestujwmalopolsce.eu\/index.php?rest_route=\/wp\/v2\/users\/1"}],"replies":[{"embeddable":true,"href":"https:\/\/inwestujwmalopolsce.eu\/index.php?rest_route=%2Fwp%2Fv2%2Fcomments&post=530"}],"version-history":[{"count":1,"href":"https:\/\/inwestujwmalopolsce.eu\/index.php?rest_route=\/wp\/v2\/pages\/530\/revisions"}],"predecessor-version":[{"id":531,"href":"https:\/\/inwestujwmalopolsce.eu\/index.php?rest_route=\/wp\/v2\/pages\/530\/revisions\/531"}],"wp:attachment":[{"href":"https:\/\/inwestujwmalopolsce.eu\/index.php?rest_route=%2Fwp%2Fv2%2Fmedia&parent=530"}],"curies":[{"name":"wp","href":"https:\/\/api.w.org\/{rel}","templated":true}]}}