{"id":554,"date":"2021-10-28T13:04:13","date_gmt":"2021-10-28T11:04:13","guid":{"rendered":"https:\/\/inwestujwmalopolsce.eu\/?page_id=554"},"modified":"2021-10-28T13:39:20","modified_gmt":"2021-10-28T11:39:20","slug":"comuna-de-babice","status":"publish","type":"page","link":"https:\/\/inwestujwmalopolsce.eu\/?page_id=554&lang=es","title":{"rendered":"Comuna de Babice"},"content":{"rendered":"<p>[vc_row][vc_column css=&#8221;.vc_custom_1632478892604{margin-top: 20px !important;}&#8221;][\/vc_column][\/vc_row][vc_row][vc_column width=&#8221;1\/4&#8243;][vc_single_image image=&#8221;230&#8243; img_size=&#8221;165&#215;200&#8243; alignment=&#8221;center&#8221;][\/vc_column][vc_column width=&#8221;3\/4&#8243;][vc_column_text]<\/p>\n<h4 style=\"text-align: center;\"><strong>Comuna de Babice<\/strong><\/h4>\n<p style=\"text-align: center;\">32-551 Babice<br \/>\nul. Krakowska 56<br \/>\n<a href=\"https:\/\/babice.pl\/\" target=\"_blank\" rel=\"noopener\">www.babice.pl<\/a><br \/>\ntel\u00e9fono: 0048 (32) 613-40-13<br \/>\nfax: 0048 (32) 613-40-02<br \/>\ncorreo electr\u00f3nico: poczta@babice.pl<\/p>\n<p>[\/vc_column_text][\/vc_column][\/vc_row][vc_row][vc_column css=&#8221;.vc_custom_1632479144161{margin-top: -50px !important;margin-bottom: -50px !important;}&#8221;][vc_separator color=&#8221;sky&#8221; el_width=&#8221;90&#8243;][\/vc_column][\/vc_row][vc_row][vc_column][vc_column_text]DATOS DE CONTACTO DE PERSONAS DEL SERVICIO AL INVERSOR:<\/p>\n<p><strong>Natalia Motyl &#8211; <\/strong>Responsable del Departamento de Ordenaci\u00f3n del Territorio y Gesti\u00f3n Inmobiliaria<\/p>\n<p>Krakowska 56, 32-551 Babice, tel\u00e9fono: 0048 32 613 40 13 ext. 52<\/p>\n<p>Correo electr\u00f3nico: <a href=\"mailto:motyl@babice.pl\">motyl@babice.pl<\/a>[\/vc_column_text][\/vc_column][\/vc_row][vc_row][vc_column][vc_separator color=&#8221;sky&#8221; el_width=&#8221;90&#8243;][\/vc_column][\/vc_row][vc_row][vc_column][vc_column_text]<strong>INVIERTE EN BABICE:<\/strong><\/p>\n<p><strong>COMUNA DE BABICE<\/strong>\u00a0se encuentra en la parte noroeste del Voivodato de Polonia Menor, en el distrito de Chrzan\u00f3w, en el l\u00edmite de la parte sur de la cordillera Tenczy\u0144ski y el valle del V\u00edstula. Cubre un \u00e1rea de 54,4 km<sup>2<\/sup>. En 2020 contaba con 8909 habitantes<strong>.<\/strong>\u00a0Es una comuna rural formada por siete pueblos: Babice, Jankowice, M\u0119tk\u00f3w, Olszyny, Rozkoch\u00f3w, Wygie\u0142z\u00f3w y Zag\u00f3rze, donde hay muchos lugares atractivos y singulares que merecen ser visitados. Como la m\u00e1s verde e id\u00edlica de las comunas del distrito de Chrzan\u00f3w, Babice es su centro tur\u00edstico natural. Seduce a los turistas por su naturaleza intacta, sus hermosas vistas y sus monumentos de arquitectura defensiva, sacral y rural. Adem\u00e1s, las zonas atractivas para el desarrollo de viviendas y las excelentes instalaciones educativas y sociales alejadas del bullicio de la ciudad crean un clima ideal para establecerse y vivir tranquilamente. Las atracciones tur\u00edsticas m\u00e1s reconocibles son el castillo de Lipowiec del siglo XIII, el museo al aire libre en Wygie\u0142z\u00f3w, as\u00ed como las rutas en bicicleta que recorren los pintorescos paisajes de la comuna. Una de ellas es la famosa Ruta del r\u00edo V\u00edstula.[\/vc_column_text][\/vc_column][\/vc_row][vc_row][vc_column][vc_separator color=&#8221;sky&#8221; el_width=&#8221;90&#8243;][\/vc_column][\/vc_row][vc_row][vc_column][vc_column_text]<\/p>\n<p class=\"P68B1DB1-Normalny1\" style=\"margin-bottom: 0cm; text-align: justify; line-height: normal; background: white; vertical-align: baseline;\"><strong>ZONA ECON\u00d3MICA DE BABICE:<\/strong><\/p>\n<p class=\"P68B1DB1-Normalny3\" style=\"text-align: justify; line-height: normal; background: white; vertical-align: baseline;\">La comuna tiene a su disposici\u00f3n \u00e1reas de inversi\u00f3n con un \u00e1rea total de m\u00e1s de 57 ha, ubicadas en un lugar atractivo, o sea en las inmediaciones de la circunvalaci\u00f3n de Babice y Wygie\u0142z\u00f3w. Estas \u00e1reas, de acuerdo con el plan de desarrollo espacial local, fueron destinadas a fines de producci\u00f3n y servicio. Estas parcelas, de acuerdo con el Reglamento del Consejo de Ministros, fueron incluidas en la Zona Econ\u00f3mica Especial, gracias a lo cual los empresarios podr\u00e1n beneficiarse de la exenci\u00f3n de impuestos durante 15 a\u00f1os. La comuna de Babice lleva, desde el a\u00f1o 2020, tomando medidas intensivas para preparar las zonas de inversi\u00f3n y atraer de esta forma nuevas empresas. Con el fin de aumentar el atractivo del terreno para los posibles inversores, se construyeron infraestructuras de agua y alcantarillado y se tomaron medidas para construir carreteras internas, una red de drenaje de aguas pluviales y alumbrado p\u00fablico.<\/p>\n<p>[\/vc_column_text][vc_column_text]<strong>Las ventajas de la comuna, o por qu\u00e9 vale la pena invertir en Babice:<\/strong><\/p>\n<p><strong>Ubicaci\u00f3n ideal<\/strong><\/p>\n<p>La comuna de Babice se encuentra en la parte noroeste de la provincia de Polonia Menor, en el distrito de Chrzan\u00f3w.<br \/>\nEst\u00e1 casi exactamente entre Cracovia (aprox. 38 km) y Katowice (aprox. 40 km), y tambi\u00e9n cerca de O\u015bwi\u0119cim (aprox. 22 km) Adem\u00e1s, la comuna cuenta con buenas conexiones de transporte (las carreteras provinciales n. \u00b0 780 y 781) y est\u00e1 muy cerca del cruce Trzebinia-Chrzan\u00f3w de la autopista A4 (aprox. 10 km), as\u00ed como de los aeropuertos Katowice &#8211; Pyrzowice (65 km) y Cracovia &#8211; Balice (aprox. 35 km), y del cruce ferroviario). Todo ello constituye una gran ventaja, lo que convierte a Babice en un lugar atractivo para ubicar inversiones.<\/p>\n<ul>\n<li>Ayuntamiento amable y competente, abierto a los inversores y sus expectativas.<\/li>\n<li>Servicios p\u00fablicos de la zona: suministro de agua, alcantarillado, electricidad, gas y redes de telecomunicaciones.<\/li>\n<li>Personal disponible. Posibilidad de perfilar los futuros empleados y formarlos por la Oficina de Trabajo del distrito.<\/li>\n<li>Las \u00e1reas se desarrollan din\u00e1micamente por lo que crean grandes oportunidades para entablar la cooperaci\u00f3n.<\/li>\n<\/ul>\n<p>[\/vc_column_text][vc_column_text]<strong>Zona Econ\u00f3mica Especial<\/strong><\/p>\n<p>Seg\u00fan la Ordenanza del Consejo de Ministros de 10 de junio de 2019 que modifica el reglamento sobre la zona econ\u00f3mica especial de Cracovia (Diario Oficial de 2019, \u00edtem 1101), el terreno ubicado en la comuna de Babice se incluy\u00f3 en la Zona Econ\u00f3mica Especial de Cracovia.<\/p>\n<p>Los inversores que planean realizar sus proyectos en la comuna de Babice\u00a0 pueden aprovechar<br \/>\nla exenci\u00f3n del impuesto sobre la renta durante un per\u00edodo de 15 a\u00f1os.<\/p>\n<p>La Zona de Inversi\u00f3n Polaca (Polska Strefa Inwestycji o PSI) es una forma de apoyo a las empresas que prev\u00e9n la realizaci\u00f3n de nuevas inversiones.<\/p>\n<p>La inversi\u00f3n se puede realizar en todo tipo de terreno (privado y p\u00fablico).<\/p>\n<p>El importe de la ayuda p\u00fablica (exenci\u00f3n fiscal) se calcula en funci\u00f3n del desembolso de inversi\u00f3n realizado por el empresario para la realizaci\u00f3n de un nuevo proyecto o del coste de dos a\u00f1os de los puestos de trabajo reci\u00e9n creados.<\/p>\n<p>Los desembolsos m\u00ednimos de inversi\u00f3n son los siguientes:<\/p>\n<ul>\n<li><strong>10 millones PLN<\/strong>\/ gran empresa<\/li>\n<li><strong>2 millones PLN<\/strong>\/ empresa mediana<\/li>\n<li><strong>000 PLN<\/strong>\/ peque\u00f1a empresa<\/li>\n<li><strong>000 PLN <\/strong>\/ microempresa<\/li>\n<li><strong>000 PLN <\/strong>\/ sector de servicios modernos<\/li>\n<\/ul>\n<p>[\/vc_column_text][vc_column_text]<strong>Entre los beneficios de establecer tu negocio en una zona econ\u00f3mica especial se encuentran:<\/strong><\/p>\n<ul>\n<li>el sistema de exenci\u00f3n del impuesto sobre la renta<\/li>\n<li>la disponibilidad de tierras atractivas,<\/li>\n<li>la posibilidad de utilizar otros incentivos a la inversi\u00f3n,<\/li>\n<li>el apoyo administrativo.<\/li>\n<\/ul>\n<p>[\/vc_column_text][vc_column_text]<\/p>\n<p style=\"text-align: center;\"><strong>Lo que ofrecemos:<\/strong><\/p>\n<p><strong>La comuna de Babice ofrece, entre otras cosas, las siguientes ventajas para los inversores:<\/strong><\/p>\n<ul>\n<li>asistencia durante todo el proceso de inversi\u00f3n (desde la planificaci\u00f3n de la ubicaci\u00f3n hasta su finalizaci\u00f3n),<\/li>\n<li>cooperaci\u00f3n con el inversor en el proceso de solicitud de permisos y aprobaciones requeridas por ley,<\/li>\n<li>cooperaci\u00f3n con el inversor en el proceso de solicitar a los representantes de los medios t\u00e9cnicos los permisos y aprobaciones exigidos por la ley,<\/li>\n<li>en el caso de inversiones en terrenos privados, asistencia en las negociaciones con propietarios de tierras,<\/li>\n<li>servicio al inversor amable, profesional y oportuno.<\/li>\n<li>la comuna de Babice, junto con la Oficina de Trabajo del distrito de Chrzan\u00f3w, ha desarrollado un sistema de apoyo a los posibles inversores basado en la selecci\u00f3n y preparaci\u00f3n mediante una serie de cursos de formaci\u00f3n de los empleados seg\u00fan la necesidad.<\/li>\n<\/ul>\n<p><strong>Tras decidir ubicar su empresa en Babice, se pasa a la etapa de elecci\u00f3n de un lugar determinado para invertir. \u00a1Te invitamos cordialmente a cooperar!<\/strong>[\/vc_column_text][\/vc_column][\/vc_row][vc_row][vc_column][vc_separator color=&#8221;sky&#8221; el_width=&#8221;90&#8243;][\/vc_column][\/vc_row][vc_row][vc_column][vc_column_text]<\/p>\n<h5>SOBRE NOSOTROS:<\/h5>\n<ul>\n<li><a href=\"https:\/\/babice.pl\/filmy-promocyjne\/inwestycje.mp4\" target=\"_blank\" rel=\"noopener\">https:\/\/babice.pl\/filmy-promocyjne\/inwestycje.mp4<\/a><\/li>\n<li><a href=\"https:\/\/www.facebook.com\/watch\/?v=1956757004348119\" target=\"_blank\" rel=\"noopener\">https:\/\/www.facebook.com\/watch\/?v=1956757004348119<\/a><\/li>\n<li><a href=\"https:\/\/przelom.pl\/30896-grunty-na-sprzedaz-pieniadze-pojda-na-uzbrojenie.html\" target=\"_blank\" rel=\"noopener\">https:\/\/przelom.pl\/30896-grunty-na-sprzedaz-pieniadze-pojda-na-uzbrojenie.html<\/a><\/li>\n<li><a href=\"https:\/\/przelom.pl\/29798-wicepremier-gowin-i-minister-emilewicz-wreczyli-nagrode-wojtowi-babic.html\" target=\"_blank\" rel=\"noopener\">https:\/\/przelom.pl\/29798-wicepremier-gowin-i-minister-emilewicz-wreczyli-nagrode-wojtowi-babic.html<\/a><\/li>\n<li><a href=\"https:\/\/krakow.tvp.pl\/55814287\/11092021-1830\" target=\"_blank\" rel=\"noopener\">https:\/\/krakow.tvp.pl\/55814287\/11092021-1830<\/a><\/li>\n<\/ul>\n<p>[\/vc_column_text][\/vc_column][\/vc_row][vc_row][vc_column][vc_separator color=&#8221;sky&#8221; el_width=&#8221;90&#8243;][\/vc_column][\/vc_row][vc_row][vc_column][vc_column_text]<\/p>\n<h5>Informaci\u00f3n relativa al \u00e1rea:<\/h5>\n<ul>\n<li><a href=\"https:\/\/inwestujwmalopolsce.eu\/wp-content\/uploads\/2021\/09\/Lista-danych-dotyczacych-terenu-1.pdf\" target=\"_blank\" rel=\"noopener\">Lista danych dotycz\u0105cych terenu 1<\/a><\/li>\n<li><a href=\"https:\/\/inwestujwmalopolsce.eu\/wp-content\/uploads\/2021\/09\/Lista-danych-dotyczacych-terenu-2.pdf\" target=\"_blank\" rel=\"noopener\">Lista danych dotycz\u0105cych terenu 2<\/a><\/li>\n<\/ul>\n<p>[\/vc_column_text][\/vc_column][\/vc_row][vc_row][vc_column][vc_separator color=&#8221;sky&#8221; el_width=&#8221;90&#8243;][\/vc_column][\/vc_row][vc_row][vc_column][vc_media_grid element_width=&#8221;3&#8243; grid_id=&#8221;vc_gid:1635418832499-460de639-748c-5&#8243; include=&#8221;232,233,234,235,236,237,238,239&#8243;][\/vc_column][\/vc_row]<\/p>\n","protected":false},"excerpt":{"rendered":"<p>[vc_row][vc_column css=&#8221;.vc_custom_1632478892604{margin-top: 20px !important;}&#8221;][\/vc_column][\/vc_row][vc_row][vc_column width=&#8221;1\/4&#8243;][vc_single_image image=&#8221;230&#8243; img_size=&#8221;165&#215;200&#8243; alignment=&#8221;center&#8221;][\/vc_column][vc_column width=&#8221;3\/4&#8243;][vc_column_text] Comuna de Babice 32-551 Babice ul. Krakowska 56 www.babice.pl tel\u00e9fono: 0048 (32) 613-40-13 fax: 0048 (32) 613-40-02<\/p>\n","protected":false},"author":1,"featured_media":0,"parent":568,"menu_order":0,"comment_status":"closed","ping_status":"closed","template":"","meta":{"footnotes":""},"class_list":["post-554","page","type-page","status-publish","hentry"],"lang":"es","translations":{"es":554,"pl":89,"en":592,"de":606,"fr":654},"pll_sync_post":[],"_links":{"self":[{"href":"https:\/\/inwestujwmalopolsce.eu\/index.php?rest_route=\/wp\/v2\/pages\/554","targetHints":{"allow":["GET"]}}],"collection":[{"href":"https:\/\/inwestujwmalopolsce.eu\/index.php?rest_route=\/wp\/v2\/pages"}],"about":[{"href":"https:\/\/inwestujwmalopolsce.eu\/index.php?rest_route=\/wp\/v2\/types\/page"}],"author":[{"embeddable":true,"href":"https:\/\/inwestujwmalopolsce.eu\/index.php?rest_route=\/wp\/v2\/users\/1"}],"replies":[{"embeddable":true,"href":"https:\/\/inwestujwmalopolsce.eu\/index.php?rest_route=%2Fwp%2Fv2%2Fcomments&post=554"}],"version-history":[{"count":1,"href":"https:\/\/inwestujwmalopolsce.eu\/index.php?rest_route=\/wp\/v2\/pages\/554\/revisions"}],"predecessor-version":[{"id":555,"href":"https:\/\/inwestujwmalopolsce.eu\/index.php?rest_route=\/wp\/v2\/pages\/554\/revisions\/555"}],"up":[{"embeddable":true,"href":"https:\/\/inwestujwmalopolsce.eu\/index.php?rest_route=\/wp\/v2\/pages\/568"}],"wp:attachment":[{"href":"https:\/\/inwestujwmalopolsce.eu\/index.php?rest_route=%2Fwp%2Fv2%2Fmedia&parent=554"}],"curies":[{"name":"wp","href":"https:\/\/api.w.org\/{rel}","templated":true}]}}