{"id":556,"date":"2021-10-28T13:10:29","date_gmt":"2021-10-28T11:10:29","guid":{"rendered":"https:\/\/inwestujwmalopolsce.eu\/?page_id=556"},"modified":"2021-10-28T13:39:25","modified_gmt":"2021-10-28T11:39:25","slug":"comuna-de-chrzanow","status":"publish","type":"page","link":"https:\/\/inwestujwmalopolsce.eu\/?page_id=556&lang=es","title":{"rendered":"Comuna de Chrzan\u00f3w"},"content":{"rendered":"<p>[vc_row][vc_column css=&#8221;.vc_custom_1632557546829{margin-top: 20px !important;}&#8221;][\/vc_column][\/vc_row][vc_row][vc_column width=&#8221;1\/4&#8243;][vc_single_image image=&#8221;372&#8243; img_size=&#8221;151&#215;200&#8243; alignment=&#8221;center&#8221;][\/vc_column][vc_column width=&#8221;3\/4&#8243;][vc_column_text]<\/p>\n<h4 style=\"text-align: center;\">Comuna de Chrzan\u00f3w<\/h4>\n<p style=\"text-align: center;\">32-500 Chrzan\u00f3w<br \/>\nAleja Henryka 20<br \/>\n<a href=\"https:\/\/www.chrzanow.pl\/\">www.chrzanow.pl<\/a><br \/>\ntel\u00e9fono: 0048 (32) 758-51-01<br \/>\nCorreo electr\u00f3nico: sekretariat@chrzanow.pl<\/p>\n<p>[\/vc_column_text][\/vc_column][\/vc_row][vc_row][vc_column][vc_separator color=&#8221;sky&#8221; el_width=&#8221;90&#8243; css=&#8221;.vc_custom_1632557736053{margin-top: -50px !important;margin-bottom: -50px !important;}&#8221;][\/vc_column][\/vc_row][vc_row][vc_column][vc_column_text]<strong>Ubicaci\u00f3n<\/strong><\/p>\n<ul>\n<li>Ubicaci\u00f3n: Sur de Polonia \/ Oeste de Polonia Menor<\/li>\n<li>\u00c1rea: 79,44 km<sup>2 <\/sup>(\u00e1rea urbana &#8211; 38,32 km<sup>2<\/sup>)<\/li>\n<li>Poblaci\u00f3n: 46321<\/li>\n<li>Comunas colindantes: Jaworzno, Trzebinia, Libi\u0105\u017c, Babice, Alwernia<\/li>\n<\/ul>\n<p>Un punto fuerte de Chrzan\u00f3w es su ubicaci\u00f3n en la frontera de dos regiones con considerable potencial econ\u00f3mico, social y cultural: Polonia Menor (Malopolska) y Silesia, exactamente entre sus capitales: Cracovia y Katowice. La comuna de Chrzan\u00f3w est\u00e1 conectada con estos centros por la autopista A4 (3 empalmes) y la carretera nacional n\u00ba 79. La ciudad disfruta de una buena conexi\u00f3n con los aeropuertos de Cracovia-Balice (Aeropuerto de Cracovia) y Katowice-Pyrzowice (Aeropuerto de Katowice), que est\u00e1n a 20 y 45 minutos en coche respectivamente. Por la comuna pasan dos importantes l\u00edneas ferroviarias: la modernizada l\u00ednea n\u00ba 133 que conecta Cracovia con D\u0105browa G\u00f3rnicza y la actualmente reconstruida l\u00ednea n\u00ba 93 que conecta Trzebinia con Zebrzydowice.[\/vc_column_text][vc_column_text]<strong>Turismo<\/strong><\/p>\n<p>Historia variopinta, monumentos hist\u00f3ricos, rincones pintorescos, vastas zonas forestales, numerosos eventos culturales y deportivos: estas son las ventajas de la comuna de Chrzan\u00f3w, situada en la frontera de Polonia Menor y Silesia.<\/p>\n<p>Chrzan\u00f3w es una ciudad fundada bajo la Ley de Magdeburgo en la Edad Media. Su historia es impresionante. La disposici\u00f3n espacial original del casco antiguo ( alrededores de la Plaza del Mercado) se ha conservado hasta nuestros d\u00edas, junto con la caracter\u00edstica Iglesia de San Nicol\u00e1s. San Nicol\u00e1s es el patr\u00f3n de la ciudad. A principios de su existencia, la ciudad de Chrzan\u00f3w albergaba la aduana. En los siglos siguientes se transform\u00f3 en una ciudad artesanal y mercantil. Durante siglos fue un lugar multicultural. Cabe destacar que en los a\u00f1os 1815-1846 Chrzan\u00f3w fue una parte esencial de la Rep\u00fablica de Cracovia. A finales del siglo XIX y XX, se convirti\u00f3 en una ciudad industrial, donde, entre otros, se fund\u00f3 la primera f\u00e1brica de locomotoras en Polonia, &#8222;Fablok&#8221;.<\/p>\n<p>Chrzan\u00f3w ofrece muchas oportunidades para la recreaci\u00f3n activa. Las \u00e1reas forestales, que cubren 1\/3 de la comuna, invitan a hacer excursiones a pie y en bicicleta. La ciudad est\u00e1 rodeada, por un lado, de pintorescas colinas de canteras y, por otro, del valle de Chrzanowska, lleno de llanuras aluviales. Los pueblos de la periferia abundan en rincones encantadores. Desde las laderas de las colinas de Pogorzyce y P\u0142azy se disfruta de una impresionante vista del valle del V\u00edstula y de las monta\u00f1as de Beskid y Tatra. La comuna es adem\u00e1s una base ideal para explorar las atracciones de la regi\u00f3n: dentro de una hora se puede llegar en coche, por ejemplo, a Cracovia, Katowice, Bielsko, \u017bywiec o Wadowice.<\/p>\n<p>Chrzan\u00f3w es un lugar donde tienen lugar muchos eventos culturales \u00fanicos, destinados a un p\u00fablico muy amplio. Exposiciones, conferencias, revisiones de m\u00fasica y folclore, encuentros con autores, conciertos, concursos, talleres, proyecciones de pel\u00edculas y eventos al aire libre: hay de todo y para todos. La oferta cultural es cada vez m\u00e1s amplia.[\/vc_column_text][vc_column_text]<strong>Negocios \/ Zona de inversi\u00f3n<\/strong><\/p>\n<p><strong>Las abundantes oportunidades de inversi\u00f3n, la accesibilidad del transporte, la alta calidad del mercado laboral y el clima social favorable hacen de Chrzan\u00f3w un entorno amigable, atractivo y\u00a0 competitivo\u00a0 para el desarrollo de las empresas.<\/strong><\/p>\n<p><strong>Chrzan\u00f3w est\u00e1 cambiando intensamente. Adem\u00e1s de la inversi\u00f3n p\u00fablica, los inversores privados tambi\u00e9n son muy activos. Las empresas Dan Cake, Valeo Lightning, Swisspo, entre otras, han tomado decisiones estrat\u00e9gicas sobre el desarrollo de sus puntos de venta en Chrzan\u00f3w. En total, invertir\u00e1n aprox. 100.000.000 PLN para la ampliaci\u00f3n de plantas, la modernizaci\u00f3n y el aumento de la capacidad. Adem\u00e1s, el hecho de que estas empresas tengan previsto trasladar sus centros de investigaci\u00f3n a Chrzan\u00f3w es una fuerte se\u00f1al de que el entorno en el que se encuentran es muy propicio para el negocio y que el futuro de la comuna est\u00e1 ligada al futuro de dichas entidades. Las empresas mencionadas no son las \u00fanicas que han elegido Chrzan\u00f3w por considerarla un lugar con gran potencial de desarrollo. El \u00e1rea de la antigua f\u00e1brica PFL Fablok S.A. y sus zonas aleda\u00f1as recuperan vitalidad. El gigante internacional de la transformaci\u00f3n del aluminio Hydro Extrusions lleva a\u00f1os operando all\u00ed. Recientemente se han adquirido las naves de producci\u00f3n de Fablok y se han instalado en las inmediaciones entidades m\u00e1s peque\u00f1as, entre ellas una innovadora empresa Dynamic Technology Sp. z o.o. &#8211; fabricante de productos qu\u00edmicos de alta calidad para la automoci\u00f3n, el hogar y los servicios p\u00fablicos de la marca NanoMax.<\/strong><\/p>\n<p>Al mismo tiempo que se construyen urbanizaciones, el ayuntamiento prepara sus inversiones en viviendas de alquiler y pisos de rotecci\u00f3n social. Tambi\u00e9n se est\u00e1n construyendo viviendas unifamiliares.<\/p>\n<p>La ciudad es cada vez m\u00e1s atractiva como lugar para vivir e invertir. Otro hito importante ser\u00e1 la finalizaci\u00f3n de la mayor inversi\u00f3n ferroviaria en Chrzan\u00f3w en d\u00e9cadas: la modernizaci\u00f3n de la l\u00ednea ferroviaria 93. Como parte de la obra, se est\u00e1n reconstruyendo viaductos ferroviarios sobre las calles: Krakowska, 29 Listopada, Kad\u0142ubek y Zbo\u017cowa. Esta tarea, junto con las inversiones en carreteras municipales entre ul. Krakowska y ul. 29 noviembre definitivamente aumentar\u00e1 la calidad, la seguridad y la comodidad de desplazarse en Chrzan\u00f3w. Gracias a la reconstrucci\u00f3n de las v\u00edas, las paradas ferroviarias y la red de catenarias, la ciudad dispondr\u00e1 de un enlace ferroviario fluido y r\u00e1pido con Cracovia, O\u015bwi\u0119cim, Krzeszowice y Zabierz\u00f3w.<\/p>\n<p>La ciudad tiene tres prioridades:<\/p>\n<ul>\n<li>zona de inversi\u00f3n en A4 y nuevos inversores,<\/li>\n<li>apoyo a la construcci\u00f3n de viviendas y unifamiliares,<\/li>\n<li>ecolog\u00eda.<\/li>\n<\/ul>\n<p>[\/vc_column_text][vc_column_text]<\/p>\n<p class=\"P68B1DB1-Normalny1\" style=\"margin-bottom: 11.25pt; text-align: justify; line-height: normal; background: white; vertical-align: baseline;\">Seg\u00fan el plan actual, aprox. 100 ha est\u00e1n destinadas a instalaciones de producci\u00f3n y almacenes, as\u00ed como a edificios de producci\u00f3n y servicios. La zona cubrir\u00e1 un \u00e1rea de aprox. 280 ha. Dentro del plan se designar\u00e1n zonas para la ubicaci\u00f3n de instalaciones de generaci\u00f3n de energ\u00eda renovable de m\u00e1s de 100 kW. El supuesto estrat\u00e9gico del plan es destinar parte de la zona a la construcci\u00f3n de una planta de tratamiento t\u00e9rmico de residuos &#8222;ekospalarnia&#8221;, que satisfar\u00e1 las necesidades medioambientales y energ\u00e9ticas de la comuna y de las localidades vecinas. Tambi\u00e9n est\u00e1 previsto ampliar el sistema de comunicaci\u00f3n de las \u00e1reas funcionales reci\u00e9n creadas. Debido a que la comuna se encuentra en proceso de expansi\u00f3n de la zona, a\u00fan puede implementar soluciones de inversores particulares.<\/p>\n<p class=\"P68B1DB1-Normalny1\" style=\"text-align: justify; line-height: normal; background: white; vertical-align: baseline;\">Chrzan\u00f3w es una ciudad abierta y apoya a todas las empresas, independientemente de la industria o especializaci\u00f3n. La comuna est\u00e1 dispuesta a acoger todas las nuevas inversiones que estimulen su econom\u00eda, con la condici\u00f3n de que dicha actividad tenga en cuenta la prioridad medioambiental. Seg\u00fan las disposiciones de la estrategia, la prioridad de la comuna es crear las condiciones para las empresas creativas dedicadas a actividades innovadoras, de ah\u00ed que la ciudad busque especialmente representantes de sectores como el de las &#8222;ciencias de la vida&#8221; o empresas que utilicen el modelo de la econom\u00eda circular. Debido a las empresas de automoci\u00f3n ya existentes en la ciudad, la comuna desea acoger a m\u00e1s empresas de este sector, y debido a su cooperaci\u00f3n con el Banco Europeo de Inversiones, tambi\u00e9n est\u00e1 interesada en establecer contactos con inversores que operen en el sector de la vivienda sostenible.<\/p>\n<p>[\/vc_column_text][vc_column_text]<strong>Zona Polaca de Inversiones<\/strong><\/p>\n<p>Los inversores que planean iniciar inversiones en la comuna de Chrzan\u00f3w pueden aprovechar la exenci\u00f3n del impuesto sobre la renta dentro del marco del programa de la Zona de Inversi\u00f3n Polaca (PSI). Las inversiones pueden realizarse tanto en terrenos privados como p\u00fablicos. Distribuci\u00f3n de la ayuda p\u00fablica<\/p>\n<ul>\n<li>Gran empresa: 35%<\/li>\n<li>Empresa mediana: 45%<\/li>\n<li>Peque\u00f1a y microempresa: 55%<\/li>\n<\/ul>\n<p>En la comuna de Chrzan\u00f3w est\u00e1n vigentes los umbrales excepcionalmente bajos de desembolsos de inversi\u00f3n en relaci\u00f3n con la mayor parte de la regi\u00f3n de la Polonia Menor y que permiten fomentar los proyectos con ayudas. As\u00ed, por ejemplo, para que una inversi\u00f3n de una gran empresa en Cracovia reciba ayudas, el desembolso de la inversi\u00f3n debe ascender al menos a 100 millones PLN, es decir, \u00a1diez veces m\u00e1s que en Chrzan\u00f3w!<\/p>\n<p>Tipo de empresa desembolso de inversi\u00f3n m\u00ednimo en Chrzan\u00f3w<\/p>\n<p>Gran empresa 10 millones PLN<\/p>\n<p>Mediana empresa 2 millones PLN<\/p>\n<p>Peque\u00f1a empresa 500.000 PLN<\/p>\n<p>Microempresa 200.000 PLN<\/p>\n<h5 style=\"text-align: justify;\">Para obtener la ayuda, los inversores tienen que cumplir 5 de los 10 criterios; los que deciden invertir en Chrzan\u00f3w s\u00f3lo tienen que cumplir 4.<\/h5>\n<p>[\/vc_column_text][\/vc_column][\/vc_row][vc_row][vc_column][vc_separator color=&#8221;sky&#8221; el_width=&#8221;90&#8243;][\/vc_column][\/vc_row][vc_row][vc_column][vc_column_text]<\/p>\n<h5 style=\"text-align: center;\">Chrzan\u00f3w en 3D<\/h5>\n<p>[\/vc_column_text][vc_row_inner][vc_column_inner width=&#8221;1\/2&#8243;][vc_column_text]<\/p>\n<p style=\"text-align: center;\">\u00e1rea de inversi\u00f3n industrial y de servicios<\/p>\n<p>[\/vc_column_text][vc_single_image image=&#8221;313&#8243; img_size=&#8221;full&#8221; alignment=&#8221;center&#8221;][vc_btn title=&#8221;Zobacz podgl\u0105d&#8221; color=&#8221;sky&#8221; align=&#8221;center&#8221; link=&#8221;url:http%3A%2F%2Fchrzanow.polska3d.pl%2F%3Fscene%3DChrzan%C3%B3w%26cX%3D250.7183%26cY%3D1810.3724%26cZ%3D931.6792%26upX%3D0.0000%26upY%3D0.0000%26upZ%3D1.0000%26tX%3D892.4556%26tY%3D2176.6227%26tZ%3D303.2310|title:Zobacz%20podgl%C4%85d|target:_blank&#8221; css=&#8221;.vc_custom_1632560387804{margin-top: -40px !important;}&#8221;][\/vc_column_inner][vc_column_inner width=&#8221;1\/2&#8243;][vc_column_text]<\/p>\n<p style=\"text-align: center;\">\u00e1rea de inversi\u00f3n residencial y de servicios<\/p>\n<p>[\/vc_column_text][vc_single_image image=&#8221;314&#8243; img_size=&#8221;full&#8221; alignment=&#8221;center&#8221;][vc_btn title=&#8221;Zobacz podgl\u0105d&#8221; color=&#8221;sky&#8221; align=&#8221;center&#8221; link=&#8221;url:http%3A%2F%2Fchrzanow.polska3d.pl%2F%3Fscene%3DChrzan%C3%B3w%26cX%3D1581.0741%26cY%3D868.7806%26cZ%3D598.0670%26upX%3D0.0000%26upY%3D0.0000%26upZ%3D1.0000%26tX%3D1242.7956%26tY%3D762.2533%26tZ%3D302.7462|title:Zobacz%20podgl%C4%85d|target:_blank&#8221; css=&#8221;.vc_custom_1632560404811{margin-top: -40px !important;}&#8221;][\/vc_column_inner][\/vc_row_inner][\/vc_column][\/vc_row][vc_row][vc_column css=&#8221;.vc_custom_1632560435530{margin-top: -40px !important;}&#8221;][vc_separator color=&#8221;sky&#8221; el_width=&#8221;90&#8243;][\/vc_column][\/vc_row][vc_row][vc_column][vc_media_grid element_width=&#8221;3&#8243; grid_id=&#8221;vc_gid:1635419144637-683fff54-0712-10&#8243; include=&#8221;293,294,295,296&#8243;][\/vc_column][\/vc_row]<\/p>\n","protected":false},"excerpt":{"rendered":"<p>[vc_row][vc_column css=&#8221;.vc_custom_1632557546829{margin-top: 20px !important;}&#8221;][\/vc_column][\/vc_row][vc_row][vc_column width=&#8221;1\/4&#8243;][vc_single_image image=&#8221;372&#8243; img_size=&#8221;151&#215;200&#8243; alignment=&#8221;center&#8221;][\/vc_column][vc_column width=&#8221;3\/4&#8243;][vc_column_text] Comuna de Chrzan\u00f3w 32-500 Chrzan\u00f3w Aleja Henryka 20 www.chrzanow.pl tel\u00e9fono: 0048 (32) 758-51-01 Correo electr\u00f3nico: sekretariat@chrzanow.pl [\/vc_column_text][\/vc_column][\/vc_row][vc_row][vc_column][vc_separator<\/p>\n","protected":false},"author":1,"featured_media":0,"parent":568,"menu_order":0,"comment_status":"closed","ping_status":"closed","template":"","meta":{"footnotes":""},"class_list":["post-556","page","type-page","status-publish","hentry"],"lang":"es","translations":{"es":556,"pl":97,"en":595,"fr":657},"pll_sync_post":[],"_links":{"self":[{"href":"https:\/\/inwestujwmalopolsce.eu\/index.php?rest_route=\/wp\/v2\/pages\/556","targetHints":{"allow":["GET"]}}],"collection":[{"href":"https:\/\/inwestujwmalopolsce.eu\/index.php?rest_route=\/wp\/v2\/pages"}],"about":[{"href":"https:\/\/inwestujwmalopolsce.eu\/index.php?rest_route=\/wp\/v2\/types\/page"}],"author":[{"embeddable":true,"href":"https:\/\/inwestujwmalopolsce.eu\/index.php?rest_route=\/wp\/v2\/users\/1"}],"replies":[{"embeddable":true,"href":"https:\/\/inwestujwmalopolsce.eu\/index.php?rest_route=%2Fwp%2Fv2%2Fcomments&post=556"}],"version-history":[{"count":1,"href":"https:\/\/inwestujwmalopolsce.eu\/index.php?rest_route=\/wp\/v2\/pages\/556\/revisions"}],"predecessor-version":[{"id":557,"href":"https:\/\/inwestujwmalopolsce.eu\/index.php?rest_route=\/wp\/v2\/pages\/556\/revisions\/557"}],"up":[{"embeddable":true,"href":"https:\/\/inwestujwmalopolsce.eu\/index.php?rest_route=\/wp\/v2\/pages\/568"}],"wp:attachment":[{"href":"https:\/\/inwestujwmalopolsce.eu\/index.php?rest_route=%2Fwp%2Fv2%2Fmedia&parent=556"}],"curies":[{"name":"wp","href":"https:\/\/api.w.org\/{rel}","templated":true}]}}