{"id":559,"date":"2021-10-28T13:15:31","date_gmt":"2021-10-28T11:15:31","guid":{"rendered":"https:\/\/inwestujwmalopolsce.eu\/?page_id=559"},"modified":"2021-10-28T13:39:30","modified_gmt":"2021-10-28T11:39:30","slug":"comuna-de-myslenice","status":"publish","type":"page","link":"https:\/\/inwestujwmalopolsce.eu\/?page_id=559&lang=es","title":{"rendered":"Comuna de My\u015blenice"},"content":{"rendered":"<p>[vc_row][vc_column css=&#8221;.vc_custom_1632482563487{margin-top: 20px !important;}&#8221;][\/vc_column][\/vc_row][vc_row][vc_column width=&#8221;1\/4&#8243;][vc_single_image image=&#8221;258&#8243; img_size=&#8221;182&#215;200&#8243; alignment=&#8221;center&#8221;][\/vc_column][vc_column width=&#8221;3\/4&#8243;][vc_column_text]<\/p>\n<h4 style=\"text-align: center;\">Comuna de My\u015blenice<\/h4>\n<p style=\"text-align: center;\">32-400 My\u015blenice<br \/>\nul. Rynek 8\/9<br \/>\n<a href=\"https:\/\/myslenice.pl\/\">www.myslenice.pl<\/a><br \/>\nCorreo electr\u00f3nico: <a href=\"mailto:info@myslenice.pl\">info@myslenice.pl<\/a><br \/>\ntel\u00e9fono: 0048 (12) 639-23-00<br \/>\nfax. 0048 (12) 639-23-05<\/p>\n<p>[\/vc_column_text][\/vc_column][\/vc_row][vc_row][vc_column][vc_separator color=&#8221;sky&#8221; el_width=&#8221;90&#8243; css=&#8221;.vc_custom_1632482610548{margin-top: -50px !important;margin-bottom: -50px !important;}&#8221;][\/vc_column][\/vc_row][vc_row][vc_column][vc_column_text]<\/p>\n<p class=\"P68B1DB1-Normalny1\" style=\"margin-bottom: 11.25pt; text-align: justify; line-height: normal; background: white; vertical-align: baseline;\">La comuna de My\u015blenice se ubica en la parte centro-sur del voivodato de Polonia Menor, a 30 km de Cracovia. Pertenece en su totalidad al \u00e1rea metropolitana de Cracovia, lo que contribuye en gran medida a su potencial de desarrollo. Por esta raz\u00f3n, My\u015blenice figura junto a Cracovia, Niepo\u0142omice, Wieliczka, Bochnia y Dobczyce como el centro con mayor potencial de desarrollo en Polonia Menor en los pr\u00f3ximos 10 a\u00f1os.<\/p>\n<p class=\"P68B1DB1-Normalny1\" style=\"margin-bottom: 11.25pt; text-align: justify; line-height: normal; background: white; vertical-align: baseline;\">My\u015blenice goza de una excelente ubicaci\u00f3n, ya que la carretera E 77 (conocida como &#8222;Zakopianka&#8221;) que atraviesa la comuna es de importancia internacional. Conecta Cracovia y los pasos fronterizos de Chy\u017cne y \u0141ysa Polana. Adem\u00e1s, a tan s\u00f3lo 35 km del centro de Myslenice, se encuentra el segundo mayor aeropuerto de Polonia, el aerupuerto de Juan Pablo II en Balice. Aqu\u00ed tambi\u00e9n comienza la carretera provincial n\u00ba 967, que va a \u0141apczyca (direcci\u00f3n Tarn\u00f3w). Otro aspecto importante es la proximidad a Cracovia y todas las ventajas de esta gran aglomeraci\u00f3n, las instalaciones acad\u00e9micas, el acceso a las nuevas tecnolog\u00edas, un equipo de funcionarios eficaz y competente y la experiencia en la cooperaci\u00f3n con los inversores.<\/p>\n<p class=\"P68B1DB1-Normalny1\" style=\"margin-bottom: 11.25pt; text-align: justify; line-height: normal; background: white; vertical-align: baseline;\">Con el fin de aumentar el atractivo de la ciudad como un buen lugar para vivir e invertir, las autoridades de la comuna de My\u015blenice y las comunas circundantes se han unido al programa &#8222;Kolej Plus&#8221; &#8211; un v\u00ednculo ferroviario con Cracovia, que definitivamente aumentar\u00e1 la comodidad y la seguridad de los viajes entre My\u015blenice y Cracovia. El ayuntamiento tambi\u00e9n lleva a cabo grandes inversiones en la ampliaci\u00f3n y modernizaci\u00f3n de las infraestructuras viarias, teniendo en cuenta la ubicaci\u00f3n de las zonas de inversi\u00f3n de Jawornik\/Polanka.<\/p>\n<p class=\"P68B1DB1-Normalny1\" style=\"text-align: justify; line-height: normal; background: white; vertical-align: baseline;\">La comuna cubre un \u00e1rea de 153,7 km cuadrados, de los cuales la ciudad de My\u015blenice representa unos 30,1 km cuadrados. El \u00e1rea de la comuna constituye aproximadamente el 1% del \u00e1rea total del voivodato de polonia Menor y el 22,8% del \u00e1rea del distrito de My\u015blenice. Entre las comunas urbanas y rurales, la comuna de My\u015blenice es la m\u00e1s grande del voivodato de la Polonia Menor. Un activo importante de la comuna es su cobertura forestal relativamente grande, cubre el 31,1% de la superficie total.<\/p>\n<p>[\/vc_column_text][vc_column_text]<\/p>\n<p class=\"P68B1DB1-Normalny1\" style=\"margin-bottom: 11.25pt; text-align: justify; line-height: normal; background: white; vertical-align: baseline;\">Aparte de sus ventajas econ\u00f3micas, My\u015blenice es tambi\u00e9n una regi\u00f3n tur\u00edstica y una ciudad que tiene mucho que ofrecer si uno quiere relajarse. El maravilloso entorno, la posibilidad de realizar diversas actividades, la proximidad de Cracovia, Wieliczka y Zakopane son ventajas adicionales. B\u00e1sicamente, tiene todo lo que un turista puede desear, en cualquier \u00e9poca del a\u00f1o. Pasear y hacer senderismo en primavera, relajarse junto al r\u00edo en verano, montar en bicicleta en oto\u00f1o y esquiar en invierno. Todos encontrar\u00e1n algo para s\u00ed. La base de alojamiento y restauraci\u00f3n est\u00e1n en constante desarrollo.<\/p>\n<p class=\"P68B1DB1-Normalny1\" style=\"margin-bottom: 11.25pt; text-align: justify; line-height: normal; background: white; vertical-align: baseline;\">La comuna est\u00e1 rodeada por las Estribaciones de Wieliczka, unas laderas que descienden hacia el valle de Raba. Mirando del sur, el valle termina en la cordillera Beskid Makowski. La ciudad est\u00e1 situada a 315 metros de altitud sobre el nivel del mar, a orillas del r\u00edo Raba, cerca del embalse de Dobczyce, y est\u00e1 rodeada por las colinas de Dalin, Chelm y Uklejna. La estructura geol\u00f3gica favorece la formaci\u00f3n de numerosos y profundos valles. La principal unidad de relieve de la zona central de la comuna es el valle de Raba. Dentro de la comuna, el r\u00edo atraviesa unos 10 km, el tramo este (aprox. 4,5 km) toma sus aguas del embalse de Dobczyce. El valle de Raba est\u00e1 formado por decenas de arroyos que descienden por las laderas norte y noroeste de las cordilleras de Lubomir y \u0141ysina y por las laderas sur de las Estribaciones de Wieliczka.<\/p>\n<p class=\"P68B1DB1-Normalny1\" style=\"text-align: justify; line-height: normal; background: white; vertical-align: baseline;\">Myslenice es visitada por personas, por un lado, interesadas en el ocio activo (ciclismo, rutas de senderismo, esqu\u00ed, etc.) y, por otro, por turistas que buscan la paz y la tranquilidad de los bosques de los alrededores y de los lugares abundantes en paisajes encantadores. El inter\u00e9s por el turismo en Myslenice es considerable entre los residentes de las aglomeraciones de Cracovia y Silesia, debido al f\u00e1cil acceso en transporte p\u00fablico y al poco tiempo necesario para llegar al lugar de descanso.<\/p>\n<p>[\/vc_column_text][vc_column_text]My\u015blenice tiene una larga tradici\u00f3n econ\u00f3mica. Desde hace a\u00f1os se desarrollan aqu\u00ed peque\u00f1os oficios, servicios y comercios. Sin embargo, tambi\u00e9n existen grandes plantas de producci\u00f3n, como: Tele-Fonika Kable SA, Fcase Sp. Z o.o. S.K.A. Cooper Standard Automotive Polska Sp.z o.o., Polplast Polska, KART Sp. z o.o., JUTAX Sp. z o.o. Sp\u00f3\u0142ka Komandytowo Akcyjna, Zeta (Jawornik), Meble Ry\u015b (Jawornik), HYDROLAND Basf \u201eW\u0119dzonka\u201d Instalaciones de procesamiento de la carne, \u201eGubad\u201d Wzornictwo, Produkcja, Handel Sp. z o.o., Wyroby Hutnicze Grzegorz Gomulak i S-ka,\u00a0 Empresa de servicios p\u00fablicos del distrito Sp. z o.o., PPH \u201eINTER-ZOO\u201d. La carretera 7 es donde se observa una alta concentraci\u00f3n de entidades econ\u00f3micas. Al mismo tiempo, My\u015blenice y otras ciudades (Cracovia, Brzesko, Bochnia, Krzeszowice, Skawina, Wieliczka y Chrzan\u00f3w) forman la denominada Zona industrial de Cracovia [Krakowski Okr\u0119g Przemys\u0142owy]. El centro principal de esta Zona es Cracovia, centro de la aglomeraci\u00f3n. Las localidades m\u00e1s peque\u00f1as est\u00e1n conectadas con la ciudad. Numerosas ramas de la industria prosperan en la Zona. Entre otras son la industria alimentaria, la industria azucarera, la industria cervecera, la metalurgia, la industria de la fundici\u00f3n, la industria qu\u00edmica, la industria electromec\u00e1nica, la industria de la imprenta, la industria del autom\u00f3vil. Es extremadamente importante insertar la econom\u00eda de My\u015blenice en un contexto subregional m\u00e1s amplio, o sea verla como una red de conexiones y dependencias que influyen en el estado y en los planes de desarrollo de la econom\u00eda de la comuna.<\/p>\n<p>La comuna de My\u015blenice tiene un gran potencial para el desarrollo del entorno empresarial Las dos zonas industriales desempe\u00f1an un papel importante en la creaci\u00f3n de condiciones favorables para la gesti\u00f3n de empresas y la atraen a nuevos inversores a My\u015blenice. Se trata de la zona industrial &#8222;Jawornik\/Polanka&#8221;, con una oferta de inversi\u00f3n de 60 ha &#8211; todo ello de propiedad privada -, y de la zona industrial &#8222;Dolne Przedmie\u015bcie&#8221;, de desarrollo din\u00e1mico, con una superficie de 15,08 ha, que desde el a\u00f1o 2000 se ha ido dotando sucesivamente de las infraestructuras e instalaciones t\u00e9cnicas necesarias, hasta la creaci\u00f3n compleja de una oferta de inversi\u00f3n que responde a las expectativas de los inversores m\u00e1s exigentes. En 2007, esta \u00e1rea se incluy\u00f3 en la Zona Econ\u00f3mica Especial de Katowice.[\/vc_column_text][vc_column_text]Hasta ahora, en la zona de Jawornik, se han creado unos 600 puestos de trabajo mientras que, en la zona \u201cDolne Przedmie\u015bcie\u201d, casi 800 personas encuentran empleo. En un \u00e1rea de 3,81 hect\u00e1reas perteneciente a la zona de &#8222;Dolne Przedmie\u015bcie&#8221;, se construy\u00f3 una f\u00e1brica de Cooper Standard Automotive Polska Sp. z o.o. Los siguientes inversores fueron Polplast Polska Sp. z o.o y Agro Jan Produkcja Sp z.o.o.<\/p>\n<p>No menos importante en la creaci\u00f3n de condiciones para el desarrollo de la actividad econ\u00f3mica es la actividad de las instituciones y organizaciones del entorno empresarial que agrupan a los empresarios, as\u00ed como el sistema institucional que facilita la actividad empresarial, incluyendo oficinas, bancos, etc. La instituci\u00f3n m\u00e1s importante y que tiene mucha influencia es la Agencia de Desarrollo Econ\u00f3mico de My\u015blenice (My\u015blenicka Agencja Rozwoju Gospodarczego o MARG). Participa en la promoci\u00f3n y el apoyo de todas las iniciativas econ\u00f3micas que afectan al desarrollo de la regi\u00f3n de My\u015blenice, incluida la gesti\u00f3n de un Punto de Consulta gratuito para los empresarios, as\u00ed como el servicio de las sucursales del Fondo de Pr\u00e9stamos de Polonia Menor (MFP) y del Fondo de Garant\u00eda de Cr\u00e9dito de Polonia Menor y del Fondo de Pr\u00e9stamos de la Fundaci\u00f3n para el Desarrollo de la Regi\u00f3n de Rabka.[\/vc_column_text][vc_column_text]Los inversores que planean realizar sus proyectos en la comuna de Andrych\u00f3w pueden aprovechar la exenci\u00f3n del impuesto sobre la renta durante un per\u00edodo de 12 a\u00f1os.<\/p>\n<p>La Zona de Inversi\u00f3n Polaca (Polska Strefa Inwestycji o PSI) es una forma de apoyo a las empresas que prev\u00e9n la realizaci\u00f3n de nuevas inversiones.<\/p>\n<p>La inversi\u00f3n se puede realizar en todo tipo de terreno (privado y p\u00fablico).<\/p>\n<p>El importe de la ayuda p\u00fablica (exenci\u00f3n fiscal) se calcula en funci\u00f3n del desembolso de inversi\u00f3n realizado por el empresario para la realizaci\u00f3n de un nuevo proyecto o del coste de dos a\u00f1os de los puestos de trabajo reci\u00e9n creados.<\/p>\n<p>Los desembolsos m\u00ednimos de inversi\u00f3n son los siguientes:<\/p>\n<ul>\n<li>gran empresa: 80 millones PLN<\/li>\n<li>empresa mediana: 16 millones PLN<\/li>\n<li>peque\u00f1a empresa: 4 millones PLN<\/li>\n<li>microempresa: 1,06 millones PLN<\/li>\n<\/ul>\n<p>La comuna de My\u015blenice est\u00e1 ampliando constantemente su capacidad para atraer inversores y coopera intensamente con las instituciones del entorno empresarial. La comuna participa en los siguientes programas:<\/p>\n<ul>\n<li>Normas de servicio al inversor en Polonia Menor<\/li>\n<li>Power Up Your Business in Polonia Menor<\/li>\n<\/ul>\n<p>[\/vc_column_text][\/vc_column][\/vc_row][vc_row][vc_column][vc_separator color=&#8221;sky&#8221; el_width=&#8221;90&#8243;][\/vc_column][\/vc_row][vc_row][vc_column][vc_column_text]<strong>Para m\u00e1s informaci\u00f3n sobre Zonas de actividad econ\u00f3mica, contacta con:<\/strong><\/p>\n<ul>\n<li><strong><u>Departamento de Desarrollo y Fondos Externos de la UMiG My\u015blenice<\/u><\/strong><br \/>\n32\u2013400 My\u015blenice<br \/>\nRynek 8\/9<br \/>\n<a href=\"mailto:info@myslenice.pl\">info@myslenice.pl<\/a><br \/>\ntel\u00e9fono: 0048 (12) 639-23-27<\/li>\n<li><strong><u>My\u015blenicka Agencja Rozwoju Gospodarczego Sp. zoo<\/u><\/strong><br \/>\n32-400 My\u015blenice<br \/>\nRynek 8\/9<br \/>\n<a href=\"mailto:marg@myslenice.pl\">marg@myslenice.pl<\/a><br \/>\ntel\u00e9fono: 0048 (12) 274-43-43<\/li>\n<\/ul>\n<p><strong>Para m\u00e1s informaci\u00f3n sobre Turismo y recreaci\u00f3n<\/strong><\/p>\n<ul>\n<li><strong>Departamento de Promoci\u00f3n, Cooperaci\u00f3n, Deporte y Cultura de la UMiG My\u015blenice<\/strong><br \/>\n32\u2013400 My\u015blenice<br \/>\nRynek 8\/9<br \/>\n<a href=\"mailto:info@myslenice.pl\">info@myslenice.pl<\/a><br \/>\ntel\u00e9fono: 0048 (12) 639-23-09<\/li>\n<\/ul>\n<p>[\/vc_column_text][vc_column_text]<strong>Las entidades que han invertido en nuestras Zonas de Actividad Econ\u00f3mica son las siguientes:<\/strong><\/p>\n<ul>\n<li>COOPER STANDARD AUTOMOTIVE Polska sp. z o.o.<\/li>\n<li>POLPLAST Polska sp. z o.o.<\/li>\n<li>EUROSASH CASH&amp;CARRY<\/li>\n<li>JUTAX sp. z o.o. SKA<\/li>\n<li>POLWELL Polska sp. z o.o.<\/li>\n<li>BEPCO POLSKA sp. z o.o.<\/li>\n<li>FEASE Sp. z o.o., sp kom.<\/li>\n<li>ZELVO<\/li>\n<li>PFH EKOPOLDEX<\/li>\n<li>DREWMAT sp. z o.o.<\/li>\n<li>SOLUS TrailerParts sp.j.<\/li>\n<li>BLACHOTRAPEZ sp. z o.o.<\/li>\n<li>Fabryka Mebli RY\u015a<\/li>\n<li>EUROWIA POLSKA SA<\/li>\n<li>ZETA sp. z o.o.<\/li>\n<li>WIECH Fabryka Front\u00f3w Meblowych sp.j.<\/li>\n<li>AACOLOR sp. z o.o.<\/li>\n<li>BAHLSEN POLSKA sp. z o.o., sp kom.<\/li>\n<li>MAX KUCHNIE<\/li>\n<\/ul>\n<p>[\/vc_column_text][\/vc_column][\/vc_row][vc_row][vc_column][vc_separator color=&#8221;sky&#8221; el_width=&#8221;90&#8243;][\/vc_column][\/vc_row][vc_row][vc_column][vc_media_grid element_width=&#8221;3&#8243; grid_id=&#8221;vc_gid:1635419485059-af44a326-590f-3&#8243; include=&#8221;261,262,263,264,265,266,267,268,269,270,271,272,273,274,275,276,277,278,279,280,281,282,283,284,285,286,287,288&#8243;][\/vc_column][\/vc_row]<\/p>\n","protected":false},"excerpt":{"rendered":"<p>[vc_row][vc_column css=&#8221;.vc_custom_1632482563487{margin-top: 20px !important;}&#8221;][\/vc_column][\/vc_row][vc_row][vc_column width=&#8221;1\/4&#8243;][vc_single_image image=&#8221;258&#8243; img_size=&#8221;182&#215;200&#8243; alignment=&#8221;center&#8221;][\/vc_column][vc_column width=&#8221;3\/4&#8243;][vc_column_text] Comuna de My\u015blenice 32-400 My\u015blenice ul. Rynek 8\/9 www.myslenice.pl Correo electr\u00f3nico: info@myslenice.pl tel\u00e9fono: 0048 (12) 639-23-00 fax.<\/p>\n","protected":false},"author":1,"featured_media":0,"parent":568,"menu_order":0,"comment_status":"closed","ping_status":"closed","template":"","meta":{"footnotes":""},"class_list":["post-559","page","type-page","status-publish","hentry"],"lang":"es","translations":{"es":559,"pl":93,"en":577,"de":609,"fr":660},"pll_sync_post":[],"_links":{"self":[{"href":"https:\/\/inwestujwmalopolsce.eu\/index.php?rest_route=\/wp\/v2\/pages\/559","targetHints":{"allow":["GET"]}}],"collection":[{"href":"https:\/\/inwestujwmalopolsce.eu\/index.php?rest_route=\/wp\/v2\/pages"}],"about":[{"href":"https:\/\/inwestujwmalopolsce.eu\/index.php?rest_route=\/wp\/v2\/types\/page"}],"author":[{"embeddable":true,"href":"https:\/\/inwestujwmalopolsce.eu\/index.php?rest_route=\/wp\/v2\/users\/1"}],"replies":[{"embeddable":true,"href":"https:\/\/inwestujwmalopolsce.eu\/index.php?rest_route=%2Fwp%2Fv2%2Fcomments&post=559"}],"version-history":[{"count":1,"href":"https:\/\/inwestujwmalopolsce.eu\/index.php?rest_route=\/wp\/v2\/pages\/559\/revisions"}],"predecessor-version":[{"id":560,"href":"https:\/\/inwestujwmalopolsce.eu\/index.php?rest_route=\/wp\/v2\/pages\/559\/revisions\/560"}],"up":[{"embeddable":true,"href":"https:\/\/inwestujwmalopolsce.eu\/index.php?rest_route=\/wp\/v2\/pages\/568"}],"wp:attachment":[{"href":"https:\/\/inwestujwmalopolsce.eu\/index.php?rest_route=%2Fwp%2Fv2%2Fmedia&parent=559"}],"curies":[{"name":"wp","href":"https:\/\/api.w.org\/{rel}","templated":true}]}}