{"id":564,"date":"2021-10-28T13:36:51","date_gmt":"2021-10-28T11:36:51","guid":{"rendered":"https:\/\/inwestujwmalopolsce.eu\/?page_id=564"},"modified":"2021-10-28T13:39:49","modified_gmt":"2021-10-28T11:39:49","slug":"polonia-menor","status":"publish","type":"page","link":"https:\/\/inwestujwmalopolsce.eu\/?page_id=564&lang=es","title":{"rendered":"Polonia Menor"},"content":{"rendered":"<p>[vc_row][vc_column css=&#8221;.vc_custom_1632567582812{margin-top: 20px !important;}&#8221;][\/vc_column][\/vc_row][vc_row][vc_column width=&#8221;1\/4&#8243;][vc_single_image image=&#8221;390&#8243; img_size=&#8221;181&#215;200&#8243; alignment=&#8221;center&#8221;][\/vc_column][vc_column width=&#8221;3\/4&#8243;][vc_column_text]<\/p>\n<h4 style=\"text-align: center;\">Polonia Menor<\/h4>\n<p style=\"text-align: center;\">Oficina del Mariscal del Voivodato de Polonia Menor<br \/>\n31-156 Cracovia<br \/>\nul. Basztowa 22<br \/>\ntel\u00e9fono: 0048 (12) 630-33-33<br \/>\n<a href=\"https:\/\/www.malopolska.pl\/\">www.malopolska.pl<\/a><br \/>\nCorreo electr\u00f3nico: urzad@umwm.malopolska.pl<\/p>\n<p>[\/vc_column_text][\/vc_column][\/vc_row][vc_row][vc_column][vc_separator color=&#8221;sky&#8221; el_width=&#8221;90&#8243;][\/vc_column][\/vc_row][vc_row][vc_column width=&#8221;2\/3&#8243;][vc_column_text]<\/p>\n<p class=\"P68B1DB1-Normalny1\" style=\"text-align: justify; line-height: normal; background: white; vertical-align: baseline;\">El voivodato de Polonia Menor est\u00e1 situado en el sur de Polonia y limita con Eslovaquia al sur. Dentro del pa\u00eds, tiene frontera con tres voivodatos: Silesia, \u015awi\u0119tokrzyskie y Podkarpackie. La capital del voivodato es Cracovia. Polonia Menor cubre un \u00e1rea de casi 15.200 km\u00b2 y est\u00e1 habitada por 3.4 millones de habitantes. Es una de las regiones tur\u00edsticas m\u00e1s atractivas del pa\u00eds.<\/p>\n<p>[\/vc_column_text][vc_column_text]<\/p>\n<h5 style=\"text-align: center;\">Polonia Menor: \u00fanica y extraordinaria<\/h5>\n<p>Resuena con el toque de corneta de Cracovia y las notas de la m\u00fasica encantada en la madera de las viejas casas de campo, las mansiones y los templos, bulle con las aguas espumosas del r\u00edo Dunajec, encanta con las esculturas de sal en las profundidades de las minas y con la belleza de los castillos, fascina con la leyenda de los Tatra, sabe con el vino y la comida regional.<\/p>\n<p>Adem\u00e1s de innumerables atracciones, monumentos y sitios culturales, Polonia Menor es sobre todo un voivodato en plleno desarrollo, dotado de s\u00f3lidos cimientos que ofrecen la oportunidad de un crecimiento econ\u00f3mico a largo plazo. Para los empresarios, esto significa un entorno de desarrollo din\u00e1mico y competitivo. Por tanto, no es casualidad que las empresas globales (entre otras, Google, Cisco, Motorola, Shell, Rolls Royce, Philip Morris, Lufthansa, Delphi, R.R. Donnelley, Coca \u2013 Cola, Heineken), invirtieron en esta regi\u00f3n.<\/p>\n<p>El voivodato de Polonia Menor tiene un considerable potencial social y econ\u00f3mico a escala polaca. Polonia Menor produce un 8,1 por ciento del PIB del pa\u00eds y se caracteriza por un alto nivel de crecimiento econ\u00f3mico. M\u00e1s de 370.000 empresas operan en la regi\u00f3n, gracias a lo cual Polonia Menor lleva a\u00f1os encabezando las clasificaciones nacionales de atractivo para la inversi\u00f3n. Sin embargo, la lista de las ventajas de nuestra regi\u00f3n es a\u00fan m\u00e1s larga. Por encima de todo, Polonia Menor ha ofrecido empleo a casi 1,4 millones de personas, entre las que se encuentran empleados perfectamente formados y graduados en algunas de las mejores universidades polacas. Esto, por supuesto, se traduce en innovaci\u00f3n, que cuenta con el apoyo activo del sector de la alta tecnolog\u00eda, las instituciones de I+D y las empresas que promueven soluciones innovadoras. El voivodato debe su gran potencial cient\u00edfico a los centros de investigaci\u00f3n y las universidades locales. Todo esto se combina con una infraestructura de comunicaciones bien desarrollada y la apertura a los mercados extranjeros, a los que Polonia Menor tiene mucho que ofrecer: contamos con el mayor mercado de servicios empresariales modernos.[\/vc_column_text][\/vc_column][vc_column width=&#8221;1\/3&#8243;][vc_single_image image=&#8221;391&#8243; img_size=&#8221;full&#8221; alignment=&#8221;center&#8221;][\/vc_column][\/vc_row][vc_row][vc_column][vc_separator color=&#8221;sky&#8221; el_width=&#8221;90&#8243;][\/vc_column][\/vc_row][vc_row][vc_column][vc_column_text]<\/p>\n<h5>Turismo<\/h5>\n<p>Polonia Menor es una de las regiones tur\u00edsticas m\u00e1s atractivas de Polonia y una de las m\u00e1s visitadas, tanto por turistas nacionales como extranjeros. Esto viene confirmado por los estudios c\u00edclicos sobre el turismo realizados por el gobierno aut\u00f3nomo del voivodato. Es m\u00e1s, se est\u00e1 observando una tendencia al alza de a\u00f1o en a\u00f1o.<\/p>\n<p>Lo que atrae a los turistas a Polonia Menor es, sin duda, el singular patrimonio cultural y natural de la regi\u00f3n, pero tambi\u00e9n la rica, variada y a menudo poco convencional oferta tur\u00edstica, la multitud de eventos culturales, la tradici\u00f3n a\u00fan viva, as\u00ed como la deliciosa gastronom\u00eda.<\/p>\n<p>Todos estos elementos hacen que el turismo tenga una importancia excepcional para el gobierno del voivodato. Por ello, cada a\u00f1o se emprenden iniciativas para desarrollar y mejorar los productos tur\u00edsticos, mejorar la calidad de los servicios tur\u00edsticos y promover la oferta tur\u00edstica de la regi\u00f3n.<\/p>\n<h5>Ventajas del Voivodato de Polonia Menor<\/h5>\n<ul>\n<li>Alto atractivo para la inversi\u00f3n<\/li>\n<li>Buena comunicaci\u00f3n<\/li>\n<li>Apertura a los mercados exteriores<\/li>\n<li>Innovaci\u00f3n: la presencia del sector de alta tecnolog\u00eda, instituciones de investigaci\u00f3n y desarrollo, universidades y empresas innovadoras.<\/li>\n<li>Gran potencial cient\u00edfico y de investigaci\u00f3n de las universidades y centros de investigaci\u00f3n<\/li>\n<li>Red de servicios bancarios bien desarrollada<\/li>\n<li>Recursos naturales<\/li>\n<\/ul>\n<p>[\/vc_column_text][\/vc_column][\/vc_row][vc_row][vc_column][vc_separator color=&#8221;sky&#8221; el_width=&#8221;90&#8243;][\/vc_column][\/vc_row][vc_row][vc_column][vc_column_text]<\/p>\n<h5>Acciones innovadoras<\/h5>\n<p>Polonia Menor ocupa el tercer lugar del pa\u00eds tanto en t\u00e9rminos de invenciones presentadas como de patentes concedidas. Sin embargo, <strong>es un l\u00edder en t\u00e9rminos de patentes concedidas por mill\u00f3n de habitantes <\/strong>(2018). La regi\u00f3n cuenta con casi 600 entidades dedicadas a actividades de investigaci\u00f3n y desarrollo, lo que supone el tercer resultado m\u00e1s alto del pa\u00eds y se traduce en el segundo lugar en t\u00e9rminos de poblaci\u00f3n. Adem\u00e1s, hay aprox. 15 iniciativas de cl\u00fasteres econ\u00f3micos, que incluyen Klaster LifeScience Krakow y Klaster Zr\u00f3wnowa\u017cona Infrastruktura, con el estado de Cl\u00fasteres nacionales clave. Empresas como ABB, Aptiv, Motorola, CH2MHill o Ericpol han elegido Cracovia como lugar para desarrollar sus actividades de I+D. Los resultados de los trabajos de investigaci\u00f3n y desarrollo realizados en instituciones cient\u00edficas y unidades de I+D se comercializan gracias a los Centros de Transferencia de Tecnolog\u00eda universitarios y no universitarios y a otros centros de innovaci\u00f3n. El voivodato est\u00e1 implementando <strong>el proyecto SPIN<\/strong> (Polonia Menor Centrum Transferu Wiedzy Wsparcie dla Przedsi\u0119biorc\u00f3w), en el que la cooperaci\u00f3n entre las empresas y las universidades tiene lugar en los Centros de Transferencia de Conocimiento, modelos bien establecidos y eficaces de cooperaci\u00f3n intersectorial y regional.<\/p>\n<h5>Buena comunicaci\u00f3n<\/h5>\n<p>En el voivodato de Polonia Menor, cuya superficie total es de 15.183 km2, hay 61 ciudades, incluidas 3 ciudades con estatus de distrito: Cracovia, Tarn\u00f3w y Nowy S\u0105cz. El \u00e1rea se dividi\u00f3 en 22 distritos y 182 comunas.<\/p>\n<p>Polonia Menor tiene una infraestructura de transporte muy desarrollada. La autopista A4 m\u00e1s larga de Polonia, 672 km de longitud, y el principal corredor de tr\u00e1nsito de Europa Occidental a Ucrania, el CORRIDOR III, atraviesa el voivodato. El aeropuerto internacional Juan Pablo II de Cracovia-Balice. est\u00e1 en el centro del voivodato. En 2019 se gestionaron un total de 8.410.817 pasajeros, un 24% m\u00e1s que en 2018, o 1.641.448 pasajeros m\u00e1s que en el a\u00f1o anterior.<\/p>\n<p>La capacidad diaria del terminal de carga es de 35 toneladas. El aeropuerto ofreci\u00f3 conexiones con la mayor\u00eda de las principales ciudades de Europa Central y Occidental en 2019 y 2020 r. &#8211; 150 conexiones regulares con 114 destinos en 32 pa\u00edses. Cracovia tiene conexiones internacionales directas con ciudades como Chicago, Dubai, Par\u00eds, Londres, Praga, Budapest, Viena, Lviv y Grodno<\/p>\n<p><strong>Infraestructura ferroviaria<\/strong>\u00a0<strong>&#8211;<\/strong>\u00a0L\u00ednea ferroviaria principal E30 (parte del corredor transeuropeo TINA III). La regi\u00f3n de Polonia Menor est\u00e1 atravesada por 1.019,929 km de l\u00edneas ferroviarias, que incluyen 171,201 km de l\u00edneas principales, 603,603 km de l\u00edneas primarias, 201,449 km de l\u00edneas secundarias y 43,676 km de l\u00edneas locales.[\/vc_column_text][\/vc_column][\/vc_row][vc_row][vc_column][vc_separator color=&#8221;sky&#8221; el_width=&#8221;90&#8243;][\/vc_column][\/vc_row][vc_row][vc_column][vc_column_text]<\/p>\n<h5>Disponibilidad de personal bien formado<\/h5>\n<p>Polonia Menor se caracteriza por un alto potencial educativo y de investigaci\u00f3n de la educaci\u00f3n superior. En el voivodato existen 29 universidades, lo que representa el 7,1% de todas las universidades de Polonia. En el voivodato existen 29 universidades, lo que representa el 7,1% de todas las universidades de Polonia. Casi el 65% de los j\u00f3venes de 19 a 24 a\u00f1os de Polonia Menor son estudiantes (\u00a1150.000!), que es la tercera cifra m\u00e1s alta del pa\u00eds. Adem\u00e1s, m\u00e1s del 1,7% de los residentes de la regi\u00f3n cursan estudios de doctorado, lo que supone la segunda cifra m\u00e1s alta del pa\u00eds y se traduce en 6.000 personas. 17.000 personas trabajan a tiempo completo en I+D, puestos de los cuales m\u00e1s del 60% corresponden al sector empresarial.<\/p>\n<h5>Potencial econ\u00f3mico de Polonia Menor<\/h5>\n<p>El voivodato de Polonia Menor tiene un considerable potencial social y econ\u00f3mico a escala del pa\u00eds. La poblaci\u00f3n del voivodato de Polonia Menor en junio de 2019 superaba los 3,4 millones de habitantes. M\u00e1s de 412.000 entidades empresariales operan en Polonia Menor (febrero de 2020). La regi\u00f3n de Polonia Menor es una regi\u00f3n \u00fanica en Polonia en cuanto a la variedad de yacimientos minerales, que incluyen: petr\u00f3leo crudo, gas natural, azufre, yeso, zinc, plomo, arenisca, piedra caliza, hulla, sal de roca, aguas minerales y geot\u00e9rmicas.<\/p>\n<p>En Polonia Menor existen condiciones favorables para el desarrollo de los sectores de la alta tecnolog\u00eda, la automoci\u00f3n, el turismo y el BPO, principalmente gracias al alto potencial de investigaci\u00f3n y educaci\u00f3n del voivodato, en particular en relaci\u00f3n con la educaci\u00f3n superior, as\u00ed como las instalaciones cient\u00edficas apropiadas, la disponibilidad de personal de ingenier\u00eda y mano de obra cualificada, y las condiciones naturales, ambientales y clim\u00e1ticas favorables.<\/p>\n<p>Las empresas extranjeras como Motorola, MAN, Delphi, Valeo, IBM, Electrolux, Philip Morris, Shell, Capgemini y Mabuchi han confiado en Polonia Menor.<\/p>\n<p>La inversi\u00f3n extranjera directa realizada en la regi\u00f3n entre 1989 y 2017 super\u00f3 los 23.200 millones USD, alcanzando los 1.300 millones solo en 2017. Polonia Menor ocupa el sexto lugar en cuanto a estrategia de atracci\u00f3n de IED &#8211; &#8222;Ciudades y regiones europeas del futuro 2018\/2019&#8243; fuente: fDi Intelligence<\/p>\n<p>En las clasificaciones de las ubicaciones m\u00e1s deseables para los modernos centros de servicios empresariales, Cracovia ocupa las primeras posiciones tanto en Europa como en el resto del mundo. BPO es actualmente el sector de m\u00e1s r\u00e1pido crecimiento en Polonia. Hay alrededor de 150 centros de BPO en Cracovia en los cuales trabajan casi 70.000 personas. Empresas tales como Zurich Insurance, Uber, Ailleron, Red Stack Tech, Symphony, Architech, Pearson, Global Logic, Azimo, Lowcosttravel Group, IG Group, Cathay Pacific e International Airline Group han decidido recientemente establecer su sede en Cracovia.[\/vc_column_text][\/vc_column][\/vc_row][vc_row][vc_column][vc_separator color=&#8221;sky&#8221; el_width=&#8221;90&#8243;][\/vc_column][\/vc_row][vc_row][vc_column][vc_column_text]<\/p>\n<h5>Invitamos a los inversores interesados en operar en la regi\u00f3n a cooperar con nosotros.<\/h5>\n<h5>Ofrecemos:<\/h5>\n<ul>\n<li>la elaboraci\u00f3n de estudios especializados sobre la econom\u00eda regional;<\/li>\n<li>el acceso a la base de datos de ofertas inmobiliarias de inversi\u00f3n en Polonia Menor;<\/li>\n<li>la asistencia en contactos con la administraci\u00f3n local;<\/li>\n<li>la informaci\u00f3n sobre la oferta de inversiones posibles en el voivodato;<\/li>\n<li>la informaci\u00f3n sobre ayudas p\u00fablicas a inversores, zonas de inversi\u00f3n, fondos y subvenciones de la UE;<\/li>\n<li>la consultor\u00eda en materia de contrataci\u00f3n de empleados, contacto con universidades, procedimientos legales y administrativos;<\/li>\n<li>la promoci\u00f3n de proyectos de inversi\u00f3n.<\/li>\n<\/ul>\n<p>Las zonas de actividad econ\u00f3mica en Polonia Menor son una excelente fuente de apoyo para los inversores; se trata de \u00e1reas destinadas a la inversi\u00f3n y que corresponden a las necesidades de los posibles inversores, establecidas por las autoridades locales. Estas zonas tienen una importancia clave para el aumento del nivel de inversi\u00f3n comercial, aumentan significativamente el atractivo de la regi\u00f3n, desarrollan el esp\u00edritu empresarial y crean nuevos puestos de trabajo. Los ayuntamientos, al notar los efectos positivos de estas zonas, fusionan nuevas \u00e1reas, construyen infraestructuras t\u00e9cnicas y cambian la designaci\u00f3n de los terrenos en el plan de desarrollo espacial local, gracias a lo cual el n\u00famero de zonas de actividad econ\u00f3mica crece constantemente.<\/p>\n<p>Las zonas difieren en tama\u00f1o, infraestructura y gesti\u00f3n. Con el tiempo, las Zonas Econ\u00f3micas Especiales se transformar\u00e1n en zonas de actividad econ\u00f3mica.<\/p>\n<p>A d\u00eda de hoy hay 26 zonas de actividad econ\u00f3mica en Polonia Menor. Para m\u00e1s informaci\u00f3n, consulta:<\/p>\n<p><a href=\"https:\/\/www.malopolska.pl\/biznes\/gospodarka\/tereny-inwestycyjne-i-strefy-gospodarcze\/strefy-aktywnosci-gospodarczej-w-malopolsce-1\" target=\"_blank\" rel=\"noopener\">https:\/\/www.malopolska.pl\/biznes\/gospodarka\/tereny-inwestycyjne-i-strefy-gospodarcze\/strefy-aktywnosci-gospodarczej-w-malopolsce-1<\/a><\/p>\n<p>En Polonia Menor, el Centro Regional de Asistencia al Inversor es el Centro de Business in Polonia Menor ubicado en el Parque Tecnol\u00f3gico de Cracovia.<\/p>\n<p>El Parque Tecnol\u00f3gico de Cracovia es una one-stop-shop de negocios m\u00e1s integral de Polonia. Dispone de una completa gama de herramientas para ayudar a las empresas a crecer mejor y m\u00e1s r\u00e1pido. El ecosistema que se ha construido incluye alrededor de 350 empresas. El Parque Tecnol\u00f3gico de Cracovia las apoya en la cuanto a la contrucci\u00f3n de las mejores condiciones posibles para el desarrollo de negocios y el crecimiento de ventas.<\/p>\n<p>Es un instrumento a trav\u00e9s del cual se puede obtener un cr\u00e9dito fiscal por realizar una nueva inversi\u00f3n. Las ayudas se conceden a las empresas del sector industrial y de servicios modernos.<\/p>\n<p>M\u00e1s informaci\u00f3n en: <a href=\"https:\/\/www.kpt.krakow.pl\/\" target=\"_blank\" rel=\"noopener\">https:\/\/www.kpt.krakow.pl\/<\/a>\u00a0(<a href=\"https:\/\/www.kpt.krakow.pl\/en\/\" target=\"_blank\" rel=\"noopener\">https:\/\/www.kpt.krakow.pl\/en\/<\/a>) y <a href=\"https:\/\/businessinmalopolska.pl\/en\/\" target=\"_blank\" rel=\"noopener\">https:\/\/businessinmalopolska.pl\/en\/<\/a><\/p>\n<p>La Zona de Inversi\u00f3n Polaca (Polska Strefa Inwestycji o PSI) es una forma de apoyo a las empresas que prev\u00e9n la realizaci\u00f3n de nuevas inversiones.<\/p>\n<p>La nueva inversi\u00f3n bajo el PSI permite la exenci\u00f3n del impuesto sobre la renta por un per\u00edodo de 12 o 15 a\u00f1os.<\/p>\n<p>La inversi\u00f3n se puede realizar en todo tipo de terreno (privado y p\u00fablico).<\/p>\n<p>El importe de la ayuda p\u00fablica (exenci\u00f3n fiscal) se calcula en funci\u00f3n del desembolso de inversi\u00f3n realizado por el empresario para la realizaci\u00f3n de un nuevo proyecto o del coste de dos a\u00f1os de los puestos de trabajo reci\u00e9n creados.<\/p>\n<p>Renta exenta de impuestos<\/p>\n<p>El apoyo se concede en forma de exenci\u00f3n del impuesto sobre la renta y en relaci\u00f3n con la implementaci\u00f3n de una nueva inversi\u00f3n. La desgravaci\u00f3n fiscal constituye una ayuda a la inversi\u00f3n regional.<\/p>\n<p>El l\u00edmite de exenci\u00f3n del impuesto sobre la renta se calcula como un porcentaje de:<\/p>\n<ul>\n<li>el costo de una nueva inversi\u00f3n (desembolsos), o<\/li>\n<li>el coste de dos a\u00f1os de los puestos de trabajo reci\u00e9n creados.<\/li>\n<\/ul>\n<p>El porcentaje de ayuda p\u00fablica (es decir, la &#8222;intensidad&#8221; de la ayuda) depende del tama\u00f1o del la entidad inversora y de la ubicaci\u00f3n seleccionada.<\/p>\n<p>El impuesto reducido puede disfrutarse durante 12 a\u00f1os hasta que se alcance el l\u00edmite de exenci\u00f3n. El n\u00famero de a\u00f1os depende de la ubicaci\u00f3n seleccionada.<\/p>\n<p>Las condiciones detalladas para una ubicaci\u00f3n determinada se pueden consultar en <a href=\"https:\/\/www.biznes.gov.pl\/pl\/inwestycje\/mapa-polskiej-strefy-inwestycji\" target=\"_blank\" rel=\"noopener\">Mapa de la zona de inversi\u00f3n polaca<\/a>:<\/p>\n<p><a href=\"https:\/\/www.biznes.gov.pl\/pl\/inwestycje\/mapa-polskiej-strefy-inwestycji?woj=malopo%C5%82skie\" target=\"_blank\" rel=\"noopener\">https:\/\/www.biznes.gov.pl\/pl\/inwestycje\/mapa-polskiej-strefy-inwestycji?woj=malopo\u0142skie<\/a>[\/vc_column_text][\/vc_column][\/vc_row]<\/p>\n","protected":false},"excerpt":{"rendered":"<p>[vc_row][vc_column css=&#8221;.vc_custom_1632567582812{margin-top: 20px !important;}&#8221;][\/vc_column][\/vc_row][vc_row][vc_column width=&#8221;1\/4&#8243;][vc_single_image image=&#8221;390&#8243; img_size=&#8221;181&#215;200&#8243; alignment=&#8221;center&#8221;][\/vc_column][vc_column width=&#8221;3\/4&#8243;][vc_column_text] Polonia Menor Oficina del Mariscal del Voivodato de Polonia Menor 31-156 Cracovia ul. Basztowa 22 tel\u00e9fono: 0048<\/p>\n","protected":false},"author":1,"featured_media":0,"parent":568,"menu_order":0,"comment_status":"closed","ping_status":"closed","template":"","meta":{"footnotes":""},"class_list":["post-564","page","type-page","status-publish","hentry"],"lang":"es","translations":{"es":564,"pl":99,"fr":648},"pll_sync_post":[],"_links":{"self":[{"href":"https:\/\/inwestujwmalopolsce.eu\/index.php?rest_route=\/wp\/v2\/pages\/564","targetHints":{"allow":["GET"]}}],"collection":[{"href":"https:\/\/inwestujwmalopolsce.eu\/index.php?rest_route=\/wp\/v2\/pages"}],"about":[{"href":"https:\/\/inwestujwmalopolsce.eu\/index.php?rest_route=\/wp\/v2\/types\/page"}],"author":[{"embeddable":true,"href":"https:\/\/inwestujwmalopolsce.eu\/index.php?rest_route=\/wp\/v2\/users\/1"}],"replies":[{"embeddable":true,"href":"https:\/\/inwestujwmalopolsce.eu\/index.php?rest_route=%2Fwp%2Fv2%2Fcomments&post=564"}],"version-history":[{"count":1,"href":"https:\/\/inwestujwmalopolsce.eu\/index.php?rest_route=\/wp\/v2\/pages\/564\/revisions"}],"predecessor-version":[{"id":565,"href":"https:\/\/inwestujwmalopolsce.eu\/index.php?rest_route=\/wp\/v2\/pages\/564\/revisions\/565"}],"up":[{"embeddable":true,"href":"https:\/\/inwestujwmalopolsce.eu\/index.php?rest_route=\/wp\/v2\/pages\/568"}],"wp:attachment":[{"href":"https:\/\/inwestujwmalopolsce.eu\/index.php?rest_route=%2Fwp%2Fv2%2Fmedia&parent=564"}],"curies":[{"name":"wp","href":"https:\/\/api.w.org\/{rel}","templated":true}]}}