{"id":577,"date":"2021-11-27T11:13:40","date_gmt":"2021-11-27T10:13:40","guid":{"rendered":"https:\/\/inwestujwmalopolsce.eu\/?page_id=577"},"modified":"2021-11-27T11:56:14","modified_gmt":"2021-11-27T10:56:14","slug":"the-municipality-of-myslenice","status":"publish","type":"page","link":"https:\/\/inwestujwmalopolsce.eu\/?page_id=577&lang=en","title":{"rendered":"The Municipality of My\u015blenice"},"content":{"rendered":"<p>[vc_row][vc_column css=&#8221;.vc_custom_1632482563487{margin-top: 20px !important;}&#8221;][\/vc_column][\/vc_row][vc_row][vc_column width=&#8221;1\/4&#8243;][vc_single_image image=&#8221;258&#8243; img_size=&#8221;182&#215;200&#8243; alignment=&#8221;center&#8221;][\/vc_column][vc_column width=&#8221;3\/4&#8243;][vc_column_text]<\/p>\n<h4 style=\"text-align: center;\">The Municipality of My\u015blenice<\/h4>\n<p style=\"text-align: center;\">32-400 My\u015blenice<br \/>\nul. Rynek 8\/9<br \/>\n<a href=\"https:\/\/myslenice.pl\/\" target=\"_blank\" rel=\"noopener\">www.myslenice.pl<\/a><br \/>\ne-mail: <a href=\"mailto:info@myslenice.pl\" target=\"_blank\" rel=\"noopener\">info@myslenice.pl<\/a><br \/>\ntel.: (12) 639-23-00<br \/>\nfax. (12) 639-23-05<\/p>\n<p>[\/vc_column_text][\/vc_column][\/vc_row][vc_row][vc_column][vc_separator color=&#8221;sky&#8221; el_width=&#8221;90&#8243; css=&#8221;.vc_custom_1632482610548{margin-top: -50px !important;margin-bottom: -50px !important;}&#8221;][\/vc_column][\/vc_row][vc_row][vc_column][vc_column_text]<strong>The Municipality of My\u015blenice<\/strong> is located in the south-central part of the Lesser Poland Voivodeship, 30 km from Cracow. It belongs entirely to the Cracow Metropolitan Area, which strongly determines a number of its development conditions. As such, in the next 10 years My\u015blenice is listed alongside Krak\u00f3w, Niepo\u0142omice, Wieliczka, Bochnia and Dobczyce as the centre with the highest development potential in Lesser Poland.<\/p>\n<p>My\u015blenice has an excellent location, as the E 77 road, of international importance, popularly known as &#8222;Zakopianka&#8221;, runs through the municipality. It leads from Cracow to the border crossings in Chy\u017cne and \u0141ysa Polana. And just 35km from the centre of My\u015blenice is Poland&#8217;s second largest airport, the John Paul II Airport in Balice. Provincial road No. 967, leading to \u0141apczyca (direction Tarn\u00f3w), also begins here. Another important aspect is the proximity to Cracow and all the benefits of a large agglomeration, academic background, access to new technologies, effective and substantive team of officials and experience in cooperation with investors. To increase the attractiveness of the city as a good place to live and invest, the authorities of My\u015blenice and the surrounding communes have joined the &#8222;Railway Plus&#8221; programme &#8211; a railway connection to Cracow, which will definitely improve the comfort and safety of travelling, and the city will gain a smooth and fast railway connection to Cracow. The local government is also carrying out major investments in the expansion and modernisation of road infrastructure, taking into account the location of Jawornik\/Polanka investment areas.<\/p>\n<p>The borough occupies an area of 153.7 km2 , with the town of My\u015blenice itself &#8211; 30.1 km2 . The area of the commune constitutes about 1% of the total area of Lesser Poland Voivodship (Ma\u0142opolskie Voivodship) and 22.8% of the area of My\u015blenice Poviat. In the group of urban-rural municipalities Myslenice Commune is the largest in the Lesser Poland Voivodeship. An important advantage of the commune is its relatively high forest cover, which amounts to 31.1% of the total area.[\/vc_column_text][vc_column_text]Apart from its economic advantages, My\u015blenice is also a tourist region and a city conducive to relaxation. The wonderful surroundings, the possibility of various forms of activity, the proximity of Cracow, Wieliczka or Zakopane are additional advantages. Basically, there is everything a tourist may expect and this at any time of the year. Walking and hiking in the spring, relaxing by the river in the summer, cycling trips in the autumn and skiing in the winter. There is something for everyone. The accommodation and catering facilities are developing all the time.<\/p>\n<p>The Municipality of My\u015blenice is surrounded by the Wieliczka Foothills which turn into gentle slopes descending towards the Raba Valley. From the south the basin is closed by the Beskid Makowski range. The town itself is situated at an altitude of 315 metres above sea level on the Raba River near Dobczyce Reservoir and is surrounded by the Dalin, Chelm and Uklejna Hills. The geological structure favours the formation of numerous deeply cut valleys. The main relief unit of the central area of the commune is the Raba Valley. Its length within the commune is approximately 10 km, the eastern section (about 4.5 km) is filled by the waters of the Dobczycki Reservoir. The Raba River basin comprises dozens of streams flowing down the northern and north-western slopes of the Lubomir and \u0141ysina Range and the southern slopes of the Wieliczka Foothills.<\/p>\n<p>The borough is visited by guests interested in fast and intensive active recreation (biking, hiking trails, skiing, etc.) on the one hand, and tourists seeking peace and quiet in the surrounding forests and places abounding in charming landscapes, on the other. There is a lot of interest in tourism in Myslenice among the residents of Cracow and Silesia agglomeration due to easy access and little time needed to get to the place of recreation.[\/vc_column_text][vc_column_text]My\u015blenice has a long-standing economic tradition. Small crafts, services and trade have been developing here for years. However, there are also large production plants, such as: Tele-Fonika Kable S.A., Fcase Sp. Z o.o. S.K.A. Cooper Standard Automotive Polska Sp.z o.o., Polplast Polska, KART Sp. z o.o., JUTAX Sp. z o.o. Sp\u00f3\u0142ka Komandytowo Akcyjna, Zeta (Jawornik), Meble Ry\u015b (Jawornik), HYDROLAND Basf &#8222;W\u0119dzonka&#8221; Zak\u0142ad Uboju i Przetw\u00f3rstwa Mi\u0119snego, &#8222;Gubad&#8221; Wzornictwo, Produkcja, Handel Sp. z o.o., Wyroby Hutnicze Grzegorz Gomulak i S-ka, Rejonowe Przedsi\u0119biorstwo Gospodarki Komunalnej Sp. z o.o, PPH &#8222;INTER-ZOO&#8221;, A high concentration of economic entities is observed along road No. 7. At the same time My\u015blenice along with other cities (Cracow, Brzesko, Bochnia, Krzeszowice, Skawina, Wieliczka and Chrzan\u00f3w) form the so-called Krakow Industrial District. The dominating centre of the district is Krakow, as the centre of the Krakow agglomeration, while smaller satellite centres are connected to the centre. Numerous branches of industry are represented here, including among others: food industry, sugar industry, brewing industry, metallurgy, smelting industry, chemical industry, electromechanical industry, printing industry, automotive industry.<\/p>\n<p>My\u015blenice municipality has a very large potential for business development. An important role in creating favourable conditions for business activity and attracting new investors to Myslenice are two industrial zones. These are: industrial zone &#8222;Jawornik\/Polanka&#8221; with investment area of 60 ha &#8211; all of it privately owned, and dynamically developing industrial zone &#8222;Dolne Przedmie\u015bcie&#8221; with area of 15,08 ha, which has been gradually equipped with necessary infrastructure and technical facilities since 2000, until comprehensive creation of investment offer meeting the expectations of the most demanding investors. In 2007, this area was included in the Katowice Special Economic Zone.[\/vc_column_text][vc_column_text]Approximately 600 jobs have been created in the Jaworniki zone so far, and nearly 800 people are employed in the &#8222;Dolne Przedmie\u015bcie&#8221; zone. The factory of Cooper Standard Automotive Polska Sp. z o.o, and the next investors were Polplast Polska Sp. z o.o and Agro Jan Produk Sp z o.o.<\/p>\n<p>Equally important in creating conditions for development of economic activity is the activity of business environment institutions and organisations of entrepreneurs, as well as the institutional system facilitating business activity, including offices, banks, etc. The most important institution with a wide spectrum of influence is My\u015blenicka Agencja Rozwoju Gospodarczego (MARG). It promotes and supports all economic initiatives that affect the development of the My\u015blenice region, e.g. by running a free Consultation Point for entrepreneurs, as well as serving branches of the Ma\u0142opolska Loan Fund (MFP) and the Ma\u0142opolska Loan Guarantee Fund and the Loan Fund of the Rabka Region Development Foundation.[\/vc_column_text][vc_column_text]Investors planning to set up an investment in the Myslenice commune may take advantage of CIT or PIT tax exemption, for a period of 12 years.<\/p>\n<p>The Polish Investment Zone (PSI) is a form of support for companies planning new investments.<\/p>\n<p>The investment can be located on all sites (private and public).<\/p>\n<p>The amount of public aid (tax exemption) is calculated on the basis of the amount of investment expenditures incurred by the entrepreneur for the implementation of a new project or two-year costs of newly created jobs.<\/p>\n<p>The minimum investment outlays are respectively:<\/p>\n<ul>\n<li>large company: 80 million PLN<\/li>\n<li>medium company: 16 million PLN<\/li>\n<li>small company: 4 million PLN<\/li>\n<li>micro company: 1.06 million PLN<\/li>\n<\/ul>\n<p>The municipality of My\u015blenice is constantly expanding its ability to attract investors and intensively cooperates with business environment institutions. In this regard, the commune joined programmes:<\/p>\n<ul>\n<li>Investor Assistance Standards in Ma\u0142opolska<\/li>\n<li>Power Up Your Business in Ma\u0142opolska<\/li>\n<\/ul>\n<p>[\/vc_column_text][\/vc_column][\/vc_row][vc_row][vc_column][vc_separator color=&#8221;sky&#8221; el_width=&#8221;90&#8243;][\/vc_column][\/vc_row][vc_row][vc_column][vc_column_text]<strong>Contact for Economic Activity Zones:<\/strong><\/p>\n<ul>\n<li><strong><u>Departament of Development and External Funds at the Minicipal Office of Infrastructure and Management in My\u015blenice<\/u><\/strong><br \/>\n32\u2013400 My\u015blenice<br \/>\nul. Rynek 8\/9<br \/>\n<a href=\"mailto:info@myslenice.pl\">info@myslenice.pl<\/a><br \/>\nphone: (12) 639-23-27<\/li>\n<li><strong><u>My\u015blenicka Agencja Rozwoju Gospodarczego Sp. z o.o.<\/u><\/strong><br \/>\n32-400 My\u015blenice<br \/>\nRynek 8\/9<br \/>\n<a href=\"mailto:marg@myslenice.pl\">marg@myslenice.pl<\/a><br \/>\nphone: (12) 274-43-43<\/li>\n<\/ul>\n<p><strong>Contact for Tourism and Recreation<\/strong><\/p>\n<ul>\n<li><strong>Departament for the Promotion of Cooperation in Sport and Culture Municipal Office in My\u015blenice<\/strong><br \/>\n32\u2013400 My\u015blenice<br \/>\nul. Rynek 8\/9<br \/>\n<a href=\"mailto:info@myslenice.pl\">info@myslenice.pl<\/a><br \/>\nphone: (12) 639-23-09<\/li>\n<\/ul>\n<p>[\/vc_column_text][vc_column_text]<strong>They have invested in or Economic Activity Zones:<\/strong><\/p>\n<ul>\n<li>COOPER STANDARD AUTOMOTIVE Polska sp. z o.o.<\/li>\n<li>POLPLAST Polska sp. z o.o.<\/li>\n<li>EUROSASH CASH&amp;CARRY<\/li>\n<li>JUTAX sp. z o.o. SKA<\/li>\n<li>POLWELL Polska sp. z o.o.<\/li>\n<li>BEPCO POLSKA sp. z o.o.<\/li>\n<li>FEASE Sp. z o.o., sp kom.<\/li>\n<li>ZELVO<\/li>\n<li>PFH EKOPOLDEX<\/li>\n<li>DREWMAT sp. z o.o.<\/li>\n<li>SOLUS TrailerParts sp.j.<\/li>\n<li>BLACHOTRAPEZ sp. z o.o.<\/li>\n<li>Fabryka Mebli RY\u015a<\/li>\n<li>EUROWIA POLSKA SA<\/li>\n<li>ZETA sp. z o.o.<\/li>\n<li>WIECH Fabryka Front\u00f3w Meblowych sp.j.<\/li>\n<li>AACOLOR sp. z o.o.<\/li>\n<li>BAHLSEN POLSKA sp. z o.o., sp kom.<\/li>\n<li>MAX KUCHNIE<\/li>\n<\/ul>\n<p>[\/vc_column_text][\/vc_column][\/vc_row][vc_row][vc_column][vc_separator color=&#8221;sky&#8221; el_width=&#8221;90&#8243;][\/vc_column][\/vc_row][vc_row][vc_column][vc_media_grid element_width=&#8221;3&#8243; grid_id=&#8221;vc_gid:1638007694054-6bb3a949-702b-0&#8243; include=&#8221;261,262,263,264,265,266,267,268,269,270,271,272,273,274,275,276,277,278,279,280,281,282,283,284,285,286,287,288&#8243;][\/vc_column][\/vc_row]<\/p>\n","protected":false},"excerpt":{"rendered":"<p>[vc_row][vc_column css=&#8221;.vc_custom_1632482563487{margin-top: 20px !important;}&#8221;][\/vc_column][\/vc_row][vc_row][vc_column width=&#8221;1\/4&#8243;][vc_single_image image=&#8221;258&#8243; img_size=&#8221;182&#215;200&#8243; alignment=&#8221;center&#8221;][\/vc_column][vc_column width=&#8221;3\/4&#8243;][vc_column_text] The Municipality of My\u015blenice 32-400 My\u015blenice ul. Rynek 8\/9 www.myslenice.pl e-mail: info@myslenice.pl tel.: (12) 639-23-00 fax. (12)<\/p>\n","protected":false},"author":1,"featured_media":0,"parent":582,"menu_order":0,"comment_status":"closed","ping_status":"closed","template":"","meta":{"footnotes":""},"class_list":["post-577","page","type-page","status-publish","hentry"],"lang":"en","translations":{"en":577,"es":559,"pl":93,"de":609,"fr":660},"pll_sync_post":[],"_links":{"self":[{"href":"https:\/\/inwestujwmalopolsce.eu\/index.php?rest_route=\/wp\/v2\/pages\/577","targetHints":{"allow":["GET"]}}],"collection":[{"href":"https:\/\/inwestujwmalopolsce.eu\/index.php?rest_route=\/wp\/v2\/pages"}],"about":[{"href":"https:\/\/inwestujwmalopolsce.eu\/index.php?rest_route=\/wp\/v2\/types\/page"}],"author":[{"embeddable":true,"href":"https:\/\/inwestujwmalopolsce.eu\/index.php?rest_route=\/wp\/v2\/users\/1"}],"replies":[{"embeddable":true,"href":"https:\/\/inwestujwmalopolsce.eu\/index.php?rest_route=%2Fwp%2Fv2%2Fcomments&post=577"}],"version-history":[{"count":2,"href":"https:\/\/inwestujwmalopolsce.eu\/index.php?rest_route=\/wp\/v2\/pages\/577\/revisions"}],"predecessor-version":[{"id":581,"href":"https:\/\/inwestujwmalopolsce.eu\/index.php?rest_route=\/wp\/v2\/pages\/577\/revisions\/581"}],"up":[{"embeddable":true,"href":"https:\/\/inwestujwmalopolsce.eu\/index.php?rest_route=\/wp\/v2\/pages\/582"}],"wp:attachment":[{"href":"https:\/\/inwestujwmalopolsce.eu\/index.php?rest_route=%2Fwp%2Fv2%2Fmedia&parent=577"}],"curies":[{"name":"wp","href":"https:\/\/api.w.org\/{rel}","templated":true}]}}