{"id":609,"date":"2021-12-29T12:05:20","date_gmt":"2021-12-29T11:05:20","guid":{"rendered":"https:\/\/inwestujwmalopolsce.eu\/?page_id=609"},"modified":"2021-12-29T12:05:20","modified_gmt":"2021-12-29T11:05:20","slug":"die-gemeinde-myslenice","status":"publish","type":"page","link":"https:\/\/inwestujwmalopolsce.eu\/?page_id=609&lang=de","title":{"rendered":"Die Gemeinde My\u015blenice"},"content":{"rendered":"<p>[vc_row][vc_column css=&#8221;.vc_custom_1632482563487{margin-top: 20px !important;}&#8221;][\/vc_column][\/vc_row][vc_row][vc_column width=&#8221;1\/4&#8243;][vc_single_image image=&#8221;258&#8243; img_size=&#8221;182&#215;200&#8243; alignment=&#8221;center&#8221;][\/vc_column][vc_column width=&#8221;3\/4&#8243;][vc_column_text]<\/p>\n<h4 style=\"text-align: center;\">Die Gemeinde My\u015blenice<\/h4>\n<p style=\"text-align: center;\">32-400 My\u015blenice<br \/>\nul. Rynek 8\/9<br \/>\n<a href=\"https:\/\/myslenice.pl\/\" target=\"_blank\" rel=\"noopener\">www.myslenice.pl<\/a><br \/>\ne-mail: <a href=\"mailto:info@myslenice.pl\" target=\"_blank\" rel=\"noopener\">info@myslenice.pl<\/a><br \/>\ntelefon: (12) 639-23-00<br \/>\nfax. (12) 639-23-05<\/p>\n<p>[\/vc_column_text][\/vc_column][\/vc_row][vc_row][vc_column][vc_separator color=&#8221;sky&#8221; el_width=&#8221;90&#8243; css=&#8221;.vc_custom_1632482610548{margin-top: -50px !important;margin-bottom: -50px !important;}&#8221;][\/vc_column][\/vc_row][vc_row][vc_column][vc_column_text]Die Gemeinde My\u015blenice liegt im s\u00fcdlich-zentralen Teil der Woiwodschaft Kleinpolen, 30 km von Krakau entfernt. Sie geh\u00f6rt vollst\u00e4ndig zur Krakauer Metropolregion [Krakowski Obszar Metropolitarny], was eine Reihe von Entwicklungsbedingungen stark beeinflusst. Aus diesem Grund wird My\u015blenice neben Krak\u00f3w, Niepo\u0142omice, Wieliczka, Bochnia und Dobczyce als das Zentrum mit dem gr\u00f6\u00dften Entwicklungspotenzial in Kleinpolen in den n\u00e4chsten 10 Jahren genannt.<\/p>\n<p>My\u015blenice hat eine hervorragende Lage, da die E 77, eine Stra\u00dfe von internationaler Bedeutung, die im Volksmund als &#8222;Zakopianka&#8221; bekannt ist, durch die Gemeinde f\u00fchrt. Sie f\u00fchrt von Krakau zu den Grenz\u00fcberg\u00e4ngen in Chy\u017cne und \u0141ysa Polana. Und nur 35 km vom Zentrum von My\u015blenice entfernt liegt der zweitgr\u00f6\u00dfte Flughafen Polens, der Flughafen Johannes Paul II. in Balice [polski port lotniczy im. Jana Paw\u0142a II w Balicach]. Hier beginnt auch die Woiwodschaftsstra\u00dfe Nr. 967, die nach \u0141apczyca (Richtung Tarn\u00f3w) f\u00fchrt. Ein weiterer wichtiger Aspekt ist die N\u00e4he zu Krakau und allen Vorteilen einer gro\u00dfen Agglomeration, der akademische Hintergrund, der Zugang zu neuen Technologien, ein effizientes und kompetentes Team von Beamten und die Erfahrung in der Zusammenarbeit mit Investoren.<\/p>\n<p>Um die Attraktivit\u00e4t der Stadt als Wohn- und Investitionsstandort zu erh\u00f6hen, haben sich die Beh\u00f6rden der Gemeinde My\u015blenice und der umliegenden Gemeinden dem Programm &#8222;Kolej Plus&#8221; angeschlossen &#8211; einer Bahnverbindung nach Krakau, die den Komfort und die Sicherheit des Reisens deutlich erh\u00f6hen wird, und die Stadt erh\u00e4lt eine reibungslose und schnelle Bahnverbindung nach Krakau. Die lokale Regierung t\u00e4tigt auch gro\u00dfe Investitionen in den Ausbau und die Modernisierung der Stra\u00dfeninfrastruktur, wobei die Lage der Investitionsgebiete Jawornik\/Polanka ber\u00fccksichtigt wird.<\/p>\n<p>Die Gemeinde erstreckt sich \u00fcber eine Fl\u00e4che von 153,7 km<sup>2<\/sup> , wobei allein die Stadt My\u015blenice 30,1 km<sup>2<\/sup> umfasst. Die Fl\u00e4che der Gemeinde macht etwa 1 % der Gesamtfl\u00e4che der Woiwodschaft Kleinpolen und 22,8 % der Fl\u00e4che des Kreises My\u015blenice aus. In der Gruppe der st\u00e4dtisch-l\u00e4ndlichen Gemeinden ist die Gemeinde My\u015blenice die gr\u00f6\u00dfte in der Woiwodschaft Kleinpolen. Ein wichtiger Vorteil der Gemeinde ist ihr relativ hoher Waldanteil von 31,1 % an der Gesamtfl\u00e4che.[\/vc_column_text][vc_column_text]Neben seinen wirtschaftlichen Vorteilen ist My\u015blenice auch eine touristische Region und eine Stadt, die der Freizeitgestaltung dient. Die wunderbare Umgebung, die M\u00f6glichkeit zu verschiedenen Aktivit\u00e4ten und die N\u00e4he zu Krakau, Wieliczka und Zakopane sind weitere Vorteile. Im Grunde genommen gibt es hier alles, was man sich als Tourist w\u00fcnschen kann, und das zu jeder Zeit des Jahres. Spazierg\u00e4nge und Wanderungen im Fr\u00fchling, Entspannung am Fluss im Sommer, Radfahren im Herbst und Skifahren im Winter. Es ist f\u00fcr jeden etwas dabei. Die Unterkunfts- und Verpflegungsm\u00f6glichkeiten entwickeln sich st\u00e4ndig weiter.<\/p>\n<p>Die Gemeinde ist von den H\u00fcgeln Dvon Pog\u00f3rze Wielickie umgeben, die in sanfte H\u00e4nge \u00fcbergehen, die zu dolina Raby hin abfallen. Das Becken wird im S\u00fcden durch das Beskid-Makowski-Gebirge abgeschlossen. Die Stadt selbst liegt auf einer H\u00f6he von 315 Metern \u00fcber dem Meeresspiegel am Fluss Raba in der N\u00e4he von Zalew Dobczy\u0144ski und ist von den Bergen Dalin, Che\u0142m und Uklejna umgeben. Die geologische Struktur beg\u00fcnstigt die Bildung zahlreicher tief eingeschnittener T\u00e4ler. Die Hauptreliefeinheit des zentralen Gemeindegebiets ist dolina Raby. Seine L\u00e4nge innerhalb der Gemeinde betr\u00e4gt ca. 10 km, der \u00f6stliche Teil (ca. 4,5 km) wird durch das Wasser von Zbiornik Dobczycki gef\u00fcllt. Das Einzugsgebiet der Raba besteht aus Dutzenden von B\u00e4chen, die an den n\u00f6rdlichen und nordwestlichen H\u00e4ngen von Pasmo Lubomir und \u0141ysina sowie an den s\u00fcdlichen H\u00e4ngen von Pog\u00f3rze Wielickie flie\u00dfen.<\/p>\n<p>My\u015blenice wird einerseits von G\u00e4sten besucht, die an schneller und intensiver aktiver Erholung (Radfahren, Wandern, Skifahren usw. ) interessiert sind, andererseits von Touristen, die die Ruhe der umliegenden W\u00e4lder und Orte mit reizvollen Landschaften suchen. Der Tourismus in Myslenice st\u00f6\u00dft bei den Bewohnern der Ballungsr\u00e4ume Krakau und Schlesien auf gro\u00dfes Interesse, da er mit \u00f6ffentlichen Verkehrsmitteln leicht zu erreichen ist und der Weg zum Erholungsort kurz ist.[\/vc_column_text][vc_column_text]My\u015blenice haben langj\u00e4hrige wirtschaftliche Traditionen. Handwerk, Dienstleistungen und Handel entwickeln sich hier seit Jahren. Es mangelt jedoch nicht an gro\u00dfen Produktionsst\u00e4tten wie Tele-Fonika Kable S.A., Fcase Sp. Z o.o. S.K.A. Cooper Standard Automotive Polska Sp.z o.o., Polplast Polska, KART Sp. z o.o., JUTAX Sp. z o.o. Sp\u00f3\u0142ka Komandytowo Akcyjna, Zeta (Jawornik), Meble Ry\u015b (Jawornik), HYDROLAND Basf \u201eW\u0119dzonka\u201d Zak\u0142ad Uboju i Przetw\u00f3rstwa Mi\u0119snego, \u201eGubad\u201d Wzornictwo, Produkcja, Handel Sp. z o.o., Wyroby Hutnicze Grzegorz Gomulak i S-ka,\u00a0 Rejonowe Przedsi\u0119biorstwo Gospodarki Komunalnej Sp. z o.o., PPH \u201eINTER-ZOO\u201d, Eine gro\u00dfe Konzentration von Wirtschaftsteilnehmern wird entlang der Stra\u00dfe 7 beobachtet. Gleichzeitig bilden My\u015blenice zusammen mit anderen St\u00e4dten (Krakau, Brzesko, Bochnia, Krzeszowice, Skawina, Wieliczka und Chrzan\u00f3w) den sogenannten Krakauer Industriebezirk [Krakowski Okr\u0119g Przemys\u0142owy].<\/p>\n<p>Das dominierende Zentrum des Distrikts ist Krakau als Zentrum des Ballungsraums Krakau, w\u00e4hrend kleinere Satellitenzentren mit dem Zentrum verbunden sind. Hier sind zahlreiche Industriezweige vertreten, darunter m. in. : Lebensmittel-, Zucker-, Bier-, Metall-, Stahl-, Chemie-, Elektromaschinen-, Polygraphen- und Automobilindustrie Im Kontext der Wirtschaft von Thinknic selbst ist es \u00e4u\u00dferst wichtig, sie in einen breiteren subregionalen Kontext einzubetten, der zu einem Netz zahlreicher Verbindungen und Abh\u00e4ngigkeiten f\u00fchrt, die sich auf die Gesundheit und die Entwicklungspl\u00e4ne der Kommunalwirtschaft auswirken.[\/vc_column_text][vc_column_text]Die Gemeinde My\u015blenice hat ein sehr gro\u00dfes Potenzial f\u00fcr die Entwicklung der Wirtschaft. Eine wichtige Rolle bei der Schaffung g\u00fcnstiger Bedingungen f\u00fcr die Unternehmenst\u00e4tigkeit und der Gewinnung neuer Investoren in My\u015blenice spielen die beiden Industriezonen, die hier t\u00e4tig sind. Dabei handelt es sich um das Industriegebiet &#8222;Jawornik\/Polanka&#8221; mit einem Investitionsangebot von 60 ha, das sich vollst\u00e4ndig in Privatbesitz befindet, und um das sich dynamisch entwickelnde Industriegebiet &#8222;Dolne Przedmie\u015bcie&#8221; mit einer Fl\u00e4che von 15,08 ha, das seit dem Jahr 2000 sukzessive mit der erforderlichen Infrastruktur und den technischen Einrichtungen ausgestattet wurde, bis ein komplexes Investitionsangebot geschaffen werden konnte, das den Erwartungen der anspruchsvollsten Investoren entspricht. Im Jahr 2007 wurde dieses Gebiet in die Sonderwirtschaftszone Kattowitz aufgenommen [Katowicka Specjalna Strefa Ekonomiczna].<\/p>\n<p>Im Gebiet Jawornik wurden bisher rund 600 Arbeitspl\u00e4tze geschaffen, w\u00e4hrend im Gebiet Dolne Przedmie\u015bcie&#8221; fast 800 Menschen besch\u00e4ftigt sind. Auf einer Fl\u00e4che von 3,81 Hektar, die zum Gebiet &#8222;Dolne Przedmie\u015bcie&#8221; geh\u00f6rt, wurde ein Werk von Cooper Standard Automotive Polska Sp. z o. o. gebaut, gefolgt von Polplast Polska Sp. z o. o und Agro Jan Produkcja Sp z. o. o.<\/p>\n<p>Nicht minder wichtig f\u00fcr die Schaffung von Bedingungen f\u00fcr die Entwicklung der Wirtschaftst\u00e4tigkeit ist die T\u00e4tigkeit von Einrichtungen und Organisationen, die Unternehmer zusammenbringen, sowie das institutionelle System zur Erleichterung der Unternehmenst\u00e4tigkeit, einschlie\u00dflich B\u00fcros, Banken usw. Die wichtigste Institution mit einem breiten Spektrum an Einflussm\u00f6glichkeiten ist\u00a0 My\u015blenicka Agencja Rozwoju Gospodarczego (MARG). Sie f\u00f6rdert und unterst\u00fctzt alle wirtschaftlichen Initiativen, die sich auf die Entwicklung der Region My\u015blenice auswirken. Dazu geh\u00f6rt auch der Betrieb einer kostenlosen Beratungsstelle f\u00fcr Unternehmer sowie die Betreuung der Zweigstellen von Ma\u0142opolski Fundusz Po\u017cyczkowy (MFP) und Ma\u0142opolski Fundusz Por\u0119cze\u0144 Kredytowych sowie Fundusz Po\u017cyczkowy Fundacji Rozwoju Regionu Rabka.[\/vc_column_text][vc_column_text]Investoren, die eine Investition in der Gemeinde My\u015blenice planen, k\u00f6nnen w\u00e4hrend eines Zeitraums von 12 Jahren die Befreiung von der Kst oder ESt in Anspruch nehmen. Die Polnische Investitionszone [Polska Strefa Inwestycji (PSI)] ist eine Form der Unterst\u00fctzung f\u00fcr Unternehmen, die neue Investitionen planen. Die Investition kann auf allen (privaten und \u00f6ffentlichen) Grundst\u00fccken get\u00e4tigt werden.<\/p>\n<p>Die H\u00f6he der \u00f6ffentlichen Beihilfe (Steuerbefreiung) wird auf der Grundlage der Investitionsausgaben des Unternehmers f\u00fcr die Durchf\u00fchrung eines neuen Projekts oder der zweij\u00e4hrigen Kosten f\u00fcr neu geschaffene Arbeitspl\u00e4tze berechnet.<\/p>\n<p>Die Mindestinvestition betr\u00e4gt jeweils:<\/p>\n<ul>\n<li>gro\u00dfunternehmen: 80 Mio. PLN<\/li>\n<li>mittleres Unternehmen: 16 Mio. PLN<\/li>\n<li>kleines Unternehmen: 4 Mio. PLN<\/li>\n<li>kleinstunternehmen: 1,06 Millionen PLN.<\/li>\n<\/ul>\n<p>Die Gemeinde My\u015blenice baut ihre F\u00e4higkeit, Investoren anzuziehen, st\u00e4ndig aus und arbeitet intensiv mit Institutionen aus dem Wirtschaftsumfeld zusammen. In dieser Hinsicht hat sich die Stadtverwaltung an Programmen beteiligt:<\/p>\n<ul>\n<li>Standardy Obs\u0142ugi Inwestora w Ma\u0142opolsce<\/li>\n<li>Power Up Your Business in Ma\u0142opolska<\/li>\n<\/ul>\n<p>[\/vc_column_text][\/vc_column][\/vc_row][vc_row][vc_column][vc_separator color=&#8221;sky&#8221; el_width=&#8221;90&#8243;][\/vc_column][\/vc_row][vc_row][vc_column][vc_column_text]<strong>Kontakt ws. Stref Aktywno\u015bci Gospodarczej:<\/strong><\/p>\n<ul>\n<li><strong><u>Wydzia\u0142 Rozwoju i Funduszy Zewn\u0119trznych UMiG My\u015blenice<\/u><\/strong><br \/>\n32\u2013400 My\u015blenice<br \/>\nul. Rynek 8\/9<br \/>\n<a href=\"mailto:info@myslenice.pl\">info@myslenice.pl<\/a><br \/>\ntel.: (12) 639-23-27<\/li>\n<li><strong><u>My\u015blenicka Agencja Rozwoju Gospodarczego Sp. z o.o.<\/u><\/strong><br \/>\n32-400 My\u015blenice<br \/>\nRynek 8\/9<br \/>\n<a href=\"mailto:marg@myslenice.pl\">marg@myslenice.pl<\/a><br \/>\ntel.: (12) 274-43-43<\/li>\n<\/ul>\n<p><strong>Kontakt ws. Turystyki i Rekreacji<\/strong><\/p>\n<ul>\n<li><strong>Wydzia\u0142 Promocji Wsp\u00f3\u0142pracy Sportu i Kultury UMiG My\u015blenice<\/strong><br \/>\n32\u2013400 My\u015blenice<br \/>\nul. Rynek 8\/9<br \/>\n<a href=\"mailto:info@myslenice.pl\">info@myslenice.pl<\/a><br \/>\ntel.: (12) 639-23-09<\/li>\n<\/ul>\n<p>[\/vc_column_text][vc_column_text]<strong>Zainwestowali w naszych Strefach Aktywno\u015bci Gospodarczej:<\/strong><\/p>\n<ul>\n<li>COOPER STANDARD AUTOMOTIVE Polska sp. z o.o.<\/li>\n<li>POLPLAST Polska sp. z o.o.<\/li>\n<li>EUROSASH CASH&amp;CARRY<\/li>\n<li>JUTAX sp. z o.o. SKA<\/li>\n<li>POLWELL Polska sp. z o.o.<\/li>\n<li>BEPCO POLSKA sp. z o.o.<\/li>\n<li>FEASE Sp. z o.o., sp kom.<\/li>\n<li>ZELVO<\/li>\n<li>PFH EKOPOLDEX<\/li>\n<li>DREWMAT sp. z o.o.<\/li>\n<li>SOLUS TrailerParts sp.j.<\/li>\n<li>BLACHOTRAPEZ sp. z o.o.<\/li>\n<li>Fabryka Mebli RY\u015a<\/li>\n<li>EUROWIA POLSKA SA<\/li>\n<li>ZETA sp. z o.o.<\/li>\n<li>WIECH Fabryka Front\u00f3w Meblowych sp.j.<\/li>\n<li>AACOLOR sp. z o.o.<\/li>\n<li>BAHLSEN POLSKA sp. z o.o., sp kom.<\/li>\n<li>MAX KUCHNIE<\/li>\n<\/ul>\n<p>[\/vc_column_text][\/vc_column][\/vc_row][vc_row][vc_column][vc_separator color=&#8221;sky&#8221; el_width=&#8221;90&#8243;][\/vc_column][\/vc_row][vc_row][vc_column][vc_media_grid element_width=&#8221;3&#8243; grid_id=&#8221;vc_gid:1640775643240-9663f67a-16ef-1&#8243; include=&#8221;261,262,263,264,265,266,267,268,269,270,271,272,273,274,275,276,277,278,279,280,281,282,283,284,285,286,287,288&#8243;][\/vc_column][\/vc_row]<\/p>\n","protected":false},"excerpt":{"rendered":"<p>[vc_row][vc_column css=&#8221;.vc_custom_1632482563487{margin-top: 20px !important;}&#8221;][\/vc_column][\/vc_row][vc_row][vc_column width=&#8221;1\/4&#8243;][vc_single_image image=&#8221;258&#8243; img_size=&#8221;182&#215;200&#8243; alignment=&#8221;center&#8221;][\/vc_column][vc_column width=&#8221;3\/4&#8243;][vc_column_text] Die Gemeinde My\u015blenice 32-400 My\u015blenice ul. Rynek 8\/9 www.myslenice.pl e-mail: info@myslenice.pl telefon: (12) 639-23-00 fax. (12) 639-23-05<\/p>\n","protected":false},"author":1,"featured_media":0,"parent":588,"menu_order":0,"comment_status":"closed","ping_status":"closed","template":"","meta":{"footnotes":""},"class_list":["post-609","page","type-page","status-publish","hentry"],"lang":"de","translations":{"de":609,"es":559,"pl":93,"en":577,"fr":660},"pll_sync_post":[],"_links":{"self":[{"href":"https:\/\/inwestujwmalopolsce.eu\/index.php?rest_route=\/wp\/v2\/pages\/609","targetHints":{"allow":["GET"]}}],"collection":[{"href":"https:\/\/inwestujwmalopolsce.eu\/index.php?rest_route=\/wp\/v2\/pages"}],"about":[{"href":"https:\/\/inwestujwmalopolsce.eu\/index.php?rest_route=\/wp\/v2\/types\/page"}],"author":[{"embeddable":true,"href":"https:\/\/inwestujwmalopolsce.eu\/index.php?rest_route=\/wp\/v2\/users\/1"}],"replies":[{"embeddable":true,"href":"https:\/\/inwestujwmalopolsce.eu\/index.php?rest_route=%2Fwp%2Fv2%2Fcomments&post=609"}],"version-history":[{"count":1,"href":"https:\/\/inwestujwmalopolsce.eu\/index.php?rest_route=\/wp\/v2\/pages\/609\/revisions"}],"predecessor-version":[{"id":610,"href":"https:\/\/inwestujwmalopolsce.eu\/index.php?rest_route=\/wp\/v2\/pages\/609\/revisions\/610"}],"up":[{"embeddable":true,"href":"https:\/\/inwestujwmalopolsce.eu\/index.php?rest_route=\/wp\/v2\/pages\/588"}],"wp:attachment":[{"href":"https:\/\/inwestujwmalopolsce.eu\/index.php?rest_route=%2Fwp%2Fv2%2Fmedia&parent=609"}],"curies":[{"name":"wp","href":"https:\/\/api.w.org\/{rel}","templated":true}]}}