{"id":620,"date":"2023-04-23T09:48:40","date_gmt":"2023-04-23T07:48:40","guid":{"rendered":"https:\/\/inwestujwmalopolsce.eu\/?page_id=620"},"modified":"2023-04-23T10:10:37","modified_gmt":"2023-04-23T08:10:37","slug":"accueil","status":"publish","type":"page","link":"https:\/\/inwestujwmalopolsce.eu\/?page_id=620&lang=fr","title":{"rendered":"Accueil"},"content":{"rendered":"<p>[vc_row][vc_column css=&#8221;.vc_custom_1632560580933{margin-top: 20px !important;}&#8221;][\/vc_column][\/vc_row][vc_row][vc_column][vc_column_text]<\/p>\n<h4 style=\"text-align: center;\">Projet r\u00e9alis\u00e9 sous les auspices du Mar\u00e9chal de la r\u00e9gion de Petite-Pologne Witold Koz\u0142owski<\/h4>\n<p><img loading=\"lazy\" decoding=\"async\" class=\"size-full wp-image-426 aligncenter\" src=\"https:\/\/inwestujwmalopolsce.eu\/wp-content\/uploads\/2021\/10\/TVP3-logo-m.png\" alt=\"\" width=\"191\" height=\"81\" srcset=\"https:\/\/inwestujwmalopolsce.eu\/wp-content\/uploads\/2021\/10\/TVP3-logo-m.png 191w, https:\/\/inwestujwmalopolsce.eu\/wp-content\/uploads\/2021\/10\/TVP3-logo-m-50x21.png 50w, https:\/\/inwestujwmalopolsce.eu\/wp-content\/uploads\/2021\/10\/TVP3-logo-m-150x64.png 150w\" sizes=\"auto, (max-width:767px) 191px, 191px\" \/><\/p>\n<h4 style=\"text-align: center;\">M\u00e9c\u00e9nat des m\u00e9dias: T\u00e9l\u00e9vision TVP Cracovie<\/h4>\n<p>[\/vc_column_text][\/vc_column][\/vc_row][vc_row][vc_column][vc_separator color=&#8221;sky&#8221; el_width=&#8221;90&#8243;][\/vc_column][\/vc_row][vc_row][vc_column][vc_row_inner][vc_column_inner width=&#8221;1\/4&#8243;][vc_single_image image=&#8221;399&#8243; alignment=&#8221;center&#8221; css=&#8221;.vc_custom_1633250495653{margin-bottom: -20px !important;}&#8221;][\/vc_column_inner][vc_column_inner width=&#8221;3\/4&#8243;][vc_column_text]Le salon EXPO REAL \u00e0 Munich est un salon international de l\u2019immobilier et des investissements. La mission organis\u00e9e par ARMZ S.A. r\u00e9unira les repr\u00e9sentants de 5 collectivit\u00e9s territoriales de la Petite-Pologne, \u00e0 savoir Chrzan\u00f3w, Trzebinia, Andrych\u00f3w, My\u015blenice et Babice. Cette mission aura pour objectif notamment de promouvoir les zones d\u2019investissement situ\u00e9es dans la r\u00e9gion de Petite-Pologne ainsi que de permettre aux collectivit\u00e9s territoriales de la Petite-Pologne d\u2019\u00e9tablir les relations avec des investisseurs potentiels. Par ailleurs, dans le cadre de cette mission seront r\u00e9alis\u00e9es des actions visant \u00e0 promouvoir la Petite-Pologne et \u00e0 cr\u00e9er une image positive de cette r\u00e9gion avant tout sur le march\u00e9 allemand,\u00a0mais aussi sur le march\u00e9 international. Une visite en Allemagne permettra aux repr\u00e9sentants des collectivit\u00e9s territoriales de la Petite-Pologne de pr\u00e9senter une offre d\u2019investissement de leur r\u00e9gion et de promouvoir ses qualit\u00e9s et son potentiel. Cette visite leur permettra aussi de conna\u00eetre les avantages des investissements dans la r\u00e9gion de Petite-Pologne. Ce salon sera une bonne occasion pour les repr\u00e9sentants de la r\u00e9gion de Petite-Pologne pour \u00e9tablir des relations commerciales avec des investisseurs internationaux des secteurs essentiels pour le d\u00e9veloppement de la r\u00e9gion de Petite-Pologne\u00a0: industrie, tourisme et nouvelles technologies.[\/vc_column_text][\/vc_column_inner][\/vc_row_inner][vc_column_text css=&#8221;.vc_custom_1682236241310{margin-top: -60px !important;}&#8221;]Le programme de notre\u00a0mission pr\u00e9voit entre autres d\u2019organiser un s\u00e9minaire d\u00e9di\u00e9 pour pr\u00e9senter la r\u00e9gion de Petite-Pologne.\u00a0Le salon sera \u00e9galement une occasion pour pr\u00e9senter les r\u00e9sultats de l\u2019activit\u00e9 des diff\u00e9rentes institutions dans le cadre de l\u2019assistance fournie aux entrepreneurs, notamment en ce qui concerne la cr\u00e9ation de zones d\u2019investissement, la pr\u00e9paration d\u2019une offre des instruments financiers remboursables et des subventions.<\/p>\n<p>Cette visite est \u00e9galement une occasion pour partager les exp\u00e9riences avec d\u2019autres institutions des collectivit\u00e9s territoriales des diff\u00e9rentes r\u00e9gions de l\u2019Europe,\u00a0pour profiter de la pr\u00e9sence des professionnels des diff\u00e9rents secteurs, y compris les investisseurs, les sp\u00e9cialistes de la strat\u00e9gie du d\u00e9veloppement, d\u2019autres acteurs des collectivit\u00e9s territoriales, les membres des associations et des organisations non gouvernementales,\u00a0pour les discussions officielles et non officielles, pour s\u2019inspirer, y compris pour mettre en \u0153uvre des id\u00e9es innovantes et des technologies modernes, pour conna\u00eetre les plans de d\u00e9veloppement d\u2019autres entit\u00e9s similaires et des collectivit\u00e9s territoriales. Ce salon est par ailleurs une bonne occasion pour initier des projets internationaux qui pourraient \u00eatre r\u00e9alis\u00e9s en commun.[\/vc_column_text][\/vc_column][\/vc_row][vc_row][vc_column][vc_separator color=&#8221;sky&#8221; el_width=&#8221;90&#8243;][\/vc_column][\/vc_row][vc_row][vc_column width=&#8221;1\/6&#8243;][vc_single_image image=&#8221;320&#8243; img_size=&#8221;full&#8221; alignment=&#8221;center&#8221;][vc_column_text css=&#8221;.vc_custom_1682237434219{margin-top: -30px !important;}&#8221;]<\/p>\n<h4><\/h4>\n<h4><\/h4>\n<h4 style=\"text-align: center;\">Petite-Pologne<\/h4>\n<p>[\/vc_column_text][vc_btn title=&#8221;En savoir plus&#8221; color=&#8221;sky&#8221; align=&#8221;center&#8221; link=&#8221;url:https%3A%2F%2Finwestujwmalopolsce.eu%2Ftereny%2Fmalopolska%2F|title:Ma%C5%82opolska&#8221; css=&#8221;.vc_custom_1682236684078{margin-top: -30px !important;}&#8221;][\/vc_column][vc_column width=&#8221;1\/6&#8243;][vc_single_image image=&#8221;245&#8243; img_size=&#8221;104&#215;123&#8243; alignment=&#8221;center&#8221;][vc_column_text css=&#8221;.vc_custom_1682237185864{margin-top: -55px !important;}&#8221;]<\/p>\n<h4 style=\"text-align: center;\">commune de<br \/>\nAndrych\u00f3w<\/h4>\n<p>[\/vc_column_text][vc_btn title=&#8221;En savoir plus&#8221; color=&#8221;sky&#8221; align=&#8221;center&#8221; link=&#8221;url:https%3A%2F%2Finwestujwmalopolsce.eu%2Ftereny%2Fgmina-andrychow%2F|title:Ma%C5%82opolska&#8221; css=&#8221;.vc_custom_1682236689056{margin-top: -30px !important;}&#8221;][\/vc_column][vc_column width=&#8221;1\/6&#8243;][vc_single_image image=&#8221;230&#8243; img_size=&#8221;101&#215;123&#8243; alignment=&#8221;center&#8221;][vc_column_text css=&#8221;.vc_custom_1682237167020{margin-top: -55px !important;}&#8221;]<\/p>\n<h4 style=\"text-align: center;\">commune de<br \/>\nBabice<\/h4>\n<p>[\/vc_column_text][vc_btn title=&#8221;En savoir plus&#8221; color=&#8221;sky&#8221; align=&#8221;center&#8221; link=&#8221;url:https%3A%2F%2Finwestujwmalopolsce.eu%2Ftereny%2Fgmina-babice%2F|title:Ma%C5%82opolska&#8221; css=&#8221;.vc_custom_1682236693789{margin-top: -30px !important;}&#8221;][\/vc_column][vc_column width=&#8221;1\/6&#8243;][vc_single_image image=&#8221;291&#8243; img_size=&#8221;93&#215;123&#8243; alignment=&#8221;center&#8221;][vc_column_text css=&#8221;.vc_custom_1682237196807{margin-top: -55px !important;}&#8221;]<\/p>\n<h4 style=\"text-align: center;\">commune de<br \/>\nChrzan\u00f3w<\/h4>\n<p>[\/vc_column_text][vc_btn title=&#8221;En savoir plus&#8221; color=&#8221;sky&#8221; align=&#8221;center&#8221; link=&#8221;url:https%3A%2F%2Finwestujwmalopolsce.eu%2Ftereny%2Fgmina-chrzanow%2F|title:Ma%C5%82opolska&#8221; css=&#8221;.vc_custom_1682236697959{margin-top: -30px !important;}&#8221;][\/vc_column][vc_column width=&#8221;1\/6&#8243;][vc_single_image image=&#8221;258&#8243; img_size=&#8221;112&#215;123&#8243; alignment=&#8221;center&#8221;][vc_column_text css=&#8221;.vc_custom_1682237202060{margin-top: -55px !important;}&#8221;]<\/p>\n<h4 style=\"text-align: center;\">commune de<br \/>\nMy\u015blenice<\/h4>\n<p>[\/vc_column_text][vc_btn title=&#8221;En savoir plus&#8221; color=&#8221;sky&#8221; align=&#8221;center&#8221; link=&#8221;url:https%3A%2F%2Finwestujwmalopolsce.eu%2Ftereny%2Fgmina-myslenice%2F|title:Ma%C5%82opolska&#8221; css=&#8221;.vc_custom_1682236702808{margin-top: -30px !important;}&#8221;][\/vc_column][vc_column width=&#8221;1\/6&#8243;][vc_single_image image=&#8221;176&#8243; img_size=&#8221;101&#215;123&#8243; alignment=&#8221;center&#8221;][vc_column_text css=&#8221;.vc_custom_1682237207583{margin-top: -55px !important;}&#8221;]<\/p>\n<h4 style=\"text-align: center;\">commune de<br \/>\nTrzebinia<\/h4>\n<p>[\/vc_column_text][vc_btn title=&#8221;En savoir plus&#8221; color=&#8221;sky&#8221; align=&#8221;center&#8221; link=&#8221;url:https%3A%2F%2Finwestujwmalopolsce.eu%2Ftereny%2Fgmina-trzebinia%2F|title:Ma%C5%82opolska&#8221; css=&#8221;.vc_custom_1682236707656{margin-top: -30px !important;}&#8221;][\/vc_column][\/vc_row]<\/p>\n","protected":false},"excerpt":{"rendered":"<p>[vc_row][vc_column css=&#8221;.vc_custom_1632560580933{margin-top: 20px !important;}&#8221;][\/vc_column][\/vc_row][vc_row][vc_column][vc_column_text] Projet r\u00e9alis\u00e9 sous les auspices du Mar\u00e9chal de la r\u00e9gion de Petite-Pologne Witold Koz\u0142owski M\u00e9c\u00e9nat des m\u00e9dias: T\u00e9l\u00e9vision TVP Cracovie [\/vc_column_text][\/vc_column][\/vc_row][vc_row][vc_column][vc_separator color=&#8221;sky&#8221;<\/p>\n","protected":false},"author":1,"featured_media":0,"parent":0,"menu_order":0,"comment_status":"closed","ping_status":"closed","template":"","meta":{"footnotes":""},"class_list":["post-620","page","type-page","status-publish","hentry"],"lang":"fr","translations":{"fr":620,"en":470,"pl":81,"de":486,"es":521},"pll_sync_post":[],"_links":{"self":[{"href":"https:\/\/inwestujwmalopolsce.eu\/index.php?rest_route=\/wp\/v2\/pages\/620","targetHints":{"allow":["GET"]}}],"collection":[{"href":"https:\/\/inwestujwmalopolsce.eu\/index.php?rest_route=\/wp\/v2\/pages"}],"about":[{"href":"https:\/\/inwestujwmalopolsce.eu\/index.php?rest_route=\/wp\/v2\/types\/page"}],"author":[{"embeddable":true,"href":"https:\/\/inwestujwmalopolsce.eu\/index.php?rest_route=\/wp\/v2\/users\/1"}],"replies":[{"embeddable":true,"href":"https:\/\/inwestujwmalopolsce.eu\/index.php?rest_route=%2Fwp%2Fv2%2Fcomments&post=620"}],"version-history":[{"count":8,"href":"https:\/\/inwestujwmalopolsce.eu\/index.php?rest_route=\/wp\/v2\/pages\/620\/revisions"}],"predecessor-version":[{"id":634,"href":"https:\/\/inwestujwmalopolsce.eu\/index.php?rest_route=\/wp\/v2\/pages\/620\/revisions\/634"}],"wp:attachment":[{"href":"https:\/\/inwestujwmalopolsce.eu\/index.php?rest_route=%2Fwp%2Fv2%2Fmedia&parent=620"}],"curies":[{"name":"wp","href":"https:\/\/api.w.org\/{rel}","templated":true}]}}