{"id":635,"date":"2023-04-23T10:20:22","date_gmt":"2023-04-23T08:20:22","guid":{"rendered":"https:\/\/inwestujwmalopolsce.eu\/?page_id=635"},"modified":"2023-04-23T12:30:47","modified_gmt":"2023-04-23T10:30:47","slug":"a-propos-du-projet","status":"publish","type":"page","link":"https:\/\/inwestujwmalopolsce.eu\/?page_id=635&lang=fr","title":{"rendered":"\u00c0 propos du projet"},"content":{"rendered":"<p>[vc_row][vc_column css=&#8221;.vc_custom_1633251494124{margin-top: 20px !important;}&#8221;][\/vc_column][\/vc_row][vc_row][vc_column][vc_single_image image=&#8221;416&#8243; img_size=&#8221;full&#8221; alignment=&#8221;center&#8221;][\/vc_column][\/vc_row][vc_row][vc_column][vc_column_text]<\/p>\n<h4 style=\"text-align: center;\">Projet r\u00e9alis\u00e9 sous les auspices du Mar\u00e9chal de la r\u00e9gion de Petite-Pologne Witold Koz\u0142owski<\/h4>\n<p><img loading=\"lazy\" decoding=\"async\" class=\"size-full wp-image-426 aligncenter\" src=\"https:\/\/inwestujwmalopolsce.eu\/wp-content\/uploads\/2021\/10\/TVP3-logo-m.png\" alt=\"\" width=\"191\" height=\"81\" srcset=\"https:\/\/inwestujwmalopolsce.eu\/wp-content\/uploads\/2021\/10\/TVP3-logo-m.png 191w, https:\/\/inwestujwmalopolsce.eu\/wp-content\/uploads\/2021\/10\/TVP3-logo-m-50x21.png 50w, https:\/\/inwestujwmalopolsce.eu\/wp-content\/uploads\/2021\/10\/TVP3-logo-m-150x64.png 150w\" sizes=\"auto, (max-width:767px) 191px, 191px\" \/><\/p>\n<h4 style=\"text-align: center;\">M\u00e9c\u00e9nat des m\u00e9dias: T\u00e9l\u00e9vision TVP Cracovie<\/h4>\n<p>[\/vc_column_text][\/vc_column][\/vc_row][vc_row][vc_column][vc_column_text]<strong>Projet cofinanc\u00e9 dans le cadre du Fonds europ\u00e9en de d\u00e9veloppement r\u00e9gional.<\/strong><\/p>\n<p>Voici les principaux objectifs de ce projet : d\u00e9veloppement \u00e9conomique de la r\u00e9gion de Petite-Pologne et assistance aux PME de Petite-Pologne dans le cadre de leur expansion sur les march\u00e9s \u00e9trangers.<\/p>\n<p>Le premier des objectifs susmentionn\u00e9s sera atteint gr\u00e2ce \u00e0 une s\u00e9rie d\u2019actions r\u00e9alis\u00e9es dans le cadre du projet, y compris notamment :<\/p>\n<ul>\n<li>participation de 5 repr\u00e9sentants des collectivit\u00e9s territoriales au salon \u00e9conomique Expo Real 2021 \u00e0 Munich<\/li>\n<li>mise \u00e0 la disposition d\u2019un site Internet contenant des informations \u00e0 propos des zones d\u2019investissement situ\u00e9es en Petite-Pologne \u2013 le site sera en trois langues<\/li>\n<li>organiser une campagne publicitaire dans les r\u00e9seaux sociaux, dans la t\u00e9l\u00e9 et dans les revues secteur.<\/li>\n<\/ul>\n<p>Les actions susmentionn\u00e9es permettront de diffuser l\u2019offre d\u2019investissement de la r\u00e9gion de Petite-Pologne au niveau national et international et de promouvoir les zones \u00e9conomiques situ\u00e9es dans la r\u00e9gion de Petite-Pologne sur le march\u00e9 national et international.<\/p>\n<p>Le second objectif sera r\u00e9alis\u00e9 gr\u00e2ce \u00e0 la participation des entrepreneurs du secteur des PME de la r\u00e9gion de Petite-Pologne en tant qu\u2019exposants\/participants au salon \u00e9conomique international. Avant de prendre part au salon, les participants au projet prendront part aux ateliers culturels, aux formations \u00e0 propos de l\u2019exportation, aux s\u00e9ances de conseil, entre autres sur le sujet de la cr\u00e9ation d\u2019une strat\u00e9gie d\u2019expansion. On pr\u00e9voit par ailleurs de mettre les entrepreneurs en contact avec les repr\u00e9sentants du secteur scientifique ce qui permettra de g\u00e9n\u00e9rer une s\u00e9rie de facteurs favorables r\u00e9sultant d\u2019une telle forme de coop\u00e9ration et en m\u00eame temps d\u2019am\u00e9liorer l\u2019efficacit\u00e9 de la participation de chacun des entrepreneurs dans les missions \u00e9conomiques organis\u00e9es.<\/p>\n<p>Dans le cadre de ce projet, les entreprises pourront augmenter le nombre de leurs clients \u00e9trangers ou commencer une activit\u00e9 d\u2019exportation, gagner de nouvelles commandes, \u00e9tablir de nouvelles relations d\u2019affaires, faires de nouvelles exp\u00e9riences gr\u00e2ce \u00e0 la participation aux salons, conna\u00eetre les coutumes sur les march\u00e9s asiatiques et les offres des entreprises exer\u00e7ant une activit\u00e9 similaire dans d\u2019autres \u00c9tats.<\/p>\n<p>Pour chaque salon, nous remboursons les frais de voyage, des billets d\u2019entr\u00e9e au salon, nous proposons l\u2019acc\u00e8s \u00e0 une surface d\u2019exposition am\u00e9nag\u00e9e par les professionnels, la possibilit\u00e9 de promouvoir une entreprise lors des \u00e9v\u00e9nements organis\u00e9s dans le cadre du salon, les services d\u2019interpr\u00e9tariat, l\u2019organisation des rendez-vous B2B avec des investisseurs potentiels.<\/p>\n<p>Toutes les actions sont organis\u00e9es dans le cadre du projet\u00a0<strong><em>\u00ab\u00a0R\u00e9alisation d\u2019un projet int\u00e9gral d\u2019assistance au secteur cr\u00e9atif de la r\u00e9gion de Petite-Pologne et aux collectivit\u00e9s territoriales sur les march\u00e9s internationaux, et aussi d\u2019assistance aux collectivit\u00e9s territoriales dans le cadre de la recherche des investisseurs.\u00a0\u00bb\u00a0<\/em><\/strong>avec les fonds du Programme Op\u00e9rationnel de la r\u00e9gion de Petite-Pologne 2014-2020, Axe prioritaire 3 Esprit d\u2019initiative dans la r\u00e9gion de Petite-Pologne, Action 3.3 Internationalisation de l\u2019\u00e9conomie de la Petite-Pologne, Sous-action 3.3.1 Promotion \u00e9conomique de la r\u00e9gion de Petite-Pologne.<\/p>\n<p>Montant de la subvention: <strong>5 629 016,85\u00a0zlotys.<\/strong><\/p>\n<p>Dur\u00e9e de la r\u00e9alisation du projet: du <strong>01\/01\/2021 \u2013 31\/12\/2022<\/strong>[\/vc_column_text][\/vc_column][\/vc_row][vc_row][vc_column width=&#8221;1\/3&#8243;][vc_column_text]<\/p>\n<p style=\"text-align: center;\"><strong>Leader du projet<\/strong><\/p>\n<p>[\/vc_column_text][vc_column_text]<\/p>\n<p style=\"text-align: center;\"><strong data-uw-styling-context=\"true\">Agence pour D\u00e9veloppement<br \/>\nde la Petite-Pologne Occidentale<\/strong><\/p>\n<p style=\"text-align: center;\">32-500 Chrzan\u00f3w<br \/>\nul. Grunwaldzka 5<br \/>\nt\u00e9l.: 32 645-19-68<br \/>\ne-mail: biuro@armz.pl<br \/>\n<a href=\"http:\/\/www.armz.pl\/\" target=\"_blank\" rel=\"noopener\"><strong data-uw-styling-context=\"true\">www.armz.pl<\/strong><\/a><\/p>\n<p>[\/vc_column_text][\/vc_column][vc_column width=&#8221;2\/3&#8243;][vc_column_text]<\/p>\n<p style=\"text-align: center;\"><strong>Partenaire du projet<\/strong><\/p>\n<p>[\/vc_column_text][vc_row_inner][vc_column_inner width=&#8221;1\/2&#8243;][vc_column_text]<\/p>\n<p style=\"text-align: center;\"><span data-uw-styling-context=\"true\"><strong data-uw-styling-context=\"true\">Association pour l\u2019\u00c9ducation de la R\u00e9gion<br \/>\nde Chrzan\u00f3w<\/strong><\/span><\/p>\n<p style=\"text-align: center;\"><span data-uw-styling-context=\"true\">32-500 Chrzan\u00f3w<br \/>\nul. Garncarska 30<br \/>\nt\u00e9l.: 32 645-19-98<strong data-uw-styling-context=\"true\"><br \/>\n<\/strong>e-mail: tozch@tozch.edu.pl<\/span><br \/>\n<a href=\"http:\/\/www.tozch.edu.pl\/\" target=\"_blank\" rel=\"noopener\"><strong data-uw-styling-context=\"true\">www.tozch.edu.pl<\/strong><\/a><\/p>\n<p>[\/vc_column_text][\/vc_column_inner][vc_column_inner width=&#8221;1\/2&#8243;][vc_column_text]<\/p>\n<p style=\"text-align: center;\"><strong data-uw-styling-context=\"true\">Chambre de Commerce<br \/>\nde Chrzan\u00f3w<\/strong><\/p>\n<p style=\"text-align: center;\"><span data-uw-styling-context=\"true\">32-500 Chrzan\u00f3w<\/span><br \/>\n<span data-uw-styling-context=\"true\">ul. Rynek 12<\/span><br \/>\nt\u00e9l.: 32 754-15-65<br \/>\n<span data-uw-styling-context=\"true\">e-mail: biuro@chrzanowskaizba.pl<\/span><br \/>\n<a href=\"http:\/\/www.chrzanowskaizba.pl\/\" target=\"_blank\" rel=\"noopener\"><strong data-uw-styling-context=\"true\">www.chrzanowskaizba.pl<\/strong><\/a><\/p>\n<p>[\/vc_column_text][\/vc_column_inner][\/vc_row_inner][\/vc_column][\/vc_row]<\/p>\n","protected":false},"excerpt":{"rendered":"<p>[vc_row][vc_column css=&#8221;.vc_custom_1633251494124{margin-top: 20px !important;}&#8221;][\/vc_column][\/vc_row][vc_row][vc_column][vc_single_image image=&#8221;416&#8243; img_size=&#8221;full&#8221; alignment=&#8221;center&#8221;][\/vc_column][\/vc_row][vc_row][vc_column][vc_column_text] Projet r\u00e9alis\u00e9 sous les auspices du Mar\u00e9chal de la r\u00e9gion de Petite-Pologne Witold Koz\u0142owski M\u00e9c\u00e9nat des m\u00e9dias: T\u00e9l\u00e9vision TVP<\/p>\n","protected":false},"author":1,"featured_media":0,"parent":0,"menu_order":0,"comment_status":"closed","ping_status":"closed","template":"","meta":{"footnotes":""},"class_list":["post-635","page","type-page","status-publish","hentry"],"lang":"fr","translations":{"fr":635,"de":488,"pl":85,"en":507,"es":523},"pll_sync_post":[],"_links":{"self":[{"href":"https:\/\/inwestujwmalopolsce.eu\/index.php?rest_route=\/wp\/v2\/pages\/635","targetHints":{"allow":["GET"]}}],"collection":[{"href":"https:\/\/inwestujwmalopolsce.eu\/index.php?rest_route=\/wp\/v2\/pages"}],"about":[{"href":"https:\/\/inwestujwmalopolsce.eu\/index.php?rest_route=\/wp\/v2\/types\/page"}],"author":[{"embeddable":true,"href":"https:\/\/inwestujwmalopolsce.eu\/index.php?rest_route=\/wp\/v2\/users\/1"}],"replies":[{"embeddable":true,"href":"https:\/\/inwestujwmalopolsce.eu\/index.php?rest_route=%2Fwp%2Fv2%2Fcomments&post=635"}],"version-history":[{"count":3,"href":"https:\/\/inwestujwmalopolsce.eu\/index.php?rest_route=\/wp\/v2\/pages\/635\/revisions"}],"predecessor-version":[{"id":638,"href":"https:\/\/inwestujwmalopolsce.eu\/index.php?rest_route=\/wp\/v2\/pages\/635\/revisions\/638"}],"wp:attachment":[{"href":"https:\/\/inwestujwmalopolsce.eu\/index.php?rest_route=%2Fwp%2Fv2%2Fmedia&parent=635"}],"curies":[{"name":"wp","href":"https:\/\/api.w.org\/{rel}","templated":true}]}}