{"id":640,"date":"2023-04-23T10:25:18","date_gmt":"2023-04-23T08:25:18","guid":{"rendered":"https:\/\/inwestujwmalopolsce.eu\/?page_id=640"},"modified":"2023-04-23T12:32:03","modified_gmt":"2023-04-23T10:32:03","slug":"qui-sommes-nous","status":"publish","type":"page","link":"https:\/\/inwestujwmalopolsce.eu\/?page_id=640&lang=fr","title":{"rendered":"Qui sommes-nous"},"content":{"rendered":"<p>[vc_row][vc_column css=&#8221;.vc_custom_1632400790153{margin-top: 20px !important;}&#8221;][\/vc_column][\/vc_row][vc_row][vc_column width=&#8221;1\/4&#8243;][vc_single_image image=&#8221;140&#8243; img_size=&#8221;200&#215;120&#8243; alignment=&#8221;center&#8221;][\/vc_column][vc_column width=&#8221;3\/4&#8243;][vc_column_text]<strong>La mission de l\u2019Agence pour D\u00e9veloppement de la Petite-Pologne Occidentale [ARMZ] consiste \u00e0 favoriser le d\u00e9veloppement de cette r\u00e9gion qui fait un pont entre la Petite-Pologne et la Sil\u00e9sie \u00e0 travers la coop\u00e9ration avec les collectivit\u00e9s territoriales et l\u2019assistance au d\u00e9veloppement du commerce local.<\/strong><\/p>\n<p>L\u2019Agence pour d\u00e9veloppement de la Petite-Pologne a \u00e9t\u00e9 fond\u00e9e le 16 juin 2004 (immatriculation au KRS [Registre Judiciaire National] du 30\/12\/2004 aupr\u00e8s du Tribunal d\u2019arrondissement pour Cracovie Centre-ville \u00e0 Cracovie XIIe Chambre de commerce du Registre Judiciaire National sous le num\u00e9ro 0000225451) sous la forme d\u2019une soci\u00e9t\u00e9 anonyme.<\/p>\n<p>Capital social de 500.000,00 PLN, ARMZ S.A. a \u00e9t\u00e9 fond\u00e9e par : Po\u0142udniowy Koncern Energetyczny S.A. sise \u00e0 Katowice, Rafineria Trzebinia S.A. sise \u00e0 Trzebinia, Agence pour le D\u00e9veloppement de l\u2019Industrie sise \u00e0 Varsovie, Commune de Trzebinia, Commune de Chrzan\u00f3w, Commune de Libi\u0105\u017c, Agence pour le D\u00e9veloppement Local S.A. sise \u00e0 Jaworzno, ZGE \u00ab\u00a0Janina\u00a0\u00bb SARL sise \u00e0 Libi\u0105\u017c.<\/p>\n<p>Actuellement son capital s\u2019\u00e9l\u00e8ve \u00e0 3.066.000,00 PLN. Voici ses actionnaires: Agence pour D\u00e9veloppement R\u00e9gional de la Petite-Pologne S.A. sise \u00e0 Cracovie, Commune de Chrzan\u00f3w, Commune de Trzebinia, Commune de Libi\u0105\u017c et Agence pour l\u2019Entreprenariat et pour le D\u00e9veloppement de Haute Sil\u00e9sie SARL sise \u00e0 Gliwice.<\/p>\n<p>En vertu de ses statuts, Madame Anna W\u0142oszek, Pr\u00e9sident du Directoire, est habilit\u00e9e \u00e0 repr\u00e9senter cette Soci\u00e9t\u00e9. La soci\u00e9t\u00e9 est une institution d\u2019accompagnement des entreprises.<\/p>\n<p>En mars 2008, l\u2019Agence pour le D\u00e9veloppement de la Petite-Pologne Occidentale S.A. a mis en place un\u00a0Syst\u00e8me de gestion de la qualit\u00e9 conforme \u00e0 la norme ISO 9001:2008, et \u00e0 partir de juillet 2008, ARMZ S.A. est titulaire de l\u2019accr\u00e9ditation du\u00a0<a href=\"http:\/\/ksu.parp.gov.pl\/pl\" target=\"_blank\" rel=\"noopener\">Syst\u00e8me national des services<\/a>\u00a0pour les PME.<\/p>\n<p><a href=\"https:\/\/armz.pl\/?page_id=13\" target=\"_blank\" rel=\"noopener\">Pour en savoir plus \u00e0 propos de l\u2019Agence pour le D\u00e9veloppement de la Petite-Pologne Occidentale<\/a><\/p>\n<div class=\"vc_row wpb_row vc_row-fluid mpc-row\">\n<div class=\"wpb_column vc_column_container vc_col-sm-12 mpc-column\" data-column-id=\"mpc_column-36614c7689b28e1\">\n<div class=\"vc_column-inner\">\n<div class=\"wpb_wrapper\">\n<div class=\"wpb_text_column wpb_content_element \">\n<div class=\"wpb_wrapper\"><\/div>\n<\/div>\n<\/div>\n<\/div>\n<\/div>\n<\/div>\n<p>[\/vc_column_text][\/vc_column][\/vc_row][vc_row][vc_column][vc_separator color=&#8221;sky&#8221; el_width=&#8221;90&#8243;][\/vc_column][\/vc_row][vc_row][vc_column width=&#8221;1\/4&#8243;][vc_single_image image=&#8221;153&#8243; img_size=&#8221;200&#215;181&#8243; alignment=&#8221;center&#8221;][\/vc_column][vc_column width=&#8221;3\/4&#8243;][vc_column_text]<strong>Association pour l\u2019\u00c9ducation de la R\u00e9gion de Chrzan\u00f3w [TOZCh] \u00e0 Chrzan\u00f3w<\/strong> fond\u00e9e le 14 juin 1991, immatricul\u00e9e au Registre Judiciaire National sous le num\u00e9ro : 0000006965, par le Tribunal d\u2019arrondissement \u00e0 Cracovie.<\/p>\n<p><strong>La mission de la TOZCh<\/strong>\u00a0consiste \u00e0 stimuler le d\u00e9veloppement social et \u00e9conomique de la Pologne, de la Petite-Pologne et du poviat de Chrzan\u00f3w \u00e0 travers une activit\u00e9 bien compl\u00e8te et professionnelle en faveur de l\u2019\u00e9conomie sociale, des communaut\u00e9s locales et des cadres de l\u2019\u00e9conomie.<\/p>\n<p>Cette association joue le r\u00f4le du Centre d\u2019Accompagnement de l\u2019\u00c9conomie Sociale dans la r\u00e9gion de Petite-Pologne qui a \u00e9t\u00e9 accr\u00e9dit\u00e9 par le Ministre du Travail et de la Politique Sociale en vertu de la r\u00e9solution n\u00b0 31 du 23 octobre 2015.<\/p>\n<p><a href=\"http:\/\/tozch.edu.pl\/o-towarzystwie\/\" target=\"_blank\" rel=\"noopener\">Pour en savoir plus \u00e0 propos de l\u2019Association pour l\u2019\u00c9ducation de la R\u00e9gion de Chrzan\u00f3w \u00e0 Chrzan\u00f3w<\/a>[\/vc_column_text][\/vc_column][\/vc_row][vc_row][vc_column][vc_separator color=&#8221;sky&#8221; el_width=&#8221;90&#8243;][\/vc_column][\/vc_row][vc_row][vc_column width=&#8221;1\/4&#8243;][vc_single_image image=&#8221;154&#8243; img_size=&#8221;200&#215;200&#8243; alignment=&#8221;center&#8221;][\/vc_column][vc_column width=&#8221;3\/4&#8243;][vc_column_text]<strong>La Chambre de Commerce de Chrzan\u00f3w<\/strong>, fond\u00e9e en 2001, r\u00e9unissait initialement les entit\u00e9s \u00e9conomiques du poviat de Chrzan\u00f3w sous l\u2019appellation \u00ab\u00a0Association des Entrepreneurs Priv\u00e9s \u00e0 Trzebinia\u00a0\u00bb.<\/p>\n<p>D\u00e8s ses d\u00e9buts, elle met en \u0153uvre des actions visant \u00e0 favoriser le d\u00e9veloppement de l\u2019entreprenariat sous les diff\u00e9rentes formes, elle assure la collecte et la diffusion des informations \u00e0 propos de l\u2019\u00e9tablissement des relations commerciales, elle aide les entit\u00e9s \u00e9conomiques \u00e0 r\u00e9soudre leurs probl\u00e8mes. Toutes les d\u00e9marches de la Chambre de Commerce de Chrzan\u00f3w sont orient\u00e9es sur l\u2019assistance et sur la promotion des entreprises qui sont ses membres ou non. Elles sont orient\u00e9es \u00e9galement sur les entreprises, les institutions, les organisations etc. qui ne sont pas ses membres et qui peuvent \u00e9galement prendre part \u00e0 de nombreux projets organis\u00e9s par nous.<\/p>\n<p><a href=\"http:\/\/www.chrzanowskaizba.pl\/o-nas.html\" target=\"_blank\" rel=\"noopener\">Pour en savoir plus \u00e0 propos de la \u00a0Chambre de Commerce de Chrzan\u00f3w<\/a>[\/vc_column_text][\/vc_column][\/vc_row]<\/p>\n","protected":false},"excerpt":{"rendered":"<p>[vc_row][vc_column css=&#8221;.vc_custom_1632400790153{margin-top: 20px !important;}&#8221;][\/vc_column][\/vc_row][vc_row][vc_column width=&#8221;1\/4&#8243;][vc_single_image image=&#8221;140&#8243; img_size=&#8221;200&#215;120&#8243; alignment=&#8221;center&#8221;][\/vc_column][vc_column width=&#8221;3\/4&#8243;][vc_column_text]La mission de l\u2019Agence pour D\u00e9veloppement de la Petite-Pologne Occidentale [ARMZ] consiste \u00e0 favoriser le d\u00e9veloppement de cette<\/p>\n","protected":false},"author":1,"featured_media":0,"parent":0,"menu_order":0,"comment_status":"closed","ping_status":"closed","template":"","meta":{"footnotes":""},"class_list":["post-640","page","type-page","status-publish","hentry"],"lang":"fr","translations":{"fr":640,"en":472,"pl":83,"de":491,"es":526},"pll_sync_post":[],"_links":{"self":[{"href":"https:\/\/inwestujwmalopolsce.eu\/index.php?rest_route=\/wp\/v2\/pages\/640","targetHints":{"allow":["GET"]}}],"collection":[{"href":"https:\/\/inwestujwmalopolsce.eu\/index.php?rest_route=\/wp\/v2\/pages"}],"about":[{"href":"https:\/\/inwestujwmalopolsce.eu\/index.php?rest_route=\/wp\/v2\/types\/page"}],"author":[{"embeddable":true,"href":"https:\/\/inwestujwmalopolsce.eu\/index.php?rest_route=\/wp\/v2\/users\/1"}],"replies":[{"embeddable":true,"href":"https:\/\/inwestujwmalopolsce.eu\/index.php?rest_route=%2Fwp%2Fv2%2Fcomments&post=640"}],"version-history":[{"count":2,"href":"https:\/\/inwestujwmalopolsce.eu\/index.php?rest_route=\/wp\/v2\/pages\/640\/revisions"}],"predecessor-version":[{"id":643,"href":"https:\/\/inwestujwmalopolsce.eu\/index.php?rest_route=\/wp\/v2\/pages\/640\/revisions\/643"}],"wp:attachment":[{"href":"https:\/\/inwestujwmalopolsce.eu\/index.php?rest_route=%2Fwp%2Fv2%2Fmedia&parent=640"}],"curies":[{"name":"wp","href":"https:\/\/api.w.org\/{rel}","templated":true}]}}