{"id":651,"date":"2023-04-23T11:38:58","date_gmt":"2023-04-23T09:38:58","guid":{"rendered":"https:\/\/inwestujwmalopolsce.eu\/?page_id=651"},"modified":"2023-04-23T12:33:09","modified_gmt":"2023-04-23T10:33:09","slug":"commune-de-andrychow","status":"publish","type":"page","link":"https:\/\/inwestujwmalopolsce.eu\/?page_id=651&lang=fr","title":{"rendered":"commune de Andrych\u00f3w"},"content":{"rendered":"<p>[vc_row][vc_column css=&#8221;.vc_custom_1632481409967{margin-top: 20px !important;}&#8221;][\/vc_column][\/vc_row][vc_row][vc_column width=&#8221;1\/4&#8243;][vc_single_image image=&#8221;379&#8243; img_size=&#8221;170&#215;200&#8243; alignment=&#8221;center&#8221;][\/vc_column][vc_column width=&#8221;3\/4&#8243;][vc_column_text]<\/p>\n<h4 style=\"text-align: center;\">Gmina Andrych\u00f3w<\/h4>\n<p style=\"text-align: center;\">34-120 Andrych\u00f3w<br \/>\nul. Rynek 15<br \/>\n<a href=\"https:\/\/andrychow.eu\/\" target=\"_blank\" rel=\"noopener\">www.andrychow.eu<\/a><br \/>\ntel.: (33) 842-99-00 lub (33) 875-23-60<br \/>\nfax: (33) 875-29-16<br \/>\ne-mail: info@andrychow.eu<\/p>\n<p>[\/vc_column_text][\/vc_column][\/vc_row][vc_row][vc_column][vc_separator color=&#8221;sky&#8221; el_width=&#8221;90&#8243; css=&#8221;.vc_custom_1632481474838{margin-top: -50px !important;margin-bottom: -50px !important;}&#8221;][\/vc_column][\/vc_row][vc_row][vc_column][vc_column_text]La ville et la commune d\u2019Andrych\u00f3w sont situ\u00e9es au sud de la Pologne \u00e0 proximit\u00e9 des villes telles que Cracovie, Bielsko-Bia\u0142a, Wadowice et O\u015bwi\u0119cim (Auschwitz). Compte tenu de sa position g\u00e9ographique, c\u2019est un site touristique tr\u00e8s attrayant dans le massif de Beskid Ma\u0142y. La commune d\u2019Andrych\u00f3w est un excellent lieu de repos et de loisirs offrant les diff\u00e9rentes opportunit\u00e9s \u00e0 ceux qui cherchent une d\u00e9tente. Cette diversit\u00e9 attire les touristes qui sont enchant\u00e9s par le massif de Beskidy. Vous y trouverez beaucoup d\u2019attractions.<\/p>\n<p>Voici ce qui nous offre la nature dans cette commune:<\/p>\n<ul>\n<li>vastes champs qui ne sont pas s\u00e9par\u00e9s par les villages et qui sont situ\u00e9s sur les collines offrant de beaux panoramas dans toutes les directions,<\/li>\n<li>de nombreuses vall\u00e9es des ruisseaux et des torrents, affluents de la rivi\u00e8re Wieprz\u00f3wka,<\/li>\n<li>de nombreuses formes telles que les for\u00eats, les vall\u00e9es et les ravins bois\u00e9s, les affleurements rocheux et les prairies x\u00e9rothermiques.<\/li>\n<\/ul>\n<p>[\/vc_column_text][vc_column_text]Les for\u00eats occupent 40 % de la surface de la commune d\u2019Andrych\u00f3w avec les formes de protection de la natures suivantes :<\/p>\n<ul>\n<li>Parc Naturel Beskid Ma\u0142y avec zone tampon<\/li>\n<li>R\u00e9serve naturelle Madohora<\/li>\n<li>Espace Natura 2000 \u2013 Espace Sp\u00e9ciale de Protection des Habitats Beskid Ma\u0142y (PLH240023)<\/li>\n<li>Poste de documentation \u00ab\u00a0Potok Rzyczanka\u00a0\u00bb<\/li>\n<li>12 monuments naturels<\/li>\n<\/ul>\n<p>Seul le parc naturel Beskid Ma\u0142y occupe 42 % de la surface de la commune d\u2019Andrych\u00f3w, et avec sa zone tampon, c\u2019est m\u00eame 81 % de sa surface de la commune. Ce parc a \u00e9t\u00e9 cr\u00e9\u00e9 pour prot\u00e9ger les qualit\u00e9s uniques naturelles, paysag\u00e8res et culturelles du massif de Beskid Ma\u0142y tout en contribuant au d\u00e9veloppement de ses fonctions didactiques et scientifiques, touristiques et de loisirs.<\/p>\n<p>La commune d\u2019Andrych\u00f3w occupe une surface de 100 km<sup>2<\/sup>\u00a0et selon les donn\u00e9es connues \u00e0 la fin de 2020, elle est habit\u00e9e par environ 43 mille habitants.[\/vc_column_text][vc_column_text]C\u2019est une commune situ\u00e9e au croisement de deux itin\u00e9raires de transport, la route nationale DK 52 (est-ouest) et la route r\u00e9gionale DW 781 (nord-sud), ce qui permet de se d\u00e9placer facilement vers :<\/p>\n<ul>\n<li>l\u2019est dans la direction de Wadowice et de Cracovie,<\/li>\n<li>l\u2019ouest dans la direction du poviat d\u2019O\u015bwi\u0119cim et de Bielsko-Bia\u0142a (r\u00e9gion de Sil\u00e9sie),<\/li>\n<li>le nord dans la direction de la partie nord du poviat de Wadowice et de Zator (poviat d\u2019O\u015bwi\u0119cim),<\/li>\n<li>le sud dans la direction du poviat de \u017bywiec.<\/li>\n<\/ul>\n<p>Le syst\u00e8me routier, ce sont \u00e9galement les routes de poviat et les routes communales ce qui permet de se d\u00e9placer facilement au niveau local entre les communes limitrophes. En ce qui concerne d\u2019autres moyens de transport, il existe \u00e9galement une ligne ferroviaire n\u00b0 117 \u00e0 une seule voie entre Kalwaria Zebrzydowska Lanckorona et Bielsko-Bia\u0142a G\u0142\u00f3wna (direction est-ouest).<\/p>\n<p>Au niveau local, le transport ferroviaire n\u2019est assur\u00e9 qu\u2019entre la ville d\u2019Andrych\u00f3w et le village d\u2019Inwa\u0142d. En ce qui concerne le r\u00e9seau des routes r\u00e9gionales, le syst\u00e8me routier \u00e0 Andrych\u00f3w constitue un \u00e9l\u00e9ment essentiel pour le d\u00e9veloppement de cette commune. Actuellement, la route DK 52 constitue le principal corridor de transport traversant les zones fortement urbanis\u00e9es.<\/p>\n<p>Avant 2031, on pr\u00e9voit de construire la route Beskidzka Droga Integracyjna assurant la liaison entre Bielsko-Bia\u0142a et G\u0142ogocz\u00f3w pr\u00e8s de Cracovie. Cette route longue de 61 km constituera en m\u00eame temps le p\u00e9riph\u00e9rique de K\u0119ty, d\u2019Andrych\u00f3w, de Wadowice et de Kalwaria Zebrzydowska. Cet investissement permettra de r\u00e9duire l\u2019impact n\u00e9gatif d\u2019un trafic routier intense sur la route DK 52 qui pourra alors assurer une liaison entre les localit\u00e9s au sein de cette commune, mais avant tout assurera une liaison efficace entre l\u2019agglom\u00e9ration de Cracovie et la Tch\u00e9quie et la Slovaquie \u00e0 travers l\u2019agglom\u00e9ration dynamique de Bielsko-Bia\u0142a, et permettra de d\u00e9gager les opportunit\u00e9s de d\u00e9veloppement des villes, y compris celle d\u2019Andrych\u00f3w. Cela stimulera le d\u00e9veloppement \u00e9conomique et incitera les gens \u00e0 s\u2019y installer, car cet investissement contribuera \u00e0 l\u2019attrait de la commune pour les investisseurs.<\/p>\n<p>Les transports en commun dans cette commune, ce sont 9 itin\u00e9raires entre la ville d\u2019Andrych\u00f3w et tous les villages de la commune. Dans le cadre d\u2019un accord sign\u00e9 avec Komunikacja Beskidzka, les transports en commun sont assur\u00e9s \u00e9galement sur l\u2019itin\u00e9raire K\u0119ty \u2013 Andrych\u00f3w (par Bulowice et Czaniec). Les transports en commun sont par ailleurs assur\u00e9s par les transporteurs priv\u00e9s et cela concerne les itin\u00e9raires menant vers Wadowice, Chocznia, Wieprz, Frydrychowice.[\/vc_column_text][vc_column_text]La tradition industrielle de la ville d\u2019Andrych\u00f3w remonte au XVIIIe s. Elle a surmont\u00e9 les difficult\u00e9s li\u00e9es \u00e0 la transformation du syst\u00e8me et actuellement, cette est \u00e9galement un centre industriel.<\/p>\n<p>Andrych\u00f3w est un des plus importants centres industriels de la r\u00e9gion de Petite-Pologne. C\u2019est un lieu de d\u00e9veloppement des diff\u00e9rents secteurs industriels avec de nouvelles entreprises qui d\u00e9cident toujours de s\u2019y installer. C\u2019est sans doute gr\u00e2ce \u00e0 la cr\u00e9ation en 2008 de la Zone \u00c9conomique de 27,95 ha, dont 15,9 ha ont \u00e9t\u00e9 inclus dans la Zones \u00c9conomique Sp\u00e9ciale de Cracovie en tant que Division Andrych\u00f3w.<\/p>\n<p>Les investisseurs pr\u00e9voyant des investissements dans la commune d\u2019Andrych\u00f3w peuvent profiter d\u2019une exon\u00e9ration de l\u2019imp\u00f4t sur le revenu CIT ou PIT pendant 12\u00a0ans.<\/p>\n<p>La Zone d\u2019Investissement Polonaise (PSI) est une forme de soutien aux entreprises pr\u00e9voyant de nouveaux investissements.<\/p>\n<p>Un investissement peut \u00eatre situ\u00e9 sur tous les types de terrains (priv\u00e9s et publics).[\/vc_column_text][vc_column_text]Pour calculer le montant de l\u2019aide public (all\u00e8gement fiscal), on tient compte des d\u00e9penses d\u2019investissement support\u00e9es par l\u2019entrepreneur dans le cadre de la r\u00e9alisation d\u2019un nouveau projet ou des frais de nouveaux emplois support\u00e9s pendant deux ans.<\/p>\n<p>Les d\u00e9penses d\u2019investissement minimales doivent \u00eatre respectivement de :<\/p>\n<ul>\n<li>grande entreprise: 60 M PLN<\/li>\n<li>moyenne entreprise: 12 M PLN<\/li>\n<li>petite entreprise: 3 M PLN<\/li>\n<li>micro-entreprise: 1,2 M PLN<\/li>\n<\/ul>\n<p>Le tourisme est un secteur important de l\u2019\u00e9conomie d\u2019Andrych\u00f3w qui se classe au deuxi\u00e8me rang, apr\u00e8s l\u2019industrie, et qui conna\u00eet un d\u00e9veloppement dynamique. Andrych\u00f3w, situ\u00e9e au c\u0153ur du massif Beskid Ma\u0142y, est un excellent lieu de d\u00e9part pour les randonn\u00e9es et son offre de loisirs diversifi\u00e9e attire les touristes dont le nombre augmente d\u2019une ann\u00e9e \u00e0 l\u2019autre.<\/p>\n<p>Un nombre de touristes plus \u00e9lev\u00e9, c\u2019est un nombre de maisons d\u2019h\u00f4tes plus \u00e9lev\u00e9, celles existantes sont modernis\u00e9es, c\u2019est \u00e9galement un nombre croissant d\u2019h\u00f4tels.[\/vc_column_text][vc_column_text]Les environs d\u2019Andrych\u00f3w constituent un excellent lieu pour les s\u00e9jours d\u2019un ou de plusieurs jours en \u00e9t\u00e9 et en hiver, car finalement\u00a0<em>Andrych\u00f3w est un site proposant de nombreuses attractions !<\/em><\/p>\n<p>En hiver, vous pouvez faire du ski ou du snowboard sur les pistes dans les stations de ski \u00ab\u00a0Czarny Gro\u0144\u00a0\u00bb et \u00ab\u00a0Kocierz\u00a0\u00bb, et en \u00e9t\u00e9, vous pouvez faire des randonn\u00e9es \u00e0 la montagne sur les itin\u00e9raires du massif Beskid Ma\u0142y. En \u00e9t\u00e9 ou en hiver, vous pouvez profiter des attractions propos\u00e9es dans cette commune.<\/p>\n<p>Ce sont:<\/p>\n<ul>\n<li>Parc de Miniatures \u00ab\u00a0\u015awiat Marze\u0144\u00a0\u00bb,<\/li>\n<li>Forteresse Inwa\u0142d,<\/li>\n<li>Jardin de Jean Paul II,<\/li>\n<li>Parc des Dinozaures et Parc d\u2019Attractions Dinolandia,<\/li>\n<li>Kucyk Mini Zoo,<\/li>\n<li>Magiczna Osada dans le centre \u00ab\u00a0Czarny Gro\u0144\u00a0\u00bb,<\/li>\n<li>Aquaparc naturel i parc accrobranche dans le centre \u00ab\u00a0Kocierz\u00a0\u00bb,<\/li>\n<li>piscine couverte,<\/li>\n<li>piscine en plein air,<\/li>\n<li>Stanitsa Hucu\u0142,<\/li>\n<li>Mus\u00e9e Historique et Ethnographique.<\/li>\n<\/ul>\n<p>[\/vc_column_text][\/vc_column][\/vc_row][vc_row][vc_column][vc_separator color=&#8221;sky&#8221; el_width=&#8221;90&#8243;][\/vc_column][\/vc_row][vc_row][vc_column][vc_column_text]<strong>Syst\u00e8me d\u2019information sur les sols, terrains d\u2019investissement :<\/strong><\/p>\n<ul>\n<li><a href=\"https:\/\/andrychow.e-mapa.net\/\" target=\"_blank\" rel=\"noopener\">https:\/\/andrychow.e-mapa.net\/<\/a><\/li>\n<\/ul>\n<p><strong>Histoire d\u2019Andrych\u00f3w &#8211; liens:<\/strong><\/p>\n<ul>\n<li><a href=\"https:\/\/andrychow.eu\/gmina-andrychow\/\" target=\"_blank\" rel=\"noopener\">https:\/\/andrychow.eu\/gmina-andrychow\/<\/a><\/li>\n<li><a href=\"https:\/\/andrychow.eu\/gmina-andrychow\/\" target=\"_blank\" rel=\"noopener\">https:\/\/andrychow.eu\/gmina-andrychow\/<\/a><\/li>\n<li><a href=\"https:\/\/andrychow.eu\/turystyka\/historia-andrychowa\/\" target=\"_blank\" rel=\"noopener\">https:\/\/andrychow.eu\/turystyka\/historia-andrychowa\/<\/a><\/li>\n<\/ul>\n<p><strong>Tourisme:<\/strong><\/p>\n<ul>\n<li><a href=\"http:\/\/www.moskit-andrychow.eu\/\" target=\"_blank\" rel=\"noopener\">http:\/\/www.moskit-andrychow.eu\/<\/a><\/li>\n<\/ul>\n<p>[\/vc_column_text][\/vc_column][\/vc_row][vc_row][vc_column][vc_separator color=&#8221;sky&#8221; el_width=&#8221;90&#8243;][\/vc_column][\/vc_row][vc_row][vc_column][vc_media_grid element_width=&#8221;3&#8243; grid_id=&#8221;vc_gid:1682242532072-9c0f7578-37d0-1&#8243; include=&#8221;247,248,250,251,252,253&#8243;][\/vc_column][\/vc_row]<\/p>\n","protected":false},"excerpt":{"rendered":"<p>[vc_row][vc_column css=&#8221;.vc_custom_1632481409967{margin-top: 20px !important;}&#8221;][\/vc_column][\/vc_row][vc_row][vc_column width=&#8221;1\/4&#8243;][vc_single_image image=&#8221;379&#8243; img_size=&#8221;170&#215;200&#8243; alignment=&#8221;center&#8221;][\/vc_column][vc_column width=&#8221;3\/4&#8243;][vc_column_text] Gmina Andrych\u00f3w 34-120 Andrych\u00f3w ul. Rynek 15 www.andrychow.eu tel.: (33) 842-99-00 lub (33) 875-23-60 fax: (33) 875-29-16<\/p>\n","protected":false},"author":1,"featured_media":0,"parent":646,"menu_order":0,"comment_status":"closed","ping_status":"closed","template":"","meta":{"footnotes":""},"class_list":["post-651","page","type-page","status-publish","hentry"],"lang":"fr","translations":{"fr":651,"pl":91,"de":587,"en":599,"es":603},"pll_sync_post":[],"_links":{"self":[{"href":"https:\/\/inwestujwmalopolsce.eu\/index.php?rest_route=\/wp\/v2\/pages\/651","targetHints":{"allow":["GET"]}}],"collection":[{"href":"https:\/\/inwestujwmalopolsce.eu\/index.php?rest_route=\/wp\/v2\/pages"}],"about":[{"href":"https:\/\/inwestujwmalopolsce.eu\/index.php?rest_route=\/wp\/v2\/types\/page"}],"author":[{"embeddable":true,"href":"https:\/\/inwestujwmalopolsce.eu\/index.php?rest_route=\/wp\/v2\/users\/1"}],"replies":[{"embeddable":true,"href":"https:\/\/inwestujwmalopolsce.eu\/index.php?rest_route=%2Fwp%2Fv2%2Fcomments&post=651"}],"version-history":[{"count":1,"href":"https:\/\/inwestujwmalopolsce.eu\/index.php?rest_route=\/wp\/v2\/pages\/651\/revisions"}],"predecessor-version":[{"id":652,"href":"https:\/\/inwestujwmalopolsce.eu\/index.php?rest_route=\/wp\/v2\/pages\/651\/revisions\/652"}],"up":[{"embeddable":true,"href":"https:\/\/inwestujwmalopolsce.eu\/index.php?rest_route=\/wp\/v2\/pages\/646"}],"wp:attachment":[{"href":"https:\/\/inwestujwmalopolsce.eu\/index.php?rest_route=%2Fwp%2Fv2%2Fmedia&parent=651"}],"curies":[{"name":"wp","href":"https:\/\/api.w.org\/{rel}","templated":true}]}}