{"id":660,"date":"2023-04-23T11:55:53","date_gmt":"2023-04-23T09:55:53","guid":{"rendered":"https:\/\/inwestujwmalopolsce.eu\/?page_id=660"},"modified":"2023-04-23T12:34:02","modified_gmt":"2023-04-23T10:34:02","slug":"commune-de-myslenice","status":"publish","type":"page","link":"https:\/\/inwestujwmalopolsce.eu\/?page_id=660&lang=fr","title":{"rendered":"commune de My\u015blenice"},"content":{"rendered":"<p>[vc_row][vc_column css=&#8221;.vc_custom_1632482563487{margin-top: 20px !important;}&#8221;][\/vc_column][\/vc_row][vc_row][vc_column width=&#8221;1\/4&#8243;][vc_single_image image=&#8221;258&#8243; img_size=&#8221;182&#215;200&#8243; alignment=&#8221;center&#8221;][\/vc_column][vc_column width=&#8221;3\/4&#8243;][vc_column_text]<\/p>\n<h4 style=\"text-align: center;\">Gmina My\u015blenice<\/h4>\n<p style=\"text-align: center;\">32-400 My\u015blenice<br \/>\nul. Rynek 8\/9<br \/>\n<a href=\"https:\/\/myslenice.pl\/\" target=\"_blank\" rel=\"noopener\">www.myslenice.pl<\/a><br \/>\ne-mail: <a href=\"mailto:info@myslenice.pl\" target=\"_blank\" rel=\"noopener\">info@myslenice.pl<\/a><br \/>\ntel.: (12) 639-23-00<br \/>\nfax. (12) 639-23-05<\/p>\n<p>[\/vc_column_text][\/vc_column][\/vc_row][vc_row][vc_column][vc_separator color=&#8221;sky&#8221; el_width=&#8221;90&#8243; css=&#8221;.vc_custom_1632482610548{margin-top: -50px !important;margin-bottom: -50px !important;}&#8221;][\/vc_column][\/vc_row][vc_row][vc_column][vc_column_text]La commune de My\u015blenice se trouve dans un excellement emplacement car elle est travers\u00e9e par la route international E 77, commun\u00e9ment appel\u00e9e \u00ab\u00a0Zakopianka\u00a0\u00bb. Cette route m\u00e8ne de Cracovie aux postes-fronti\u00e8res \u00e0 Chy\u017cne et \u00e0 \u0141ysa Polana. L\u2019a\u00e9roport Jean Paul II \u00e0 Balice, le deuxi\u00e8me plus grand a\u00e9roport polonais, est \u00e0 peine \u00e0 35 km du centre de My\u015blenice. C\u2019est l\u00e0 o\u00f9 prend son d\u00e9but la route r\u00e9gionale n\u00b0 967 menant \u00e0 \u0141apczyca (direction de Tarn\u00f3w). C\u2019est qui est important, c\u2019est la proximit\u00e9 de Cracovie avec tous ses avantages d\u2019une grande agglom\u00e9ration, les universit\u00e9s, l\u2019acc\u00e8s aux nouvelles technologies, une \u00e9quipe des employ\u00e9s efficaces et comp\u00e9tents ainsi qu\u2019\u00e0 une exp\u00e9rience acquise dans le cadre de la coop\u00e9ration avec les investisseurs.<\/p>\n<p>Pour rendre la ville plus attrayante aux habitants et aux investisseurs, les autorit\u00e9s de la commune de My\u015blenice et des communes limitrophes se sont rapproch\u00e9s pour r\u00e9aliser le programme \u00ab\u00a0Kolej Plus\u00a0\u00bb [Chemins de fer Plus], soit une relation ferroviaire avec Cracovie qui contribuera certainement au meilleur confort et \u00e0 la s\u00e9curit\u00e9 des transports. Ainsi la ville pourra proposer un transport rapide \u00e0 Cracovie par chemins de fer. Sa collectivit\u00e9 territoriale est \u00e9galement en train des r\u00e9aliser de gros investissements d\u2019extension et de modernisation de l\u2019infrastructure routi\u00e8re toute en tenant compte de l\u2019emplacement des zones d\u2019investissement Jawornik\/Polanka.<\/p>\n<p>Cette commune occupe 153,7 km2, dont la ville de My\u015blenice occupe 30,1 km2. Cette Surface constitue environ 1 % de la Surface totale de la r\u00e9gion de Petite-Pologne et 22,8 % de la surface du poviat de My\u015blenice. En ce qui concerne les communes municipales et rurales, le territoire de la commune de My\u015blenice est le plus grand de la r\u00e9gion de Petite-Pologne. Un grand atout de cette commune est un terrain bois\u00e9 relativement grand, soit 31,1 % de la surface totale de la commune.[\/vc_column_text][vc_column_text]Sauf les atouts \u00e9conomiques susmentionn\u00e9s, My\u015blenice est \u00e9galement une r\u00e9gion touristique et une ville favorisant le repos. Une magnifique nature, la diversit\u00e9 des activit\u00e9s au choix, la proximit\u00e9 de Cracovie, de Wieliczka ou de Zakopane constituent d\u2019autres avantages de cette commune. En principe, un touriste y trouvera tout dont il peut avoir besoin quelle que soit la saison de l\u2019ann\u00e9e. Les promenades et les randonn\u00e9es \u00e0 pied au printemps, le repos au bord de la rivi\u00e8re en \u00e9t\u00e9, les randonn\u00e9es \u00e0 v\u00e9lo en automne et une piste de ski en hiver. Chacun trouvera quelque chose pour lui-m\u00eame. Il y a de plus en plus d\u2019h\u00f4tels et de chambres d\u2019h\u00f4tes et de restaurants.<\/p>\n<p>La commune est entour\u00e9e de collines du massif Pog\u00f3rze Wielickie dont les pentes douces bordent la vall\u00e9e de la rivi\u00e8re Raba. C\u00f4t\u00e9 midi, la vall\u00e9e est ferm\u00e9e par le massif de Beskid Makowski. La ville elle-m\u00eame est situ\u00e9e \u00e0 315 m d\u2019altitude au-dessus du niveau de la mer au bord de la rivi\u00e8re Raba, \u00e0 proximit\u00e9 du lac Dobczycki, et elle est entour\u00e9e des pentes Dalina, Che\u0142m et Uklejna. La structure g\u00e9ologique favorise la cr\u00e9ation des vall\u00e9es profondes. Un point de r\u00e9f\u00e9rence essentiel est la vall\u00e9e de Raba. Sa longueur au sein de la commune est d\u2019env. 10 km, sa partie est (env. 4,5 km), ce sont les eaux du lac Dobczycki. Les affluents de Raba, ce sont des dizaines de ruisseaux ventant des pentes c\u00f4t\u00e9 nord et c\u00f4t\u00e9 nord-ouest du Massif de Lubomir et de \u0141ysina ainsi que des pentes sud du massif Pog\u00f3rze Wielickie.<\/p>\n<p>My\u015blenice est visit\u00e9e par les touristes cherchant un repos actif rapide et intense (v\u00e9los, randonn\u00e9es \u00e0 pied, ski etc.) d\u2019une part, et par les touristes cherchant du calme et du silence qu\u2019ils peuvent trouver dans les for\u00eats locales et de beaux paysages d\u2019autre part. On remarque \u00e9galement que les habitants de l\u2019agglom\u00e9ration de Cracovie et de celle de Sil\u00e9sie sont \u00e9galement pas mal int\u00e9ress\u00e9s par le tourisme \u00e0 My\u015blenice car on peut joindre cette route facilement par le r\u00e9seau existant et cela ne prend pas beaucoup de temps.[\/vc_column_text][vc_column_text]La tradition \u00e9conomique \u00e0 My\u015blenice remonte \u00e0 plusieurs dizaines d\u2019ann\u00e9es. L\u2019artisanat, les services et le commerce connaissent un d\u00e9veloppement ici depuis plusieurs ann\u00e9es. Dans la commune, il y a \u00e9galement de grands sites de production tels que : Tele-Fonika Kable S.A., Fcase SARL Soci\u00e9t\u00e9 Anonyme en Commandite, Cooper Standard Automotive Polska SARL, Polplast Polska, KART SARL, JUTAX SARL Soci\u00e9t\u00e9 Anonyme en Commandite, Zeta (Jawornik), Meble Ry\u015b (Jawornik), HYDROLAND Basf, \u00ab\u00a0W\u0119dzonka\u00a0\u00bb Zak\u0142ad Uboju i Przetw\u00f3rstwa Mi\u0119snego, \u00ab\u00a0Gubad\u00a0\u00bb Wzornictwo, Produkcja, Handel SARL, Wyroby Hutnicze Grzegorz Gomulak i S-ka,\u00a0 Rejonowe Przedsi\u0119biorstwo Gospodarki Komunalnej SARL, PPH \u00ab\u00a0INTER-ZOO\u00a0\u00bb. Les entreprises sont install\u00e9es notamment le long de la route n\u00b0 7. Par ailleurs, My\u015blenice, de m\u00eame que les autres villes (Cracovie, Brzesko, Bochnia, Krzeszowice, Skawina, Wieliczka et Chrzan\u00f3w), fait partie de la Zone Industrielle de Cracovie o\u00f9 Cracovie est le centre dominant avec les autres villes en tant que centres-satellites moins grands li\u00e9s au centre dominant. On y retrouve les entreprises des diff\u00e9rentes branches de l\u2019industrie, entre autres : industrie alimentaire, sucri\u00e8re, de brasserie, m\u00e9tallurgique, sid\u00e9rurgique, chimique, de machines \u00e9lectriques, d\u2019impression, automobile. En ce qui concerne l\u2019\u00e9conomie de My\u015blenice, il est essentiel de tenir compte du contexte sous-r\u00e9gional avec de nombreuses relations et d\u00e9pendances impactant la condition et les plans de d\u00e9veloppement de l\u2019\u00e9conomie de la commune au sens large de ce mot.<\/p>\n<p>La commune de My\u015blenice dispose d\u2019un grand potentiel pour le d\u00e9veloppement du commerce. Elle peut proposer des conditions favorisant l\u2019activit\u00e9 \u00e9conomique et attirer de nouveaux investisseurs gr\u00e2ce \u00e0 deux zones industrielles pr\u00e9sentes \u00e0 My\u015blenice. Il s\u2019agit de la zone industrielle \u00ab\u00a0Jawornik\/Polanka\u00a0\u00bb proposant aux investisseurs une surface de 60 ha enti\u00e8rement priv\u00e9e et d\u2019une autre zone industrielle \u00ab\u00a0Dolne Przedmie\u015bcie\u00a0\u00bb en \u00e9volution rapide de la surface de 15,08 ha qui depuis l\u2019an 2000 a \u00e9t\u00e9 dot\u00e9e, peu \u00e0 peu, d\u2019infrastructure n\u00e9cessaire et d\u2019installations techniques ce qui a permis finalement d\u2019\u00e9tablir une offre d\u2019investissement compl\u00e8te r\u00e9pondant aux attentes des investisseurs les plus exigeants. Depuis 2007, ce terrain fait partie de la Zone \u00c9conomique Sp\u00e9ciale de Katowice.[\/vc_column_text][vc_column_text]Jusqu\u2019\u00e0 pr\u00e9sent, dans la zone Jawornik, env. 600 emplois ont \u00e9t\u00e9 cr\u00e9\u00e9s, et dans la zone \u00ab\u00a0Dolne Przedmie\u015bcie\u00a0\u00bb, ce chiffre remonte \u00e0 800. Une usine de Cooper Standard Automotive Polska SARL a \u00e9t\u00e9 construite sur une surface de 3,81 ha au sein de la zone \u00ab\u00a0Dolne Przedmie\u015bcie\u00a0\u00bb, ensuite sont venus d\u2019autres investisseurs tels que Polplast Polska SARL et Agro Jan Produkcja SARL.<\/p>\n<p>N\u00e9anmoins, ce qui est essentiel pour favoriser l\u2019activit\u00e9 \u00e9conomique, c\u2019est l\u2019activit\u00e9 des institutions locales et des organisations des entrepreneurs, et aussi le syst\u00e8me institutionnel rendant plus facile l\u2019exercice de l\u2019activit\u00e9 \u00e9conomique, y compris les services, les banques etc. Agence pour le D\u00e9veloppement \u00c9conomique de My\u015blenice (MARG) est une institution la plus essentielle avec un large \u00e9ventail d\u2019interaction. Elle est charg\u00e9e de promouvoir et d\u2019accompagner toutes les initiatives \u00e9conomiques impactant le d\u00e9veloppement de la r\u00e9gion de My\u015blenice en proposant entres autres l\u2019acc\u00e8s au Centre de Conseil gratuit pour les entrepreneurs, et aussi en g\u00e9rant les filiales du Fonds d\u2019Emprunts de Petite-Pologne (MFP) et du Fonds de S\u00fbret\u00e9 des Pr\u00eats de Petite-Pologne, et aussi du Fonds d\u2019Emprunts de la Fondation pour le D\u00e9veloppement de la R\u00e9gion de Rabka.[\/vc_column_text][vc_column_text]Les investisseurs pr\u00e9voyant d\u2019investir dans la commune de My\u015blenice peuvent profiter d\u2019une exon\u00e9ration de l\u2019imp\u00f4t sur le revenu CIT ou PIT pendant 12\u00a0ans.<\/p>\n<p>La Zone d\u2019Investissement Polonaise (PSI) est une forme de soutien aux entreprises pr\u00e9voyant de nouveaux investissements.<\/p>\n<p>Un investissement peut \u00eatre situ\u00e9 sur tous les types de terrains (priv\u00e9s et publics).<\/p>\n<p>Pour calculer le montant de l\u2019aide public (all\u00e8gement fiscal), on tient compte des d\u00e9penses d\u2019investissement support\u00e9es par l\u2019entrepreneur dans le cadre de la r\u00e9alisation d\u2019un nouveau projet ou des frais de nouveaux emplois support\u00e9s pendant deux ans.<\/p>\n<p>Les d\u00e9penses d\u2019investissement minimales doivent \u00eatre respectivement de:<\/p>\n<ul>\n<li>grande entreprise: 80 M PLN<\/li>\n<li>moyenne entreprise: 16 M PLN<\/li>\n<li>petite entreprise: 4 M PLN<\/li>\n<li>micro-entreprise: 1,06 M PLN<\/li>\n<\/ul>\n<p>Les capacit\u00e9s de la commune de My\u015blenice lui permettant d\u2019attirer les investisseurs sont de plus en plus grandes, elle reste en stricte coop\u00e9ration avec les institutions li\u00e9es aux affaires. La commune a donc pu prendre part aux programmes:<\/p>\n<ul>\n<li>Normes du services investisseurs en Petite-Pologne<\/li>\n<li>Power Up Your Business in Ma\u0142opolska<\/li>\n<\/ul>\n<p>[\/vc_column_text][\/vc_column][\/vc_row][vc_row][vc_column][vc_separator color=&#8221;sky&#8221; el_width=&#8221;90&#8243;][\/vc_column][\/vc_row][vc_row][vc_column][vc_column_text]<strong>Coordonn\u00e9es pour contact pour les Zones d\u2019Activit\u00e9 \u00c9conomiques:<\/strong><\/p>\n<ul>\n<li><strong><u>Wydzia\u0142 Rozwoju i Funduszy Zewn\u0119trznych UMiG My\u015blenice<\/u><\/strong><br \/>\n32\u2013400 My\u015blenice<br \/>\nul. Rynek 8\/9<br \/>\n<a href=\"mailto:info@myslenice.pl\">info@myslenice.pl<\/a><br \/>\nt\u00e9l.: (12) 639-23-27<\/li>\n<li><strong><u>My\u015blenicka Agencja Rozwoju Gospodarczego Sp. z o.o.<\/u><\/strong><br \/>\n32-400 My\u015blenice<br \/>\nRynek 8\/9<br \/>\n<a href=\"mailto:marg@myslenice.pl\">marg@myslenice.pl<\/a><br \/>\nt\u00e9l.: (12) 274-43-43<\/li>\n<\/ul>\n<p><strong>Coordonn\u00e9es pour contact pour le Tourisme et les Loisirs<\/strong><\/p>\n<ul>\n<li><strong>Wydzia\u0142 Promocji Wsp\u00f3\u0142pracy Sportu i Kultury UMiG My\u015blenice<\/strong><br \/>\n32\u2013400 My\u015blenice<br \/>\nul. Rynek 8\/9<br \/>\n<a href=\"mailto:info@myslenice.pl\">info@myslenice.pl<\/a><br \/>\nt\u00e9l.: (12) 639-23-09<\/li>\n<\/ul>\n<p>[\/vc_column_text][vc_column_text]<strong>Voici les investisseurs dans nos Zones d\u2019Activit\u00e9 \u00c9conomique:<\/strong><\/p>\n<ul>\n<li>COOPER STANDARD AUTOMOTIVE Polska sp. z o.o.<\/li>\n<li>POLPLAST Polska sp. z o.o.<\/li>\n<li>EUROSASH CASH&amp;CARRY<\/li>\n<li>JUTAX sp. z o.o. SKA<\/li>\n<li>POLWELL Polska sp. z o.o.<\/li>\n<li>BEPCO POLSKA sp. z o.o.<\/li>\n<li>FEASE Sp. z o.o., sp kom.<\/li>\n<li>ZELVO<\/li>\n<li>PFH EKOPOLDEX<\/li>\n<li>DREWMAT sp. z o.o.<\/li>\n<li>SOLUS TrailerParts sp.j.<\/li>\n<li>BLACHOTRAPEZ sp. z o.o.<\/li>\n<li>Fabryka Mebli RY\u015a<\/li>\n<li>EUROWIA POLSKA SA<\/li>\n<li>ZETA sp. z o.o.<\/li>\n<li>WIECH Fabryka Front\u00f3w Meblowych sp.j.<\/li>\n<li>AACOLOR sp. z o.o.<\/li>\n<li>BAHLSEN POLSKA sp. z o.o., sp kom.<\/li>\n<li>MAX KUCHNIE<\/li>\n<\/ul>\n<p>[\/vc_column_text][\/vc_column][\/vc_row][vc_row][vc_column][vc_separator color=&#8221;sky&#8221; el_width=&#8221;90&#8243;][\/vc_column][\/vc_row][vc_row][vc_column][vc_media_grid element_width=&#8221;3&#8243; grid_id=&#8221;vc_gid:1682243534601-39dff99f-b5b6-5&#8243; include=&#8221;261,262,263,264,265,266,267,268,269,270,271,272,273,274,275,276,277,278,279,280,281,282,283,284,285,286,287,288&#8243;][\/vc_column][\/vc_row]<\/p>\n","protected":false},"excerpt":{"rendered":"<p>[vc_row][vc_column css=&#8221;.vc_custom_1632482563487{margin-top: 20px !important;}&#8221;][\/vc_column][\/vc_row][vc_row][vc_column width=&#8221;1\/4&#8243;][vc_single_image image=&#8221;258&#8243; img_size=&#8221;182&#215;200&#8243; alignment=&#8221;center&#8221;][\/vc_column][vc_column width=&#8221;3\/4&#8243;][vc_column_text] Gmina My\u015blenice 32-400 My\u015blenice ul. Rynek 8\/9 www.myslenice.pl e-mail: info@myslenice.pl tel.: (12) 639-23-00 fax. (12) 639-23-05 [\/vc_column_text][\/vc_column][\/vc_row][vc_row][vc_column][vc_separator<\/p>\n","protected":false},"author":1,"featured_media":0,"parent":646,"menu_order":0,"comment_status":"closed","ping_status":"closed","template":"","meta":{"footnotes":""},"class_list":["post-660","page","type-page","status-publish","hentry"],"lang":"fr","translations":{"fr":660,"es":559,"pl":93,"en":577,"de":609},"pll_sync_post":[],"_links":{"self":[{"href":"https:\/\/inwestujwmalopolsce.eu\/index.php?rest_route=\/wp\/v2\/pages\/660","targetHints":{"allow":["GET"]}}],"collection":[{"href":"https:\/\/inwestujwmalopolsce.eu\/index.php?rest_route=\/wp\/v2\/pages"}],"about":[{"href":"https:\/\/inwestujwmalopolsce.eu\/index.php?rest_route=\/wp\/v2\/types\/page"}],"author":[{"embeddable":true,"href":"https:\/\/inwestujwmalopolsce.eu\/index.php?rest_route=\/wp\/v2\/users\/1"}],"replies":[{"embeddable":true,"href":"https:\/\/inwestujwmalopolsce.eu\/index.php?rest_route=%2Fwp%2Fv2%2Fcomments&post=660"}],"version-history":[{"count":1,"href":"https:\/\/inwestujwmalopolsce.eu\/index.php?rest_route=\/wp\/v2\/pages\/660\/revisions"}],"predecessor-version":[{"id":661,"href":"https:\/\/inwestujwmalopolsce.eu\/index.php?rest_route=\/wp\/v2\/pages\/660\/revisions\/661"}],"up":[{"embeddable":true,"href":"https:\/\/inwestujwmalopolsce.eu\/index.php?rest_route=\/wp\/v2\/pages\/646"}],"wp:attachment":[{"href":"https:\/\/inwestujwmalopolsce.eu\/index.php?rest_route=%2Fwp%2Fv2%2Fmedia&parent=660"}],"curies":[{"name":"wp","href":"https:\/\/api.w.org\/{rel}","templated":true}]}}