{"id":665,"date":"2023-04-23T12:15:20","date_gmt":"2023-04-23T10:15:20","guid":{"rendered":"https:\/\/inwestujwmalopolsce.eu\/?page_id=665"},"modified":"2023-04-23T12:32:22","modified_gmt":"2023-04-23T10:32:22","slug":"reglementation-nationale","status":"publish","type":"page","link":"https:\/\/inwestujwmalopolsce.eu\/?page_id=665&lang=fr","title":{"rendered":"R\u00e8glementation nationale"},"content":{"rendered":"<p>[vc_row][vc_column css=&#8221;.vc_custom_1632562118647{margin-top: 20px !important;}&#8221;][\/vc_column][\/vc_row][vc_row][vc_column width=&#8221;1\/4&#8243;][vc_single_image image=&#8221;410&#8243; img_size=&#8221;medium&#8221; alignment=&#8221;center&#8221; css=&#8221;.vc_custom_1633250994317{margin-bottom: -20px !important;}&#8221;][\/vc_column][vc_column width=&#8221;3\/4&#8243;][vc_column_text]<\/p>\n<h4 style=\"text-align: center;\">Pourquoi la Pologne?<\/h4>\n<p>L\u2019\u00e9conomie de la Pologne est bien stable avec une stable position macro\u00e9conomique. Les conditions uniques favorisant la cr\u00e9ation et la gestion des affaires se combinent \u00e0 une r\u00e9sistance aux crises \u00e9conomiques confirm\u00e9e \u00e0 plusieurs reprises.<\/p>\n<p>Le march\u00e9 int\u00e9rieur, c\u2019est plus de 38 millions de consommateurs et un acc\u00e8s facile au march\u00e9 de l\u2019Union Europ\u00e9enne avec 500 millions de consommateurs, et aussi aux pays de l\u2019Europe Orientale. Tout cela contribue \u00e0 la cr\u00e9ation d\u2019un milieu favorable auquel des milliers d\u2019investisseurs ont d\u00e9j\u00e0 fait confiance.<\/p>\n<p>La Pologne est <strong>un leader de la CEE<\/strong> en ce qui concerne le nombre d\u2019investissements du type greenfield, et en Europe, elle se classe au 3e rang. On estime que le montant des investissements en Pologne est de 21.8 milliards de dollars. Par ailleurs, gr\u00e2ce \u00e0 une \u00e9conomie stable et \u00e0 une r\u00e9sistance aux crises, la pand\u00e9mie du coronavirus n\u2019a pas chang\u00e9 de tendances favorables en ce qui concerne les investissements dans ce pays. Les \u00e9tudes du FSI montrent qu\u2019en Pologne, 165 nouveaux investissements ont eu lieu pendant les 4 premiers mois de 2020 \u2013 c\u2019est de 15 % de plus par rapport \u00e0 la m\u00eame p\u00e9riode de l\u2019ann\u00e9e pr\u00e9c\u00e9dente. En outre, la pand\u00e9mie n\u2019aura pas de grand impact sur les investissements futurs en Pologne ce qui est confirm\u00e9s par les pr\u00e9visions d\u2019Ernst &amp; Young Global Limited qui pr\u00e9voient que la probabilit\u00e9 du succ\u00e8s des investissements en Pologne est de\u00a0<strong>80 %<\/strong> vs 65 % en Europe.<\/p>\n<p>Pour plus de d\u00e9tails \u00e0 propos des investissements en Pologne, consultez le site de l\u2019Agence Nationale des Investissements et du Commerce: <a href=\"https:\/\/www.paih.gov.pl\/\">https:\/\/www.paih.gov.pl\/<\/a><\/p>\n<p>Source: <a href=\"https:\/\/www.paih.gov.pl\/polska_w_liczbach\/potencjal_inwestycyjny\" target=\"_blank\" rel=\"noopener\">https:\/\/www.paih.gov.pl\/polska_w_liczbach\/potencjal_inwestycyjny<\/a>[\/vc_column_text][\/vc_column][\/vc_row]<\/p>\n","protected":false},"excerpt":{"rendered":"<p>[vc_row][vc_column css=&#8221;.vc_custom_1632562118647{margin-top: 20px !important;}&#8221;][\/vc_column][\/vc_row][vc_row][vc_column width=&#8221;1\/4&#8243;][vc_single_image image=&#8221;410&#8243; img_size=&#8221;medium&#8221; alignment=&#8221;center&#8221; css=&#8221;.vc_custom_1633250994317{margin-bottom: -20px !important;}&#8221;][\/vc_column][vc_column width=&#8221;3\/4&#8243;][vc_column_text] Pourquoi la Pologne? L\u2019\u00e9conomie de la Pologne est bien stable avec une stable position<\/p>\n","protected":false},"author":1,"featured_media":0,"parent":0,"menu_order":0,"comment_status":"closed","ping_status":"closed","template":"","meta":{"footnotes":""},"class_list":["post-665","page","type-page","status-publish","hentry"],"lang":"fr","translations":{"fr":665,"en":474,"pl":101,"de":493,"es":528},"pll_sync_post":[],"_links":{"self":[{"href":"https:\/\/inwestujwmalopolsce.eu\/index.php?rest_route=\/wp\/v2\/pages\/665","targetHints":{"allow":["GET"]}}],"collection":[{"href":"https:\/\/inwestujwmalopolsce.eu\/index.php?rest_route=\/wp\/v2\/pages"}],"about":[{"href":"https:\/\/inwestujwmalopolsce.eu\/index.php?rest_route=\/wp\/v2\/types\/page"}],"author":[{"embeddable":true,"href":"https:\/\/inwestujwmalopolsce.eu\/index.php?rest_route=\/wp\/v2\/users\/1"}],"replies":[{"embeddable":true,"href":"https:\/\/inwestujwmalopolsce.eu\/index.php?rest_route=%2Fwp%2Fv2%2Fcomments&post=665"}],"version-history":[{"count":1,"href":"https:\/\/inwestujwmalopolsce.eu\/index.php?rest_route=\/wp\/v2\/pages\/665\/revisions"}],"predecessor-version":[{"id":666,"href":"https:\/\/inwestujwmalopolsce.eu\/index.php?rest_route=\/wp\/v2\/pages\/665\/revisions\/666"}],"wp:attachment":[{"href":"https:\/\/inwestujwmalopolsce.eu\/index.php?rest_route=%2Fwp%2Fv2%2Fmedia&parent=665"}],"curies":[{"name":"wp","href":"https:\/\/api.w.org\/{rel}","templated":true}]}}