{"id":671,"date":"2023-04-23T12:26:04","date_gmt":"2023-04-23T10:26:04","guid":{"rendered":"https:\/\/inwestujwmalopolsce.eu\/?page_id=671"},"modified":"2023-04-23T12:30:24","modified_gmt":"2023-04-23T10:30:24","slug":"pour-personnes-handicapees","status":"publish","type":"page","link":"https:\/\/inwestujwmalopolsce.eu\/?page_id=671&lang=fr","title":{"rendered":"Pour personnes handicap\u00e9es"},"content":{"rendered":"<p>[vc_row][vc_column css=&#8221;.vc_custom_1632562179539{margin-top: 20px !important;}&#8221;][\/vc_column][\/vc_row][vc_row][vc_column][vc_column_text]<\/p>\n<h4 style=\"text-align: center;\"><strong data-uw-styling-context=\"true\">Information aux visiteurs du site Internet:<\/strong><\/h4>\n<p>[\/vc_column_text][vc_column_text]Le site Internet d\u2019Agencja Rozwoju Ma\u0142opolski Zachodniej S.A. r\u00e9pond aux exigences techniques relatives \u00e0 la disponibilit\u00e9. Vous trouverez ci-dessous une liste des bonnes pratiques les plus importantes mises en place.<\/p>\n<p>Bonnes pratiques :<\/p>\n<ol>\n<li>Les utilisateurs se servant seulement du clavier doivent pouvoir naviguer sur le site avec la touche Tab ou avec les fl\u00e8ches. L\u2019\u00e9l\u00e9ment actif doit \u00eatre bien identifi\u00e9 et doit se d\u00e9placer sur l\u2019\u00e9cran selon un ordre logique. Cela permet une gestion ais\u00e9e du site p.ex. aux personnes avec handicap moteur ou aux malvoyants.<\/li>\n<li>La navigation (menu) doit \u00eatre bien coh\u00e9rente, logique et identique partout sur le site.<\/li>\n<li>Les noms de tous les liens doivent \u00eatre univoques et faciles \u00e0 comprendre, y compris en dehors du contexte.<\/li>\n<li>Les textes publi\u00e9s sur le site doivent \u00eatre bien nets. Ils doivent \u00eatre align\u00e9s \u00e0 gauche.<\/li>\n<li>Les formulaires mis \u00e0 la disposition sur le site ont des \u00e9tiquettes associ\u00e9es aux diff\u00e9rents champs des formulaires avec la description du r\u00f4le d\u2019un champ et du type de donn\u00e9es \u00e0 saisir dans ces champs par les utilisateurs.<\/li>\n<li>Il est pr\u00e9conis\u00e9 de rendre possible de ne pas utiliser les liens, soit d\u2019aller directement \u00e0 un espace du site. C\u2019est particuli\u00e8rement important pour les personnes aveugles et pour ceux qui n\u2019utilisent que le clavier.<\/li>\n<li>Toutes les pages publi\u00e9es sur le site doivent avoir des titres uniques renvoyant au contenu de la page visit\u00e9e par un utilisateur.<\/li>\n<li>Le contraste texte-fond doit pr\u00e9senter un rapport d\u2019au moins de 4,5 \u00e0 1, le mieux que ce soit d\u2019au moins de 7 \u00e0 1. Toutes les informations sur le site sont alors visibles aux malvoyants.<\/li>\n<li>La r\u00e9daction du site doit veiller \u00e0 la clart\u00e9 des contenus ins\u00e9r\u00e9s et \u00e0 assurer un formatage conforme aux directives visant \u00e0 am\u00e9liorer la disponibilit\u00e9.<\/li>\n<li>Les photos et les graphismes doivent \u00eatre munis d\u2019intitul\u00e9s alternatifs de fa\u00e7on \u00e0 ce que leur contenu soit disponible aux personnes aveugles.<\/li>\n<li>Une fois la langue de description de la forme de la pr\u00e9sentation du site d\u00e9sactiv\u00e9e (CSS), le site doit rester disponible et bien net.<\/li>\n<\/ol>\n<p>[\/vc_column_text][vc_column_text]<\/p>\n<h4 style=\"text-align: center;\"><strong data-uw-styling-context=\"true\">Autres informations:<\/strong><\/h4>\n<p>[\/vc_column_text][vc_column_text]<\/p>\n<ol>\n<li>Un script a \u00e9t\u00e9 ajout\u00e9 sur le site pour rendre facile aux personnes handicap\u00e9es de le consulter.<\/li>\n<li>Tout le contenu de ce scripte est polonis\u00e9, son utilisation est donc facile \u00e0 ceux qui ne connaissent pas une langue \u00e9trang\u00e8re.<\/li>\n<li data-uw-styling-context=\"true\">Pour l\u2019ic\u00f4ne du script\u00a0<img loading=\"lazy\" decoding=\"async\" class=\"alignnone size-full wp-image-336\" src=\"https:\/\/inwestujwmalopolsce.eu\/wp-content\/uploads\/2021\/09\/01.png\" alt=\"\" width=\"75\" height=\"75\" srcset=\"https:\/\/inwestujwmalopolsce.eu\/wp-content\/uploads\/2021\/09\/01.png 75w, https:\/\/inwestujwmalopolsce.eu\/wp-content\/uploads\/2021\/09\/01-50x50.png 50w\" sizes=\"auto, (max-width:767px) 75px, 75px\" \/>,\u00a0voir \u00e0 droite de la fen\u00eatre du navigateur centr\u00e9 verticalement.<\/li>\n<li>Lors d\u2019un clic sur l\u2019ic\u00f4ne du scripte ou lors d\u2019un appui simultan\u00e9 des touches CRTL+U sur le clavier, on voit s\u2019afficher la fen\u00eatre suivante:<\/li>\n<\/ol>\n<p>[\/vc_column_text][vc_single_image image=&#8221;342&#8243; img_size=&#8221;500&#215;245&#8243; alignment=&#8221;center&#8221; onclick=&#8221;link_image&#8221;][vc_column_text]<\/p>\n<h4 style=\"text-align: center;\"><strong data-uw-styling-context=\"true\">Fonctions du script:<\/strong><\/h4>\n<h5 style=\"text-align: center;\"><strong data-uw-styling-context=\"true\">Fonction: Contraste (4 degr\u00e9s):<\/strong><\/h5>\n<p>[\/vc_column_text][vc_column_text]<\/p>\n<p style=\"text-align: center;\">Inverser la couleur:<\/p>\n<p>[\/vc_column_text][vc_single_image image=&#8221;343&#8243; img_size=&#8221;500&#215;245&#8243; alignment=&#8221;center&#8221; onclick=&#8221;link_image&#8221;][vc_column_text]<\/p>\n<p style=\"text-align: center;\">Contraste fonc\u00e9:<\/p>\n<p>[\/vc_column_text][vc_single_image image=&#8221;344&#8243; img_size=&#8221;500&#215;245&#8243; alignment=&#8221;center&#8221; onclick=&#8221;link_image&#8221;][vc_column_text]<\/p>\n<p style=\"text-align: center;\">L\u00e9ger contraste:<\/p>\n<p>[\/vc_column_text][vc_single_image image=&#8221;345&#8243; img_size=&#8221;500&#215;245&#8243; alignment=&#8221;center&#8221; onclick=&#8221;link_image&#8221;][vc_column_text]<\/p>\n<p style=\"text-align: center;\">Aucune couleur:<\/p>\n<p>[\/vc_column_text][vc_single_image image=&#8221;346&#8243; img_size=&#8221;500&#215;245&#8243; alignment=&#8221;center&#8221; onclick=&#8221;link_image&#8221;][vc_column_text]<\/p>\n<h5 style=\"text-align: center;\"><strong data-uw-styling-context=\"true\">Fonction: Mise en couleur des liens<\/strong><\/h5>\n<p>[\/vc_column_text][vc_single_image image=&#8221;347&#8243; img_size=&#8221;500&#215;245&#8243; alignment=&#8221;center&#8221; onclick=&#8221;link_image&#8221;][vc_column_text]<\/p>\n<h5 style=\"text-align: center;\"><strong data-uw-styling-context=\"true\">Fonction: Grande police (4 degr\u00e9s)<\/strong><\/h5>\n<p style=\"text-align: center;\">1er degr\u00e9<\/p>\n<p>[\/vc_column_text][vc_single_image image=&#8221;348&#8243; img_size=&#8221;500&#215;245&#8243; alignment=&#8221;center&#8221; onclick=&#8221;link_image&#8221;][vc_column_text]<\/p>\n<p style=\"text-align: center;\">2e degr\u00e9<\/p>\n<p>[\/vc_column_text][vc_single_image image=&#8221;349&#8243; img_size=&#8221;500&#215;245&#8243; alignment=&#8221;center&#8221; onclick=&#8221;link_image&#8221;][vc_column_text]<\/p>\n<p style=\"text-align: center;\">3e degr\u00e9<\/p>\n<p>[\/vc_column_text][vc_single_image image=&#8221;350&#8243; img_size=&#8221;500&#215;245&#8243; alignment=&#8221;center&#8221; onclick=&#8221;link_image&#8221;][vc_column_text]<\/p>\n<p style=\"text-align: center;\">4e degr\u00e9<\/p>\n<p>[\/vc_column_text][vc_single_image image=&#8221;351&#8243; img_size=&#8221;500&#215;245&#8243; alignment=&#8221;center&#8221; onclick=&#8221;link_image&#8221;][vc_column_text]<\/p>\n<h5 style=\"text-align: center;\"><strong data-uw-styling-context=\"true\">Fonction: Interlignes (3 degr\u00e9s)<\/strong><\/h5>\n<p style=\"text-align: center;\">1er degr\u00e9<\/p>\n<p>[\/vc_column_text][vc_single_image image=&#8221;352&#8243; img_size=&#8221;500&#215;245&#8243; alignment=&#8221;center&#8221; onclick=&#8221;link_image&#8221;][vc_column_text]<\/p>\n<p style=\"text-align: center;\">2e degr\u00e9<\/p>\n<p>[\/vc_column_text][vc_single_image image=&#8221;353&#8243; img_size=&#8221;500&#215;245&#8243; alignment=&#8221;center&#8221; onclick=&#8221;link_image&#8221;][vc_column_text]<\/p>\n<p style=\"text-align: center;\">3e degr\u00e9<\/p>\n<p>[\/vc_column_text][vc_single_image image=&#8221;354&#8243; img_size=&#8221;500&#215;245&#8243; alignment=&#8221;center&#8221; onclick=&#8221;link_image&#8221;][vc_column_text]<\/p>\n<h5 style=\"text-align: center;\"><strong data-uw-styling-context=\"true\">Fonctions: Convivial pour les personnes dyslexiques (2 degr\u00e9s)<\/strong><\/h5>\n<p style=\"text-align: center;\">Convivial pour les personnes dyslexiques:<\/p>\n<p>[\/vc_column_text][vc_single_image image=&#8221;355&#8243; img_size=&#8221;500&#215;245&#8243; alignment=&#8221;center&#8221; onclick=&#8221;link_image&#8221;][vc_column_text]<\/p>\n<p style=\"text-align: center;\">Polices disponibles:<\/p>\n<p>[\/vc_column_text][vc_single_image image=&#8221;356&#8243; img_size=&#8221;500&#215;245&#8243; alignment=&#8221;center&#8221; onclick=&#8221;link_image&#8221;][vc_column_text]<\/p>\n<h5 style=\"text-align: center;\"><strong data-uw-styling-context=\"true\">Fonction: Convivial pour les personnes dyslexiques (2 degr\u00e9s)<\/strong><\/h5>\n<p style=\"text-align: center;\">Grand curseur:<\/p>\n<p>[\/vc_column_text][vc_single_image image=&#8221;357&#8243; img_size=&#8221;500&#215;245&#8243; alignment=&#8221;center&#8221; onclick=&#8221;link_image&#8221;][vc_column_text]<\/p>\n<p style=\"text-align: center;\">Reading mask:<\/p>\n<p>[\/vc_column_text][vc_single_image image=&#8221;358&#8243; img_size=&#8221;500&#215;245&#8243; alignment=&#8221;center&#8221; onclick=&#8221;link_image&#8221;][vc_column_text]<\/p>\n<p style=\"text-align: center;\">Guide de lecture:<\/p>\n<p>[\/vc_column_text][vc_single_image image=&#8221;359&#8243; img_size=&#8221;500&#215;245&#8243; alignment=&#8221;center&#8221; onclick=&#8221;link_image&#8221;][vc_column_text]<\/p>\n<h5 style=\"text-align: center;\"><strong data-uw-styling-context=\"true\">Fonction: Hauteur d\u2019une ligne (3 degr\u00e9s)<\/strong><\/h5>\n<p style=\"text-align: center;\">1,5<\/p>\n<p>[\/vc_column_text][vc_single_image image=&#8221;360&#8243; img_size=&#8221;500&#215;245&#8243; alignment=&#8221;center&#8221; onclick=&#8221;link_image&#8221;][vc_column_text]<\/p>\n<p style=\"text-align: center;\">1,75<\/p>\n<p>[\/vc_column_text][vc_single_image image=&#8221;361&#8243; img_size=&#8221;500&#215;245&#8243; alignment=&#8221;center&#8221; onclick=&#8221;link_image&#8221;][vc_column_text]<\/p>\n<p style=\"text-align: center;\">2<\/p>\n<p>[\/vc_column_text][vc_single_image image=&#8221;362&#8243; img_size=&#8221;500&#215;245&#8243; alignment=&#8221;center&#8221; onclick=&#8221;link_image&#8221;][\/vc_column][\/vc_row]<\/p>\n","protected":false},"excerpt":{"rendered":"<p>[vc_row][vc_column css=&#8221;.vc_custom_1632562179539{margin-top: 20px !important;}&#8221;][\/vc_column][\/vc_row][vc_row][vc_column][vc_column_text] Information aux visiteurs du site Internet: [\/vc_column_text][vc_column_text]Le site Internet d\u2019Agencja Rozwoju Ma\u0142opolski Zachodniej S.A. r\u00e9pond aux exigences techniques relatives \u00e0 la disponibilit\u00e9.<\/p>\n","protected":false},"author":1,"featured_media":0,"parent":0,"menu_order":0,"comment_status":"closed","ping_status":"closed","template":"","meta":{"footnotes":""},"class_list":["post-671","page","type-page","status-publish","hentry"],"lang":"fr","translations":{"fr":671,"en":478,"pl":107,"de":495,"es":530},"pll_sync_post":[],"_links":{"self":[{"href":"https:\/\/inwestujwmalopolsce.eu\/index.php?rest_route=\/wp\/v2\/pages\/671","targetHints":{"allow":["GET"]}}],"collection":[{"href":"https:\/\/inwestujwmalopolsce.eu\/index.php?rest_route=\/wp\/v2\/pages"}],"about":[{"href":"https:\/\/inwestujwmalopolsce.eu\/index.php?rest_route=\/wp\/v2\/types\/page"}],"author":[{"embeddable":true,"href":"https:\/\/inwestujwmalopolsce.eu\/index.php?rest_route=\/wp\/v2\/users\/1"}],"replies":[{"embeddable":true,"href":"https:\/\/inwestujwmalopolsce.eu\/index.php?rest_route=%2Fwp%2Fv2%2Fcomments&post=671"}],"version-history":[{"count":1,"href":"https:\/\/inwestujwmalopolsce.eu\/index.php?rest_route=\/wp\/v2\/pages\/671\/revisions"}],"predecessor-version":[{"id":673,"href":"https:\/\/inwestujwmalopolsce.eu\/index.php?rest_route=\/wp\/v2\/pages\/671\/revisions\/673"}],"wp:attachment":[{"href":"https:\/\/inwestujwmalopolsce.eu\/index.php?rest_route=%2Fwp%2Fv2%2Fmedia&parent=671"}],"curies":[{"name":"wp","href":"https:\/\/api.w.org\/{rel}","templated":true}]}}