{"id":685,"date":"2023-12-14T13:39:07","date_gmt":"2023-12-14T12:39:07","guid":{"rendered":"https:\/\/inwestujwmalopolsce.eu\/?page_id=685"},"modified":"2023-12-14T13:49:42","modified_gmt":"2023-12-14T12:49:42","slug":"aplikacja-mobilna","status":"publish","type":"page","link":"https:\/\/inwestujwmalopolsce.eu\/?page_id=685","title":{"rendered":"Aplikacja mobilna"},"content":{"rendered":"<p>Poni\u017cej do pobrania dedykowana aplikacja mobilna stworzona z my\u015bl\u0105 o promowaniu oferty ma\u0142opolskich przedsi\u0119biorc\u00f3w uczestnicz\u0105cych w projekcie. W aplikacji znajd\u0105 Pa\u0144stwo informacje o ka\u017cdej z firm bior\u0105cych udzia\u0142 w projekcie, informacje na temat oferowanych produkt\u00f3w, jak r\u00f3wnie\u017c niezb\u0119dne dane kontaktowe oraz odno\u015bniki do stron internetowych przedsi\u0119biorstw. Dodatkowo znajduj\u0105 si\u0119 tam informacje o samej Ma\u0142opolsce jak r\u00f3wnie\u017c o terenach inwestycyjnych.<\/p>\n<p>Link do aplikacji:<\/p>\n<p><a href=\"https:\/\/aplikacja.inwestujwmalopolsce.eu\/\" target=\"_blank\" rel=\"noopener\">https:\/\/aplikacja.inwestujwmalopolsce.eu\/<\/a><\/p>\n","protected":false},"excerpt":{"rendered":"<p>Poni\u017cej do pobrania dedykowana aplikacja mobilna stworzona z my\u015bl\u0105 o promowaniu oferty ma\u0142opolskich przedsi\u0119biorc\u00f3w uczestnicz\u0105cych w projekcie. W aplikacji znajd\u0105 Pa\u0144stwo informacje o ka\u017cdej z firm<\/p>\n","protected":false},"author":1,"featured_media":0,"parent":0,"menu_order":0,"comment_status":"closed","ping_status":"closed","template":"","meta":{"footnotes":""},"class_list":["post-685","page","type-page","status-publish","hentry"],"lang":"pl","translations":{"pl":685},"pll_sync_post":[],"_links":{"self":[{"href":"https:\/\/inwestujwmalopolsce.eu\/index.php?rest_route=\/wp\/v2\/pages\/685","targetHints":{"allow":["GET"]}}],"collection":[{"href":"https:\/\/inwestujwmalopolsce.eu\/index.php?rest_route=\/wp\/v2\/pages"}],"about":[{"href":"https:\/\/inwestujwmalopolsce.eu\/index.php?rest_route=\/wp\/v2\/types\/page"}],"author":[{"embeddable":true,"href":"https:\/\/inwestujwmalopolsce.eu\/index.php?rest_route=\/wp\/v2\/users\/1"}],"replies":[{"embeddable":true,"href":"https:\/\/inwestujwmalopolsce.eu\/index.php?rest_route=%2Fwp%2Fv2%2Fcomments&post=685"}],"version-history":[{"count":1,"href":"https:\/\/inwestujwmalopolsce.eu\/index.php?rest_route=\/wp\/v2\/pages\/685\/revisions"}],"predecessor-version":[{"id":686,"href":"https:\/\/inwestujwmalopolsce.eu\/index.php?rest_route=\/wp\/v2\/pages\/685\/revisions\/686"}],"wp:attachment":[{"href":"https:\/\/inwestujwmalopolsce.eu\/index.php?rest_route=%2Fwp%2Fv2%2Fmedia&parent=685"}],"curies":[{"name":"wp","href":"https:\/\/api.w.org\/{rel}","templated":true}]}}