{"id":81,"date":"2021-09-13T14:17:46","date_gmt":"2021-09-13T12:17:46","guid":{"rendered":"http:\/\/inwestujwmalopolsce.eu\/?page_id=81"},"modified":"2024-11-15T12:53:20","modified_gmt":"2024-11-15T11:53:20","slug":"strona-glowna","status":"publish","type":"page","link":"https:\/\/inwestujwmalopolsce.eu\/","title":{"rendered":"Strona g\u0142\u00f3wna"},"content":{"rendered":"<p>[vc_row][vc_column css=&#8221;.vc_custom_1632560580933{margin-top: 20px !important;}&#8221;][\/vc_column][\/vc_row][vc_row][vc_column][vc_column_text]<\/p>\n<h4 style=\"text-align: center;\">Projekt realizowany pod patronatem Marsza\u0142ka Wojew\u00f3dztwa Ma\u0142opolskiego Witolda Koz\u0142owskiego<\/h4>\n<p><img loading=\"lazy\" decoding=\"async\" class=\"size-full wp-image-426 aligncenter\" src=\"https:\/\/inwestujwmalopolsce.eu\/wp-content\/uploads\/2021\/10\/TVP3-logo-m.png\" alt=\"\" width=\"191\" height=\"81\" srcset=\"https:\/\/inwestujwmalopolsce.eu\/wp-content\/uploads\/2021\/10\/TVP3-logo-m.png 191w, https:\/\/inwestujwmalopolsce.eu\/wp-content\/uploads\/2021\/10\/TVP3-logo-m-50x21.png 50w, https:\/\/inwestujwmalopolsce.eu\/wp-content\/uploads\/2021\/10\/TVP3-logo-m-150x64.png 150w\" sizes=\"auto, (max-width:767px) 191px, 191px\" \/><\/p>\n<h4 style=\"text-align: center;\">Patron medialny TVP Krak\u00f3w<\/h4>\n<p>[\/vc_column_text][\/vc_column][\/vc_row][vc_row][vc_column][vc_separator color=&#8221;sky&#8221; el_width=&#8221;90&#8243;][\/vc_column][\/vc_row][vc_row][vc_column][vc_row_inner][vc_column_inner width=&#8221;1\/4&#8243;][vc_single_image image=&#8221;399&#8243; alignment=&#8221;center&#8221; css=&#8221;.vc_custom_1633250495653{margin-bottom: -20px !important;}&#8221;][\/vc_column_inner][vc_column_inner width=&#8221;3\/4&#8243;][vc_column_text]<\/p>\n<p style=\"font-weight: 400; text-align: justify;\">Targi EXPO REAL w Monachium to mi\u0119dzynarodowe targi nieruchomo\u015bci i inwestycji. W misji organizowanej przez ARMZ S.A. wezm\u0105 udzia\u0142 przedstawiciele 5 JST z terenu Ma\u0142opolski tj.: Chrzan\u00f3w, Trzebinia, Andrych\u00f3w, My\u015blenice i Babice. Celem misji b\u0119dzie przede wszystkim promocja teren\u00f3w inwestycyjnych zlokalizowanych w Ma\u0142opolsce, a tak\u017ce u\u0142atwienie Jednostkom Samorz\u0105du Terytorialnego z terenu Ma\u0142opolski nawi\u0105zania kontakt\u00f3w z potencjalnymi przysz\u0142ymi inwestorami. Ponadto istot\u0105 misji b\u0119d\u0105 dzia\u0142ania skupione wok\u00f3\u0142 promowania i budowania pozytywnego wizerunku Ma\u0142opolski g\u0142ownie na rynku Niemieckim,\u00a0\u00a0ale i og\u00f3lne mi\u0119dzynarodowym. Dzi\u0119ki organizacji misji wyjazdowej do Niemiec, przedstawiciele ma\u0142opolskich JST b\u0119d\u0105 mieli mo\u017cliwo\u015b\u0107 przedstawienia oferty inwestycyjnej regionu oraz promowania jego walor\u00f3w i potencja\u0142u. Odwiedzaj\u0105cy dowiedz\u0105 si\u0119 o korzy\u015bciach wynikaj\u0105cych z inwestowania w wojew\u00f3dztwie ma\u0142opolskim. Obecno\u015b\u0107 na targach ma umo\u017cliwi\u0107 przedstawicielom regionu ma\u0142opolskiego nawi\u0105zanie wsp\u00f3\u0142pracy gospodarczej z mi\u0119dzynarodowymi inwestorami z kluczowych bran\u017c dla rozwoju wojew\u00f3dztwa ma\u0142opolskiego \u2013 przemys\u0142u, turystyki i nowych technologii.<\/p>\n<p>[\/vc_column_text][\/vc_column_inner][\/vc_row_inner][vc_column_text css=&#8221;.vc_custom_1633250138200{margin-top: -60px !important;}&#8221;]<\/p>\n<p style=\"font-weight: 400; text-align: justify;\">W programie Naszej misji przewidziano m.in. organizacj\u0119 dedykowanego seminarium podczas kt\u00f3rego zaprezentowany zostanie Region Ma\u0142opolski.\u00a0Udzia\u0142 w targach\u00a0b\u0119dzie tak\u017ce okazj\u0105\u00a0do zaprezentowania osi\u0105gni\u0119\u0107 poszczeg\u00f3lnych Instytucji w zakresie wspierania przedsi\u0119biorczo\u015bci, ze szczeg\u00f3lnym uwzgl\u0119dnieniem przygotowywania teren\u00f3w inwestycyjnych, oferty instrument\u00f3w finansowych zwrotnych i dotacyjnych.<\/p>\n<p style=\"font-weight: 400; text-align: justify;\">Wyjazd jest r\u00f3wnie\u017c okazj\u0105 do wymiany do\u015bwiadcze\u0144 z innymi instytucjami\u00a0\u00a0samorz\u0105dowymi z r\u00f3\u017cnych cz\u0119\u015bci Europy,\u00a0spotkania profesjonalist\u00f3w\u00a0\u00a0z r\u00f3\u017cnych dziedzin, w tym inwestor\u00f3w, specjalist\u00f3w ds. strategii rozwoju, innych samorz\u0105dowc\u00f3w, cz\u0142onk\u00f3w stowarzysze\u0144 i organizacji pozarz\u0105dowych,\u00a0przeprowadzenia wielu oficjalnych i nieoficjalnych rozm\u00f3w, czerpania inspiracji, w tym do wprowadzania innowacyjnych pomys\u0142\u00f3w i nowoczesnych technologii, poznania plan\u00f3w rozwoju innych podobnych jednostek oraz samorz\u0105d\u00f3w. Ponadto targi s\u0105 tak\u017ce okazj\u0105 do zainicjowania wsp\u00f3lnych projekt\u00f3w o charakterze mi\u0119dzynarodowym.<\/p>\n<p>[\/vc_column_text][\/vc_column][\/vc_row][vc_row][vc_column][vc_separator color=&#8221;sky&#8221; el_width=&#8221;90&#8243;][\/vc_column][\/vc_row][vc_row][vc_column width=&#8221;1\/6&#8243;][vc_single_image image=&#8221;320&#8243; img_size=&#8221;full&#8221; alignment=&#8221;center&#8221;][vc_column_text css=&#8221;.vc_custom_1632561661700{margin-top: -30px !important;}&#8221;]<\/p>\n<h4 style=\"text-align: center;\">Ma\u0142opolska<\/h4>\n<p>[\/vc_column_text][vc_btn title=&#8221;Czytaj wi\u0119cej&#8221; color=&#8221;sky&#8221; align=&#8221;center&#8221; link=&#8221;url:https%3A%2F%2Finwestujwmalopolsce.eu%2F%3Fpage_id%3D99|title:Ma%C5%82opolska&#8221; css=&#8221;.vc_custom_1731671536536{margin-top: -30px !important;}&#8221;][\/vc_column][vc_column width=&#8221;1\/6&#8243;][vc_single_image image=&#8221;245&#8243; img_size=&#8221;104&#215;123&#8243; alignment=&#8221;center&#8221;][vc_column_text css=&#8221;.vc_custom_1632561669239{margin-top: -55px !important;}&#8221;]<\/p>\n<h4 style=\"text-align: center;\">gmina Andrych\u00f3w<\/h4>\n<p>[\/vc_column_text][vc_btn title=&#8221;Czytaj wi\u0119cej&#8221; color=&#8221;sky&#8221; align=&#8221;center&#8221; link=&#8221;url:https%3A%2F%2Finwestujwmalopolsce.eu%2F%3Fpage_id%3D91|title:Ma%C5%82opolska&#8221; css=&#8221;.vc_custom_1731671546326{margin-top: -30px !important;}&#8221;][\/vc_column][vc_column width=&#8221;1\/6&#8243;][vc_single_image image=&#8221;230&#8243; img_size=&#8221;101&#215;123&#8243; alignment=&#8221;center&#8221;][vc_column_text css=&#8221;.vc_custom_1632561811213{margin-top: -55px !important;}&#8221;]<\/p>\n<h4 style=\"text-align: center;\">gmina Babice<\/h4>\n<p>[\/vc_column_text][vc_btn title=&#8221;Czytaj wi\u0119cej&#8221; color=&#8221;sky&#8221; align=&#8221;center&#8221; link=&#8221;url:https%3A%2F%2Finwestujwmalopolsce.eu%2F%3Fpage_id%3D89|title:Ma%C5%82opolska&#8221; css=&#8221;.vc_custom_1731671554672{margin-top: -30px !important;}&#8221;][\/vc_column][vc_column width=&#8221;1\/6&#8243;][vc_single_image image=&#8221;291&#8243; img_size=&#8221;93&#215;123&#8243; alignment=&#8221;center&#8221;][vc_column_text css=&#8221;.vc_custom_1632561827756{margin-top: -55px !important;}&#8221;]<\/p>\n<h4 style=\"text-align: center;\">gmina Chrzan\u00f3w<\/h4>\n<p>[\/vc_column_text][vc_btn title=&#8221;Czytaj wi\u0119cej&#8221; color=&#8221;sky&#8221; align=&#8221;center&#8221; link=&#8221;url:https%3A%2F%2Finwestujwmalopolsce.eu%2F%3Fpage_id%3D97|title:Ma%C5%82opolska&#8221; css=&#8221;.vc_custom_1731671566276{margin-top: -30px !important;}&#8221;][\/vc_column][vc_column width=&#8221;1\/6&#8243;][vc_single_image image=&#8221;258&#8243; img_size=&#8221;112&#215;123&#8243; alignment=&#8221;center&#8221;][vc_column_text css=&#8221;.vc_custom_1632561842295{margin-top: -55px !important;}&#8221;]<\/p>\n<h4 style=\"text-align: center;\">gmina My\u015blenice<\/h4>\n<p>[\/vc_column_text][vc_btn title=&#8221;Czytaj wi\u0119cej&#8221; color=&#8221;sky&#8221; align=&#8221;center&#8221; link=&#8221;url:https%3A%2F%2Finwestujwmalopolsce.eu%2F%3Fpage_id%3D93|title:Ma%C5%82opolska&#8221; css=&#8221;.vc_custom_1731671575129{margin-top: -30px !important;}&#8221;][\/vc_column][vc_column width=&#8221;1\/6&#8243;][vc_single_image image=&#8221;176&#8243; img_size=&#8221;101&#215;123&#8243; alignment=&#8221;center&#8221;][vc_column_text css=&#8221;.vc_custom_1632561855667{margin-top: -55px !important;}&#8221;]<\/p>\n<h4 style=\"text-align: center;\">gmina Trzebinia<\/h4>\n<p>[\/vc_column_text][vc_btn title=&#8221;Czytaj wi\u0119cej&#8221; color=&#8221;sky&#8221; align=&#8221;center&#8221; link=&#8221;url:https%3A%2F%2Finwestujwmalopolsce.eu%2F%3Fpage_id%3D95|title:Ma%C5%82opolska&#8221; css=&#8221;.vc_custom_1731671594183{margin-top: -30px !important;}&#8221;][\/vc_column][\/vc_row]<\/p>\n","protected":false},"excerpt":{"rendered":"<p>[vc_row][vc_column css=&#8221;.vc_custom_1632560580933{margin-top: 20px !important;}&#8221;][\/vc_column][\/vc_row][vc_row][vc_column][vc_column_text] Projekt realizowany pod patronatem Marsza\u0142ka Wojew\u00f3dztwa Ma\u0142opolskiego Witolda Koz\u0142owskiego Patron medialny TVP Krak\u00f3w [\/vc_column_text][\/vc_column][\/vc_row][vc_row][vc_column][vc_separator color=&#8221;sky&#8221; el_width=&#8221;90&#8243;][\/vc_column][\/vc_row][vc_row][vc_column][vc_row_inner][vc_column_inner width=&#8221;1\/4&#8243;][vc_single_image image=&#8221;399&#8243; alignment=&#8221;center&#8221; css=&#8221;.vc_custom_1633250495653{margin-bottom: -20px !important;}&#8221;][\/vc_column_inner][vc_column_inner<\/p>\n","protected":false},"author":1,"featured_media":0,"parent":0,"menu_order":0,"comment_status":"closed","ping_status":"closed","template":"","meta":{"footnotes":""},"class_list":["post-81","page","type-page","status-publish","hentry"],"lang":"pl","translations":{"pl":81,"en":470,"de":486,"es":521,"fr":620},"pll_sync_post":[],"_links":{"self":[{"href":"https:\/\/inwestujwmalopolsce.eu\/index.php?rest_route=\/wp\/v2\/pages\/81","targetHints":{"allow":["GET"]}}],"collection":[{"href":"https:\/\/inwestujwmalopolsce.eu\/index.php?rest_route=\/wp\/v2\/pages"}],"about":[{"href":"https:\/\/inwestujwmalopolsce.eu\/index.php?rest_route=\/wp\/v2\/types\/page"}],"author":[{"embeddable":true,"href":"https:\/\/inwestujwmalopolsce.eu\/index.php?rest_route=\/wp\/v2\/users\/1"}],"replies":[{"embeddable":true,"href":"https:\/\/inwestujwmalopolsce.eu\/index.php?rest_route=%2Fwp%2Fv2%2Fcomments&post=81"}],"version-history":[{"count":34,"href":"https:\/\/inwestujwmalopolsce.eu\/index.php?rest_route=\/wp\/v2\/pages\/81\/revisions"}],"predecessor-version":[{"id":629,"href":"https:\/\/inwestujwmalopolsce.eu\/index.php?rest_route=\/wp\/v2\/pages\/81\/revisions\/629"}],"wp:attachment":[{"href":"https:\/\/inwestujwmalopolsce.eu\/index.php?rest_route=%2Fwp%2Fv2%2Fmedia&parent=81"}],"curies":[{"name":"wp","href":"https:\/\/api.w.org\/{rel}","templated":true}]}}