{"id":83,"date":"2021-09-13T14:20:25","date_gmt":"2021-09-13T12:20:25","guid":{"rendered":"http:\/\/inwestujwmalopolsce.eu\/?page_id=83"},"modified":"2021-10-06T08:09:35","modified_gmt":"2021-10-06T06:09:35","slug":"o-nas","status":"publish","type":"page","link":"https:\/\/inwestujwmalopolsce.eu\/?page_id=83","title":{"rendered":"O nas"},"content":{"rendered":"<p>[vc_row][vc_column css=&#8221;.vc_custom_1632400790153{margin-top: 20px !important;}&#8221;][\/vc_column][\/vc_row][vc_row][vc_column width=&#8221;1\/4&#8243;][vc_single_image image=&#8221;140&#8243; img_size=&#8221;200&#215;120&#8243; alignment=&#8221;center&#8221;][\/vc_column][vc_column width=&#8221;3\/4&#8243;][vc_column_text]<strong>Misj\u0105 Agencji Rozwoju Ma\u0142opolski Zachodniej jest umacnianie regionu jako gospodarczego pomostu \u0142\u0105cz\u0105cego Ma\u0142opolsk\u0119 ze \u015al\u0105skiem poprzez nawi\u0105zywanie i rozwijanie wsp\u00f3\u0142pracy z samorz\u0105dami oraz podejmowanie dzia\u0142a\u0144 wspieraj\u0105cych rozw\u00f3j lokalnego biznesu.<\/strong><\/p>\n<div class=\"vc_row wpb_row vc_row-fluid mpc-row\" style=\"text-align: justify;\">\n<div class=\"wpb_column vc_column_container vc_col-sm-12 mpc-column\" data-column-id=\"mpc_column-92614c7689b140c\">\n<div class=\"vc_column-inner\">\n<div class=\"wpb_wrapper\">\n<div class=\"wpb_text_column wpb_content_element \">\n<div class=\"wpb_wrapper\">\n<p><span data-uw-styling-context=\"true\">Agencja Rozwoju Ma\u0142opolski Zachodniej zosta\u0142a utworzona 16 czerwca 2004r. (wpis do KRS z dnia 30.12.2004r.w S\u0105dzie Rejonowym dla Krakowa \u2013 \u015ar\u00f3dmie\u015bcia w Krakowie XII Wydzia\u0142 Gospodarczy Krajowego Rejestru S\u0105dowego pod numerem 0000225451) w formie Sp\u00f3\u0142ki Akcyjnej.<\/span><\/p>\n<p><span data-uw-styling-context=\"true\">Kapita\u0142 za\u0142o\u017cycielski wynosi\u0142 500.000,00 z\u0142, za\u0142o\u017cycielami ARMZ S.A. byli: Po\u0142udniowy Koncern Energetyczny S.A. z siedzib\u0105 w Katowicach, Rafineria Trzebinia S.A. z siedzib\u0105 w Trzebini, Agencja Rozwoju Przemys\u0142u z siedzib\u0105 w Warszawie, Gmina Trzebinia, Gmina Chrzan\u00f3w, Gmina Libi\u0105\u017c, Agencja Rozwoju Lokalnego S.A. z siedzib\u0105 w Jaworznie, ZGE \u201eJanina\u201d Sp. z o.o. z siedzib\u0105 w Libi\u0105\u017cu.<\/span><\/p>\n<p><span data-uw-styling-context=\"true\">Obecnie kapita\u0142 wynosi 3.066.000,00 z\u0142, a akcjonariuszami s\u0105: Ma\u0142opolska Agencja Rozwoju Regionalnego S.A. z siedzib\u0105 w Krakowie, Gmina Chrzan\u00f3w, Gmina Trzebinia, Gmina Libi\u0105\u017c oraz G\u00f3rno\u015bl\u0105ska Agencja Przedsi\u0119biorczo\u015bci i Rozwoju sp. z o.o. z siedzib\u0105 w Gliwicach.<\/span><\/p>\n<p><span data-uw-styling-context=\"true\">Osob\u0105 statutowo upowa\u017cnion\u0105 do reprezentowania Sp\u00f3\u0142ki jest Prezes Zarz\u0105du \u2013 Pani Anna W\u0142oszek. Sp\u00f3\u0142ka jest instytucj\u0105 otoczenia biznesu.<\/span><\/p>\n<\/div>\n<\/div>\n<\/div>\n<\/div>\n<\/div>\n<\/div>\n<div class=\"vc_row wpb_row vc_row-fluid mpc-row\">\n<div class=\"wpb_column vc_column_container vc_col-sm-12 mpc-column\" data-column-id=\"mpc_column-36614c7689b28e1\">\n<div class=\"vc_column-inner\">\n<div class=\"wpb_wrapper\">\n<div class=\"wpb_text_column wpb_content_element \">\n<div class=\"wpb_wrapper\">\n<p style=\"text-align: justify;\"><span data-uw-styling-context=\"true\">W marcu 2008 r. Agencja Rozwoju Ma\u0142opolski Zachodniej S.A. wprowadzi\u0142a\u00a0<span class=\"bold\" data-uw-styling-context=\"true\">System Zarz\u0105dzania Jako\u015bci\u0105 zgodny z norm\u0105 ISO 9001:2008<\/span>, a od lipca 2008 roku ARMZ S.A. posiada\u00a0<span class=\"bold\" data-uw-styling-context=\"true\">akredytacj\u0119\u00a0<a class=\"link\" href=\"http:\/\/ksu.parp.gov.pl\/pl\" data-uw-styling-context=\"true\">Krajowego Systemu Us\u0142ug<\/a>\u00a0dla M\u015aP<\/span>.<\/span><\/p>\n<p style=\"text-align: justify;\"><a href=\"https:\/\/armz.pl\/?page_id=13\" target=\"_blank\" rel=\"noopener\">Wi\u0119cej o Agencji Rozwoju Ma\u0142opolski Zachodniej<\/a><\/p>\n<\/div>\n<\/div>\n<\/div>\n<\/div>\n<\/div>\n<\/div>\n<p>[\/vc_column_text][\/vc_column][\/vc_row][vc_row][vc_column][vc_separator color=&#8221;sky&#8221; el_width=&#8221;90&#8243;][\/vc_column][\/vc_row][vc_row][vc_column width=&#8221;1\/4&#8243;][vc_single_image image=&#8221;153&#8243; img_size=&#8221;200&#215;181&#8243; alignment=&#8221;center&#8221;][\/vc_column][vc_column width=&#8221;3\/4&#8243;][vc_column_text]<\/p>\n<p style=\"text-align: justify;\"><strong>Towarzystwo O\u015bwiatowe Ziemi Chrzanowskiej w Chrzanowie<\/strong>\u00a0za\u0142o\u017cone w dniu 14 czerwca 1991 roku, wpisane do Krajowego Rejestru S\u0105dowego pod numerem: 0000006965, przez S\u0105d Rejonowy w Krakowie.<\/p>\n<p style=\"text-align: justify;\"><strong>Misj\u0105 TOZCh<\/strong>\u00a0jest stymulowanie rozwoju spo\u0142eczno \u2013 gospodarczego Polski, Ma\u0142opolski i Powiatu Chrzanowskiego, poprzez kompleksowe i profesjonalne dzia\u0142ania na rzecz ekonomii spo\u0142ecznej, lokalnych spo\u0142eczno\u015bci i kadr gospodarki.<\/p>\n<p style=\"text-align: justify;\">Towarzystwo jest O\u015brodkiem Wsparcia Ekonomii Spo\u0142ecznej w wojew\u00f3dztwie ma\u0142opolskim, akredytowanym przez Ministra Pracy i Polityki Spo\u0142ecznej, na podstawie uchwa\u0142y nr 31 z dnia 23 pa\u017adziernika 2015r.<\/p>\n<p style=\"text-align: justify;\"><a href=\"http:\/\/tozch.edu.pl\/o-towarzystwie\/\" target=\"_blank\" rel=\"noopener noreferrer\">Wi\u0119cej o Towarzystwie O\u015bwiatowym Ziemi Chrzanowskiej w Chrzanowie<\/a><\/p>\n<p>[\/vc_column_text][\/vc_column][\/vc_row][vc_row][vc_column][vc_separator color=&#8221;sky&#8221; el_width=&#8221;90&#8243;][\/vc_column][\/vc_row][vc_row][vc_column width=&#8221;1\/4&#8243;][vc_single_image image=&#8221;154&#8243; img_size=&#8221;200&#215;200&#8243; alignment=&#8221;center&#8221;][\/vc_column][vc_column width=&#8221;3\/4&#8243;][vc_column_text]<\/p>\n<p style=\"text-align: justify;\"><strong>Chrzanowska Izba Gospodarcza<\/strong>\u00a0powsta\u0142a w roku 2001 jako Stowarzyszenie Przedsi\u0119biorc\u00f3w Prywatnych w Trzebini, zrzeszaj\u0105ce podmioty gospodarcze z regionu Powiatu Chrzanowskiego.<\/p>\n<p style=\"text-align: justify;\">Od pocz\u0105tku swojego istnienia podejmuje dzia\u0142ania zmierzaj\u0105ce do rozwoju przedsi\u0119biorczo\u015bci w r\u00f3\u017cnych formach organizacyjnych, gromadzi i upowszechnia informacje dotycz\u0105ce nawi\u0105zywania kontakt\u00f3w gospodarczych, udziela podmiotom gospodarczym pomocy w rozwi\u0105zywaniu problem\u00f3w. Wszelkie dzia\u0142ania podejmowane przez Chrzanowsk\u0105 Izb\u0119 Gospodarcz\u0105 ukierunkowane s\u0105 na wspieranie i promocj\u0119 firm cz\u0142onkowskich ale nie tylko \u2013 w wielu organizowanych przez nas projektach uczestnicz\u0105 tak\u017ce firmy nie zrzeszone, instytucje, organizacje, itp.<\/p>\n<p style=\"text-align: justify;\"><a href=\"http:\/\/www.chrzanowskaizba.pl\/o-nas.html\" target=\"_blank\" rel=\"noopener noreferrer\">Wi\u0119cej o Chrzanowskiej Izbie Gospodarczej<\/a><\/p>\n<p>[\/vc_column_text][\/vc_column][\/vc_row]<\/p>\n","protected":false},"excerpt":{"rendered":"<p>[vc_row][vc_column css=&#8221;.vc_custom_1632400790153{margin-top: 20px !important;}&#8221;][\/vc_column][\/vc_row][vc_row][vc_column width=&#8221;1\/4&#8243;][vc_single_image image=&#8221;140&#8243; img_size=&#8221;200&#215;120&#8243; alignment=&#8221;center&#8221;][\/vc_column][vc_column width=&#8221;3\/4&#8243;][vc_column_text]Misj\u0105 Agencji Rozwoju Ma\u0142opolski Zachodniej jest umacnianie regionu jako gospodarczego pomostu \u0142\u0105cz\u0105cego Ma\u0142opolsk\u0119 ze \u015al\u0105skiem poprzez nawi\u0105zywanie i<\/p>\n","protected":false},"author":1,"featured_media":0,"parent":0,"menu_order":0,"comment_status":"closed","ping_status":"closed","template":"","meta":{"footnotes":""},"class_list":["post-83","page","type-page","status-publish","hentry"],"lang":"pl","translations":{"pl":83,"en":472,"de":491,"es":526,"fr":640},"pll_sync_post":[],"_links":{"self":[{"href":"https:\/\/inwestujwmalopolsce.eu\/index.php?rest_route=\/wp\/v2\/pages\/83","targetHints":{"allow":["GET"]}}],"collection":[{"href":"https:\/\/inwestujwmalopolsce.eu\/index.php?rest_route=\/wp\/v2\/pages"}],"about":[{"href":"https:\/\/inwestujwmalopolsce.eu\/index.php?rest_route=\/wp\/v2\/types\/page"}],"author":[{"embeddable":true,"href":"https:\/\/inwestujwmalopolsce.eu\/index.php?rest_route=\/wp\/v2\/users\/1"}],"replies":[{"embeddable":true,"href":"https:\/\/inwestujwmalopolsce.eu\/index.php?rest_route=%2Fwp%2Fv2%2Fcomments&post=83"}],"version-history":[{"count":7,"href":"https:\/\/inwestujwmalopolsce.eu\/index.php?rest_route=\/wp\/v2\/pages\/83\/revisions"}],"predecessor-version":[{"id":432,"href":"https:\/\/inwestujwmalopolsce.eu\/index.php?rest_route=\/wp\/v2\/pages\/83\/revisions\/432"}],"wp:attachment":[{"href":"https:\/\/inwestujwmalopolsce.eu\/index.php?rest_route=%2Fwp%2Fv2%2Fmedia&parent=83"}],"curies":[{"name":"wp","href":"https:\/\/api.w.org\/{rel}","templated":true}]}}