{"id":89,"date":"2021-09-13T14:21:51","date_gmt":"2021-09-13T12:21:51","guid":{"rendered":"http:\/\/inwestujwmalopolsce.eu\/?page_id=89"},"modified":"2021-10-02T09:53:53","modified_gmt":"2021-10-02T07:53:53","slug":"gmina-babice","status":"publish","type":"page","link":"https:\/\/inwestujwmalopolsce.eu\/?page_id=89","title":{"rendered":"gmina Babice"},"content":{"rendered":"<p>[vc_row][vc_column css=&#8221;.vc_custom_1632478892604{margin-top: 20px !important;}&#8221;][\/vc_column][\/vc_row][vc_row][vc_column width=&#8221;1\/4&#8243;][vc_single_image image=&#8221;230&#8243; img_size=&#8221;165&#215;200&#8243; alignment=&#8221;center&#8221;][\/vc_column][vc_column width=&#8221;3\/4&#8243;][vc_column_text]<\/p>\n<h4 style=\"text-align: center;\"><strong>Gmina Babice<\/strong><\/h4>\n<p style=\"text-align: center;\">32-551 Babice<br \/>\nul. Krakowska 56<br \/>\n<a href=\"https:\/\/babice.pl\/\" target=\"_blank\" rel=\"noopener\">www.babice.pl<\/a><br \/>\ntel.: (32) 613-40-13<br \/>\nfax: (32) 613-40-02<br \/>\ne-mail: poczta@babice.pl<\/p>\n<p>[\/vc_column_text][\/vc_column][\/vc_row][vc_row][vc_column css=&#8221;.vc_custom_1632479144161{margin-top: -50px !important;margin-bottom: -50px !important;}&#8221;][vc_separator color=&#8221;sky&#8221; el_width=&#8221;90&#8243;][\/vc_column][\/vc_row][vc_row][vc_column][vc_column_text]<strong>KONTAKT DO OS\u00d3B DEDYKOWANYCH OBS\u0141UDZE INWESTORA:<br \/>\n<\/strong><\/p>\n<p><strong>Natalia Motyl\u00a0 \u2013 <\/strong>Kierownik Referatu Zagospodarowania Przestrzennego i Gospodarki Nieruchomo\u015bciami<\/p>\n<p>Krakowska 56, 32-551 Babice, tel. 32 613 40 13 wew. 52<\/p>\n<p>e-mail: <a href=\"mailto:motyl@babice.pl\">motyl@babice.pl<\/a>[\/vc_column_text][\/vc_column][\/vc_row][vc_row][vc_column][vc_separator color=&#8221;sky&#8221; el_width=&#8221;90&#8243;][\/vc_column][\/vc_row][vc_row][vc_column][vc_column_text]<\/p>\n<p style=\"text-align: justify;\"><strong>ZAINWESTUJ W BABICACH:<\/strong><\/p>\n<p style=\"text-align: justify;\"><strong>GMINA BABICE<\/strong> po\u0142o\u017cona jest w p\u00f3\u0142nocno-zachodniej cz\u0119\u015bci wojew\u00f3dztwa ma\u0142opolskiego, w\u00a0powiecie chrzanowskim na granicy po\u0142udniowej cz\u0119\u015bci Grzbietu Tenczy\u0144skiego i doliny Wis\u0142y.\u00a0\u00a0Zajmuje obszar 54,4 km<sup>2<\/sup> powierzchni. W 2020 r. zamieszkiwa\u0142o j\u0105\u00a08909 mieszka\u0144c\u00f3w<strong>.<\/strong> Jest gmin\u0105 wiejsk\u0105, w sk\u0142ad kt\u00f3rej wchodzi siedem so\u0142ectw: Babice, Jankowice, M\u0119tk\u00f3w, Olszyny, Rozkoch\u00f3w, Wygie\u0142z\u00f3w i Zag\u00f3rze, na terenie kt\u00f3rych znajduje si\u0119 wiele atrakcyjnych i specyficznych miejsc wartych odwiedzenia. Najbardziej zielona i sielska z gmin powiatu chrzanowskiego stanowi jej naturalne zag\u0142\u0119bie turystyczne. Przyci\u0105ga turyst\u00f3w nieska\u017con\u0105 przyrod\u0105, pi\u0119knymi widokami oraz zabytkami architektury obronnej, sakralnej i wiejskiej. Natomiast atrakcyjne tereny pod budownictwo mieszkaniowe oraz doskona\u0142a baza edukacyjno-spo\u0142eczna z dala od zgie\u0142ku miasta stwarzaj\u0105 idealny klimat do osiedlania i spokojnego \u017cycia. Najbardziej rozpoznawalnymi atrakcjami turystycznymi jest XIII wieczny Zamek Lipowiec, Skansen w Wygie\u0142zowie, a tak\u017ce przebiegaj\u0105ce przez malownicze krajobrazy gminy szlaki rowerowe m.in. Wi\u015blana Trasa Rowerowa.<\/p>\n<p>[\/vc_column_text][\/vc_column][\/vc_row][vc_row][vc_column][vc_separator color=&#8221;sky&#8221; el_width=&#8221;90&#8243;][\/vc_column][\/vc_row][vc_row][vc_column][vc_column_text]<\/p>\n<p style=\"text-align: justify;\"><strong>BABICKA STREFA EKONOMICZNA:<\/strong><\/p>\n<p style=\"text-align: justify;\">Gmina dysponuje terenami inwestycyjnymi o \u0142\u0105cznej powierzchni ponad 57 ha, znajduj\u0105cymi si\u0119 w atrakcyjnej lokalizacji &#8211; bezpo\u015brednim s\u0105siedztwie obwodnicy Babic i Wygie\u0142zowa. Tereny te, zgodnie z miejscowym planem zagospodarowania przestrzennego, przeznaczone zosta\u0142y na cele produkcyjno \u2013 us\u0142ugowe.\u00a0 Dzia\u0142ki te zgodnie z Rozporz\u0105dzeniem Rady Ministr\u00f3w obj\u0119te zosta\u0142y Specjaln\u0105 Stref\u0105 Ekonomiczn\u0105, dzi\u0119ki kt\u00f3rej przedsi\u0119biorcy b\u0119d\u0105 mogli korzysta\u0107 ze zwolnienia podatkowego przez 15 lat. Od 2020 r. Gmina Babice podj\u0119\u0142a intensywne dzia\u0142ania\u00a0zmierzaj\u0105ce do przygotowania teren\u00f3w inwestycyjnych pod potrzeby lokowania przedsi\u0119wzi\u0119\u0107 gospodarczych. W celu zwi\u0119kszenia atrakcyjno\u015bci grunt\u00f3w dla potencjalnych inwestor\u00f3w wykonano infrastruktur\u0119 wodno-kanalizacyjn\u0105 oraz podj\u0119to dzia\u0142ania zwi\u0105zane z budow\u0105 dr\u00f3g wewn\u0119trznych,\u00a0sieci kanalizacji deszczowej i\u00a0 o\u015bwietlenia ulicznego.<\/p>\n<p>[\/vc_column_text][vc_column_text]<\/p>\n<h5 style=\"text-align: justify;\"><strong><u>Atuty gminy, czyli dlaczego warto zainwestowa\u0107 w Gminie Babice:<\/u><\/strong><\/h5>\n<h5 style=\"text-align: justify;\"><strong><u>Doskona\u0142a lokalizacja<\/u><\/strong><\/h5>\n<p style=\"text-align: justify;\">Gmina Babice po\u0142o\u017cona jest w p\u00f3\u0142nocno-zachodniej cz\u0119\u015bci wojew\u00f3dztwa ma\u0142opolskiego,<br \/>\nw powiecie chrzanowskim. Jej korzystna lokalizacja w tzw. \u201ez\u0142otym \u015brodku\u201d &#8211; niemal\u017ce r\u00f3wnej odleg\u0142o\u015bci pomi\u0119dzy aglomeracj\u0105 Krakowa (ok. 38 km) i Katowic (ok. 40 km), a tak\u017ce blisko O\u015bwi\u0119cimia (ok. 22 km) oraz dobre po\u0142\u0105czenia komunikacyjne (przez gmin\u0119 przebiegaj\u0105 drogi wojew\u00f3dzkie nr 780 i 781), bliska odleg\u0142o\u015b\u0107 od w\u0119z\u0142a trzebi\u0144sko-chrzanowskiego autostrady A4 (ok. 10 km), port\u00f3w lotniczych Katowice \u2013 Pyrzowice (65 km) i Krak\u00f3w \u2013 Balice \u00a0(ok. 35 km), a tak\u017ce w\u0119z\u0142a kolejowego) s\u0105 du\u017cym atutem, czyni\u0105c z\u00a0niej atrakcyjne miejsce do lokowania inwestycji.<\/p>\n<ul>\n<li style=\"text-align: justify;\">Przyjazny, otwarty i kompetentny samorz\u0105d otwarty na inwestor\u00f3w i ich oczekiwania.<\/li>\n<li style=\"text-align: justify;\">Uzbrojenie terenu \u2013 sie\u0107 wodoci\u0105gowa, kanalizacyjna, energia elektryczna, gaz i teletechnika.<\/li>\n<li style=\"text-align: justify;\">Dost\u0119pna kadra pracownicza z mo\u017cliwo\u015bci\u0105 profilowania doboru kandydat\u00f3w i przeszkolenia przez PUP.<\/li>\n<li style=\"text-align: justify;\">Dynamicznie rozwijaj\u0105ce si\u0119 tereny stwarzaj\u0105 du\u017ce mo\u017cliwo\u015bci budowania kooperacji.<\/li>\n<\/ul>\n<p>[\/vc_column_text][vc_column_text]<\/p>\n<h5 style=\"text-align: justify;\"><strong><u>Specjalna Strefa Ekonomiczna<\/u><\/strong><\/h5>\n<p style=\"text-align: justify;\">Na mocy Rozporz\u0105dzenia Rady Ministr\u00f3w z dn. 10 czerwca 2019 r.\u00a0 zmieniaj\u0105cego rozporz\u0105dzenie w sprawie krakowskiej specjalnej strefy ekonomicznej (Dz. U. z 2019 r., poz. 1101), grunty znajduj\u0105ce si\u0119 na terenie Gminy Babice zosta\u0142y w\u0142\u0105czone w Krakowsk\u0105 Specjaln\u0105 Stref\u0119 Ekonomiczn\u0105.<\/p>\n<p style=\"text-align: justify;\">Inwestorzy planuj\u0105cy rozpocz\u0119cie inwestycji na terenie gminy Babice mog\u0105 skorzysta\u0107<br \/>\nze zwolnienia z\u00a0podatku dochodowego CIT lub PIT, na\u00a0okres 15\u00a0lat.<\/p>\n<p style=\"text-align: justify;\">Polska Strefa Inwestycji (PSI) to\u00a0forma wsparcia dla firm planuj\u0105cych nowe inwestycje.<\/p>\n<p style=\"text-align: justify;\">Inwestycja mo\u017ce zosta\u0107 usytuowana na\u00a0wszystkich terenach (prywatnych i\u00a0publicznych).<\/p>\n<p style=\"text-align: justify;\">Wysoko\u015b\u0107 pomocy publicznej (zwolnienia podatkowego) jest obliczana na\u00a0podstawie wysoko\u015bci poniesionych przez przedsi\u0119biorc\u0119 nak\u0142ad\u00f3w inwestycyjnych na\u00a0realizacj\u0119 nowego projektu lub dwuletnich koszt\u00f3w nowoutworzonych miejsc pracy.<\/p>\n<p style=\"text-align: justify;\">Minimalne nak\u0142ady inwestycyjne wynosz\u0105 odpowiednio:<\/p>\n<ul>\n<li style=\"text-align: justify;\"><strong>10 mln z\u0142<\/strong>\u00a0\/ du\u017ca firma<\/li>\n<li style=\"text-align: justify;\"><strong>2 mln z\u0142<\/strong>\u00a0\/ \u015brednia firma<\/li>\n<li style=\"text-align: justify;\"><strong>500 tys. z\u0142\u00a0<\/strong>\/ ma\u0142a firma<\/li>\n<li style=\"text-align: justify;\"><strong>200 tys. z\u0142\u00a0<\/strong>\/ mikro firma<\/li>\n<li style=\"text-align: justify;\"><strong>500 tys. z\u0142 <\/strong>\/ sektor nowoczesnych us\u0142ug<\/li>\n<\/ul>\n<p>[\/vc_column_text][vc_column_text]<\/p>\n<h5><strong><u>Korzy\u015bci z dzia\u0142alno\u015bci w specjalnej strefie ekonomicznej to m.in.:<\/u><\/strong><\/h5>\n<ul>\n<li>zwolnienia z podatku dochodowego,<\/li>\n<li>dost\u0119pno\u015b\u0107 atrakcyjnych grunt\u00f3w,<\/li>\n<li>mo\u017cliwo\u015b\u0107 skorzystania z innych zach\u0119t inwestycyjnych,<\/li>\n<li>wsparcie administracyjne.<\/li>\n<\/ul>\n<p>[\/vc_column_text][vc_column_text]<\/p>\n<h5 style=\"text-align: center;\"><strong><u>Co oferujemy:<\/u><\/strong><\/h5>\n<p style=\"text-align: justify;\"><strong>Gmina Babice proponuje m.in. nast\u0119puj\u0105ce u\u0142atwienia dla inwestor\u00f3w:<\/strong><\/p>\n<ul style=\"text-align: justify;\">\n<li>pomoc w trakcie ca\u0142ego procesu inwestycyjnego (od planowania lokalizacji do zako\u0144czenia realizacji),<\/li>\n<li>gotowo\u015b\u0107 wsp\u00f3\u0142pracy z inwestorem w procesie ubiegania si\u0119 o wymagane przepisami prawa zezwolenia i zgody,<\/li>\n<li>gotowo\u015b\u0107 wsp\u00f3\u0142pracy z inwestorem w procesie ubiegania si\u0119 u przedstawicieli medi\u00f3w technicznych o wymagane przepisami prawa zezwolenia i zgody,<\/li>\n<li>w przypadku inwestycji na gruntach prywatnych pomoc w prowadzeniu rozm\u00f3w z\u00a0w\u0142a\u015bcicielami teren\u00f3w,<\/li>\n<li>przyjazna, profesjonalna i terminowa obs\u0142uga inwestora.<\/li>\n<li>Gmina Babice wraz z Powiatowym Urz\u0119dem Pracy w Chrzanowie wypracowa\u0142a system wsparcia dla potencjalnych inwestor\u00f3w polegaj\u0105cy na wyselekcjonowaniu i przygotowaniu poprzez cykl szkole\u0144 pracownik\u00f3w zgodnie ze zg\u0142aszany zapotrzebowaniem.<\/li>\n<\/ul>\n<p style=\"text-align: justify;\"><strong>Decyduj\u0105c si\u0119 na lokalizacj\u0119 Pa\u0144stwa firmy w Gminie Babice, wybior\u0105 Pa\u0144stwo pewne miejsce do inwestowania. Serdecznie zapraszamy do wsp\u00f3\u0142pracy!<\/strong><\/p>\n<p>[\/vc_column_text][\/vc_column][\/vc_row][vc_row][vc_column][vc_separator color=&#8221;sky&#8221; el_width=&#8221;90&#8243;][\/vc_column][\/vc_row][vc_row][vc_column][vc_column_text]<\/p>\n<h5>MEDIA O NAS:<\/h5>\n<ul>\n<li><a href=\"https:\/\/babice.pl\/filmy-promocyjne\/inwestycje.mp4\" target=\"_blank\" rel=\"noopener\">https:\/\/babice.pl\/filmy-promocyjne\/inwestycje.mp4<\/a><\/li>\n<li><a href=\"https:\/\/www.facebook.com\/watch\/?v=1956757004348119\" target=\"_blank\" rel=\"noopener\">https:\/\/www.facebook.com\/watch\/?v=1956757004348119<\/a><\/li>\n<li><a href=\"https:\/\/przelom.pl\/30896-grunty-na-sprzedaz-pieniadze-pojda-na-uzbrojenie.html\" target=\"_blank\" rel=\"noopener\">https:\/\/przelom.pl\/30896-grunty-na-sprzedaz-pieniadze-pojda-na-uzbrojenie.html<\/a><\/li>\n<li><a href=\"https:\/\/przelom.pl\/29798-wicepremier-gowin-i-minister-emilewicz-wreczyli-nagrode-wojtowi-babic.html\" target=\"_blank\" rel=\"noopener\">https:\/\/przelom.pl\/29798-wicepremier-gowin-i-minister-emilewicz-wreczyli-nagrode-wojtowi-babic.html<\/a><\/li>\n<li><a href=\"https:\/\/krakow.tvp.pl\/55814287\/11092021-1830\" target=\"_blank\" rel=\"noopener\">https:\/\/krakow.tvp.pl\/55814287\/11092021-1830<\/a><\/li>\n<\/ul>\n<p>[\/vc_column_text][\/vc_column][\/vc_row][vc_row][vc_column][vc_separator color=&#8221;sky&#8221; el_width=&#8221;90&#8243;][\/vc_column][\/vc_row][vc_row][vc_column][vc_column_text]<\/p>\n<h5>Lista danych dotycz\u0105cych terenu:<\/h5>\n<ul>\n<li><a href=\"https:\/\/inwestujwmalopolsce.eu\/wp-content\/uploads\/2021\/09\/Lista-danych-dotyczacych-terenu-1.pdf\" target=\"_blank\" rel=\"noopener\">Lista danych dotycz\u0105cych terenu 1<\/a><\/li>\n<li><a href=\"https:\/\/inwestujwmalopolsce.eu\/wp-content\/uploads\/2021\/09\/Lista-danych-dotyczacych-terenu-2.pdf\" target=\"_blank\" rel=\"noopener\">Lista danych dotycz\u0105cych terenu 2<\/a><\/li>\n<\/ul>\n<p>[\/vc_column_text][\/vc_column][\/vc_row][vc_row][vc_column][vc_separator color=&#8221;sky&#8221; el_width=&#8221;90&#8243;][\/vc_column][\/vc_row][vc_row][vc_column][vc_media_grid element_width=&#8221;3&#8243; grid_id=&#8221;vc_gid:1633161198079-da6ddade-3b0a-4&#8243; include=&#8221;232,233,234,235,236,237,238,239&#8243;][\/vc_column][\/vc_row]<\/p>\n","protected":false},"excerpt":{"rendered":"<p>[vc_row][vc_column css=&#8221;.vc_custom_1632478892604{margin-top: 20px !important;}&#8221;][\/vc_column][\/vc_row][vc_row][vc_column width=&#8221;1\/4&#8243;][vc_single_image image=&#8221;230&#8243; img_size=&#8221;165&#215;200&#8243; alignment=&#8221;center&#8221;][\/vc_column][vc_column width=&#8221;3\/4&#8243;][vc_column_text] Gmina Babice 32-551 Babice ul. Krakowska 56 www.babice.pl tel.: (32) 613-40-13 fax: (32) 613-40-02 e-mail: poczta@babice.pl [\/vc_column_text][\/vc_column][\/vc_row][vc_row][vc_column<\/p>\n","protected":false},"author":1,"featured_media":0,"parent":87,"menu_order":0,"comment_status":"closed","ping_status":"closed","template":"","meta":{"footnotes":""},"class_list":["post-89","page","type-page","status-publish","hentry"],"lang":"pl","translations":{"pl":89,"es":554,"en":592,"de":606,"fr":654},"pll_sync_post":[],"_links":{"self":[{"href":"https:\/\/inwestujwmalopolsce.eu\/index.php?rest_route=\/wp\/v2\/pages\/89","targetHints":{"allow":["GET"]}}],"collection":[{"href":"https:\/\/inwestujwmalopolsce.eu\/index.php?rest_route=\/wp\/v2\/pages"}],"about":[{"href":"https:\/\/inwestujwmalopolsce.eu\/index.php?rest_route=\/wp\/v2\/types\/page"}],"author":[{"embeddable":true,"href":"https:\/\/inwestujwmalopolsce.eu\/index.php?rest_route=\/wp\/v2\/users\/1"}],"replies":[{"embeddable":true,"href":"https:\/\/inwestujwmalopolsce.eu\/index.php?rest_route=%2Fwp%2Fv2%2Fcomments&post=89"}],"version-history":[{"count":5,"href":"https:\/\/inwestujwmalopolsce.eu\/index.php?rest_route=\/wp\/v2\/pages\/89\/revisions"}],"predecessor-version":[{"id":381,"href":"https:\/\/inwestujwmalopolsce.eu\/index.php?rest_route=\/wp\/v2\/pages\/89\/revisions\/381"}],"up":[{"embeddable":true,"href":"https:\/\/inwestujwmalopolsce.eu\/index.php?rest_route=\/wp\/v2\/pages\/87"}],"wp:attachment":[{"href":"https:\/\/inwestujwmalopolsce.eu\/index.php?rest_route=%2Fwp%2Fv2%2Fmedia&parent=89"}],"curies":[{"name":"wp","href":"https:\/\/api.w.org\/{rel}","templated":true}]}}