{"id":91,"date":"2021-09-13T14:22:30","date_gmt":"2021-09-13T12:22:30","guid":{"rendered":"http:\/\/inwestujwmalopolsce.eu\/?page_id=91"},"modified":"2021-10-02T09:52:35","modified_gmt":"2021-10-02T07:52:35","slug":"gmina-andrychow","status":"publish","type":"page","link":"https:\/\/inwestujwmalopolsce.eu\/?page_id=91","title":{"rendered":"gmina Andrych\u00f3w"},"content":{"rendered":"<p>[vc_row][vc_column css=&#8221;.vc_custom_1632481409967{margin-top: 20px !important;}&#8221;][\/vc_column][\/vc_row][vc_row][vc_column width=&#8221;1\/4&#8243;][vc_single_image image=&#8221;379&#8243; img_size=&#8221;170&#215;200&#8243; alignment=&#8221;center&#8221;][\/vc_column][vc_column width=&#8221;3\/4&#8243;][vc_column_text]<\/p>\n<h4 style=\"text-align: center;\">Gmina Andrych\u00f3w<\/h4>\n<p style=\"text-align: center;\">34-120 Andrych\u00f3w<br \/>\nul. Rynek 15<br \/>\n<a href=\"https:\/\/andrychow.eu\/\" target=\"_blank\" rel=\"noopener\">www.andrychow.eu<\/a><br \/>\ntel.: (33) 842-99-00 lub (33) 875-23-60<br \/>\nfax: (33) 875-29-16<br \/>\ne-mail: info@andrychow.eu<\/p>\n<p>[\/vc_column_text][\/vc_column][\/vc_row][vc_row][vc_column][vc_separator color=&#8221;sky&#8221; el_width=&#8221;90&#8243; css=&#8221;.vc_custom_1632481474838{margin-top: -50px !important;margin-bottom: -50px !important;}&#8221;][\/vc_column][\/vc_row][vc_row][vc_column][vc_column_text]<\/p>\n<p style=\"text-align: justify;\">Miasto i gmina Andrych\u00f3w znajduj\u0105 si\u0119 na po\u0142udniu Polski. W najbli\u017cszym s\u0105siedztwie \u00a0miast takich jak: Krak\u00f3w, Bielsko-Bia\u0142a oraz Wadowice i O\u015bwi\u0119cim. Z racji po\u0142o\u017cenia miejsce to jest bardzo atrakcyjnym o\u015brodkiem turystycznym w Beskidzie Ma\u0142ym. Teren gminy Andrych\u00f3w stanowi doskona\u0142\u0105 baz\u0119 wypoczynkow\u0105 i rekreacyjn\u0105, gdzie mo\u017cna bawi\u0107 si\u0119 i odpoczywa\u0107 na r\u00f3\u017cne sposoby. To w\u0142a\u015bnie ta r\u00f3\u017cnorodno\u015b\u0107 jest magnesem, kt\u00f3ry pozwala zachwyci\u0107 si\u0119 i zakocha\u0107 w Beskidach na zawsze. To miejsce utkane z atrakcji.<\/p>\n<p style=\"text-align: justify;\">Najwi\u0119ksze walory przyrodnicze gminy to:<\/p>\n<ul>\n<li style=\"text-align: justify;\">rozleg\u0142e, niepoci\u0119te zabudow\u0105 obszary p\u00f3l na pag\u00f3rkowatym terenie z rozleg\u0142ymi panoramami widokowymi we wszystkich kierunkach,<\/li>\n<li style=\"text-align: justify;\">liczne dolinki potok\u00f3w i strumieni, stanowi\u0105ce w wi\u0119kszo\u015bci dop\u0142ywy rzeki Wieprz\u00f3wki,<\/li>\n<li style=\"text-align: justify;\">szeregi r\u00f3\u017cnych form takich jak lasy, zalesione dolinki i w\u0105wozy, ods\u0142oni\u0119cia skalne i murawy kserotermiczne.<\/li>\n<\/ul>\n<p>[\/vc_column_text][vc_column_text]<\/p>\n<p style=\"text-align: justify;\">Lasy zajmuj\u0105 40% powierzchni gminy Andrych\u00f3w, na terenie kt\u00f3rej wyst\u0119puj\u0105 nast\u0119puj\u0105ce formy ochrony przyrody:<\/p>\n<ul style=\"text-align: justify;\">\n<li>Park Krajobrazowy Beskidu Ma\u0142ego wraz z otulin\u0105<\/li>\n<li>Rezerwat przyrody Madohora<\/li>\n<li>Obszar Natura 2000 \u2013 Specjalny Obszar Ochrony Siedlisk Beskid Ma\u0142y (PLH240023)<\/li>\n<li>Stanowisko dokumentacyjne \u201ePotok Rzyczanka\u201d<\/li>\n<li>12 pomnik\u00f3w przyrody<\/li>\n<\/ul>\n<p style=\"text-align: justify;\">Sam malowniczy Park Krajobrazowy Beskidu Ma\u0142ego zajmuje 42% obszaru gminy Andrych\u00f3w, a wraz z otulin\u0105 nawet 81% jej powierzchni. Park powo\u0142ano w celu ochrony szczeg\u00f3lnych warto\u015bci przyrodniczych, krajobrazowych i kulturowych Beskidu Ma\u0142ego, przy r\u00f3wnoczesnym rozwoju funkcji dydaktyczno-naukowych, turystycznych i rekreacyjnych.<\/p>\n<p style=\"text-align: justify;\">Gmina Andrych\u00f3w po\u0142o\u017cona jest na obszarze 100 km<sup>2\u00a0 <\/sup>i zgodnie z danymi z ko\u0144ca 2020 r. zamieszkuje j\u0105 oko\u0142o 43 tys. mieszka\u0144c\u00f3w.<\/p>\n<p>[\/vc_column_text][vc_column_text]<\/p>\n<p style=\"text-align: justify;\">Lokalizacja gminy na przeci\u0119ciu dw\u00f3ch ci\u0105g\u00f3w komunikacyjnych \u2013 drogi krajowej DK 52 (kierunek wsch\u00f3d-zach\u00f3d) oraz drogi wojew\u00f3dzkiej DW 781 (kierunek p\u00f3\u0142noc-po\u0142udnie) zapewnia doskona\u0142e powi\u0105zania zewn\u0119trzne gminy w kierunku:<\/p>\n<ul style=\"text-align: justify;\">\n<li>wschodnim w stron\u0119 Wadowic i Krakowa,<\/li>\n<li>zachodnim w stron\u0119 powiatu o\u015bwi\u0119cimskiego oraz Bielska-Bia\u0142ej (wojew\u00f3dztwo \u015bl\u0105skie),<\/li>\n<li>p\u00f3\u0142nocnym w stron\u0119 p\u00f3\u0142nocnej cz\u0119\u015bci powiatu wadowickiego oraz Zatoru (powiat o\u015bwi\u0119cimski),<\/li>\n<li>po\u0142udniowym w stron\u0119 powiatu \u017cywieckiego.<\/li>\n<\/ul>\n<p style=\"text-align: justify;\">Komunikacyjny system drogowy uzupe\u0142niaj\u0105 drogi powiatowe i gminne, zapewniaj\u0105c powi\u0105zania o charakterze lokalnym z s\u0105siaduj\u0105cymi gminami. Opr\u00f3cz infrastruktury drogowej, powi\u0105zania transportowe uzupe\u0142nia tak\u017ce drugorz\u0119dna jednotorowa linia kolejowa nr 117 w relacji Kalwaria Zebrzydowska Lanckorona \u2013 Bielsko-Bia\u0142a G\u0142\u00f3wna (kierunek wsch\u00f3d-zach\u00f3d).<\/p>\n<p style=\"text-align: justify;\">W uj\u0119ciu lokalnym transport kolejowy zapewnia po\u0142\u0105czenia jedynie pomi\u0119dzy Miastem Andrych\u00f3w i so\u0142ectwem Inwa\u0142d. Uk\u0142ad transportowy Andrychowa w cz\u0119\u015bci obejmuj\u0105cej elementy sieci ponadlokalnej stanowi istotny element dla rozwoju gminy. Obecnie droga DK 52 stanowi g\u0142\u00f3wny korytarz transportowy i przechodzi przez tereny silnie zurbanizowane.<\/p>\n<p style=\"text-align: justify;\">Do 2031 r. planowana jest budowa Beskidzkiej Drogi Integracyjnej, \u0142\u0105cz\u0105cej Bielsko-Bia\u0142\u0105 z podkrakowskim G\u0142ogoczowem. Droga o d\u0142ugo\u015bci 61 km ma stanowi\u0107 obwodnic\u0119 dla K\u0119t, Andrychowa, Wadowic i Kalwarii Zebrzydowskiej. Inwestycja spowoduje zmniejszenie negatywnych skutk\u00f3w wzmo\u017conego ruchu ko\u0142owego na drodze DK 52 oraz spowoduje mo\u017cliwo\u015b\u0107 pe\u0142nego w\u0142\u0105czenia drogi do wewn\u0119trznej obs\u0142ugi komunikacyjnej gminy, a przede wszystkim umo\u017cliwi otwarcie efektywnego po\u0142\u0105czenia aglomeracji krakowskiej z Czechami i S\u0142owacj\u0105, poprzez dynamiczna aglomeracj\u0119 bielsk\u0105, ale tak\u017ce odblokuje rozw\u00f3j miast, w tym Andrychowa. Pojawi\u0105 si\u0119 nowe bod\u017ace rozwoju gospodarczego oraz funkcji osadniczych, bo inwestycja ta b\u0119dzie mia\u0142a znacz\u0105cy wp\u0142yw na atrakcyjno\u015b\u0107 inwestycyjn\u0105 gminy.<\/p>\n<p style=\"text-align: justify;\">Publiczny transport zbiorowy w obr\u0119bie gminy stanowi obecnie 9 linii komunikacyjnych, \u0142\u0105cz\u0105cych Miasto Andrych\u00f3w ze wszystkimi so\u0142ectwami. W ramach porozumienia zawartego z Komunikacj\u0105 Beskidzk\u0105 realizuje si\u0119 tak\u017ce po\u0142\u0105czenia K\u0119ty \u2013 Andrych\u00f3w (przez Bulowice i Czaniec). Ponadto transport zbiorowy realizuj\u0105 przewo\u017anicy prywatni m.in. w kierunkach: Wadowic, Choczni, Wieprza, Frydrychowic.<\/p>\n<p>[\/vc_column_text][vc_column_text]<\/p>\n<p style=\"text-align: justify;\">Miasto Andrych\u00f3w posiada tradycje przemys\u0142owe si\u0119gaj\u0105ce XVIII w. Pokona\u0142o problemy zwi\u0105zane z\u00a0transformacj\u0105 ustrojow\u0105\u00a0i obecnie rozwija si\u0119 r\u00f3wnie\u017c jako o\u015brodek przemys\u0142owy.<\/p>\n<p style=\"text-align: justify;\">Andrych\u00f3w jest jednym z wa\u017cniejszych centr\u00f3w przemys\u0142owych w wojew\u00f3dztwie ma\u0142opolskim. Rozwijaj\u0105 si\u0119 tutaj r\u00f3\u017cnorodne ga\u0142\u0119zie przemys\u0142u, a coraz to nowe firmy decyduj\u0105 si\u0119 na lokalizowanie swoich przedsi\u0119biorstw na terenie gminy. W du\u017cej mierze wynika to z faktu utworzenia na jej obszarze w 2008 r. Strefy Aktywno\u015bci Gospodarczej o wielko\u015bci 27,95 ha, z czego 15,9 ha zosta\u0142o w\u0142\u0105czonych jako Podstrefa Andrych\u00f3w do Krakowskiej Specjalnej Strefy Ekonomicznej.<\/p>\n<p style=\"text-align: justify;\">Inwestorzy planuj\u0105cy rozpocz\u0119cie inwestycji na terenie gminy Andrych\u00f3w mog\u0105 skorzysta\u0107\u00a0 ze zwolnienia z\u00a0podatku dochodowego CIT lub PIT, na\u00a0okres 12\u00a0lat.<\/p>\n<p style=\"text-align: justify;\">Polska Strefa Inwestycji (PSI) to\u00a0forma wsparcia dla firm planuj\u0105cych nowe inwestycje.<\/p>\n<p style=\"text-align: justify;\">Inwestycja mo\u017ce zosta\u0107 usytuowana na\u00a0wszystkich terenach (prywatnych i\u00a0publicznych).<\/p>\n<p>[\/vc_column_text][vc_column_text]<\/p>\n<p style=\"text-align: justify;\">Wysoko\u015b\u0107 pomocy publicznej (zwolnienia podatkowego) jest obliczana na\u00a0podstawie wysoko\u015bci poniesionych przez przedsi\u0119biorc\u0119 nak\u0142ad\u00f3w inwestycyjnych na\u00a0realizacj\u0119 nowego projektu lub dwuletnich koszt\u00f3w nowoutworzonych miejsc pracy.<\/p>\n<p style=\"text-align: justify;\">Minimalne nak\u0142ady inwestycyjne wynosz\u0105 odpowiednio:<\/p>\n<ul style=\"text-align: justify;\">\n<li>du\u017ca firma: 60 mln z\u0142<\/li>\n<li>\u015brednia firma: 12 mln z\u0142<\/li>\n<li>ma\u0142a firma: 3 mln z\u0142<\/li>\n<li>mikro firma: 1,2 mln z\u0142<\/li>\n<\/ul>\n<p style=\"text-align: justify;\">Drug\u0105 po przemy\u015ble, bardzo wa\u017cn\u0105 i pr\u0119\u017cnie rozwijaj\u0105c\u0105 si\u0119 ga\u0142\u0105\u017a andrychowskiej gospodarki stanowi turystyka. Po\u0142o\u017cenie gminy Andrych\u00f3w w sercu Beskidu Ma\u0142ego sprawia, \u017ce jest ona doskona\u0142a baz\u0105 wypadow\u0105, a r\u00f3\u017cnorodne oferowane na jej terenie formy wypoczynku przyci\u0105gaj\u0105 z roku na rok coraz wi\u0119ksz\u0105 liczb\u0119 turyst\u00f3w.<\/p>\n<p style=\"text-align: justify;\">Wzrost liczby turyst\u00f3w niesie za sob\u0105 zauwa\u017calny wzrost liczby zak\u0142adanych gospodarstw agroturystycznych, modernizacj\u0119 ju\u017c istniej\u0105cych oraz poszerzanie oferty hoteli.<\/p>\n<p>[\/vc_column_text][vc_column_text]<\/p>\n<p style=\"text-align: justify;\">Okolice Andrychowa to \u015bwietne miejsce na jedno- lub kilkudniowy wypoczynek zar\u00f3wno latem jak i zim\u0105, w ko\u0144cu <em>Andrych\u00f3w to miejsce utkanie z atrakcji!<\/em><\/p>\n<p style=\"text-align: justify;\">Zim\u0105 mo\u017cna poje\u017adzi\u0107 na nartach lub snowboardzie na stokach zlokalizowanych w o\u015brodkach \u201eCzarny Gro\u0144\u201d oraz \u201eKocierz\u201d, a latem wybra\u0107 si\u0119 na g\u00f3rskie wycieczki szlakami Beskidu Ma\u0142ego czy zar\u00f3wno latem jak i zim\u0105 odwiedzi\u0107 zlokalizowane na terenie gminy atrakcje.<\/p>\n<p style=\"text-align: justify;\">Nale\u017c\u0105 do nich:<\/p>\n<ul>\n<li style=\"text-align: justify;\">Park Miniatur \u201e\u015awiat Marze\u0144\u201d,<\/li>\n<li style=\"text-align: justify;\">Warowania Inwa\u0142d,<\/li>\n<li style=\"text-align: justify;\">Ogr\u00f3d Jana Paw\u0142a II,<\/li>\n<li style=\"text-align: justify;\">Park Dinozaur\u00f3w i Rozrywki Dinolandia,<\/li>\n<li style=\"text-align: justify;\">Kucyk Mini Zoo,<\/li>\n<li style=\"text-align: justify;\">Magiczna Osada w kompleksie \u201eCzarny Gro\u0144\u201d,<\/li>\n<li style=\"text-align: justify;\">naturalny Aquapark i park linowy w kompleksie \u201eKocierz\u201d,<\/li>\n<li style=\"text-align: justify;\">Kryty Basen,<\/li>\n<li style=\"text-align: justify;\">odkryty basen k\u0105pielowy,<\/li>\n<li style=\"text-align: justify;\">Stanica Hucu\u0142,<\/li>\n<li style=\"text-align: justify;\">Muzeum Historyczno-Etnograficzne.<\/li>\n<\/ul>\n<p>[\/vc_column_text][\/vc_column][\/vc_row][vc_row][vc_column][vc_separator color=&#8221;sky&#8221; el_width=&#8221;90&#8243;][\/vc_column][\/vc_row][vc_row][vc_column][vc_column_text]<strong>System informacji przestrzennej, tereny inwestycyjne:<\/strong><\/p>\n<ul>\n<li><a href=\"https:\/\/andrychow.e-mapa.net\/\" target=\"_blank\" rel=\"noopener\">https:\/\/andrychow.e-mapa.net\/<\/a><\/li>\n<\/ul>\n<p><strong>Historia Andrychowa linki:<\/strong><\/p>\n<ul>\n<li><a href=\"https:\/\/andrychow.eu\/gmina-andrychow\/\" target=\"_blank\" rel=\"noopener\">https:\/\/andrychow.eu\/gmina-andrychow\/<\/a><\/li>\n<li><a href=\"https:\/\/andrychow.eu\/gmina-andrychow\/\" target=\"_blank\" rel=\"noopener\">https:\/\/andrychow.eu\/gmina-andrychow\/<\/a><\/li>\n<li><a href=\"https:\/\/andrychow.eu\/turystyka\/historia-andrychowa\/\" target=\"_blank\" rel=\"noopener\">https:\/\/andrychow.eu\/turystyka\/historia-andrychowa\/<\/a><\/li>\n<\/ul>\n<p><strong>Turystyka:<\/strong><\/p>\n<ul>\n<li><a href=\"http:\/\/www.moskit-andrychow.eu\/\" target=\"_blank\" rel=\"noopener\">http:\/\/www.moskit-andrychow.eu\/<\/a><\/li>\n<\/ul>\n<p>[\/vc_column_text][\/vc_column][\/vc_row][vc_row][vc_column][vc_separator color=&#8221;sky&#8221; el_width=&#8221;90&#8243;][\/vc_column][\/vc_row][vc_row][vc_column][vc_media_grid element_width=&#8221;3&#8243; grid_id=&#8221;vc_gid:1633161092741-b03e88e0-143d-8&#8243; include=&#8221;247,248,250,251,252,253&#8243;][\/vc_column][\/vc_row]<\/p>\n","protected":false},"excerpt":{"rendered":"<p>[vc_row][vc_column css=&#8221;.vc_custom_1632481409967{margin-top: 20px !important;}&#8221;][\/vc_column][\/vc_row][vc_row][vc_column width=&#8221;1\/4&#8243;][vc_single_image image=&#8221;379&#8243; img_size=&#8221;170&#215;200&#8243; alignment=&#8221;center&#8221;][\/vc_column][vc_column width=&#8221;3\/4&#8243;][vc_column_text] Gmina Andrych\u00f3w 34-120 Andrych\u00f3w ul. Rynek 15 www.andrychow.eu tel.: (33) 842-99-00 lub (33) 875-23-60 fax: (33) 875-29-16<\/p>\n","protected":false},"author":1,"featured_media":0,"parent":87,"menu_order":0,"comment_status":"closed","ping_status":"closed","template":"","meta":{"footnotes":""},"class_list":["post-91","page","type-page","status-publish","hentry"],"lang":"pl","translations":{"pl":91,"de":587,"en":599,"es":603,"fr":651},"pll_sync_post":[],"_links":{"self":[{"href":"https:\/\/inwestujwmalopolsce.eu\/index.php?rest_route=\/wp\/v2\/pages\/91","targetHints":{"allow":["GET"]}}],"collection":[{"href":"https:\/\/inwestujwmalopolsce.eu\/index.php?rest_route=\/wp\/v2\/pages"}],"about":[{"href":"https:\/\/inwestujwmalopolsce.eu\/index.php?rest_route=\/wp\/v2\/types\/page"}],"author":[{"embeddable":true,"href":"https:\/\/inwestujwmalopolsce.eu\/index.php?rest_route=\/wp\/v2\/users\/1"}],"replies":[{"embeddable":true,"href":"https:\/\/inwestujwmalopolsce.eu\/index.php?rest_route=%2Fwp%2Fv2%2Fcomments&post=91"}],"version-history":[{"count":8,"href":"https:\/\/inwestujwmalopolsce.eu\/index.php?rest_route=\/wp\/v2\/pages\/91\/revisions"}],"predecessor-version":[{"id":380,"href":"https:\/\/inwestujwmalopolsce.eu\/index.php?rest_route=\/wp\/v2\/pages\/91\/revisions\/380"}],"up":[{"embeddable":true,"href":"https:\/\/inwestujwmalopolsce.eu\/index.php?rest_route=\/wp\/v2\/pages\/87"}],"wp:attachment":[{"href":"https:\/\/inwestujwmalopolsce.eu\/index.php?rest_route=%2Fwp%2Fv2%2Fmedia&parent=91"}],"curies":[{"name":"wp","href":"https:\/\/api.w.org\/{rel}","templated":true}]}}