{"id":93,"date":"2021-09-13T14:23:05","date_gmt":"2021-09-13T12:23:05","guid":{"rendered":"http:\/\/inwestujwmalopolsce.eu\/?page_id=93"},"modified":"2021-10-06T07:48:41","modified_gmt":"2021-10-06T05:48:41","slug":"gmina-myslenice","status":"publish","type":"page","link":"https:\/\/inwestujwmalopolsce.eu\/?page_id=93","title":{"rendered":"gmina My\u015blenice"},"content":{"rendered":"<p>[vc_row][vc_column css=&#8221;.vc_custom_1632482563487{margin-top: 20px !important;}&#8221;][\/vc_column][\/vc_row][vc_row][vc_column width=&#8221;1\/4&#8243;][vc_single_image image=&#8221;258&#8243; img_size=&#8221;182&#215;200&#8243; alignment=&#8221;center&#8221;][\/vc_column][vc_column width=&#8221;3\/4&#8243;][vc_column_text]<\/p>\n<h4 style=\"text-align: center;\">Gmina My\u015blenice<\/h4>\n<p style=\"text-align: center;\">32-400 My\u015blenice<br \/>\nul. Rynek 8\/9<br \/>\n<a href=\"https:\/\/myslenice.pl\/\" target=\"_blank\" rel=\"noopener\">www.myslenice.pl<\/a><br \/>\ne-mail: <a href=\"mailto:info@myslenice.pl\" target=\"_blank\" rel=\"noopener\">info@myslenice.pl<\/a><br \/>\ntel.: (12) 639-23-00<br \/>\nfax. (12) 639-23-05<\/p>\n<p>[\/vc_column_text][\/vc_column][\/vc_row][vc_row][vc_column][vc_separator color=&#8221;sky&#8221; el_width=&#8221;90&#8243; css=&#8221;.vc_custom_1632482610548{margin-top: -50px !important;margin-bottom: -50px !important;}&#8221;][\/vc_column][\/vc_row][vc_row][vc_column][vc_column_text]<\/p>\n<p style=\"text-align: justify;\">Gmina My\u015blenice le\u017cy w po\u0142udniowo-centralnej cz\u0119\u015bci wojew\u00f3dztwa Ma\u0142opolskiego, w odleg\u0142o\u015bci 30 km od Krakowa. W ca\u0142o\u015bci nale\u017cy do Krakowskiego Obszaru Metropolitarnego, co silnie determinuje szereg jej uwarunkowa\u0144 rozwojowych. Z tego tytu\u0142u My\u015blenice w perspektywie najbli\u017cszych 10 lat s\u0105 wymieniane obok Krakowa, Niepo\u0142omic, Wieliczki, Bochni i Dobczyc, jako o\u015brodek o najwy\u017cszym potencjale rozwojowym w Ma\u0142opolsce.<\/p>\n<p style=\"text-align: justify;\">My\u015blenice maj\u0105 doskona\u0142\u0105 lokalizacj\u0119, poniewa\u017c przez gmin\u0119 przebiega droga E 77, o znaczeniu mi\u0119dzynarodowym, popularnie zwana \u201eZakopiank\u0105\u201d. Prowadzi z Krakowa do przej\u015b\u0107 granicznych w Chy\u017cnym i \u0141ysej Polanie. Za\u015b w odleg\u0142o\u015bci zaledwie 35 km od centrum My\u015blenic znajduje si\u0119 drugi, co do wielko\u015bci, polski port lotniczy im. Jana Paw\u0142a II w Balicach. Sw\u00f3j pocz\u0105tek ma tutaj r\u00f3wnie\u017c droga wojew\u00f3dzka nr 967, biegn\u0105ca do \u0141apczycy (kierunek Tarn\u00f3w). Wa\u017cnym aspektem jest r\u00f3wnie\u017c blisko\u015b\u0107 Krakowa i wszystkich dobrodziejstw du\u017cej aglomeracji, zaplecze akademickie, dost\u0119p do nowych technologii, skuteczny i merytoryczny zesp\u00f3\u0142 urz\u0119dnik\u00f3w, oraz do\u015bwiadczenie we wsp\u00f3\u0142pracy z inwestorami.<\/p>\n<p style=\"text-align: justify;\">Aby zwi\u0119kszy\u0107 atrakcyjno\u015b\u0107 miasta jako dobrego miejsca do \u017cycia i inwestowania w\u0142adze gminy My\u015blenice oraz okolicznych gmin przyst\u0105pi\u0142y do programu \u201eKolej Plus\u201d \u2013 po\u0142\u0105czenie kolejowe z Krakowem, kt\u00f3re zdecydowanie podniesie komfort i bezpiecze\u0144stwo przemieszczania si\u0119 a miasto uzyska p\u0142ynne i szybkie po\u0142\u0105czenie kolejowe z Krakowem. Samorz\u0105d prowadzi r\u00f3wnie\u017c du\u017ce inwestycje dotycz\u0105ce rozbudowy i modernizacji infrastruktury drogowej uwzgl\u0119dniaj\u0105c usytuowanie teren\u00f3w inwestycyjnych Jawornik\/Polanka.<\/p>\n<p style=\"text-align: justify;\">Gmina zajmuje obszar 153,7 km2 , z czego samo miasto My\u015blenice \u2013 30,1 km2 . Obszar gminy stanowi oko\u0142o 1% og\u00f3lnej powierzchni wojew\u00f3dztwa ma\u0142opolskiego i 22,8% powierzchni Powiatu My\u015blenickiego. W grupie gmin miejsko-wiejskich Gmina My\u015blenice jest najwi\u0119ksz\u0105 obszarowo w wojew\u00f3dztwie ma\u0142opolskim. Wa\u017cnym atutem Gminy jest jej stosunkowo du\u017ca lesisto\u015b\u0107 wynosz\u0105ca 31,1% ca\u0142ej powierzchni.<\/p>\n<p>[\/vc_column_text][vc_column_text]<\/p>\n<p style=\"text-align: justify;\">Opr\u00f3cz atut\u00f3w gospodarczych My\u015blenice to tak\u017ce region turystyczny i miasto sprzyjaj\u0105ce wypoczynkowi. Wspania\u0142a okolica, mo\u017cliwo\u015b\u0107 r\u00f3\u017cnych form aktywno\u015bci, blisko\u015b\u0107 Krakowa, Wieliczki czy Zakopanego to dodatkowe plusy. Zasadniczo jest tu wszystko, czego turysta mo\u017ce oczekiwa\u0107 i to o ka\u017cdej porze roku. Wiosn\u0105 spacery i piesze wycieczki, latem wypoczynek nad rzek\u0105, jesieni\u0105 rowerowe wyprawy, a zim\u0105 stok narciarski. Ka\u017cdy znajdzie tu co\u015b dla siebie. Ca\u0142y czas rozwija si\u0119 baza noclegowa i gastronomiczna.<\/p>\n<p style=\"text-align: justify;\">Gmin\u0119 otaczaj\u0105 wzniesienia Pog\u00f3rza Wielickiego, kt\u00f3re przechodz\u0105 w \u0142agodne stoki opadaj\u0105ce ku dolinie Raby. Od po\u0142udnia kotlin\u0119 zamyka pasmo Beskidu Makowskiego. Samo miasto po\u0142o\u017cone jest na wysoko\u015bci 315 m. n.p.m. nad rzek\u0105 Rab\u0105 w pobli\u017cu Zalewu Dobczyckiego i otaczaj\u0105 j\u0105 wzniesienia Dalinu, Che\u0142mu i Uklejny. Budowa geologiczna sprzyja powstawaniu licznych g\u0142\u0119boko wyci\u0119tych dolin. G\u0142\u00f3wn\u0105 jednostk\u0105 rze\u017aby centralnego obszaru gminy jest dolina Raby. Jej d\u0142ugo\u015b\u0107 w granicach gminy wynosi ok. 10 km, wschodni odcinek (ok. 4,5 km) wype\u0142niaj\u0105 wody Zbiornika Dobczyckiego. Dorzecze Raby stanowi\u0105 dziesi\u0105tki potok\u00f3w sp\u0142ywaj\u0105cych z p\u00f3\u0142nocnych i p\u00f3\u0142nocnozachodnich zboczy Pasma Lubomira i \u0141ysiny oraz po\u0142udniowych zboczy Pog\u00f3rza Wielickiego.<\/p>\n<p style=\"text-align: justify;\">Do My\u015blenic trafiaj\u0105 go\u015bcie z jednej strony zainteresowani szybkim i intensywnym wypoczynkiem aktywnym (rowery, piesze szlaki, narty, itp.), a z drugiej strony tury\u015bci poszukuj\u0105cy spokoju i ciszy okolicznych las\u00f3w i miejsc obfituj\u0105cych w urocze krajobrazy. Odnotowuje si\u0119 spore zainteresowanie turystyk\u0105 w My\u015blenicach mieszka\u0144c\u00f3w aglomeracji Krakowskiej oraz \u015al\u0105skiej z uwagi na \u0142atwy dost\u0119p komunikacyjny i niewielk\u0105 ilo\u015b\u0107 czasu potrzebn\u0105 na dotarcie do miejsca wypoczynku.<\/p>\n<p>[\/vc_column_text][vc_column_text]<\/p>\n<p style=\"text-align: justify;\">My\u015blenice posiadaj\u0105 d\u0142ugoletnie tradycje gospodarcze. Od lat rozwija si\u0119 tutaj drobne rzemios\u0142o, us\u0142ugi i handel. Nie brak jednak du\u017cych zak\u0142ad\u00f3w produkcyjnych, takich jak: Tele-Fonika Kable S.A., Fcase Sp. Z o.o. S.K.A. Cooper Standard Automotive Polska Sp.z o.o., Polplast Polska, KART Sp. z o.o., JUTAX Sp. z o.o. Sp\u00f3\u0142ka Komandytowo Akcyjna, Zeta (Jawornik), Meble Ry\u015b (Jawornik), HYDROLAND Basf \u201eW\u0119dzonka\u201d Zak\u0142ad Uboju i Przetw\u00f3rstwa Mi\u0119snego, \u201eGubad\u201d Wzornictwo, Produkcja, Handel Sp. z o.o., Wyroby Hutnicze Grzegorz Gomulak i S-ka,\u00a0 Rejonowe Przedsi\u0119biorstwo Gospodarki Komunalnej Sp. z o.o., PPH \u201eINTER-ZOO\u201d, Du\u017ca koncentracja podmiot\u00f3w gospodarczych obserwowana jest wzd\u0142u\u017c drogi nr 7. Jednocze\u015bnie My\u015blenice wraz z innymi miastami (Krakowem, Brzeskiem, Bochni\u0105, Krzeszowicami, Skawin\u0105, Wieliczk\u0105 i Chrzanowem) tworz\u0105 tzw. Krakowski Okr\u0119g Przemys\u0142owy. Dominuj\u0105cym o\u015brodkiem Okr\u0119gu jest Krak\u00f3w, jako centrum aglomeracji krakowskiej, za\u015b mniejsze o\u015brodki satelickie s\u0105 powi\u0105zane z centrum. Reprezentowane s\u0105 tutaj liczne ga\u0142\u0119zie przemys\u0142u, w tym m.in.: przemys\u0142 spo\u017cywczy, cukrowniczy, piwny, metalurgiczny, hutniczy, chemiczny, elektromaszynowy, poligraficzny, samochodowy W kontek\u015bcie gospodarki samych My\u015blenic niezwykle istotne jest ich osadzenie w szerszym kontek\u015bcie subregionalnym, kt\u00f3ry skutkuje sieci\u0105 licznych powi\u0105za\u0144 i zale\u017cno\u015bci, kt\u00f3re maj\u0105 wp\u0142yw na kondycj\u0119 i plany rozwojowe szeroko rozumianej gospodarki Gminy.<\/p>\n<p style=\"text-align: justify;\">Gmina My\u015blenice posiada bardzo du\u017cy potencja\u0142 dla rozwoju biznesu. Wa\u017cn\u0105 rol\u0119 w stwarzaniu korzystnych warunk\u00f3w prowadzenia dzia\u0142alno\u015bci gospodarczej oraz przyci\u0105gania nowych inwestor\u00f3w do My\u015blenic stanowi\u0105 dwie, funkcjonuj\u0105ce tutaj strefy przemys\u0142owe. S\u0105 to &#8211; strefa przemys\u0142owa \u201eJawornik\/Polanka\u201d z ofert\u0105 inwestycyjn\u0105 o powierzchni 60 ha &#8211; w ca\u0142o\u015bci stanowi\u0105c\u0105 w\u0142asno\u015b\u0107 prywatn\u0105 oraz pr\u0119\u017cnie rozwijaj\u0105ca si\u0119 strefa przemys\u0142owa \u201eDolne Przedmie\u015bcie\u201d o powierzchni 15,08 ha kt\u00f3r\u0105 sukcesywnie od 2000 roku wyposa\u017cano w niezb\u0119dn\u0105 infrastruktur\u0119 i zaplecze techniczne, a\u017c do kompleksowego utworzenia oferty inwestycyjnej spe\u0142niaj\u0105cej oczekiwania najbardziej wymagaj\u0105cych inwestor\u00f3w. W 2007 roku ten teren zosta\u0142 obj\u0119ty granicami Katowickiej Specjalnej Strefy Ekonomicznej.<\/p>\n<p>[\/vc_column_text][vc_column_text]<\/p>\n<p style=\"text-align: justify;\">W strefie Jawornik stworzono do tej pory ok. 600 miejsc pracy, za\u015b w strefie \u201eDolne Przedmie\u015bcie\u201d zatrudnienie znajduje blisko 800 os\u00f3b. Na obszarze o powierzchni 3,81 ha nale\u017c\u0105cym do strefy \u201eDolne Przedmie\u015bcie\u201d zbudowano fabryk\u0119 Cooper Standard Automotive Polska Sp. z o.o, a kolejnymi inwestorami by\u0142y firmy Polplast Polska Sp. z o.o oraz Agro Jan Produkcja Sp z.o.o.<\/p>\n<p style=\"text-align: justify;\">Niemniej istotna w tworzeniu warunk\u00f3w rozwoju dzia\u0142alno\u015bci gospodarczej jest aktywno\u015b\u0107 instytucji otoczenia biznesu oraz organizacji zrzeszaj\u0105cych przedsi\u0119biorc\u00f3w, a tak\u017ce system instytucjonalny u\u0142atwiaj\u0105cy prowadzenie dzia\u0142alno\u015bci gospodarczej, w tym urz\u0119dy, banki itp. Najistotniejsz\u0105 instytucj\u0105 o szerokim spektrum oddzia\u0142ywania jest My\u015blenicka Agencja Rozwoju Gospodarczego (MARG). Zajmuje si\u0119 promowaniem i wspieraniem wszelkich inicjatyw gospodarczych maj\u0105cych wp\u0142yw na rozw\u00f3j regionu my\u015blenickiego, m.in. prowadz\u0105c bezp\u0142atny Punkt Konsultacyjny dla przedsi\u0119biorc\u00f3w, a tak\u017ce obs\u0142uguj\u0105c filie Ma\u0142opolskiego Funduszu Po\u017cyczkowego (MFP) i Ma\u0142opolskiego Funduszu Por\u0119cze\u0144 Kredytowych oraz Funduszu Po\u017cyczkowego Fundacji Rozwoju Regionu Rabka.<\/p>\n<p>[\/vc_column_text][vc_column_text]<\/p>\n<p style=\"text-align: justify;\">Inwestorzy planuj\u0105cy rozpocz\u0119cie inwestycji na terenie gminy My\u015blenice mog\u0105 skorzysta\u0107\u00a0 ze zwolnienia z\u00a0podatku dochodowego CIT lub PIT, na\u00a0okres 12\u00a0lat.<\/p>\n<p style=\"text-align: justify;\">Polska Strefa Inwestycji (PSI) to\u00a0forma wsparcia dla firm planuj\u0105cych nowe inwestycje.<\/p>\n<p style=\"text-align: justify;\">Inwestycja mo\u017ce zosta\u0107 usytuowana na\u00a0wszystkich terenach (prywatnych i\u00a0publicznych).<\/p>\n<p style=\"text-align: justify;\">Wysoko\u015b\u0107 pomocy publicznej (zwolnienia podatkowego) jest obliczana na\u00a0podstawie wysoko\u015bci poniesionych przez przedsi\u0119biorc\u0119 nak\u0142ad\u00f3w inwestycyjnych na\u00a0realizacj\u0119 nowego projektu lub dwuletnich koszt\u00f3w nowoutworzonych miejsc pracy.<\/p>\n<p style=\"text-align: justify;\">Minimalne nak\u0142ady inwestycyjne wynosz\u0105 odpowiednio:<\/p>\n<ul style=\"text-align: justify;\">\n<li>du\u017ca firma: 80 mln z\u0142<\/li>\n<li>\u015brednia firma: 16 mln z\u0142<\/li>\n<li>ma\u0142a firma: 4 mln z\u0142<\/li>\n<li>mikro firma: 1,06 mln z\u0142<\/li>\n<\/ul>\n<p style=\"text-align: justify;\">Gmina My\u015blenice stale poszerza zdolno\u015bci przyci\u0105gania inwestor\u00f3w oraz intensywnie wsp\u00f3\u0142pracuje z instytucjami otoczenia biznesu. W tym zakresie Gmina przyst\u0105pi\u0142a do program\u00f3w:<\/p>\n<ul>\n<li style=\"text-align: justify;\">Standardy Obs\u0142ugi Inwestora w Ma\u0142opolsce<\/li>\n<li style=\"text-align: justify;\">Power Up Your Business in Ma\u0142opolska<\/li>\n<\/ul>\n<p>[\/vc_column_text][\/vc_column][\/vc_row][vc_row][vc_column][vc_separator color=&#8221;sky&#8221; el_width=&#8221;90&#8243;][\/vc_column][\/vc_row][vc_row][vc_column][vc_column_text]<strong>Kontakt ws. Stref Aktywno\u015bci Gospodarczej:<\/strong><\/p>\n<ul>\n<li><strong><u>Wydzia\u0142 Rozwoju i Funduszy Zewn\u0119trznych UMiG My\u015blenice<\/u><\/strong><br \/>\n32\u2013400 My\u015blenice<br \/>\nul. Rynek 8\/9<br \/>\n<a href=\"mailto:info@myslenice.pl\">info@myslenice.pl<\/a><br \/>\ntel.: (12) 639-23-27<\/li>\n<li><strong><u>My\u015blenicka Agencja Rozwoju Gospodarczego Sp. z o.o.<\/u><\/strong><br \/>\n32-400 My\u015blenice<br \/>\nRynek 8\/9<br \/>\n<a href=\"mailto:marg@myslenice.pl\">marg@myslenice.pl<\/a><br \/>\ntel.: (12) 274-43-43<\/li>\n<\/ul>\n<p><strong>Kontakt ws. Turystyki i Rekreacji<\/strong><\/p>\n<ul>\n<li><strong>Wydzia\u0142 Promocji Wsp\u00f3\u0142pracy Sportu i Kultury UMiG My\u015blenice<\/strong><br \/>\n32\u2013400 My\u015blenice<br \/>\nul. Rynek 8\/9<br \/>\n<a href=\"mailto:info@myslenice.pl\">info@myslenice.pl<\/a><br \/>\ntel.: (12) 639-23-09<\/li>\n<\/ul>\n<p>[\/vc_column_text][vc_column_text]<strong>Zainwestowali w naszych Strefach Aktywno\u015bci Gospodarczej:<\/strong><\/p>\n<ul>\n<li>COOPER STANDARD AUTOMOTIVE Polska sp. z o.o.<\/li>\n<li>POLPLAST Polska sp. z o.o.<\/li>\n<li>EUROSASH CASH&amp;CARRY<\/li>\n<li>JUTAX sp. z o.o. SKA<\/li>\n<li>POLWELL Polska sp. z o.o.<\/li>\n<li>BEPCO POLSKA sp. z o.o.<\/li>\n<li>FEASE Sp. z o.o., sp kom.<\/li>\n<li>ZELVO<\/li>\n<li>PFH EKOPOLDEX<\/li>\n<li>DREWMAT sp. z o.o.<\/li>\n<li>SOLUS TrailerParts sp.j.<\/li>\n<li>BLACHOTRAPEZ sp. z o.o.<\/li>\n<li>Fabryka Mebli RY\u015a<\/li>\n<li>EUROWIA POLSKA SA<\/li>\n<li>ZETA sp. z o.o.<\/li>\n<li>WIECH Fabryka Front\u00f3w Meblowych sp.j.<\/li>\n<li>AACOLOR sp. z o.o.<\/li>\n<li>BAHLSEN POLSKA sp. z o.o., sp kom.<\/li>\n<li>MAX KUCHNIE<\/li>\n<\/ul>\n<p>[\/vc_column_text][\/vc_column][\/vc_row][vc_row][vc_column][vc_separator color=&#8221;sky&#8221; el_width=&#8221;90&#8243;][\/vc_column][\/vc_row][vc_row][vc_column][vc_media_grid element_width=&#8221;3&#8243; grid_id=&#8221;vc_gid:1633499300503-ca59753a-8951-8&#8243; include=&#8221;261,262,263,264,265,266,267,268,269,270,271,272,273,274,275,276,277,278,279,280,281,282,283,284,285,286,287,288&#8243;][\/vc_column][\/vc_row]<\/p>\n","protected":false},"excerpt":{"rendered":"<p>[vc_row][vc_column css=&#8221;.vc_custom_1632482563487{margin-top: 20px !important;}&#8221;][\/vc_column][\/vc_row][vc_row][vc_column width=&#8221;1\/4&#8243;][vc_single_image image=&#8221;258&#8243; img_size=&#8221;182&#215;200&#8243; alignment=&#8221;center&#8221;][\/vc_column][vc_column width=&#8221;3\/4&#8243;][vc_column_text] Gmina My\u015blenice 32-400 My\u015blenice ul. Rynek 8\/9 www.myslenice.pl e-mail: info@myslenice.pl tel.: (12) 639-23-00 fax. (12) 639-23-05 [\/vc_column_text][\/vc_column][\/vc_row][vc_row][vc_column][vc_separator<\/p>\n","protected":false},"author":1,"featured_media":0,"parent":87,"menu_order":0,"comment_status":"closed","ping_status":"closed","template":"","meta":{"footnotes":""},"class_list":["post-93","page","type-page","status-publish","hentry"],"lang":"pl","translations":{"pl":93,"es":559,"en":577,"de":609,"fr":660},"pll_sync_post":[],"_links":{"self":[{"href":"https:\/\/inwestujwmalopolsce.eu\/index.php?rest_route=\/wp\/v2\/pages\/93","targetHints":{"allow":["GET"]}}],"collection":[{"href":"https:\/\/inwestujwmalopolsce.eu\/index.php?rest_route=\/wp\/v2\/pages"}],"about":[{"href":"https:\/\/inwestujwmalopolsce.eu\/index.php?rest_route=\/wp\/v2\/types\/page"}],"author":[{"embeddable":true,"href":"https:\/\/inwestujwmalopolsce.eu\/index.php?rest_route=\/wp\/v2\/users\/1"}],"replies":[{"embeddable":true,"href":"https:\/\/inwestujwmalopolsce.eu\/index.php?rest_route=%2Fwp%2Fv2%2Fcomments&post=93"}],"version-history":[{"count":6,"href":"https:\/\/inwestujwmalopolsce.eu\/index.php?rest_route=\/wp\/v2\/pages\/93\/revisions"}],"predecessor-version":[{"id":420,"href":"https:\/\/inwestujwmalopolsce.eu\/index.php?rest_route=\/wp\/v2\/pages\/93\/revisions\/420"}],"up":[{"embeddable":true,"href":"https:\/\/inwestujwmalopolsce.eu\/index.php?rest_route=\/wp\/v2\/pages\/87"}],"wp:attachment":[{"href":"https:\/\/inwestujwmalopolsce.eu\/index.php?rest_route=%2Fwp%2Fv2%2Fmedia&parent=93"}],"curies":[{"name":"wp","href":"https:\/\/api.w.org\/{rel}","templated":true}]}}