{"id":97,"date":"2021-09-13T14:24:12","date_gmt":"2021-09-13T12:24:12","guid":{"rendered":"http:\/\/inwestujwmalopolsce.eu\/?page_id=97"},"modified":"2021-10-02T10:02:26","modified_gmt":"2021-10-02T08:02:26","slug":"gmina-chrzanow","status":"publish","type":"page","link":"https:\/\/inwestujwmalopolsce.eu\/?page_id=97","title":{"rendered":"gmina Chrzan\u00f3w"},"content":{"rendered":"<p>[vc_row][vc_column css=&#8221;.vc_custom_1632557546829{margin-top: 20px !important;}&#8221;][\/vc_column][\/vc_row][vc_row][vc_column width=&#8221;1\/4&#8243;][vc_single_image image=&#8221;372&#8243; img_size=&#8221;151&#215;200&#8243; alignment=&#8221;center&#8221;][\/vc_column][vc_column width=&#8221;3\/4&#8243;][vc_column_text]<\/p>\n<h4 style=\"text-align: center;\">Gmina Chrzan\u00f3w<\/h4>\n<p style=\"text-align: center;\">32-500 Chrzan\u00f3w<br \/>\nAleja Henryka 20<br \/>\n<a href=\"https:\/\/www.chrzanow.pl\/\" target=\"_blank\" rel=\"noopener\">www.chrzanow.pl<\/a><br \/>\ntel.: (32) 758-51-01<br \/>\ne-mail: sekretariat@chrzanow.pl<\/p>\n<p>[\/vc_column_text][\/vc_column][\/vc_row][vc_row][vc_column][vc_separator color=&#8221;sky&#8221; el_width=&#8221;90&#8243; css=&#8221;.vc_custom_1632557736053{margin-top: -50px !important;margin-bottom: -50px !important;}&#8221;][\/vc_column][\/vc_row][vc_row][vc_column][vc_column_text]<\/p>\n<h5 style=\"text-align: justify;\"><strong>Po\u0142o\u017cenie: <\/strong><\/h5>\n<ul style=\"text-align: justify;\">\n<li>Lokalizacja: Po\u0142udnie Polski\/ Ma\u0142opolska Zachodnia<\/li>\n<li>Powierzchnia: 79,44 km<sup>2 <\/sup>(obszar miejski &#8211; 38,32 km<sup>2<\/sup>)<\/li>\n<li>Liczba ludno\u015bci: 46\u00a0321<\/li>\n<li>Gminy s\u0105siaduj\u0105ce: Jaworzno, Trzebinia, Libi\u0105\u017c, Babice, Alwernia<\/li>\n<\/ul>\n<p style=\"text-align: justify;\">Du\u017cym atutem Chrzanowa jest jego po\u0142o\u017cenie na granicy dw\u00f3ch region\u00f3w o znacznym potencjale ekonomicznym, spo\u0142ecznym i kulturowym &#8211; Ma\u0142opolski i \u015al\u0105ska, dok\u0142adnie pomi\u0119dzy ich stolicami: Krakowem i Katowicami. Z tymi o\u015brodkami Chrzan\u00f3w po\u0142\u0105czony jest autostrad\u0105 A4 (znajduj\u0105 si\u0119 tutaj a\u017c 3 w\u0119z\u0142y) oraz drog\u0105 krajow\u0105 nr 79. Miasto posiada szybkie po\u0142\u0105czenie z lotniskami w Krakowie-Balicach (Krak\u00f3w Airport) oraz Katowicach-Pyrzowicach (Katowice Airport) oddalonymi odpowiednio o 20 i 45 min jazdy samochodem. Przez teren gminy przebiegaj\u0105 tak\u017ce dwie wa\u017cne linie kolejowe: zmodernizowana linia nr 133 \u0142\u0105cz\u0105ca Krak\u00f3w z D\u0105brow\u0105 G\u00f3rnicz\u0105 oraz obecnie przebudowywana linia nr 93 \u0142\u0105cz\u0105ca Trzebini\u0119 z\u00a0Zebrzydowicami.<\/p>\n<p>[\/vc_column_text][vc_column_text]<\/p>\n<h5 style=\"text-align: justify;\"><strong>Turystyka<\/strong><\/h5>\n<p style=\"text-align: justify;\">Barwna historia, zabytki, malownicze zak\u0105tki, rozleg\u0142e tereny le\u015bne, liczne wydarzenia kulturalne i sportowe to zalety gminy Chrzan\u00f3w, le\u017c\u0105cej na pograniczu Ma\u0142opolski i \u015al\u0105ska.<\/p>\n<p style=\"text-align: justify;\">Chrzan\u00f3w to miasto o wielowiekowej historii, za\u0142o\u017cone na prawie magdeburskim w czasach \u015bredniowiecznych. Do dnia dzisiejszego zachowa\u0142 pierwotny uk\u0142ad przestrzenny star\u00f3wki (okolice Rynku) wraz z charakterystycznym ko\u015bcio\u0142em pw. \u015bw. Miko\u0142aja. \u015aw. Miko\u0142aj jest tak\u017ce patronem miasta. Na pocz\u0105tku swojego istnienia Chrzan\u00f3w by\u0142 o\u015brodkiem, gdzie znajdowa\u0142a si\u0119 izba celna. W kolejnych wiekach przekszta\u0142ci\u0142 si\u0119 w miasto rzemie\u015blniczo-kupieckie. Przez wieki by\u0142 miejscem wielokulturowym. Warto zaznaczy\u0107, \u017ce w\u00a0latach 1815-1846 wchodzi\u0142 w\u00a0sk\u0142ad, jako istotna cz\u0119\u015b\u0107, Rzeczpospolitej Krakowskiej. Na prze\u0142omie XIX\/XX w. sta\u0142 si\u0119 miastem przemys\u0142owym, gdzie swoj\u0105 siedzib\u0119 mia\u0142a m.in. Pierwsza Fabryka Lokomotyw w\u00a0Polsce \u201eFablok\u201d.<\/p>\n<p style=\"text-align: justify;\">Chrzan\u00f3w stwarza wiele mo\u017cliwo\u015bci aktywnego wypoczynku. Tereny le\u015bne, zajmuj\u0105ce 1\/3 cz\u0119\u015b\u0107 gminy, sprzyjaj\u0105 pieszym w\u0119dr\u00f3wkom i wyprawom rowerowym. Z jednej strony miasto otaczaj\u0105 malownicze wzg\u00f3rza kamienio\u0142om\u00f3w, z drugiej pe\u0142na rozlewisk Kotlina Chrzanowska. Podmiejskie wsie obfituj\u0105 w urokliwe zak\u0105tki. Ze zboczy wzg\u00f3rz Pogorzyc i P\u0142azy rozci\u0105ga si\u0119 zachwycaj\u0105cy widok na dolin\u0119 Wis\u0142y oraz panoramy Beskid\u00f3w i Tatr. Gmina jest r\u00f3wnie\u017c idealn\u0105 baz\u0105 wypadow\u0105 do zwiedzania atrakcji regionu \u2013 w ci\u0105gu kilkudziesi\u0119ciu minut dotrze\u0107 mo\u017cna samochodem m.in. do Krakowa, Katowic, Bielska, \u017bywca czy Wadowic.<\/p>\n<p style=\"text-align: justify;\">Chrzan\u00f3w jest przestrzeni\u0105, w kt\u00f3rej odbywa si\u0119 wiele niepowtarzalnych wydarze\u0144 kulturalnych, adresowanych do szerokiego grona odbiorc\u00f3w. Wystawy, prelekcje, przegl\u0105dy muzyczne i folklorystyczne, spotkania autorskie, koncerty, konkursy, warsztaty, seanse filmowe i imprezy plenerowe \u2013 ka\u017cdy znajdzie w\u015br\u00f3d nich co\u015b dla siebie. Oferta kulturalna jest stale rozbudowywana.<\/p>\n<p>[\/vc_column_text][vc_column_text]<\/p>\n<h5 style=\"text-align: justify;\"><strong>Biznes\/Strefa Inwestycyjna<\/strong><\/h5>\n<p style=\"text-align: justify;\"><strong>Szerokie mo\u017cliwo\u015bci inwestycyjne, dost\u0119pno\u015b\u0107 komunikacyjna, wysoka jako\u015b\u0107 rynku pracy, sprzyjaj\u0105cy klimat spo\u0142eczny sprawiaj\u0105, \u017ce Chrzan\u00f3w to przyjazne, atrakcyjne i\u00a0konkurencyjne\u00a0\u015brodowisko dla rozwoju biznesu.<\/strong><\/p>\n<p style=\"text-align: justify;\"><strong>Chrzan\u00f3w bardzo intensywnie si\u0119 zmienia. Obok inwestycji publicznych, bardzo aktywni s\u0105 tak\u017ce inwestorzy prywatni. Firmy Dan Cake, Valeo Lightning, Swisspor i wiele innych nie tylko prowadz\u0105 tu dzia\u0142alno\u015b\u0107 &#8211; w ostatnich latach m.in. te 3 podmioty podj\u0119\u0142y te\u017c strategiczne decyzje o dalszym rozwoju plac\u00f3wek w Chrzanowie. W sumie zainwestuj\u0105 one ok. 100 000 000 z\u0142otych na rozbudow\u0119 zak\u0142ad\u00f3w, modernizacj\u0119 i poszerzenie zdolno\u015bci produkcyjnych. Dodatkowo &#8211; fakt planowania przeniesienia do Chrzanowa ich centr\u00f3w badawczych jest silnym sygna\u0142em, \u017ce otoczenie, w kt\u00f3rym si\u0119 znajduj\u0105 bardzo im sprzyja i\u00a0wi\u0105\u017c\u0105 z nim swoj\u0105 przysz\u0142o\u015b\u0107. Wspomniane firmy to nie jedyni przedsi\u0119biorcy, kt\u00f3rzy wybrali Chrzan\u00f3w, oceniaj\u0105c go jako miejsce z du\u017cym potencja\u0142em na rozw\u00f3j. Na terenach po dawnych zak\u0142adach PFL Fablok S.A. i im przyleg\u0142ych powraca \u017cycie. Od lat funkcjonuje tam mi\u0119dzynarodowy potentat bran\u017cy obr\u00f3bki aluminium &#8211; firma Hydro Extrusions. Niedawno nabywc\u0119 znalaz\u0142y hale produkcyjne Fabloku, a w oko\u0142o usadowi\u0142y si\u0119 mniejsze podmioty w\u00a0tym innowacyjny rodzimy &#8211; Dynamic Technology Sp. z o.o. &#8211; tw\u00f3rca wysokiej klasy chemii samochodowej, u\u017cytkowej i gospodarczej marki NanoMax.<\/strong><\/p>\n<p style=\"text-align: justify;\">R\u00f3wnolegle powstaj\u0105 deweloperskie osiedla mieszkaniowe, gmina przygotowuje swoje inwestycje w mieszkania na wynajem i mieszkania komunalne. Rozwija si\u0119 r\u00f3wnie\u017c budownictwo jednorodzinne.<\/p>\n<p style=\"text-align: justify;\">Atrakcyjno\u015b\u0107 miasta jako dobrego miejsca do \u017cycia i inwestowania stale si\u0119 poprawia. Kolejnym wa\u017cnym krokiem na tej \u015bcie\u017cce b\u0119dzie zako\u0144czenie najwi\u0119kszej od dziesi\u0119cioleci w Chrzanowie inwestycji kolejowej \u2013 modernizacji Linii Kolejowej nr 93. W jej ramach przebudowywane s\u0105 wiadukty kolejowe nad ulicami: Krakowsk\u0105, 29 Listopada, Kad\u0142ubek i Zbo\u017cow\u0105. Zadanie to wsp\u00f3lnie z gminnymi inwestycjami drogowymi pomi\u0119dzy ul. Krakowsk\u0105 i ul. 29 Listopada zdecydowanie podniesie jako\u015b\u0107, bezpiecze\u0144stwo i wygod\u0119 przemieszczania si\u0119 po Chrzanowie. Dzi\u0119ki przebudowie tor\u00f3w, przystank\u00f3w kolejowych i sieci trakcyjnej miasto uzyska tak\u017ce p\u0142ynne i szybkie po\u0142\u0105czenie kolejowe z Krakowem, O\u015bwi\u0119cimiem, Krzeszowicami i Zabierzowem.<\/p>\n<p style=\"text-align: justify;\">Miasto stawia na trzy priorytety:<\/p>\n<ul>\n<li style=\"text-align: justify;\">stref\u0119 inwestycyjn\u0105 przy A4 i pozyskiwanie nowych inwestor\u00f3w,<\/li>\n<li style=\"text-align: justify;\">wsparcie budownictwa mieszkaniowego i jednorodzinnego,<\/li>\n<li style=\"text-align: justify;\">ekologi\u0119.<\/li>\n<\/ul>\n<p>[\/vc_column_text][vc_column_text]<\/p>\n<p style=\"text-align: justify;\">Ju\u017c w\u00a0obecnie obowi\u0105zuj\u0105cym planie ok. 100 ha przeznaczonych jest pod obiekty produkcyjne, sk\u0142ady i magazyny oraz zabudow\u0119 produkcyjno-us\u0142ugow\u0105. Strefa obejmie docelowo obszar o\u00a0powierzchni ok. 280 ha. W granicach projektu planu zostan\u0105 wyznaczone tereny z\u00a0dopuszczeniem lokalizacji urz\u0105dze\u0144 pozyskiwania energii z odnawialnych \u017ar\u00f3de\u0142, o warto\u015bci przekraczaj\u0105cej 100 kW. Strategicznym za\u0142o\u017ceniem planu jest przeznaczenie cz\u0119\u015bci terenu pod budow\u0119 Zak\u0142adu termicznego przekszta\u0142cania odpad\u00f3w \u201eekospalarnia\u201d, kt\u00f3ra zaspokoi potrzeby ekologiczne i energetyczne gminy oraz miast s\u0105siednich. Planuje si\u0119 r\u00f3wnie\u017c rozbudow\u0119 uk\u0142adu komunikacyjnego, obs\u0142uguj\u0105cego nowo powsta\u0142e obszary funkcjonalne. W\u00a0zwi\u0105zku z faktem, \u017ce gmina jest obecnie w procesie poszerzania strefy mo\u017ce jeszcze implementowa\u0107 rozwi\u0105zania dedykowane danemu inwestorowi.<\/p>\n<p style=\"text-align: justify;\">Chrzan\u00f3w jest miastem otwartym i wspiera wszystkie firmy, niezale\u017cnie od bran\u017cy czy specjalizacji. Gminie zale\u017cy na wszystkich nowych inwestycjach, kt\u00f3re pobudzaj\u0105 j\u0105 gospodarczo, z zastrze\u017ceniem, \u017ce z uwagi na priorytetow\u0105 dla gminy kwesti\u0119 ochrony \u015brodowiska, kluczowym jest to, \u017ceby by\u0142a to dzia\u0142alno\u015b\u0107, kt\u00f3ra bierze j\u0105 pod uwag\u0119. Zgodnie z\u00a0zapisami strategii priorytetem gminy jest tworzenie warunk\u00f3w dla kreatywnych przedsi\u0119biorstw zajmuj\u0105cych si\u0119 dzia\u0142alno\u015bci\u0105 innowacyjn\u0105, st\u0105d te\u017c miasto szczeg\u00f3lnie poszukuje przedstawicieli takich sektor\u00f3w jak \u201elife science\u201d czy firm wykorzystuj\u0105cych model GOZ. Ze wzgl\u0119du na funkcjonowanie ju\u017c w mie\u015bcie firm z bran\u017cy automotive gmina ch\u0119tnie ulokowa\u0142aby u siebie r\u00f3wnie\u017c wi\u0119cej firm z tego sektora, a z uwagi na podj\u0119t\u0105 wsp\u00f3\u0142prac\u0119 z Europejskim Bankiem Inwestycyjnym gmina jest r\u00f3wnie\u017c zainteresowana nawi\u0105zaniem kontakt\u00f3w z\u00a0inwestorami dzia\u0142aj\u0105cymi w bran\u017cy zr\u00f3wnowa\u017conego budownictwa mieszkaniowego.<\/p>\n<p>[\/vc_column_text][vc_column_text]<\/p>\n<h5 style=\"text-align: justify;\">Polska Strefa Inwestycji<\/h5>\n<p style=\"text-align: justify;\">Inwestorzy planuj\u0105cy rozpocz\u0119cie inwestycji na terenie gminy Chrzan\u00f3w mog\u0105 skorzysta\u0107\u00a0 ze zwolnienia z\u00a0podatku dochodowego CIT lub PIT w ramach Polskiej Strefy Inwestycji (PSI). Inwestycje mog\u0105 zosta\u0107 usytuowane zar\u00f3wno na terenach prywatnych jak i publicznych. Intensywno\u015b\u0107 pomocy publicznej:<\/p>\n<ul>\n<li>Du\u017ce przedsi\u0119biorstwo: 35%<\/li>\n<li>\u015arednie przedsi\u0119biorstwo: 45%<\/li>\n<li>Ma\u0142e, mikro przedsi\u0119biorstwo: 55 %<\/li>\n<\/ul>\n<p style=\"text-align: justify;\">Wyj\u0105tkowo na terenie gminy Chrzan\u00f3w obowi\u0105zuj\u0105 najni\u017csze progi nak\u0142ad\u00f3w inwestycyjnych w stosunku do wi\u0119kszo\u015bci obszaru Ma\u0142opolski umo\u017cliwiaj\u0105cych obj\u0119cie inwestycji pomoc\u0105. Tym samym np. aby inwestycja du\u017cego przedsi\u0119biorstwa w Krakowie uzyska\u0142a pomoc \u2013 nak\u0142ad inwestycji powinien wynie\u015b\u0107 minimum 100 mln z\u0142 czyli dziesi\u0119ciokrotnie wi\u0119cej ni\u017c w\u00a0Chrzanowie!<\/p>\n<p>Rodzaj przedsi\u0119biorstwa\u00a0\u00a0\u00a0\u00a0\u00a0\u00a0\u00a0 minimalny nak\u0142ad inwestycji w Chrzanowie<\/p>\n<p>Du\u017ce przedsi\u0119biorstwo\u00a0\u00a0\u00a0\u00a0\u00a0\u00a0\u00a0\u00a0\u00a0\u00a0 10 mln z\u0142<\/p>\n<p>\u015arednie przedsi\u0119biorstwo\u00a0\u00a0\u00a0\u00a0\u00a0\u00a0 2 mln z\u0142<\/p>\n<p>Ma\u0142e przedsi\u0119biorstwo\u00a0\u00a0\u00a0\u00a0\u00a0\u00a0\u00a0\u00a0\u00a0\u00a0 500 tys. z\u0142<\/p>\n<p>Mikro przedsi\u0119biorstwo\u00a0\u00a0\u00a0\u00a0\u00a0\u00a0\u00a0\u00a0\u00a0 200 tys. z\u0142<\/p>\n<p style=\"text-align: justify;\">Inwestorzy, aby uzyska\u0107 pomoc musz\u0105 spe\u0142ni\u0107 5 z 10 kryteri\u00f3w \u2013 tym kt\u00f3rzy zdecyduj\u0105 si\u0119 na inwestycje w Chrzanowie do spe\u0142nienia pozostaj\u0105 ju\u017c tylko 4.<\/p>\n<p>[\/vc_column_text][\/vc_column][\/vc_row][vc_row][vc_column][vc_separator color=&#8221;sky&#8221; el_width=&#8221;90&#8243;][\/vc_column][\/vc_row][vc_row][vc_column][vc_column_text]<\/p>\n<h5 style=\"text-align: center;\">Chrzan\u00f3w w 3d<\/h5>\n<p>[\/vc_column_text][vc_row_inner][vc_column_inner width=&#8221;1\/2&#8243;][vc_column_text]<\/p>\n<p style=\"text-align: center;\">przemys\u0142owo-us\u0142ugowy obszar inwestycyjny<\/p>\n<p>[\/vc_column_text][vc_single_image image=&#8221;313&#8243; img_size=&#8221;full&#8221; alignment=&#8221;center&#8221;][vc_btn title=&#8221;Zobacz podgl\u0105d&#8221; color=&#8221;sky&#8221; align=&#8221;center&#8221; link=&#8221;url:http%3A%2F%2Fchrzanow.polska3d.pl%2F%3Fscene%3DChrzan%C3%B3w%26cX%3D250.7183%26cY%3D1810.3724%26cZ%3D931.6792%26upX%3D0.0000%26upY%3D0.0000%26upZ%3D1.0000%26tX%3D892.4556%26tY%3D2176.6227%26tZ%3D303.2310|title:Zobacz%20podgl%C4%85d|target:_blank&#8221; css=&#8221;.vc_custom_1632560387804{margin-top: -40px !important;}&#8221;][\/vc_column_inner][vc_column_inner width=&#8221;1\/2&#8243;][vc_column_text]<\/p>\n<p style=\"text-align: center;\">mieszkalno-us\u0142ugowy obszar inwestycyjny<\/p>\n<p>[\/vc_column_text][vc_single_image image=&#8221;314&#8243; img_size=&#8221;full&#8221; alignment=&#8221;center&#8221;][vc_btn title=&#8221;Zobacz podgl\u0105d&#8221; color=&#8221;sky&#8221; align=&#8221;center&#8221; link=&#8221;url:http%3A%2F%2Fchrzanow.polska3d.pl%2F%3Fscene%3DChrzan%C3%B3w%26cX%3D1581.0741%26cY%3D868.7806%26cZ%3D598.0670%26upX%3D0.0000%26upY%3D0.0000%26upZ%3D1.0000%26tX%3D1242.7956%26tY%3D762.2533%26tZ%3D302.7462|title:Zobacz%20podgl%C4%85d|target:_blank&#8221; css=&#8221;.vc_custom_1632560404811{margin-top: -40px !important;}&#8221;][\/vc_column_inner][\/vc_row_inner][\/vc_column][\/vc_row][vc_row][vc_column css=&#8221;.vc_custom_1632560435530{margin-top: -40px !important;}&#8221;][vc_separator color=&#8221;sky&#8221; el_width=&#8221;90&#8243;][\/vc_column][\/vc_row][vc_row][vc_column][vc_media_grid element_width=&#8221;3&#8243; grid_id=&#8221;vc_gid:1633161478691-c7d29130-102d-10&#8243; include=&#8221;293,294,295,296&#8243;][\/vc_column][\/vc_row]<\/p>\n","protected":false},"excerpt":{"rendered":"<p>[vc_row][vc_column css=&#8221;.vc_custom_1632557546829{margin-top: 20px !important;}&#8221;][\/vc_column][\/vc_row][vc_row][vc_column width=&#8221;1\/4&#8243;][vc_single_image image=&#8221;372&#8243; img_size=&#8221;151&#215;200&#8243; alignment=&#8221;center&#8221;][\/vc_column][vc_column width=&#8221;3\/4&#8243;][vc_column_text] Gmina Chrzan\u00f3w 32-500 Chrzan\u00f3w Aleja Henryka 20 www.chrzanow.pl tel.: (32) 758-51-01 e-mail: sekretariat@chrzanow.pl [\/vc_column_text][\/vc_column][\/vc_row][vc_row][vc_column][vc_separator color=&#8221;sky&#8221; el_width=&#8221;90&#8243; css=&#8221;.vc_custom_1632557736053{margin-top:<\/p>\n","protected":false},"author":1,"featured_media":0,"parent":87,"menu_order":0,"comment_status":"closed","ping_status":"closed","template":"","meta":{"footnotes":""},"class_list":["post-97","page","type-page","status-publish","hentry"],"lang":"pl","translations":{"pl":97,"es":556,"en":595,"fr":657},"pll_sync_post":[],"_links":{"self":[{"href":"https:\/\/inwestujwmalopolsce.eu\/index.php?rest_route=\/wp\/v2\/pages\/97","targetHints":{"allow":["GET"]}}],"collection":[{"href":"https:\/\/inwestujwmalopolsce.eu\/index.php?rest_route=\/wp\/v2\/pages"}],"about":[{"href":"https:\/\/inwestujwmalopolsce.eu\/index.php?rest_route=\/wp\/v2\/types\/page"}],"author":[{"embeddable":true,"href":"https:\/\/inwestujwmalopolsce.eu\/index.php?rest_route=\/wp\/v2\/users\/1"}],"replies":[{"embeddable":true,"href":"https:\/\/inwestujwmalopolsce.eu\/index.php?rest_route=%2Fwp%2Fv2%2Fcomments&post=97"}],"version-history":[{"count":25,"href":"https:\/\/inwestujwmalopolsce.eu\/index.php?rest_route=\/wp\/v2\/pages\/97\/revisions"}],"predecessor-version":[{"id":388,"href":"https:\/\/inwestujwmalopolsce.eu\/index.php?rest_route=\/wp\/v2\/pages\/97\/revisions\/388"}],"up":[{"embeddable":true,"href":"https:\/\/inwestujwmalopolsce.eu\/index.php?rest_route=\/wp\/v2\/pages\/87"}],"wp:attachment":[{"href":"https:\/\/inwestujwmalopolsce.eu\/index.php?rest_route=%2Fwp%2Fv2%2Fmedia&parent=97"}],"curies":[{"name":"wp","href":"https:\/\/api.w.org\/{rel}","templated":true}]}}