{"id":99,"date":"2021-09-13T14:24:44","date_gmt":"2021-09-13T12:24:44","guid":{"rendered":"http:\/\/inwestujwmalopolsce.eu\/?page_id=99"},"modified":"2021-10-03T10:15:39","modified_gmt":"2021-10-03T08:15:39","slug":"malopolska","status":"publish","type":"page","link":"https:\/\/inwestujwmalopolsce.eu\/?page_id=99","title":{"rendered":"Ma\u0142opolska"},"content":{"rendered":"<p>[vc_row][vc_column css=&#8221;.vc_custom_1632567582812{margin-top: 20px !important;}&#8221;][\/vc_column][\/vc_row][vc_row][vc_column width=&#8221;1\/4&#8243;][vc_single_image image=&#8221;390&#8243; img_size=&#8221;181&#215;200&#8243; alignment=&#8221;center&#8221;][\/vc_column][vc_column width=&#8221;3\/4&#8243;][vc_column_text]<\/p>\n<h4 style=\"text-align: center;\">Ma\u0142opolska<\/h4>\n<p style=\"text-align: center;\">Urz\u0105d Marsza\u0142kowski Wojew\u00f3dztwa Ma\u0142opolskiego<br \/>\n31-156 Krak\u00f3w<br \/>\nul. Basztowa 22<br \/>\ntel.: (12) 630-33-33<br \/>\n<a href=\"https:\/\/www.malopolska.pl\/\" target=\"_blank\" rel=\"noopener\">www.malopolska.pl<\/a><br \/>\ne-mail: urzad@umwm.malopolska.pl<\/p>\n<p>[\/vc_column_text][\/vc_column][\/vc_row][vc_row][vc_column][vc_separator color=&#8221;sky&#8221; el_width=&#8221;90&#8243;][\/vc_column][\/vc_row][vc_row][vc_column width=&#8221;2\/3&#8243;][vc_column_text]<\/p>\n<p style=\"text-align: justify;\">Wojew\u00f3dztwo ma\u0142opolskie po\u0142o\u017cone jest w po\u0142udniowej Polsce i graniczy od po\u0142udnia ze S\u0142owacj\u0105, a po stronie polskiej z trzema wojew\u00f3dztwami: \u015bl\u0105skim, \u015bwi\u0119tokrzyskim i podkarpackim. Stolic\u0105 wojew\u00f3dztwa jest Krak\u00f3w. Ma\u0142opolskie zajmuje obszar o powierzchni blisko 15 200 km\u00b2, a jej teren zamieszkuje 3,4 mln mieszka\u0144c\u00f3w. Stanowi jeden z najbardziej atrakcyjnych turystycznie region\u00f3w naszego kraju<\/p>\n<p>[\/vc_column_text][vc_column_text]<\/p>\n<h5 style=\"text-align: center;\"><strong>Ma\u0142opolska \u2013 wyj\u0105tkowa i niezwyk\u0142a<\/strong><\/h5>\n<p style=\"text-align: justify;\">Rozbrzmiewa hejna\u0142em w Krakowie i nutami muzyki zakl\u0119tej w drewnie stare\u0144kich cha\u0142up, dwor\u00f3w i \u015bwi\u0105ty\u0144, szumi spienionymi wodami Dunajca, czaruje solnymi rze\u017abami w kopalnianych czelu\u015bciach i urod\u0105 zamczysk, fascynuje legend\u0105 Tatr, smakuje winem i regionalnym jad\u0142em.<\/p>\n<p style=\"text-align: justify;\">Poza niezliczonymi atrakcjami, zabytkami oraz miejscami kultury Ma\u0142opolska to \u00a0przede wszystkim dynamicznie rozwijaj\u0105ce si\u0119 wojew\u00f3dztwo o solidnych fundamentach, kt\u00f3re daj\u0105 szans\u0119 na d\u0142ugookresowy wzrost gospodarczy. Dla przedsi\u0119biorc\u00f3w oznacza to dynamiczne, konkurencyjne \u015brodowisko rozwoju. Dlatego te\u017c, nie przez przypadek w Ma\u0142opolsce zainwestowa\u0142y \u015bwiatowe koncerny (m.in. Google, Cisco, Motorola, Shell, Rolls Royce, Philip Morris, Lufthansa, Delphi, R.R. Donnelley, Coca \u2013 Cola, Heineken).<\/p>\n<p style=\"text-align: justify;\">Wojew\u00f3dztwo ma\u0142opolskie dysponuje znacz\u0105cym w skali Polski potencja\u0142em spo\u0142eczno-gospodarczym. Ma\u0142opolska wytwarza 8,1 proc. PKB kraju i charakteryzuje si\u0119 wysokim poziomem wzrostu gospodarczego. W regionie dzia\u0142alno\u015b\u0107 prowadzi ponad 370 tys. firm, dzi\u0119ki czemu od lat znajduje si\u0119 on w czo\u0142\u00f3wce krajowych ranking\u00f3w oceny atrakcyjno\u015bci inwestycyjnej. Lista atut\u00f3w naszego regionu jest jednak jeszcze d\u0142u\u017csza. Przede wszystkim na terenie Ma\u0142opolski zatrudnienie znalaz\u0142o prawie 1,4 mln os\u00f3b \u2013 w tym doskonale wykszta\u0142ceni pracownicy, b\u0119d\u0105cy absolwentami jednych z najlepszych polskich uczelni. To oczywi\u015bcie przek\u0142ada si\u0119 na innowacyjno\u015b\u0107, kt\u00f3r\u0105 aktywnie wspieraj\u0105 sektor wysokich technologii, instytucje badawczo-rozwojowe i przedsi\u0119biorstwa promuj\u0105ce nowatorskie rozwi\u0105zania. Du\u017cy potencja\u0142 naukowy wojew\u00f3dztwo zawdzi\u0119cza o\u015brodkom badawczym i lokalnym uczelniom wy\u017cszym. Wszystko to \u0142\u0105czy si\u0119 z dobrze rozwini\u0119t\u0105 infrastruktur\u0105 komunikacyjn\u0105 i otwarto\u015bci\u0105 na rynki zagraniczne, kt\u00f3rym Ma\u0142opolska ma wiele do zaoferowania \u2013 mo\u017cemy poszczyci\u0107 si\u0119 najwi\u0119kszym rynkiem nowoczesnych us\u0142ug biznesowych.<\/p>\n<p>[\/vc_column_text][\/vc_column][vc_column width=&#8221;1\/3&#8243;][vc_single_image image=&#8221;391&#8243; img_size=&#8221;full&#8221; alignment=&#8221;center&#8221;][\/vc_column][\/vc_row][vc_row][vc_column][vc_separator color=&#8221;sky&#8221; el_width=&#8221;90&#8243;][\/vc_column][\/vc_row][vc_row][vc_column][vc_column_text]<\/p>\n<h5 style=\"text-align: justify;\"><strong>Turystyka<\/strong><\/h5>\n<p style=\"text-align: justify;\">Ma\u0142opolska to r\u00f3wnie\u017c jeden z najatrakcyjniejszych turystycznie region\u00f3w w Polsce i zarazem najch\u0119tniej odwiedzany \u2013 zar\u00f3wno przez turyst\u00f3w krajowych, jak i zagranicznych. Potwierdzaj\u0105 to prowadzone cyklicznie przez samorz\u0105d wojew\u00f3dztwa badania ruchu turystycznego, kt\u00f3re niezmiennie, z roku na rok, wykazuj\u0105 tendencj\u0119 wzrostow\u0105.<\/p>\n<p style=\"text-align: justify;\">Tym, co przyci\u0105ga turyst\u00f3w do Ma\u0142opolski jest niew\u0105tpliwie unikatowe dziedzictwo kulturowe i przyrodnicze regionu, ale r\u00f3wnie\u017c bogata, r\u00f3\u017cnorodna i cz\u0119sto niekonwencjonalna oferta turystyczna, mnogo\u015b\u0107 wydarze\u0144 kulturalnych, wci\u0105\u017c \u017cywa tradycja, a tak\u017ce wy\u015bmienita kuchnia.<\/p>\n<p style=\"text-align: justify;\">Te wszystkie atuty sprawiaj\u0105, \u017ce dla samorz\u0105du wojew\u00f3dztwa turystyka ma wyj\u0105tkowe znaczenie. Dlatego, corocznie podejmowane s\u0105 inicjatywy maj\u0105ce na celu rozw\u00f3j i doskonalenie produkt\u00f3w turystycznych, podnoszenie jako\u015bci obs\u0142ugi ruchu turystycznego, a tak\u017ce promocj\u0119 oferty turystycznej regionu.<\/p>\n<h5 style=\"text-align: justify;\"><strong>Atuty wojew\u00f3dztwa ma\u0142opolskiego<\/strong><\/h5>\n<ul>\n<li style=\"text-align: justify;\">Du\u017ca atrakcyjno\u015b\u0107 inwestycyjna<\/li>\n<li style=\"text-align: justify;\">Dobra dost\u0119pno\u015b\u0107 komunikacyjna<\/li>\n<li style=\"text-align: justify;\">Otwarto\u015b\u0107 na rynki zagraniczne<\/li>\n<li style=\"text-align: justify;\">Innowacyjno\u015b\u0107 \u2013 obecno\u015b\u0107 sektora wysokich technologii, instytucji badawczo \u2013 rozwojowych, uczelni wy\u017cszych oraz innowacyjnych przedsi\u0119biorstw<\/li>\n<li style=\"text-align: justify;\">Du\u017cy potencja\u0142 naukowy i badawczy ma\u0142opolskich uczelni wy\u017cszych oraz o\u015brodk\u00f3w naukowych<\/li>\n<li style=\"text-align: justify;\">Dobrze rozwini\u0119ta sie\u0107 us\u0142ug bankowych<\/li>\n<li style=\"text-align: justify;\">Bogate zasoby naturalne<\/li>\n<\/ul>\n<p>[\/vc_column_text][\/vc_column][\/vc_row][vc_row][vc_column][vc_separator color=&#8221;sky&#8221; el_width=&#8221;90&#8243;][\/vc_column][\/vc_row][vc_row][vc_column][vc_column_text]<\/p>\n<h5 style=\"text-align: justify;\"><strong>Innowacje<\/strong><\/h5>\n<p style=\"text-align: justify;\">Ma\u0142opolska zajmuje trzecie miejsce w kraju pod wzgl\u0119dem, zar\u00f3wno zg\u0142oszonych wynalazk\u00f3w, jak i udzielonych patent\u00f3w, ale ju\u017c <strong>pierwsze je\u015bli chodzi o udzielone patenty na mln mieszka\u0144c\u00f3w<\/strong> (2018 r.). W regionie dzia\u0142a niemal 600 podmiot\u00f3w prowadz\u0105cych dzia\u0142alno\u015b\u0107 badawczo-rozwojow\u0105 co jest trzecim wynikiem w kraju, ale przek\u0142ada si\u0119 na drugie miejsce w odniesieniu do liczby ludno\u015bci. Ponadto, funkcjonuje ok. 15 inicjatyw klastrowych, w tym Klaster LifeScience Krak\u00f3w i Klaster Zr\u00f3wnowa\u017cona Infrastruktura, maj\u0105ce status Krajowych Klastr\u00f3w Kluczowych. Firmy takie jak ABB, Aptiv, Motorola, CH2MHill czy Ericpol wybra\u0142y Krak\u00f3w jako miejsce rozwoju dzia\u0142alno\u015bci R&amp;D. Wyniki prac naukowo-badawczych prowadzonych w instytucjach naukowych i jednostkach badawczo-rozwojowych s\u0105 komercjalizowane dzi\u0119ki pr\u0119\u017cnie dzia\u0142aj\u0105cym uczelnianym i pozauczelnianym Centrom Transferu Technologii oraz szeregowi pozosta\u0142ych o\u015brodk\u00f3w innowacji. Wojew\u00f3dztwo realizuje te\u017c <strong>projekt SPIN<\/strong> (Ma\u0142opolskie Centra Transferu Wiedzy Wsparciem dla Przedsi\u0119biorc\u00f3w), w kt\u00f3rym wsp\u00f3\u0142praca mi\u0119dzy biznesem i uczelniami przebiega w Centrach Transferu Wiedzy \u2013 ugruntowanych przez lata i odznaczaj\u0105cych si\u0119 skuteczno\u015bci\u0105 modelach regionalnej wsp\u00f3\u0142pracy mi\u0119dzysektorowej.<\/p>\n<h5 style=\"text-align: justify;\"><strong>Dost\u0119pno\u015b\u0107 komunikacyjna<\/strong><\/h5>\n<p style=\"text-align: justify;\">Na terenie wojew\u00f3dztwa ma\u0142opolskiego, kt\u00f3rego ca\u0142kowita powierzchnia wynosi 15 183 km2 znajduje si\u0119 61 miast, w tym 3 miasta na prawach powiat\u00f3w: Krak\u00f3w, Tarn\u00f3w i Nowy S\u0105cz. Obszar zosta\u0142 podzielony na 22 powiaty i 182 gminy.<\/p>\n<p style=\"text-align: justify;\">Ma\u0142opolska dysponuje bardzo dobrze rozwini\u0119t\u0105 infrastruktur\u0105 transportow\u0105. Przez jej obszar przebiega najd\u0142u\u017csza w Polsce, bo licz\u0105ca 672 km, autostrada A4 oraz g\u0142\u00f3wny korytarz tranzytowy z Europy Zachodniej na Ukrain\u0119 \u2013 CORRIDOR III. Znajduj\u0105cy si\u0119 na terenie Ma\u0142opolski Mi\u0119dzynarodowy Port Lotniczy Krak\u00f3w \u2013 Balice im. Jana Paw\u0142a II. \u0141\u0105cznie w 2019 roku obs\u0142u\u017cono 8 410 817 pasa\u017cer\u00f3w, czyli o 24% wi\u0119cej ni\u017c w 2018 roku, tj. o 1 641 448 wi\u0119cej pasa\u017cer\u00f3w ni\u017c w roku poprzednim.<\/p>\n<p style=\"text-align: justify;\">Przepustowo\u015b\u0107 dzienna jego terminala Cargo wynosi 35 ton. Lotnisko oferowa\u0142o w 2019 roku i 2020 roku po\u0142\u0105czenia do wi\u0119kszo\u015bci du\u017cych miast w Europie \u015arodkowej i Zachodniej r. &#8211; 150 po\u0142\u0105cze\u0144 rozk\u0142adowych do 114 port\u00f3w w 32 krajach. Krak\u00f3w posiada mi\u0119dzynarodowe bezpo\u015brednie po\u0142\u0105czenia kolejowe do takich miast jak: Chicago, Dubaj, Pary\u017c, Londyn, Praga, Budapeszt, Wiede\u0144, Lw\u00f3w oraz Grodno.<\/p>\n<p style=\"text-align: justify;\"><strong>Infrastruktura kolejowa<\/strong> <strong>&#8211;<\/strong> G\u0142\u00f3wna linia kolejowa E30 (cze\u015b\u0107 transeuropejskiego korytarza TINA III). Przez obszar wojew\u00f3dztwa ma\u0142opolskiego przebiega 1 019,929 km linii kolejowych, w tym 171,201 km linii magistralnych, 603,603 km linii pierwszorz\u0119dnych, 201,449 km linii drugorz\u0119dnych oraz 43,676 km linii znaczenia miejscowego.<\/p>\n<p>[\/vc_column_text][\/vc_column][\/vc_row][vc_row][vc_column][vc_separator color=&#8221;sky&#8221; el_width=&#8221;90&#8243;][\/vc_column][\/vc_row][vc_row][vc_column][vc_column_text]<\/p>\n<h5 style=\"text-align: justify;\"><strong>Dost\u0119pno\u015b\u0107 dobrze wykszta\u0142conej kadry<br \/>\n<\/strong><\/h5>\n<p style=\"text-align: justify;\">Ma\u0142opolska charakteryzuje si\u0119 wysokim potencja\u0142em naukowo-badawczym i edukacyjnym szkolnictwa wy\u017cszego. 29 uczelnie wy\u017csze, co stanowi 7,1% wszystkich szk\u00f3\u0142 wy\u017cszych w Polsce. W Ma\u0142opolsce dzia\u0142a 29 szk\u00f3\u0142 wy\u017cszych, co stanowi 7,1% wszystkich szk\u00f3\u0142 wy\u017cszych w Polsce, kt\u00f3re kszta\u0142c\u0105 ponad 150 tys. student\u00f3w a blisko 65% Ma\u0142opolan w wieku 19-24 lat studiuje, co jest trzecim wynikiem w kraju. Dodatkowo ponad 1,7% mieszka\u0144c\u00f3w regionu realizuje studia doktoranckie co jest drugim wynikiem w kraju i przek\u0142ada si\u0119 na 6 tysi\u0119cy os\u00f3b. W dzia\u0142alno\u015bci R&amp;D aktywnych jest 17 tys. etat\u00f3w (ekwiwalent\u00f3w pe\u0142nego czasu pracy) z czego ponad 60% w sektorze przedsi\u0119biorstw.<\/p>\n<h5 style=\"text-align: justify;\"><strong>Potencja\u0142 ekonomiczny Ma\u0142opolski<\/strong><\/h5>\n<p style=\"text-align: justify;\">Wojew\u00f3dztwo ma\u0142opolskie dysponuje znacz\u0105cym w skali kraju potencja\u0142em spo\u0142eczno-gospodarczym. Liczba ludno\u015bci wojew\u00f3dztwa ma\u0142opolskiego w czerwcu 2019 r. wynosi\u0142a ponad 3,4 mln. Na terenie Ma\u0142opolski dzia\u0142alno\u015b\u0107 prowadzi przesz\u0142o 412 tys. podmiot\u00f3w gospodarczych (luty 2020). Region Ma\u0142opolski, jest wyj\u0105tkowym regionem w Polsce pod wzgl\u0119dem r\u00f3\u017cnorodno\u015bci z\u0142\u00f3\u017c surowc\u00f3w mineralnych, do kt\u00f3rych nale\u017c\u0105: ropa naftowa, gaz ziemny, siarka, gips, cynk, o\u0142\u00f3w, piaskowce, wapienie, w\u0119giel kamienny, s\u00f3l kamienna, wody mineralne i geotermalne.<\/p>\n<p style=\"text-align: justify;\">W Ma\u0142opolsce wyst\u0119puj\u0105 dogodne warunki dla rozwoju sektora high \u2013 tech, motoryzacyjnego, turystycznego i BPO, przede wszystkim dzi\u0119ki wyst\u0119puj\u0105cemu w wojew\u00f3dztwie wysokiemu potencja\u0142owi naukowo-badawczemu i edukacyjnemu, w szczeg\u00f3lno\u015bci w odniesieniu do szkolnictwa wy\u017cszego, a tak\u017ce odpowiedniemu zapleczu naukowemu, dost\u0119pno\u015bci wykwalifikowanej kadry in\u017cynierskiej i si\u0142y roboczej oraz dogodnym warunkom naturalnym, przyrodniczym i klimatycznym.<\/p>\n<p style=\"text-align: justify;\">Ma\u0142opolsce zaufa\u0142y mi\u0119dzy innymi takie zagraniczne firmy jak: Motorola, MAN, Delphi, Valeo, IBM, Electrolux, Philip Morris, Shell, Capgemini i Mabuchi.<\/p>\n<p style=\"text-align: justify;\">Bezpo\u015brednie inwestycje zagraniczne realizowane w regionie w latach 1989 &#8211; 2017 przekroczy\u0142y 23,2 mld USD, a w samym 2017 roku osi\u0105gn\u0119\u0142y one warto\u015b\u0107 1,3 mld USD. Ma\u0142opolska zaj\u0119\u0142a 6. miejsce pod wzgl\u0119dem strategii przyci\u0105gania bezpo\u015brednich inwestycji zagranicznych &#8211; &#8222;European Cities and Regions of the Future 2018\/2019&#8221; FDI Intelligence.<\/p>\n<p style=\"text-align: justify;\">W rankingach najbardziej po\u017c\u0105danych lokalizacji dla centr\u00f3w nowoczesnych us\u0142ug biznesowych Krak\u00f3w zajmuje czo\u0142owe miejsca zar\u00f3wno w Europie, jak i na \u015bwiecie. BPO to aktualnie najszybciej rozwijaj\u0105cy si\u0119 sektor w Polsce. W Krakowie dzia\u0142a oko\u0142o 150 centr\u00f3w BPO, w kt\u00f3rych pracuje prawie 70 tys. os\u00f3b. Firmy, takie jak Zurich Insurance, Uber, Ailleron, Red Stack Tech, Symphony, Architech, Pearson, Global Logic, Azimo, Lowcosttravel Group, IG Group, Cathay Pacific czy International Airline Group, w ostatnim czasie zdecydowa\u0142y si\u0119 na utworzenie swoich siedzib w Krakowie.<\/p>\n<p>[\/vc_column_text][\/vc_column][\/vc_row][vc_row][vc_column][vc_separator color=&#8221;sky&#8221; el_width=&#8221;90&#8243;][\/vc_column][\/vc_row][vc_row][vc_column][vc_column_text]<\/p>\n<h5 style=\"text-align: justify;\"><strong>Zapraszamy do wsp\u00f3\u0142pracy inwestor\u00f3w zainteresowanych dzia\u0142alno\u015bci\u0105 na terenie regionu.<\/strong><\/h5>\n<p style=\"text-align: justify;\"><strong>Oferujemy:<\/strong><\/p>\n<ul style=\"text-align: justify;\">\n<li>przygotowanie specjalistycznych opracowa\u0144 dotycz\u0105cych gospodarki regionalnej;<\/li>\n<li>dost\u0119p do bazy ofert nieruchomo\u015bci inwestycyjnych na terenie Ma\u0142opolski;<\/li>\n<li>pomoc w kontaktach z administracj\u0105 lokaln\u0105;<\/li>\n<li>informacje na temat oferty inwestycyjnej wojew\u00f3dztwa;<\/li>\n<li>informacje o pomocy publicznej dla inwestor\u00f3w, strefach inwestycyjnych, funduszach unijnych i grantach;<\/li>\n<li>doradztwo w zakresie rekrutacji pracownik\u00f3w, kontaktu ze szko\u0142ami wy\u017cszymi, procedur prawnych i administracyjnych;<\/li>\n<li>promocj\u0119 przedsi\u0119wzi\u0119\u0107 inwestycyjnych.<\/li>\n<\/ul>\n<p style=\"text-align: justify;\">Znakomitym wsparciem dla inwestor\u00f3w s\u0105 funkcjonuj\u0105ce w Ma\u0142opolsce strefy aktywno\u015bci gospodarczej, s\u0105 to wydzielone i przygotowane do inwestycji obszary, odpowiadaj\u0105ce zapotrzebowaniom potencjalnych inwestor\u00f3w, tworzone najcz\u0119\u015bciej przez samorz\u0105dy lokalne. Strefy posiadaj\u0105 kluczowe znaczenie dla wzrostu poziomu inwestycji komercyjnych, w istotny spos\u00f3b zwi\u0119kszaj\u0105 atrakcyjno\u015b\u0107 inwestycyjn\u0105 regionu, rozwijaj\u0105 przedsi\u0119biorczo\u015b\u0107 i kreuj\u0105 nowe miejsca pracy. Gminy, dostrzegaj\u0105c pozytywne efekty dzia\u0142ania takich stref, scalaj\u0105 nowe tereny, buduj\u0105 infrastruktur\u0119 techniczn\u0105, a tak\u017ce zmieniaj\u0105 przeznaczenie terenu w miejscowym planie zagospodarowania przestrzennego, dzi\u0119ki czemu liczba stref aktywno\u015bci gospodarczej stale wzrasta.<\/p>\n<p>Strefy r\u00f3\u017cni\u0105 si\u0119 wielko\u015bci\u0105, infrastruktur\u0105 i sposobem zagospodarowania. Z czasem w strefy aktywno\u015bci gospodarczej zostan\u0105 przekszta\u0142cone Specjalne Strefy Ekonomiczne.<\/p>\n<p style=\"text-align: justify;\">Obecnie w Ma\u0142opolsce funkcjonuje 26 stref Aktywno\u015bci Gospodarczej. Opis ka\u017cdej z nich mo\u017cna znale\u017a\u0107 pod adresem:<\/p>\n<p style=\"text-align: justify;\"><a href=\"https:\/\/www.malopolska.pl\/biznes\/gospodarka\/tereny-inwestycyjne-i-strefy-gospodarcze\/strefy-aktywnosci-gospodarczej-w-malopolsce-1\" target=\"_blank\" rel=\"noopener\">https:\/\/www.malopolska.pl\/biznes\/gospodarka\/tereny-inwestycyjne-i-strefy-gospodarcze\/strefy-aktywnosci-gospodarczej-w-malopolsce-1<\/a><\/p>\n<p style=\"text-align: justify;\">W Ma\u0142opolsce Regionalnym Centrum Obs\u0142ugi Inwestora jest Centrum Business in Ma\u0142opolska znajduj\u0105ce si\u0119 na terenie Krakowskiego Parku Technologicznego.<\/p>\n<p style=\"text-align: justify;\">Krakowski Park Technologiczny to najbardziej kompletny one-stop-shop dla biznesu w Polsce. Dysponuje pe\u0142n\u0105 palet\u0105 narz\u0119dzi, dzi\u0119ki kt\u00f3rym firmy mog\u0105 rozwija\u0107 si\u0119 lepiej i szybciej. Zbudowany ekosystem liczy oko\u0142o 350 przedsi\u0119biorstw, kt\u00f3rym dzie\u0144 po dniu pomagaj\u0105 budowa\u0107 jak najlepsze warunki dla rozwoju ich firm i wzrostu sprzeda\u017cy.<\/p>\n<p style=\"text-align: justify;\">To instrument, dzi\u0119ki kt\u00f3remu mo\u017cna uzyska\u0107 ulg\u0119 podatkow\u0105 na realizacj\u0119 nowej inwestycji. Wsparcie przyznawane jest firmom z sektora przemys\u0142u oraz nowoczesnych us\u0142ug.<\/p>\n<p style=\"text-align: justify;\">Wi\u0119cej informacji na stronie: <a href=\"https:\/\/www.kpt.krakow.pl\/\" target=\"_blank\" rel=\"noopener\">https:\/\/www.kpt.krakow.pl\/<\/a> (<a href=\"https:\/\/www.kpt.krakow.pl\/en\/\" target=\"_blank\" rel=\"noopener\">https:\/\/www.kpt.krakow.pl\/en\/<\/a>) oraz <a href=\"https:\/\/businessinmalopolska.pl\/en\/\" target=\"_blank\" rel=\"noopener\">https:\/\/businessinmalopolska.pl\/en\/<\/a><\/p>\n<p style=\"text-align: justify;\">Polska Strefa Inwestycji (PSI) to forma wsparcia dla firm planuj\u0105cych nowe inwestycje.<\/p>\n<p style=\"text-align: justify;\">\u00a0Nowa inwestycja w ramach PSI pozwala na zwolnienie z podatku dochodowego CIT lub PIT, na okres 12 lub 15 lat.<\/p>\n<p style=\"text-align: justify;\">\u00a0Inwestycja mo\u017ce zosta\u0107 usytuowana na wszystkich terenach (prywatnych i publicznych).<\/p>\n<p style=\"text-align: justify;\">\u00a0Wysoko\u015b\u0107 pomocy publicznej (zwolnienia podatkowego) jest obliczana na podstawie wysoko\u015bci poniesionych przez przedsi\u0119biorc\u0119 nak\u0142ad\u00f3w inwestycyjnych na realizacj\u0119 nowego projektu lub dwuletnich koszt\u00f3w nowoutworzonych miejsc pracy.<\/p>\n<h5 style=\"text-align: justify;\"><strong>Doch\u00f3d zwolniony z podatku<\/strong><\/h5>\n<p style=\"text-align: justify;\">Wsparcie przyznawane jest w formie zwolnienia z podatku dochodowego CIT lub zwolnienia z podatku dochodowego PIT, w zwi\u0105zku z realizacj\u0105 nowej inwestycji. Ulga podatkowa stanowi regionaln\u0105 pomoc inwestycyjn\u0105.<\/p>\n<p style=\"text-align: justify;\">Limit zwolnienia z podatku dochodowego liczony jest jako procent od:<\/p>\n<ul style=\"text-align: justify;\">\n<li>koszt\u00f3w nowej inwestycji (poniesionych nak\u0142ad\u00f3w inwestycyjnych), lub<\/li>\n<li>2-letnich koszt\u00f3w zatrudnienia nowych pracownik\u00f3w<\/li>\n<\/ul>\n<p style=\"text-align: justify;\">Wysoko\u015b\u0107 procentowa pomocy publicznej (czyli intensywno\u015b\u0107 pomocy) zale\u017cy od wielko\u015bci przedsi\u0119biorcy i wybranej lokalizacji.<\/p>\n<p style=\"text-align: justify;\">Z pomniejszonego podatku mo\u017cna korzysta\u0107 przez 12 lat do momentu wykorzystania limitu zwolnienia. Liczba lat zale\u017cy od wybranej lokalizacji.<\/p>\n<p style=\"text-align: justify;\">Szczeg\u00f3\u0142owe warunki dla danej lokalizacji mo\u017cna sprawdzi\u0107 na <a href=\"https:\/\/www.biznes.gov.pl\/pl\/inwestycje\/mapa-polskiej-strefy-inwestycji\" target=\"_blank\" rel=\"noopener\">Mapie Polskiej Strefy Inwestycji<\/a>:<\/p>\n<p style=\"text-align: justify;\"><a href=\"https:\/\/www.biznes.gov.pl\/pl\/inwestycje\/mapa-polskiej-strefy-inwestycji?woj=malopo\u0142skie\" target=\"_blank\" rel=\"noopener\">https:\/\/www.biznes.gov.pl\/pl\/inwestycje\/mapa-polskiej-strefy-inwestycji?woj=malopo\u0142skie<\/a><\/p>\n<p>[\/vc_column_text][\/vc_column][\/vc_row]<\/p>\n","protected":false},"excerpt":{"rendered":"<p>[vc_row][vc_column css=&#8221;.vc_custom_1632567582812{margin-top: 20px !important;}&#8221;][\/vc_column][\/vc_row][vc_row][vc_column width=&#8221;1\/4&#8243;][vc_single_image image=&#8221;390&#8243; img_size=&#8221;181&#215;200&#8243; alignment=&#8221;center&#8221;][\/vc_column][vc_column width=&#8221;3\/4&#8243;][vc_column_text] Ma\u0142opolska Urz\u0105d Marsza\u0142kowski Wojew\u00f3dztwa Ma\u0142opolskiego 31-156 Krak\u00f3w ul. Basztowa 22 tel.: (12) 630-33-33 www.malopolska.pl e-mail: urzad@umwm.malopolska.pl [\/vc_column_text][\/vc_column][\/vc_row][vc_row][vc_column][vc_separator<\/p>\n","protected":false},"author":1,"featured_media":0,"parent":87,"menu_order":0,"comment_status":"closed","ping_status":"closed","template":"","meta":{"footnotes":""},"class_list":["post-99","page","type-page","status-publish","hentry"],"lang":"pl","translations":{"pl":99,"es":564,"fr":648},"pll_sync_post":[],"_links":{"self":[{"href":"https:\/\/inwestujwmalopolsce.eu\/index.php?rest_route=\/wp\/v2\/pages\/99","targetHints":{"allow":["GET"]}}],"collection":[{"href":"https:\/\/inwestujwmalopolsce.eu\/index.php?rest_route=\/wp\/v2\/pages"}],"about":[{"href":"https:\/\/inwestujwmalopolsce.eu\/index.php?rest_route=\/wp\/v2\/types\/page"}],"author":[{"embeddable":true,"href":"https:\/\/inwestujwmalopolsce.eu\/index.php?rest_route=\/wp\/v2\/users\/1"}],"replies":[{"embeddable":true,"href":"https:\/\/inwestujwmalopolsce.eu\/index.php?rest_route=%2Fwp%2Fv2%2Fcomments&post=99"}],"version-history":[{"count":7,"href":"https:\/\/inwestujwmalopolsce.eu\/index.php?rest_route=\/wp\/v2\/pages\/99\/revisions"}],"predecessor-version":[{"id":395,"href":"https:\/\/inwestujwmalopolsce.eu\/index.php?rest_route=\/wp\/v2\/pages\/99\/revisions\/395"}],"up":[{"embeddable":true,"href":"https:\/\/inwestujwmalopolsce.eu\/index.php?rest_route=\/wp\/v2\/pages\/87"}],"wp:attachment":[{"href":"https:\/\/inwestujwmalopolsce.eu\/index.php?rest_route=%2Fwp%2Fv2%2Fmedia&parent=99"}],"curies":[{"name":"wp","href":"https:\/\/api.w.org\/{rel}","templated":true}]}}